{"id":1412,"date":"2018-03-04T15:29:22","date_gmt":"2018-03-04T13:29:22","guid":{"rendered":"http:\/\/patsosescape.com\/?page_id=1412"},"modified":"2024-02-10T21:25:42","modified_gmt":"2024-02-10T19:25:42","slug":"accom","status":"publish","type":"page","link":"https:\/\/patsosescape.com\/de\/accom\/","title":{"rendered":"\u00d6kotourismus Unterkunft in Rethymno KRETA"},"content":{"rendered":"<p><strong>Patsos Escape \u00d6ko-Tourismus-Lodge:<\/strong> f\u00fcr diejenigen, die bleiben m\u00f6chten, besteht die M\u00f6glichkeit, bis zu 6 Personen unterzubringen<strong> Menschen<\/strong> in einem Haus <strong>100 Quadratmeter<\/strong>, liegt in den <strong>Herz des Dorfes Patsos<\/strong>\u00fcber der kleinen Taverne &quot;Patsos&quot;. Es ist umgeben von reicher und dichter Vegetation sowie <strong>davor eine mehrj\u00e4hrige Platane (300 Jahre alt) und der Dorfbrunnen mit kristallklarem Wasser,<\/strong> wie Sie in den Bildern unten sehen werden. Es gibt<strong> 4 Festbetten<\/strong> (ein Doppel- und 2 Einzelzimmer) in zwei getrennten R\u00e4umen und <strong>2 falten<\/strong> Falls erforderlich.<div class='yrm-content yrm-content-4 yrm-content-hide' id='yrm-tQUg8' data-id='4' data-show-status='false' data-after-action='' style=\"visibility: hidden;height: 0;\">\n\t\t\t<div id='yrm-inner-content-yrm-tQUg8' class='yrm-inner-content-wrapper yrm-cntent-4'><\/p>\n<p>Es hat auch einen riesigen und wunderbaren Balkon, von dem aus Sie einen herrlichen Blick auf die wilde Sch\u00f6nheit der Berge und eine friedliche Stille genie\u00dfen k\u00f6nnen, die nur durch das Zwitschern der V\u00f6gel und das Wasser des Dorfbrunnens unterbrochen wird. Dar\u00fcber hinaus verf\u00fcgt dieses Haus \u00fcber den gesamten Haushalt und technologische (<strong>Kostenloses WiFi, A \/ C, Sat-TV<\/strong>) Ausr\u00fcstung sowie <strong>kostenlose Parkpl\u00e4tze<\/strong>. Die angenehme famili\u00e4re Atmosph\u00e4re, wie in alten Zeiten, l\u00e4sst Sie sich wie zu Hause f\u00fchlen.<\/p>\n<p>Discover the ultimate escape for ecotourism holiday in the island og Crete at PATOS ESCAPE, a traditional comfortable apartment in the center or the rural village of Patsos.<\/p>\n<p>You will enjoy original Cretan hospitality and breathtaking views of the natural beauty of Crete. Unwind in our rooms that provide a tranquil retreat. Explore the infinite hiking, trekking, mountaineering tours that our area offers, immense yourself in nature with captivating views of the valley and the surrounding landscape from your private terrace. Indulge in a variety of thrilling outdoor activities.<\/p>\n<p>Vassilis and Maria will ensure that your stay at Patsos village will be an unforgettable experience.<\/p>\n<p><\/div>\n\t\t<\/div><div class='yrm-btn-wrapper yrm-inline-wrapper yrm-btn-wrapper-4  yrm-more-button-wrapper'><span title='' data-less-title='' data-more-title=''  class='yrm-toggle-expand  yrm-toggle-expand-4' data-rel='yrm-tQUg8' data-more='Read more' data-less='Read less' style='border: none; width: 100%;'><span class=\"yrm-button-text-4 yrm-button-text-span\">Weiterlesen<\/span><\/span><\/div><\/p>\n<p>Wenn Sie an einer Buchung interessiert sind, kontaktieren Sie uns bitte: <a href=\"http:\/\/patsosescape.com\/de\/contact-us\/\">http:\/\/patsosescape.com\/contact-us\/<\/a><\/p>\n<div class=\"element element-slider element-slider-bootstrap\"><div class=\"element-inner\"><div class=\"element-inner-wrap\"><div class=\"grid-protection\">\t<div id=\"tb-slider-ecotourism-accommodation-in-patsos-2\" class=\"tb-bootstrap-carousel tb-simple-slider carousel slide\" data-ride=\"carousel\" data-interval=\"4000\" data-pause=\"hover\" data-wrap=\"true\">\n\n\t\t<div class=\"carousel-control-wrap\">\n\n\t\t\t<!-- Indicators -->\n\t\t\t\t\t\t\t\t\t\t\t<ol class=\"carousel-indicators\">\n\t\t\t\t\t\t\t\t\t\t\t<li data-target=\"#tb-slider-ecotourism-accommodation-in-patsos-2\" data-slide-to=\"0\" class=\"active\"><\/li>\n\t\t\t\t\t\t\t\t\t\t\t\t\t\t\t\t\t<li data-target=\"#tb-slider-ecotourism-accommodation-in-patsos-2\" data-slide-to=\"1\" class=\"\"><\/li>\n\t\t\t\t\t\t\t\t\t\t\t\t\t\t\t\t\t<li data-target=\"#tb-slider-ecotourism-accommodation-in-patsos-2\" data-slide-to=\"2\" class=\"\"><\/li>\n\t\t\t\t\t\t\t\t\t\t\t\t\t\t\t\t\t<li data-target=\"#tb-slider-ecotourism-accommodation-in-patsos-2\" data-slide-to=\"3\" class=\"\"><\/li>\n\t\t\t\t\t\t\t\t\t\t\t\t\t\t\t\t\t<li data-target=\"#tb-slider-ecotourism-accommodation-in-patsos-2\" data-slide-to=\"4\" class=\"\"><\/li>\n\t\t\t\t\t\t\t\t\t\t\t\t\t\t\t\t\t<li data-target=\"#tb-slider-ecotourism-accommodation-in-patsos-2\" data-slide-to=\"5\" class=\"\"><\/li>\n\t\t\t\t\t\t\t\t\t\t\t\t\t\t\t\t\t<li data-target=\"#tb-slider-ecotourism-accommodation-in-patsos-2\" data-slide-to=\"6\" class=\"\"><\/li>\n\t\t\t\t\t\t\t\t\t\t\t\t\t\t\t\t\t<li data-target=\"#tb-slider-ecotourism-accommodation-in-patsos-2\" data-slide-to=\"7\" class=\"\"><\/li>\n\t\t\t\t\t\t\t\t\t\t\t\t\t\t\t\t\t<li data-target=\"#tb-slider-ecotourism-accommodation-in-patsos-2\" data-slide-to=\"8\" class=\"\"><\/li>\n\t\t\t\t\t\t\t\t\t\t\t\t\t\t\t\t\t<li data-target=\"#tb-slider-ecotourism-accommodation-in-patsos-2\" data-slide-to=\"9\" class=\"\"><\/li>\n\t\t\t\t\t\t\t\t\t\t\t\t\t\t\t\t\t<li data-target=\"#tb-slider-ecotourism-accommodation-in-patsos-2\" data-slide-to=\"10\" class=\"\"><\/li>\n\t\t\t\t\t\t\t\t\t\t\t\t\t\t\t\t\t<li data-target=\"#tb-slider-ecotourism-accommodation-in-patsos-2\" data-slide-to=\"11\" class=\"\"><\/li>\n\t\t\t\t\t\t\t\t\t\t\t\t\t\t\t<\/ol>\n\t\t\t\n\t\t\t<!-- Controls -->\n\t\t\t\t\t\t\t<a class=\"left carousel-control\" href=\"#tb-slider-ecotourism-accommodation-in-patsos-2\" data-slide=\"prev\">\n\t\t\t\t\t<span class=\"glyphicon glyphicon-chevron-left\"><\/span>\n\t\t\t\t<\/a>\n\t\t\t\t<a class=\"right carousel-control\" href=\"#tb-slider-ecotourism-accommodation-in-patsos-2\" data-slide=\"next\">\n\t\t\t\t\t<span class=\"glyphicon glyphicon-chevron-right\"><\/span>\n\t\t\t\t<\/a>\n\t\t\t\n\t\t\t<!-- Wrapper for slides (according to Bootstrap specs) -->\n\t\t\t<div class=\"carousel-inner\">\n\n\t\t\t\t\t\t\t\t\t\t\t\t\t\t\t\t\t\t\t\t<div class=\"item active\">\n\n\t\t\t\t\t\t\t<img loading=\"lazy\" decoding=\"async\" src=\"https:\/\/patsosescape.com\/wp-content\/uploads\/2021\/04\/livingroom-patsos-eco-hotel-rethymno-crete-1-960x350.jpg\" alt=\"Wohnzimmer-Patsos-\u00d6ko-Hotel-Rethymno-Kreta-1\" width=\"960\" height=\"350\" \/>\n\t\t\t\t\t\t\t\n\t\t\t\t\t\t<\/div><!-- .item (end) -->\n\t\t\t\t\t\t\t\t\t\t\t\t\t\t\t\t\t<div class=\"item\">\n\n\t\t\t\t\t\t\t<img loading=\"lazy\" decoding=\"async\" src=\"https:\/\/patsosescape.com\/wp-content\/uploads\/2021\/04\/breakfast-patsos-eco-hotel-rethymno-crete-1-960x350.jpg\" alt=\"Fr\u00fchst\u00fcck-Patsos-\u00d6ko-Hotel-Rethymno-Kreta-1\" width=\"960\" height=\"350\" \/>\n\t\t\t\t\t\t\t\n\t\t\t\t\t\t<\/div><!-- .item (end) -->\n\t\t\t\t\t\t\t\t\t\t\t\t\t\t\t\t\t<div class=\"item\">\n\n\t\t\t\t\t\t\t<img loading=\"lazy\" decoding=\"async\" src=\"https:\/\/patsosescape.com\/wp-content\/uploads\/2021\/04\/kitchen-patsos-eco-hotel-rethymno-crete-2-960x350.jpg\" alt=\"K\u00fcche-Patsos-\u00d6ko-Hotel-Rethymno-Kreta-2\" width=\"960\" height=\"350\" \/>\n\t\t\t\t\t\t\t\n\t\t\t\t\t\t<\/div><!-- .item (end) -->\n\t\t\t\t\t\t\t\t\t\t\t\t\t\t\t\t\t<div class=\"item\">\n\n\t\t\t\t\t\t\t<img loading=\"lazy\" decoding=\"async\" src=\"https:\/\/patsosescape.com\/wp-content\/uploads\/2021\/04\/bedroom-patsos-eco-hotel-rethymno-crete-2-960x350.jpg\" alt=\"Schlafzimmer-Patsos-\u00d6ko-Hotel-Rethymno-Kreta-2\" width=\"960\" height=\"350\" \/>\n\t\t\t\t\t\t\t\n\t\t\t\t\t\t<\/div><!-- .item (end) -->\n\t\t\t\t\t\t\t\t\t\t\t\t\t\t\t\t\t<div class=\"item\">\n\n\t\t\t\t\t\t\t<img loading=\"lazy\" decoding=\"async\" src=\"https:\/\/patsosescape.com\/wp-content\/uploads\/2021\/04\/bathroom-patsos-eco-hotel-rethymno-crete-960x350.jpg\" alt=\"Bad-Patsos-\u00d6ko-Hotel-Rethymno-Kreta\" width=\"960\" height=\"350\" \/>\n\t\t\t\t\t\t\t\n\t\t\t\t\t\t<\/div><!-- .item (end) -->\n\t\t\t\t\t\t\t\t\t\t\t\t\t\t\t\t\t<div class=\"item\">\n\n\t\t\t\t\t\t\t<img loading=\"lazy\" decoding=\"async\" src=\"https:\/\/patsosescape.com\/wp-content\/uploads\/2021\/04\/bathroom-patsos-eco-hotel-rethymno-crete-1-960x350.jpg\" alt=\"Bad-Patsos-\u00d6ko-Hotel-Rethymno-Kreta-1\" width=\"960\" height=\"350\" \/>\n\t\t\t\t\t\t\t\n\t\t\t\t\t\t<\/div><!-- .item (end) -->\n\t\t\t\t\t\t\t\t\t\t\t\t\t\t\t\t\t<div class=\"item\">\n\n\t\t\t\t\t\t\t<img loading=\"lazy\" decoding=\"async\" src=\"https:\/\/patsosescape.com\/wp-content\/uploads\/2021\/04\/terrace-patsos-eco-hotel-rethymno-crete-1-960x350.jpg\" alt=\"Terrasse-Patsos-\u00d6ko-Hotel-Rethymno-Kreta-1\" width=\"960\" height=\"350\" \/>\n\t\t\t\t\t\t\t\n\t\t\t\t\t\t<\/div><!-- .item (end) -->\n\t\t\t\t\t\t\t\t\t\t\t\t\t\t\t\t\t<div class=\"item\">\n\n\t\t\t\t\t\t\t<img loading=\"lazy\" decoding=\"async\" src=\"https:\/\/patsosescape.com\/wp-content\/uploads\/2021\/04\/livingroom-patsos-eco-hotel-rethymno-crete-3-960x350.jpg\" alt=\"Wohnzimmer-Patsos-\u00d6ko-Hotel-Rethymno-Kreta-3\" width=\"960\" height=\"350\" \/>\n\t\t\t\t\t\t\t\n\t\t\t\t\t\t<\/div><!-- .item (end) -->\n\t\t\t\t\t\t\t\t\t\t\t\t\t\t\t\t\t<div class=\"item\">\n\n\t\t\t\t\t\t\t<img loading=\"lazy\" decoding=\"async\" src=\"https:\/\/patsosescape.com\/wp-content\/uploads\/2021\/04\/livingroom-patsos-eco-hotel-rethymno-crete-4-960x350.jpg\" alt=\"Wohnzimmer-Patsos-\u00d6ko-Hotel-Rethymno-Kreta-4\" width=\"960\" height=\"350\" \/>\n\t\t\t\t\t\t\t\n\t\t\t\t\t\t<\/div><!-- .item (end) -->\n\t\t\t\t\t\t\t\t\t\t\t\t\t\t\t\t\t<div class=\"item\">\n\n\t\t\t\t\t\t\t<img loading=\"lazy\" decoding=\"async\" src=\"https:\/\/patsosescape.com\/wp-content\/uploads\/2021\/04\/kitchen-patsos-eco-hotel-rethymno-crete-4-960x350.jpg\" alt=\"K\u00fcche-Patsos-\u00d6ko-Hotel-Rethymno-Kreta-4\" width=\"960\" height=\"350\" \/>\n\t\t\t\t\t\t\t\n\t\t\t\t\t\t<\/div><!-- .item (end) -->\n\t\t\t\t\t\t\t\t\t\t\t\t\t\t\t\t\t<div class=\"item\">\n\n\t\t\t\t\t\t\t<img loading=\"lazy\" decoding=\"async\" src=\"https:\/\/patsosescape.com\/wp-content\/uploads\/2021\/04\/balkony-patsos-eco-hotel-rethymno-crete-1-960x350.jpg\" alt=\"balkony-patsos-eco-hotel-rethymno-crete-1\" width=\"960\" height=\"350\" \/>\n\t\t\t\t\t\t\t\n\t\t\t\t\t\t<\/div><!-- .item (end) -->\n\t\t\t\t\t\t\t\t\t\t\t\t\t\t\t\t\t<div class=\"item\">\n\n\t\t\t\t\t\t\t<img loading=\"lazy\" decoding=\"async\" src=\"https:\/\/patsosescape.com\/wp-content\/uploads\/2021\/04\/bedroom-patsos-eco-hotel-rethymno-crete-1-960x350.jpg\" alt=\"Schlafzimmer-Patsos-\u00d6ko-Hotel-Rethymno-Kreta-1\" width=\"960\" height=\"350\" \/>\n\t\t\t\t\t\t\t\n\t\t\t\t\t\t<\/div><!-- .item (end) -->\n\t\t\t\t\t\t\t\t\t\t\t\t\t\t\t\n\t\t\t<\/div><!-- .carousel-inner (end) -->\n\n\t\t<\/div><!-- .carousel-control-wrap (end) -->\n\n\t\t<!-- Thumbnail Indicators -->\n\t\t\n\t<\/div>\n\t<\/div><!-- .grid-protection (end) --><\/div><!-- .element-inner-wrap (end) --><\/div><!-- .element-inner (end) --><\/div><!-- .element (end) -->\n<p style=\"text-align: center;\"><img loading=\"lazy\" decoding=\"async\" class=\"alignnone wp-image-2613 size-full\" src=\"https:\/\/patsosescape.com\/wp-content\/uploads\/2021\/04\/eco-tourism-accommodation-patsos-rethymno-crete-w1080.jpg\" alt=\"\u00d6ko-Tourismus-Unterkunft in Patsos Rethymno Kreta\" width=\"1080\" height=\"248\" srcset=\"https:\/\/patsosescape.com\/wp-content\/uploads\/2021\/04\/eco-tourism-accommodation-patsos-rethymno-crete-w1080.jpg 1080w, https:\/\/patsosescape.com\/wp-content\/uploads\/2021\/04\/eco-tourism-accommodation-patsos-rethymno-crete-w1080-300x69.jpg 300w, https:\/\/patsosescape.com\/wp-content\/uploads\/2021\/04\/eco-tourism-accommodation-patsos-rethymno-crete-w1080-1024x235.jpg 1024w, https:\/\/patsosescape.com\/wp-content\/uploads\/2021\/04\/eco-tourism-accommodation-patsos-rethymno-crete-w1080-768x176.jpg 768w, https:\/\/patsosescape.com\/wp-content\/uploads\/2021\/04\/eco-tourism-accommodation-patsos-rethymno-crete-w1080-16x4.jpg 16w, https:\/\/patsosescape.com\/wp-content\/uploads\/2021\/04\/eco-tourism-accommodation-patsos-rethymno-crete-w1080-940x216.jpg 940w, https:\/\/patsosescape.com\/wp-content\/uploads\/2021\/04\/eco-tourism-accommodation-patsos-rethymno-crete-w1080-620x142.jpg 620w, https:\/\/patsosescape.com\/wp-content\/uploads\/2021\/04\/eco-tourism-accommodation-patsos-rethymno-crete-w1080-195x45.jpg 195w\" sizes=\"auto, (max-width: 1080px) 100vw, 1080px\" \/><\/p>\n<p><a title=\"Ecotourism accommodation in Rethymno Crete Greece\" href=\"https:\/\/rethymno.villas\" target=\"_blank\" rel=\"noopener\">Ecotourism accommodation in Rethymno Crete Greece<\/a><\/p>\n<p>&nbsp;<\/p>\n<p>&nbsp;<\/p>","protected":false},"excerpt":{"rendered":"<p>Patsos Escape Eco tourism lodge: for those wishing to stay, there is the opportunity to accommodate up to 6 people in a house 100 square meters, located in the heart of Patsos village, above the small tavern &#8220;Patsos&#8221;. It is surrounded by rich and dense vegetation as well as a perennial plane tree (300 years old) in front of it and the village fountain with crystal clear waters, as you will see in the pictures below. There are 4 fixed beds (one double and 2 single) in two separate rooms&hellip; <a class=\"read-more-link\" href=\"https:\/\/patsosescape.com\/de\/accom\/\">Weiterlesen<\/a><\/p>","protected":false},"author":2,"featured_media":0,"parent":0,"menu_order":0,"comment_status":"closed","ping_status":"closed","template":"","meta":{"ngg_post_thumbnail":0,"_glsr_average":0,"_glsr_ranking":0,"_glsr_reviews":0,"footnotes":""},"class_list":["post-1412","page","type-page","status-publish","hentry"],"aioseo_notices":[],"_links":{"self":[{"href":"https:\/\/patsosescape.com\/de\/wp-json\/wp\/v2\/pages\/1412","targetHints":{"allow":["GET"]}}],"collection":[{"href":"https:\/\/patsosescape.com\/de\/wp-json\/wp\/v2\/pages"}],"about":[{"href":"https:\/\/patsosescape.com\/de\/wp-json\/wp\/v2\/types\/page"}],"author":[{"embeddable":true,"href":"https:\/\/patsosescape.com\/de\/wp-json\/wp\/v2\/users\/2"}],"replies":[{"embeddable":true,"href":"https:\/\/patsosescape.com\/de\/wp-json\/wp\/v2\/comments?post=1412"}],"version-history":[{"count":0,"href":"https:\/\/patsosescape.com\/de\/wp-json\/wp\/v2\/pages\/1412\/revisions"}],"wp:attachment":[{"href":"https:\/\/patsosescape.com\/de\/wp-json\/wp\/v2\/media?parent=1412"}],"curies":[{"name":"wp","href":"https:\/\/api.w.org\/{rel}","templated":true}]}}