{"id":1525,"date":"2018-03-11T20:42:37","date_gmt":"2018-03-11T18:42:37","guid":{"rendered":"http:\/\/patsosescape.com\/?page_id=1525"},"modified":"2018-03-20T22:33:30","modified_gmt":"2018-03-20T20:33:30","slug":"the-nature-of-patsos","status":"publish","type":"page","link":"https:\/\/patsosescape.com\/de\/the-nature-of-patsos\/","title":{"rendered":"Die Natur von Patsos"},"content":{"rendered":"<p>Die Gegend um Patsos wird von vielen als Paradies f\u00fcr Wanderer und Besucher angesehen, die Naturliebhaber sind und historische und arch\u00e4ologische Interessen haben. Es gibt viele M\u00f6glichkeiten f\u00fcr Outdoor-Aktivit\u00e4ten wie Wandern, Wandern, Radfahren und Klettern. Spazieren Sie durch die sch\u00f6nen Wanderwege, entdecken Sie die nat\u00fcrliche Sch\u00f6nheit und das reiche kulturelle Erbe. Eine gro\u00dfe Auswahl an Farben, Kl\u00e4ngen und D\u00fcften stimuliert alle Sinne.<!--more--><\/p>\n<p>Kraftvolle Kontraste von Gr\u00fcn, Gelb und Rot bilden w\u00e4hrend Ihrer Spazierg\u00e4nge einen magischen Farbteppich vor Ihren Augen. VASSILIS, ein ehemaliger erfahrener Oberst der hellenischen Spezialeinheiten mit gro\u00dfem Interesse am Wandern und Kenntnis der reichen lokalen Geschichte, hilft Ihnen, Ihre Zeit in Patsos zu genie\u00dfen (Radwege, Klettern, Spazierg\u00e4nge auf historischen Wegen. Schlucht, H\u00f6hlen, arch\u00e4ologische St\u00e4tten , das Wasserland am See von Potamoi usw.)<!--more--><\/p>","protected":false},"excerpt":{"rendered":"<p>The area around Patsos is by many considered a paradise for hikers and for visitors who are lovers of nature as well as have historical&nbsp; and archaeological &nbsp;interests. There are many possibilities for outdoor activities such as walking , hiking ,cycling and rock climbing\u2026 Walk through the beautiful trails, discover the natural beauty and rich cultural heritage . A wide range of colours, sounds and scents will stimulate all senses.&hellip; <a class=\"read-more-link\" href=\"https:\/\/patsosescape.com\/de\/the-nature-of-patsos\/\">Weiterlesen<\/a><\/p>","protected":false},"author":2,"featured_media":0,"parent":0,"menu_order":0,"comment_status":"closed","ping_status":"closed","template":"","meta":{"ngg_post_thumbnail":0,"_glsr_average":0,"_glsr_ranking":0,"_glsr_reviews":0,"footnotes":""},"class_list":["post-1525","page","type-page","status-publish","hentry"],"aioseo_notices":[],"_links":{"self":[{"href":"https:\/\/patsosescape.com\/de\/wp-json\/wp\/v2\/pages\/1525","targetHints":{"allow":["GET"]}}],"collection":[{"href":"https:\/\/patsosescape.com\/de\/wp-json\/wp\/v2\/pages"}],"about":[{"href":"https:\/\/patsosescape.com\/de\/wp-json\/wp\/v2\/types\/page"}],"author":[{"embeddable":true,"href":"https:\/\/patsosescape.com\/de\/wp-json\/wp\/v2\/users\/2"}],"replies":[{"embeddable":true,"href":"https:\/\/patsosescape.com\/de\/wp-json\/wp\/v2\/comments?post=1525"}],"version-history":[{"count":0,"href":"https:\/\/patsosescape.com\/de\/wp-json\/wp\/v2\/pages\/1525\/revisions"}],"wp:attachment":[{"href":"https:\/\/patsosescape.com\/de\/wp-json\/wp\/v2\/media?parent=1525"}],"curies":[{"name":"wp","href":"https:\/\/api.w.org\/{rel}","templated":true}]}}