{"id":1533,"date":"2018-03-11T20:57:14","date_gmt":"2018-03-11T18:57:14","guid":{"rendered":"http:\/\/patsosescape.com\/?page_id=1533"},"modified":"2021-06-02T19:37:58","modified_gmt":"2021-06-02T16:37:58","slug":"outdoor-activities","status":"publish","type":"page","link":"https:\/\/patsosescape.com\/de\/outdoor-activities\/","title":{"rendered":"\u00d6kotourismus-Aktivit\u00e4ten auf Rethymno CRETE"},"content":{"rendered":"<h1>Outdoor-Aktivit\u00e4ten in Patsos (AMARI) - Rethymno Kreta.<\/h1>\n<h2>&nbsp;<\/h2>\n<h2><strong>Beste Wandertouren auf Kreta<\/strong><\/h2>\n<p>Die Gegend um <strong>Patsos<\/strong> wird von vielen als <strong>Paradies f\u00fcr Wanderer<\/strong> angesehen und dies gilt ebenso f\u00fcr Besucher, <strong>die Naturliebhaber<\/strong> sind oder <strong>historisch&nbsp;<\/strong> und <strong>arch\u00e4ologische &nbsp;<\/strong>Interessen haben. Es gibt viele M\u00f6glichkeiten f\u00fcr <strong>Outdoor-Aktivit\u00e4ten erfreuen.<\/strong> wie Wandern, Wandern, Radfahren und Klettern ... Spazieren Sie durch die sch\u00f6nen Wanderwege, entdecken Sie die nat\u00fcrliche Sch\u00f6nheit und das reiche kulturelle Erbe. Ein Meer an Farben, Kl\u00e4ngen und D\u00fcften stimuliert alle Sinne.<span id=\"more-1525\"><\/span><\/p>\n<p>&nbsp;<\/p>\n<p>Sehen Sie sich unser YouTube-Video an <a title=\"Outdoor-Aktivit\u00e4ten in Patsos Rehtymno Kreta: Wandern, Klettern, Wandern \/ Trekking, Radfahren \/ Radfahren, in der kretischen Natur\" href=\"https:\/\/www.youtube.com\/watch?v=IYv1Lnnbyag\" target=\"_blank\" rel=\"noopener\"><strong><span class=\"style-scope yt-formatted-string\" dir=\"auto\">Outdoor-Aktivit\u00e4ten in Patsos Rethymno Kreta<\/span><\/strong><\/a><\/p>\n<div class=\"themeblvd-video-wrapper\">\n<div class=\"video-inner\"><iframe loading=\"lazy\" title=\"PATSOS OUTDOOR-AKTIVIT\u00c4TEN (Rethymno, Kreta). Wandertouren, Wandertouren, in der Gegend von Patsos in Rethymno\" width=\"940\" height=\"705\" src=\"https:\/\/www.youtube.com\/embed\/IYv1Lnnbyag?feature=oembed&#038;wmode=transparent\" frameborder=\"0\" allow=\"accelerometer; autoplay; clipboard-write; encrypted-media; gyroscope; picture-in-picture\" allowfullscreen><\/iframe><\/div>\n<\/div>\n<p>&nbsp;<\/p>\n<p>&nbsp;<\/p>\n<p><img loading=\"lazy\" decoding=\"async\" class=\"alignnone wp-image-2496 size-full\" src=\"https:\/\/patsosescape.com\/wp-content\/uploads\/2021\/04\/hiking-Agios-Antonios-gorge-Rethymno-Crete-2-w1080.jpg\" alt=\"\" width=\"1080\" height=\"486\" srcset=\"https:\/\/patsosescape.com\/wp-content\/uploads\/2021\/04\/hiking-Agios-Antonios-gorge-Rethymno-Crete-2-w1080.jpg 1080w, https:\/\/patsosescape.com\/wp-content\/uploads\/2021\/04\/hiking-Agios-Antonios-gorge-Rethymno-Crete-2-w1080-300x135.jpg 300w, https:\/\/patsosescape.com\/wp-content\/uploads\/2021\/04\/hiking-Agios-Antonios-gorge-Rethymno-Crete-2-w1080-1024x461.jpg 1024w, https:\/\/patsosescape.com\/wp-content\/uploads\/2021\/04\/hiking-Agios-Antonios-gorge-Rethymno-Crete-2-w1080-768x346.jpg 768w, https:\/\/patsosescape.com\/wp-content\/uploads\/2021\/04\/hiking-Agios-Antonios-gorge-Rethymno-Crete-2-w1080-16x7.jpg 16w, https:\/\/patsosescape.com\/wp-content\/uploads\/2021\/04\/hiking-Agios-Antonios-gorge-Rethymno-Crete-2-w1080-940x423.jpg 940w, https:\/\/patsosescape.com\/wp-content\/uploads\/2021\/04\/hiking-Agios-Antonios-gorge-Rethymno-Crete-2-w1080-620x279.jpg 620w, https:\/\/patsosescape.com\/wp-content\/uploads\/2021\/04\/hiking-Agios-Antonios-gorge-Rethymno-Crete-2-w1080-195x88.jpg 195w\" sizes=\"auto, (max-width: 1080px) 100vw, 1080px\" \/><\/p>\n<p>Kraftvolle Kontraste von Gr\u00fcn, Gelb und Rot bilden w\u00e4hrend Ihrer Spazierg\u00e4nge einen magischen Farbteppich vor Ihren Augen. Mit <strong>VASSILIS<\/strong> einem erfahrene. Ehemaligen Oberst der <strong>Griechische Spezialeinheiten<\/strong> mit gro\u00dfem Interesse am Wandern und Wissen \u00fcber die reiche lokale Geschichte,  k\u00f6nnen Sie Ihre Zeit in Patsos genie\u00dfen (Radwege, Klettern, Spazierg\u00e4nge auf historischen Wegen, Schluchten, H\u00f6hlen, arch\u00e4ologische St\u00e4tten, das Wasserland am Potami-See usw.).<\/p>\n<p>&nbsp;<\/p>\n<h3><strong>Beste Outdoor-Aktivit\u00e4ten &amp; Touren auf Rethymno Kreta<\/strong><\/h3>\n<ul>\n<li id=\"menu-item-2815\" class=\"menu-item menu-item-type-custom menu-item-object-custom menu-item-has-children menu-item-2815 sfHover\"><a class=\"sf-with-ul\">Wander- \/ Trekkingrouten in Rethymno CRETE (Patsos-Schlucht \/ AMARI)&nbsp; <\/a>\n<ul class=\"sub-menu\">\n<li id=\"menu-item-2793\" class=\"menu-item menu-item-type-post_type menu-item-object-page menu-item-2793\"><a href=\"https:\/\/patsosescape.com\/de\/hiking-routes\/\">Wanderunterricht f\u00fcr Trekking in der Gegend von Patsos (Rethymno Kreta)<\/a><\/li>\n<li><a title=\"Wandern zur Schlucht von Patsos (ROUTE N\u03bf 1)\" href=\"\/de\/hiking-to-the-gorge-of-patsos\/\">Wandern zur Schlucht von Patsos (ROUTE N\u03bf 1)<\/a><\/li>\n<li id=\"menu-item-2762\" class=\"menu-item menu-item-type-post_type menu-item-object-page menu-item-2762\"><a href=\"https:\/\/patsosescape.com\/de\/hiking-soros-mountain-rethymnon-crete\/\">Wandern zum Soros Mountain Patsos (ROUTE N\u03bf 2)<\/a><\/li>\n<li id=\"menu-item-2761\" class=\"menu-item menu-item-type-post_type menu-item-object-page menu-item-2761\"><a href=\"https:\/\/patsosescape.com\/de\/hiking-harakas-amari-rethymnon\/\">Wandern nach Harakas in Patsos (ROUTE N\u03bf 3)<\/a><\/li>\n<\/ul>\n<\/li>\n<\/ul>\n<ul class=\"sub-menu\">\n<li id=\"menu-item-1564\" class=\"menu-item menu-item-type-post_type menu-item-object-page menu-item-1564\"><a href=\"https:\/\/patsosescape.com\/de\/biking\/\">Rad- \/ Radtouren in Rethymno KRETA - Patsos (AMARI)<\/a><\/li>\n<li id=\"menu-item-1330\" class=\"menu-item menu-item-type-post_type menu-item-object-page menu-item-1330\"><a href=\"https:\/\/patsosescape.com\/de\/climbing-routes-patsos-gorge\/\">Klettern in der Schlucht von Patsos in Amari Rethymno CRETE<\/a><\/li>\n<\/ul>\n<p>&nbsp;<\/p>\n<p><img loading=\"lazy\" decoding=\"async\" class=\"alignnone wp-image-2493 size-full\" src=\"https:\/\/patsosescape.com\/wp-content\/uploads\/2021\/04\/Amari-Rethymon-landscape-Crete-ecotourism-w1080.jpg\" alt=\"\" width=\"1080\" height=\"473\" srcset=\"https:\/\/patsosescape.com\/wp-content\/uploads\/2021\/04\/Amari-Rethymon-landscape-Crete-ecotourism-w1080.jpg 1080w, https:\/\/patsosescape.com\/wp-content\/uploads\/2021\/04\/Amari-Rethymon-landscape-Crete-ecotourism-w1080-300x131.jpg 300w, https:\/\/patsosescape.com\/wp-content\/uploads\/2021\/04\/Amari-Rethymon-landscape-Crete-ecotourism-w1080-1024x448.jpg 1024w, https:\/\/patsosescape.com\/wp-content\/uploads\/2021\/04\/Amari-Rethymon-landscape-Crete-ecotourism-w1080-768x336.jpg 768w, https:\/\/patsosescape.com\/wp-content\/uploads\/2021\/04\/Amari-Rethymon-landscape-Crete-ecotourism-w1080-16x7.jpg 16w, https:\/\/patsosescape.com\/wp-content\/uploads\/2021\/04\/Amari-Rethymon-landscape-Crete-ecotourism-w1080-940x412.jpg 940w, https:\/\/patsosescape.com\/wp-content\/uploads\/2021\/04\/Amari-Rethymon-landscape-Crete-ecotourism-w1080-620x272.jpg 620w, https:\/\/patsosescape.com\/wp-content\/uploads\/2021\/04\/Amari-Rethymon-landscape-Crete-ecotourism-w1080-195x85.jpg 195w\" sizes=\"auto, (max-width: 1080px) 100vw, 1080px\" \/><\/p>\n<p>&nbsp;<\/p>\n<p><img loading=\"lazy\" decoding=\"async\" class=\"alignnone wp-image-2499 size-full\" src=\"https:\/\/patsosescape.com\/wp-content\/uploads\/2021\/04\/Potamos-dam-lake-Rethymnon-Crete-w1080.jpg\" alt=\"\" width=\"1080\" height=\"486\" srcset=\"https:\/\/patsosescape.com\/wp-content\/uploads\/2021\/04\/Potamos-dam-lake-Rethymnon-Crete-w1080.jpg 1080w, https:\/\/patsosescape.com\/wp-content\/uploads\/2021\/04\/Potamos-dam-lake-Rethymnon-Crete-w1080-300x135.jpg 300w, https:\/\/patsosescape.com\/wp-content\/uploads\/2021\/04\/Potamos-dam-lake-Rethymnon-Crete-w1080-1024x461.jpg 1024w, https:\/\/patsosescape.com\/wp-content\/uploads\/2021\/04\/Potamos-dam-lake-Rethymnon-Crete-w1080-768x346.jpg 768w, https:\/\/patsosescape.com\/wp-content\/uploads\/2021\/04\/Potamos-dam-lake-Rethymnon-Crete-w1080-16x7.jpg 16w, https:\/\/patsosescape.com\/wp-content\/uploads\/2021\/04\/Potamos-dam-lake-Rethymnon-Crete-w1080-940x423.jpg 940w, https:\/\/patsosescape.com\/wp-content\/uploads\/2021\/04\/Potamos-dam-lake-Rethymnon-Crete-w1080-620x279.jpg 620w, https:\/\/patsosescape.com\/wp-content\/uploads\/2021\/04\/Potamos-dam-lake-Rethymnon-Crete-w1080-195x88.jpg 195w\" sizes=\"auto, (max-width: 1080px) 100vw, 1080px\" \/><\/p>\n<p>&nbsp;<\/p>\n<p><img loading=\"lazy\" decoding=\"async\" class=\"alignnone wp-image-2501 size-full\" src=\"https:\/\/patsosescape.com\/wp-content\/uploads\/2021\/04\/Agios-Antonios-gorge-Rethymno-Crete-2-w1080.jpg\" alt=\"\" width=\"1080\" height=\"486\" srcset=\"https:\/\/patsosescape.com\/wp-content\/uploads\/2021\/04\/Agios-Antonios-gorge-Rethymno-Crete-2-w1080.jpg 1080w, https:\/\/patsosescape.com\/wp-content\/uploads\/2021\/04\/Agios-Antonios-gorge-Rethymno-Crete-2-w1080-300x135.jpg 300w, https:\/\/patsosescape.com\/wp-content\/uploads\/2021\/04\/Agios-Antonios-gorge-Rethymno-Crete-2-w1080-1024x461.jpg 1024w, https:\/\/patsosescape.com\/wp-content\/uploads\/2021\/04\/Agios-Antonios-gorge-Rethymno-Crete-2-w1080-768x346.jpg 768w, https:\/\/patsosescape.com\/wp-content\/uploads\/2021\/04\/Agios-Antonios-gorge-Rethymno-Crete-2-w1080-16x7.jpg 16w, https:\/\/patsosescape.com\/wp-content\/uploads\/2021\/04\/Agios-Antonios-gorge-Rethymno-Crete-2-w1080-940x423.jpg 940w, https:\/\/patsosescape.com\/wp-content\/uploads\/2021\/04\/Agios-Antonios-gorge-Rethymno-Crete-2-w1080-620x279.jpg 620w, https:\/\/patsosescape.com\/wp-content\/uploads\/2021\/04\/Agios-Antonios-gorge-Rethymno-Crete-2-w1080-195x88.jpg 195w\" sizes=\"auto, (max-width: 1080px) 100vw, 1080px\" \/><\/p>\n<p>&nbsp;<\/p>\n<p><a title=\"Outdoor-Aktivit\u00e4ten und Erlebnistouren f\u00fcr Patsos, Rethymno CRETE\" href=\"https:\/\/patsosescape.com\/wp-content\/uploads\/2021\/04\/00-tour-guide-patsos-rethymno-crete.pdf\"><strong>KLICKEN Sie hier (oder auf das Bild unten), um unsere Outdoor-Aktivit\u00e4ten und Erlebnistouren f\u00fcr Patsos, Rethymno CRETE, herunterzuladen<\/strong><\/a><\/p>\n<p><a title=\"Outdoor-Aktivit\u00e4ten und Erlebnistouren f\u00fcr Patsos, Rethymno CRETE\" href=\"https:\/\/patsosescape.com\/wp-content\/uploads\/2021\/04\/00-tour-guide-patsos-rethymno-crete.pdf\" target=\"_blank\" rel=\"noopener\"><img loading=\"lazy\" decoding=\"async\" class=\"wp-image-2651 size-full aligncenter\" src=\"https:\/\/patsosescape.com\/wp-content\/uploads\/2021\/04\/00-tour-guide-patsos-rethymno-crete.jpg\" alt=\"\" width=\"561\" height=\"749\" srcset=\"https:\/\/patsosescape.com\/wp-content\/uploads\/2021\/04\/00-tour-guide-patsos-rethymno-crete.jpg 561w, https:\/\/patsosescape.com\/wp-content\/uploads\/2021\/04\/00-tour-guide-patsos-rethymno-crete-225x300.jpg 225w, https:\/\/patsosescape.com\/wp-content\/uploads\/2021\/04\/00-tour-guide-patsos-rethymno-crete-9x12.jpg 9w, https:\/\/patsosescape.com\/wp-content\/uploads\/2021\/04\/00-tour-guide-patsos-rethymno-crete-146x195.jpg 146w\" sizes=\"auto, (max-width: 561px) 100vw, 561px\" \/><\/a><\/p>","protected":false},"excerpt":{"rendered":"<p>Outdoor Activities in Patsos (AMARI) &#8211; Rethymno Crete. &nbsp; Best hiking tours on Crete The area around Patsos is by many considered a paradise for hikers and for visitors who are lovers of nature as well as have historical&nbsp; and archaeological &nbsp;interests. There are many possibilities for outdoor activities such as walking, hiking, cycling and rock climbing\u2026 Walk through the beautiful trails, discover the natural beauty and rich cultural heritage. A wide range of colours, sounds and scents will stimulate all senses. &nbsp; Watch our YouTube video on Outdoor Activities&hellip; <a class=\"read-more-link\" href=\"https:\/\/patsosescape.com\/de\/outdoor-activities\/\">Weiterlesen<\/a><\/p>","protected":false},"author":2,"featured_media":0,"parent":0,"menu_order":0,"comment_status":"closed","ping_status":"closed","template":"","meta":{"ngg_post_thumbnail":0,"_glsr_average":0,"_glsr_ranking":0,"_glsr_reviews":0,"footnotes":""},"class_list":["post-1533","page","type-page","status-publish","hentry"],"aioseo_notices":[],"_links":{"self":[{"href":"https:\/\/patsosescape.com\/de\/wp-json\/wp\/v2\/pages\/1533","targetHints":{"allow":["GET"]}}],"collection":[{"href":"https:\/\/patsosescape.com\/de\/wp-json\/wp\/v2\/pages"}],"about":[{"href":"https:\/\/patsosescape.com\/de\/wp-json\/wp\/v2\/types\/page"}],"author":[{"embeddable":true,"href":"https:\/\/patsosescape.com\/de\/wp-json\/wp\/v2\/users\/2"}],"replies":[{"embeddable":true,"href":"https:\/\/patsosescape.com\/de\/wp-json\/wp\/v2\/comments?post=1533"}],"version-history":[{"count":0,"href":"https:\/\/patsosescape.com\/de\/wp-json\/wp\/v2\/pages\/1533\/revisions"}],"wp:attachment":[{"href":"https:\/\/patsosescape.com\/de\/wp-json\/wp\/v2\/media?parent=1533"}],"curies":[{"name":"wp","href":"https:\/\/api.w.org\/{rel}","templated":true}]}}