{"id":1561,"date":"2018-03-13T15:08:48","date_gmt":"2018-03-13T13:08:48","guid":{"rendered":"http:\/\/patsosescape.com\/?page_id=1561"},"modified":"2021-04-30T17:52:09","modified_gmt":"2021-04-30T14:52:09","slug":"biking","status":"publish","type":"page","link":"https:\/\/patsosescape.com\/de\/biking\/","title":{"rendered":"Rad- \/ Radtouren"},"content":{"rendered":"<h1><strong><u>Radfahren \/ Radfahren in der Provinz Rethymno (Patsos, Gebiet AMARI)<br \/>\n<\/u><\/strong><\/h1>\n<p>F\u00fcr diejenigen unserer Freunde, die gerne <strong>Radfahren<\/strong>m\u00f6chten, gibt es eine Route von unglaublicher und <strong>unvergleichlichbarer, nat\u00fcrlicher Sch\u00f6nheit,<\/strong>wie es im folgenden Video zu sehen ist.&nbsp;<\/p>\n<p>Voraussetzung ist, dass sie ihre Fahrr\u00e4der mitbringen.<\/p>\n<p>Ausgangspunkt ist die Frischwasserquelle des Dorfes neben der kleinen <strong>traditionellen Taverne PATSOS<\/strong>, wo Sie auch kostenlos mehr Informationen erhalten.<\/p>\n<div class=\"themeblvd-video-wrapper\">\n<div class=\"video-inner\"><iframe loading=\"lazy\" title=\"Radfahren\" width=\"940\" height=\"705\" src=\"https:\/\/www.youtube.com\/embed\/xVH7nqJrBQk?feature=oembed&#038;wmode=transparent\" frameborder=\"0\" allow=\"accelerometer; autoplay; clipboard-write; encrypted-media; gyroscope; picture-in-picture\" allowfullscreen><\/iframe><\/div>\n<\/div>\n<p>Eine Radtour in einer Umgebung unvergleichlicher Sch\u00f6nhei. Sie beginnt am zentralen Platz von <strong>Patsos<\/strong> neben dem traditionellen <strong>Taverne &quot;Patsos&quot;<\/strong>und durchquert die D\u00f6rfer von <strong>Pantanassa<\/strong>, <strong>Volonias<\/strong> und weiter auf der Stra\u00dfe des <strong>Stausees \"Potamos\"<\/strong>und kehrt an den Ausgangspunkt zur\u00fcck.<\/p>\n<h3>&nbsp;<\/h3>\n<h3><strong>Beste Outdoor-Aktivit\u00e4ten &amp; Touren auf Kreta<\/strong><\/h3>\n<ul>\n<li id=\"menu-item-2815\" class=\"menu-item menu-item-type-custom menu-item-object-custom menu-item-has-children menu-item-2815 sfHover\"><a class=\"sf-with-ul\">Wander- \/ Trekkingrouten in Rethymno CRETE (Patsos-Schlucht \/ AMARI)&nbsp; <\/a>\n<ul class=\"sub-menu\">\n<li id=\"menu-item-2793\" class=\"menu-item menu-item-type-post_type menu-item-object-page menu-item-2793\"><a href=\"https:\/\/patsosescape.com\/de\/hiking-routes\/\">Wanderunterricht f\u00fcr Trekking in der Gegend von Patsos (Rethymno Kreta)<\/a><\/li>\n<li><a title=\"Wandern zur Schlucht von Patsos (ROUTE N\u03bf 1)\" href=\"\/de\/hiking-to-the-gorge-of-patsos\/\">Wandern zur Schlucht von Patsos (ROUTE N\u03bf 1)<\/a><\/li>\n<li id=\"menu-item-2762\" class=\"menu-item menu-item-type-post_type menu-item-object-page menu-item-2762\"><a href=\"https:\/\/patsosescape.com\/de\/hiking-soros-mountain-rethymnon-crete\/\">Wandern zum Soros Mountain Patsos (ROUTE N\u03bf 2)<\/a><\/li>\n<li id=\"menu-item-2761\" class=\"menu-item menu-item-type-post_type menu-item-object-page menu-item-2761\"><a href=\"https:\/\/patsosescape.com\/de\/hiking-harakas-amari-rethymnon\/\">Wandern nach Harakas in Patsos (ROUTE N\u03bf 3)<\/a><\/li>\n<\/ul>\n<\/li>\n<\/ul>\n<ul class=\"sub-menu\">\n<li id=\"menu-item-1564\" class=\"menu-item menu-item-type-post_type menu-item-object-page menu-item-1564\"><a href=\"https:\/\/patsosescape.com\/de\/biking\/\">Rad- \/ Radtouren in Rethymno KRETA - Patsos (AMARI)<\/a><\/li>\n<li id=\"menu-item-1330\" class=\"menu-item menu-item-type-post_type menu-item-object-page menu-item-1330\"><a href=\"https:\/\/patsosescape.com\/de\/climbing-routes-patsos-gorge\/\">Klettern in der Schlucht von Patsos in Amari Rethymno CRETE<\/a><\/li>\n<\/ul>","protected":false},"excerpt":{"rendered":"<p>CYCLING \/ BIKING in the province of Rethymno (Patsos, area of AMARI) For those of our friends who would like cycling, all they have to do is follow a route of an incredible and incomparable natural beauty, as it is seen in the following video.&nbsp; A prerequisite is that they should bring their bikes with them. Starting point is the fresh spring water of the village, next to the small traditional tavern PATSOS, where also they will get more information (free) from. A biking ride in &nbsp;an incomparable beauty environment.&hellip; <a class=\"read-more-link\" href=\"https:\/\/patsosescape.com\/de\/biking\/\">Weiterlesen<\/a><\/p>","protected":false},"author":2,"featured_media":0,"parent":0,"menu_order":0,"comment_status":"closed","ping_status":"closed","template":"","meta":{"ngg_post_thumbnail":0,"_glsr_average":0,"_glsr_ranking":0,"_glsr_reviews":0,"footnotes":""},"class_list":["post-1561","page","type-page","status-publish","hentry"],"aioseo_notices":[],"_links":{"self":[{"href":"https:\/\/patsosescape.com\/de\/wp-json\/wp\/v2\/pages\/1561","targetHints":{"allow":["GET"]}}],"collection":[{"href":"https:\/\/patsosescape.com\/de\/wp-json\/wp\/v2\/pages"}],"about":[{"href":"https:\/\/patsosescape.com\/de\/wp-json\/wp\/v2\/types\/page"}],"author":[{"embeddable":true,"href":"https:\/\/patsosescape.com\/de\/wp-json\/wp\/v2\/users\/2"}],"replies":[{"embeddable":true,"href":"https:\/\/patsosescape.com\/de\/wp-json\/wp\/v2\/comments?post=1561"}],"version-history":[{"count":0,"href":"https:\/\/patsosescape.com\/de\/wp-json\/wp\/v2\/pages\/1561\/revisions"}],"wp:attachment":[{"href":"https:\/\/patsosescape.com\/de\/wp-json\/wp\/v2\/media?parent=1561"}],"curies":[{"name":"wp","href":"https:\/\/api.w.org\/{rel}","templated":true}]}}