{"id":1721,"date":"2018-03-22T20:19:16","date_gmt":"2018-03-22T18:19:16","guid":{"rendered":"http:\/\/patsosescape.com\/?page_id=1721"},"modified":"2021-06-01T00:09:54","modified_gmt":"2021-05-31T21:09:54","slug":"hiking-routes","status":"publish","type":"page","link":"https:\/\/patsosescape.com\/de\/hiking-routes\/","title":{"rendered":"Wanderrouten in der Provinz Rethymno, KRETA"},"content":{"rendered":"<h1><strong><u>WANDERNANWEISUNGEN<\/u><\/strong> <strong><u>(Patsos Bereich, Amari, Rethymno)<br \/><\/u><\/strong><\/h1>\n<p>Wir begr\u00fc\u00dfen Sie im historischen und malerischen Dorf <strong>Patsos<\/strong> und w\u00fcnsche Ihnen einen angenehmen Aufenthalt. Wir versprechen Ihnen, dass Sie eine famili\u00e4re Umgebung genie\u00dfen werden, in der Sie sich wie zu Hause f\u00fchlen. W\u00e4hrend Sie in Patsos sind, verpassen Sie nicht die Gelegenheit, die <strong>unber\u00fchrte und unvergleichlichen nat\u00fcrlichen Sch\u00f6nheit zu erkunden,<\/strong> indem Sie sich an einingen <strong>Outdoor-Aktivit\u00e4ten erfreuen.<\/strong>.<\/p>\n<p>Hier finde Sie einige Anweisungen und n\u00fctzliche Informationen \u00fcber <strong>drei (3) Wanderrouten<\/strong>. F\u00fcr alle drei (3) Routen sehen Sie:<\/p>\n<p>- Eine kurze Beschreibung der Route.<\/p>\n<p>- Eine Karte mit detaillierten Informationen zur Vorgehensweise<\/p>\n<p>- Verschiedene Fotos<\/p>\n<p>Wenn Sie wandern und das Erlebnis aller drei Routen genie\u00dfen m\u00f6chten, haben Sie zwei M\u00f6glichkeiten:<\/p>\n<ul>\n<li>Sie k\u00f6nnen <strong>eigenst\u00e4ndig wandern<\/strong>. In diesem Fall sind <strong>eine Kopie der Karte (Wanderweg) und eine App<\/strong> (f\u00fcr Smartphones) mit Route, kostenlos verf\u00fcgbar.<\/li>\n<li>Sie k\u00f6nnen von einem <strong>erfahrenen F\u00fchrer<\/strong>begleitet werden, um Sie nicht nur sicher zu f\u00fchren, sondern Ihnen auch mehr Informationen von historischem, arch\u00e4ologischem und kulturellem Interesse zu geben.<\/li>\n<\/ul>\n<p>&nbsp;<\/p>\n<p><img loading=\"lazy\" decoding=\"async\" class=\"alignnone wp-image-2981 size-full\" src=\"https:\/\/patsosescape.com\/wp-content\/uploads\/2021\/04\/hiking-trail-soros-2-w330.jpg\" alt=\"\" width=\"330\" height=\"733\" srcset=\"https:\/\/patsosescape.com\/wp-content\/uploads\/2021\/04\/hiking-trail-soros-2-w330.jpg 330w, https:\/\/patsosescape.com\/wp-content\/uploads\/2021\/04\/hiking-trail-soros-2-w330-135x300.jpg 135w, https:\/\/patsosescape.com\/wp-content\/uploads\/2021\/04\/hiking-trail-soros-2-w330-5x12.jpg 5w, https:\/\/patsosescape.com\/wp-content\/uploads\/2021\/04\/hiking-trail-soros-2-w330-88x195.jpg 88w\" sizes=\"auto, (max-width: 330px) 100vw, 330px\" \/> &nbsp;&nbsp; <img loading=\"lazy\" decoding=\"async\" class=\"alignnone wp-image-2975 size-full\" src=\"https:\/\/patsosescape.com\/wp-content\/uploads\/2021\/04\/hiking-trail-agios-antonios-gorge-5-w330.jpg\" alt=\"\" width=\"330\" height=\"733\" srcset=\"https:\/\/patsosescape.com\/wp-content\/uploads\/2021\/04\/hiking-trail-agios-antonios-gorge-5-w330.jpg 330w, https:\/\/patsosescape.com\/wp-content\/uploads\/2021\/04\/hiking-trail-agios-antonios-gorge-5-w330-135x300.jpg 135w, https:\/\/patsosescape.com\/wp-content\/uploads\/2021\/04\/hiking-trail-agios-antonios-gorge-5-w330-5x12.jpg 5w, https:\/\/patsosescape.com\/wp-content\/uploads\/2021\/04\/hiking-trail-agios-antonios-gorge-5-w330-88x195.jpg 88w\" sizes=\"auto, (max-width: 330px) 100vw, 330px\" \/><\/p>\n<p><strong><u>In Erg\u00e4nzung:<\/u><\/strong><\/p>\n<ul>\n<li>Alle drei Routen beginnen am selben Punkt. Dies ist der Dorfbrunnen mit seinem k\u00fchlen Wasser und der mehrj\u00e4hrigen Platane mit ihren dichten Schatten, die sich neben der kleinen traditionellen <strong>Taverne \"PATSOS\" befindet.<\/strong>.<\/li>\n<li>Am Ende jeder Route k\u00f6nnen Sie mit dem Auto zur\u00fcckkehren, solange Sie dies im Voraus vereinbart haben.<\/li>\n<li>Die Routen sind f\u00fcr durchschnittliche Wanderer geeignet. Sie ben\u00f6tigen festes Schuhwerk, da die Wege manchmal steinig sind.<\/li>\n<li>Jede Jahreszeit hat ihren Reiz, aber die beste Zeit zum Wandern ist der Fr\u00fchling. Die H\u00fcgel sind hellgr\u00fcn und mit jeder Bl\u00fctenfarbe bedeckt. Im Sommer sollten Sie fr\u00fch aufbrechen, um vor dem hei\u00dfesten Teil des Tages wandern zu gehen.<\/li>\n<li>Nehmen Sie viel Wasser mit. Tragen Sie bequeme lange Hosen und Wanderschuhe.<\/li>\n<\/ul>\n<p><strong><u>PS<\/u><\/strong><strong><u>:<\/u><\/strong> Abgesehen von den drei Routen gibt es <strong>viele weitere sch\u00f6ne Routen<\/strong> rund um das Dorf, die <strong>alle Niveaus von Fitness und Wander \/ Klettererlebnissen angepasst werden k\u00f6nnen<\/strong> und vor Ort organisiert werden.<\/p>\n<p>&nbsp;<\/p>\n<figure class=\"wp-block-gallery columns-0 is-cropped wp-block-gallery-1 is-layout-flex wp-block-gallery-is-layout-flex\">\n<ul class=\"blocks-gallery-grid\"><\/ul>\n<\/figure>\n<\/p>\n<h3 class=\"wp-block-heading\"><strong><a href=\"\/de\/outdoor-activities\/\">Beste Outdoor-Aktivit\u00e4ten &amp; Touren auf Rethymno Kreta<\/a><\/strong><\/h3>\n<ul class=\"wp-block-list\">\n<li><a>Wander- \/ Trekkingrouten in Rethymno CRETE (Patsos-Schlucht \/ AMARI)&nbsp;<\/a>\n<ul>\n<li><a href=\"\/de\/hiking-routes\/\">Wanderunterricht f\u00fcr Trekking in der Gegend von Patsos (Rethymno Kreta)<\/a><\/li>\n<li><a href=\"\/de\/hiking-to-the-gorge-of-patsos\/\">Wandern zur Schlucht von Patsos (ROUTE N\u03bf 1)<\/a><\/li>\n<li><a href=\"\/de\/hiking-soros-mountain-rethymnon-crete\/\">Wandern zum Soros Mountain Patsos (ROUTE N\u03bf 2)<\/a><\/li>\n<li><a href=\"\/de\/hiking-harakas-amari-rethymnon\/\">Wandern nach Harakas in Patsos (ROUTE N\u03bf 3)<\/a><\/li>\n<\/ul>\n<\/li>\n<\/ul>\n<ul class=\"wp-block-list\">\n<li><a href=\"\/de\/biking\/\">Rad- \/ Radtouren in Rethymno KRETA - Patsos (AMARI)<\/a><\/li>\n<li><a href=\"\/de\/climbing-routes-patsos-gorge\/\">Klettern in der Schlucht von Patsos in Amari Rethymno CRETE<\/a><\/li>\n<\/ul>","protected":false},"excerpt":{"rendered":"<p>HIKING INSTRUCTIONS (Patsos area, Amari, Rethymno) We welcome you to historic and picturesque village of Patsos and wish you a pleasant stay. We promise that you will enjoy a family setting that makes you feel like home. While you are in Patsos don&#8217;t miss the opportunity to explore the unspoiled and unparalleled natural beauty by enjoying some outdoor activities. Here we present some directions and useful information about three (3) hiking routes. For all three (3) routes you can see: &#8211; A short description of the route. &#8211; A map&hellip; <a class=\"read-more-link\" href=\"https:\/\/patsosescape.com\/de\/hiking-routes\/\">Weiterlesen<\/a><\/p>","protected":false},"author":2,"featured_media":0,"parent":0,"menu_order":0,"comment_status":"closed","ping_status":"closed","template":"","meta":{"ngg_post_thumbnail":0,"_glsr_average":0,"_glsr_ranking":0,"_glsr_reviews":0,"footnotes":""},"class_list":["post-1721","page","type-page","status-publish","hentry"],"aioseo_notices":[],"_links":{"self":[{"href":"https:\/\/patsosescape.com\/de\/wp-json\/wp\/v2\/pages\/1721","targetHints":{"allow":["GET"]}}],"collection":[{"href":"https:\/\/patsosescape.com\/de\/wp-json\/wp\/v2\/pages"}],"about":[{"href":"https:\/\/patsosescape.com\/de\/wp-json\/wp\/v2\/types\/page"}],"author":[{"embeddable":true,"href":"https:\/\/patsosescape.com\/de\/wp-json\/wp\/v2\/users\/2"}],"replies":[{"embeddable":true,"href":"https:\/\/patsosescape.com\/de\/wp-json\/wp\/v2\/comments?post=1721"}],"version-history":[{"count":0,"href":"https:\/\/patsosescape.com\/de\/wp-json\/wp\/v2\/pages\/1721\/revisions"}],"wp:attachment":[{"href":"https:\/\/patsosescape.com\/de\/wp-json\/wp\/v2\/media?parent=1721"}],"curies":[{"name":"wp","href":"https:\/\/api.w.org\/{rel}","templated":true}]}}