{"id":2739,"date":"2021-04-27T01:56:59","date_gmt":"2021-04-26T22:56:59","guid":{"rendered":"https:\/\/patsosescape.com\/?page_id=2739"},"modified":"2021-05-10T01:22:43","modified_gmt":"2021-05-09T22:22:43","slug":"hiking-soros-mountain-rethymnon-crete","status":"publish","type":"page","link":"https:\/\/patsosescape.com\/de\/hiking-soros-mountain-rethymnon-crete\/","title":{"rendered":"Wandern zum Soros Berg von Patsos (Rethymnon, Kreta)"},"content":{"rendered":"<hr class=\"wp-block-separator\"\/>\n<p><strong><u>ROUTE \u00abSOROS\u00bb - Nr. 2<\/p>\n<p>SEHEN SIE DIE WELT VON OBEN - ERLEBEN SIE DIE ULTIMATIVE FREIHEIT UND DAS SELBSTVERTRAUEN<\/u><\/strong><\/p>\n<p><strong><u>GESAMTSTRECKENL\u00c4NGE 7,5 km<\/u><\/strong><\/p>\n<p><strong><u>WIE MAN DORTHIN KOMMT<\/u><\/strong><\/p>\n<\/p>\n<p>Soros ist ein Berg, der die Gegend dominiert. Die Soros-Route ist ein perfekter Weg, der Geist, Herz und K\u00f6rper aufgrund der unvergleichlichen Sch\u00f6nheit der wilden Natur und der st\u00e4ndigen Herausforderung f\u00fcr den Wanderer, der sie erobern m\u00f6chte, stimulieren kann.<\/p>\n<p>Wir folgen der gleichen Route \u00ab\u0397ARAKAS\u00bb bis Punkt 5 davon. Von dort fahren wir geradeaus weiter bis Punkt 1 - ein gro\u00dfer Wassertank der Route -. Wenn Sie den bergauf gelegenen Feldweg fortsetzen, ist der Hang des Gel\u00e4ndes bis Punkt 2 noch steiler und die Sch\u00f6nheit der wilden Natur verzaubert Sie.<\/p>\n<p>&nbsp;Einige Meter lang ist die Stra\u00dfe gerade, bis wir Punkt 3 erreichen, ein altes Steinhaus zu unserer Linken. Es hei\u00dft im kretischen Dialekt \u00abMitato\u00bb und bedeutet in alten Zeiten ein Hirtenhaus, das K\u00e4se herstellt.<\/p>\n<p>Wir fahren geradeaus bergauf bis zu einem Knotenpunkt 4. Von dort biegen wir rechts ab und folgen dem Feldweg bergab bis Punkt 5, wo wir wieder rechts auf einen bergauf f\u00fchrenden Weg bis Punkt 6 abbiegen, wo wir einen unterirdischen Regenwasserspeicher namens \u00abSarnitsi\u00bb sehen. im kretischen Dialekt. An diesem Punkt k\u00f6nnen wir die Spitze des mt deutlich sehen. Soros. Wenn wir in etwa einer Stunde einem felsigen Pfad nach Westen folgen, erreichen wir den h\u00f6chsten Punkt (1.180 m) Punkt 7. Die gesamte Route geht bergauf, mit Ausnahme der Punkte 4 bis 5<\/p>\n<p>Eine anspruchsvollere Route. Wenn die H\u00f6he h\u00f6her ist, erleben Sie die ultimative Freiheit und alle Sinne werden von der F\u00fclle der Natur erf\u00fcllt.<\/p>\n<figure class=\"wp-block-embed is-type-rich is-provider-embed-handler wp-block-embed-embed-handler wp-embed-aspect-16-9 wp-has-aspect-ratio\">\n<div class=\"wp-block-embed__wrapper\">\n<div class=\"themeblvd-video-wrapper\">\n<div class=\"video-inner\"><iframe loading=\"lazy\" title=\"SOROS Mountain - Wandern, Tekking, Klettern\" width=\"940\" height=\"529\" src=\"https:\/\/www.youtube.com\/embed\/4Dhit5LHMv4?feature=oembed&#038;wmode=transparent\" frameborder=\"0\" allow=\"accelerometer; autoplay; clipboard-write; encrypted-media; gyroscope; picture-in-picture\" allowfullscreen><\/iframe><\/div>\n<\/div>\n<\/div>\n<\/figure>\n<\/p>\n<\/p>\n<hr class=\"wp-block-separator\"\/>\n<figure class=\"wp-block-gallery columns-2 is-cropped wp-block-gallery-1 is-layout-flex wp-block-gallery-is-layout-flex\">\n<ul class=\"blocks-gallery-grid\">\n<li class=\"blocks-gallery-item\">\n<figure><img loading=\"lazy\" decoding=\"async\" width=\"704\" height=\"960\" src=\"https:\/\/patsosescape.com\/wp-content\/uploads\/2021\/04\/peak-soros-mountain-Rethymnon-crete.jpg\" alt=\"\" data-id=\"2811\" data-full-url=\"https:\/\/patsosescape.com\/wp-content\/uploads\/2021\/04\/peak-soros-mountain-Rethymnon-crete.jpg\" data-link=\"https:\/\/patsosescape.com\/peak-soros-mountain-rethymnon-crete\/\" class=\"wp-image-2811\" srcset=\"https:\/\/patsosescape.com\/wp-content\/uploads\/2021\/04\/peak-soros-mountain-Rethymnon-crete.jpg 704w, https:\/\/patsosescape.com\/wp-content\/uploads\/2021\/04\/peak-soros-mountain-Rethymnon-crete-220x300.jpg 220w, https:\/\/patsosescape.com\/wp-content\/uploads\/2021\/04\/peak-soros-mountain-Rethymnon-crete-9x12.jpg 9w, https:\/\/patsosescape.com\/wp-content\/uploads\/2021\/04\/peak-soros-mountain-Rethymnon-crete-620x845.jpg 620w, https:\/\/patsosescape.com\/wp-content\/uploads\/2021\/04\/peak-soros-mountain-Rethymnon-crete-143x195.jpg 143w\" sizes=\"auto, (max-width: 704px) 100vw, 704px\" \/><\/figure>\n<\/li>\n<li class=\"blocks-gallery-item\">\n<figure><img loading=\"lazy\" decoding=\"async\" width=\"500\" height=\"429\" src=\"https:\/\/patsosescape.com\/wp-content\/uploads\/2021\/04\/outdoor-activities-soros-mountain-Rethymnon-Crete-w500.jpg\" alt=\"Outdoor-Aktivit\u00e4ten am Soros-Berg in Amari Rethymnon Kreta\" data-id=\"2891\" data-full-url=\"https:\/\/patsosescape.com\/wp-content\/uploads\/2021\/04\/outdoor-activities-soros-mountain-Rethymnon-Crete-w500.jpg\" data-link=\"https:\/\/patsosescape.com\/hiking-soros-mountain-rethymnon-crete\/outdoor-activities-soros-mountain-rethymnon-crete-w500\/\" class=\"wp-image-2891\" srcset=\"https:\/\/patsosescape.com\/wp-content\/uploads\/2021\/04\/outdoor-activities-soros-mountain-Rethymnon-Crete-w500.jpg 500w, https:\/\/patsosescape.com\/wp-content\/uploads\/2021\/04\/outdoor-activities-soros-mountain-Rethymnon-Crete-w500-300x257.jpg 300w, https:\/\/patsosescape.com\/wp-content\/uploads\/2021\/04\/outdoor-activities-soros-mountain-Rethymnon-Crete-w500-14x12.jpg 14w, https:\/\/patsosescape.com\/wp-content\/uploads\/2021\/04\/outdoor-activities-soros-mountain-Rethymnon-Crete-w500-195x167.jpg 195w\" sizes=\"auto, (max-width: 500px) 100vw, 500px\" \/><\/figure>\n<\/li>\n<li class=\"blocks-gallery-item\">\n<figure><img loading=\"lazy\" decoding=\"async\" width=\"720\" height=\"540\" src=\"https:\/\/patsosescape.com\/wp-content\/uploads\/2021\/04\/guided-trekking-tours-soros-Rethymnon-Crete.jpg\" alt=\"\" data-id=\"2809\" data-full-url=\"https:\/\/patsosescape.com\/wp-content\/uploads\/2021\/04\/guided-trekking-tours-soros-Rethymnon-Crete.jpg\" data-link=\"https:\/\/patsosescape.com\/guided-trekking-tours-soros-rethymnon-crete\/\" class=\"wp-image-2809\" srcset=\"https:\/\/patsosescape.com\/wp-content\/uploads\/2021\/04\/guided-trekking-tours-soros-Rethymnon-Crete.jpg 720w, https:\/\/patsosescape.com\/wp-content\/uploads\/2021\/04\/guided-trekking-tours-soros-Rethymnon-Crete-300x225.jpg 300w, https:\/\/patsosescape.com\/wp-content\/uploads\/2021\/04\/guided-trekking-tours-soros-Rethymnon-Crete-16x12.jpg 16w, https:\/\/patsosescape.com\/wp-content\/uploads\/2021\/04\/guided-trekking-tours-soros-Rethymnon-Crete-620x465.jpg 620w, https:\/\/patsosescape.com\/wp-content\/uploads\/2021\/04\/guided-trekking-tours-soros-Rethymnon-Crete-195x146.jpg 195w\" sizes=\"auto, (max-width: 720px) 100vw, 720px\" \/><\/figure>\n<\/li>\n<li class=\"blocks-gallery-item\">\n<figure><img loading=\"lazy\" decoding=\"async\" width=\"604\" height=\"453\" src=\"https:\/\/patsosescape.com\/wp-content\/uploads\/2021\/04\/climbing-Soros-mt-Rethymnon-Crete-trekking.jpg\" alt=\"\" data-id=\"2807\" data-full-url=\"https:\/\/patsosescape.com\/wp-content\/uploads\/2021\/04\/climbing-Soros-mt-Rethymnon-Crete-trekking.jpg\" data-link=\"https:\/\/patsosescape.com\/climbing-soros-mt-rethymnon-crete-trekking\/\" class=\"wp-image-2807\" srcset=\"https:\/\/patsosescape.com\/wp-content\/uploads\/2021\/04\/climbing-Soros-mt-Rethymnon-Crete-trekking.jpg 604w, https:\/\/patsosescape.com\/wp-content\/uploads\/2021\/04\/climbing-Soros-mt-Rethymnon-Crete-trekking-300x225.jpg 300w, https:\/\/patsosescape.com\/wp-content\/uploads\/2021\/04\/climbing-Soros-mt-Rethymnon-Crete-trekking-16x12.jpg 16w, https:\/\/patsosescape.com\/wp-content\/uploads\/2021\/04\/climbing-Soros-mt-Rethymnon-Crete-trekking-195x146.jpg 195w\" sizes=\"auto, (max-width: 604px) 100vw, 604px\" \/><\/figure>\n<\/li>\n<li class=\"blocks-gallery-item\">\n<figure><img loading=\"lazy\" decoding=\"async\" width=\"940\" height=\"400\" src=\"https:\/\/patsosescape.com\/wp-content\/uploads\/2021\/04\/hiking-on-crete-patsos-rethymno-w940.jpg\" alt=\"\" data-id=\"2197\" data-full-url=\"https:\/\/patsosescape.com\/wp-content\/uploads\/2021\/04\/hiking-on-crete-patsos-rethymno-w940.jpg\" data-link=\"https:\/\/patsosescape.com\/hiking-on-crete-patsos-rethymno-w940\/\" class=\"wp-image-2197\" srcset=\"https:\/\/patsosescape.com\/wp-content\/uploads\/2021\/04\/hiking-on-crete-patsos-rethymno-w940.jpg 940w, https:\/\/patsosescape.com\/wp-content\/uploads\/2021\/04\/hiking-on-crete-patsos-rethymno-w940-300x128.jpg 300w, https:\/\/patsosescape.com\/wp-content\/uploads\/2021\/04\/hiking-on-crete-patsos-rethymno-w940-768x327.jpg 768w, https:\/\/patsosescape.com\/wp-content\/uploads\/2021\/04\/hiking-on-crete-patsos-rethymno-w940-620x264.jpg 620w, https:\/\/patsosescape.com\/wp-content\/uploads\/2021\/04\/hiking-on-crete-patsos-rethymno-w940-195x83.jpg 195w\" sizes=\"auto, (max-width: 940px) 100vw, 940px\" \/><\/figure>\n<\/li>\n<\/ul>\n<\/figure>\n<h3 class=\"wp-block-heading\"><strong>Beste Outdoor-Aktivit\u00e4ten &amp; Touren auf Kreta<\/strong><\/h3>\n<ul class=\"wp-block-list\">\n<li><a>Wander- \/ Trekkingrouten in Rethymno CRETE (Patsos-Schlucht \/ AMARI)&nbsp;<\/a>\n<ul>\n<li><a href=\"https:\/\/patsosescape.com\/de\/hiking-routes\/\">Wanderunterricht f\u00fcr Trekking in der Gegend von Patsos (Rethymno Kreta)<\/a><\/li>\n<li><a href=\"\/de\/hiking-to-the-gorge-of-patsos\/\">Wandern zur Schlucht von Patsos (ROUTE N\u03bf 1)<\/a><\/li>\n<li><a href=\"https:\/\/patsosescape.com\/de\/hiking-soros-mountain-rethymnon-crete\/\">Wandern zum Soros Mountain Patsos (ROUTE N\u03bf 2)<\/a><\/li>\n<li><a href=\"https:\/\/patsosescape.com\/de\/hiking-harakas-amari-rethymnon\/\">Wandern nach Harakas in Patsos (ROUTE N\u03bf 3)<\/a><\/li>\n<\/ul>\n<\/li>\n<\/ul>\n<ul class=\"wp-block-list\">\n<li><a href=\"https:\/\/patsosescape.com\/de\/biking\/\">Rad- \/ Radtouren in Rethymno KRETA - Patsos (AMARI)<\/a><\/li>\n<li><a href=\"https:\/\/patsosescape.com\/de\/climbing-routes-patsos-gorge\/\">Klettern in der Schlucht von Patsos in Amari Rethymno CRETE<\/a><\/li>\n<\/ul>","protected":false},"excerpt":{"rendered":"<p>\u00abSOROS\u00bb ROUTE - Nr. 2 SEHEN SIE DIE WELT VON OBEN - ERLEBEN SIE DIE ULTIMATIVE FREIHEIT UND DAS SELBSTVERTRAUEN GESAMT ROUTENL\u00c4NGE 7,5 km WIE SIE ANREISEN Soros ist ein Berg, der die Gegend dominiert. Die Soros-Route ist ein perfekter Weg, der Geist, Herz und K\u00f6rper aufgrund der unvergleichlichen Sch\u00f6nheit der wilden Natur und der st\u00e4ndigen Herausforderung f\u00fcr den Wanderer, der sie erobern m\u00f6chte, stimulieren kann. Wir folgen der gleichen Route \u00ab\u0397ARAKAS\u00bb bis Punkt 5 davon. Von dort geht es geradeaus weiter bis Punkt 1-\u2026 <a class=\"read-more-link\" href=\"https:\/\/patsosescape.com\/de\/hiking-soros-mountain-rethymnon-crete\/\">Weiterlesen<\/a><\/p>","protected":false},"author":5,"featured_media":0,"parent":0,"menu_order":0,"comment_status":"closed","ping_status":"closed","template":"","meta":{"ngg_post_thumbnail":0,"_glsr_average":0,"_glsr_ranking":0,"_glsr_reviews":0,"footnotes":""},"class_list":["post-2739","page","type-page","status-publish","hentry"],"aioseo_notices":[],"_links":{"self":[{"href":"https:\/\/patsosescape.com\/de\/wp-json\/wp\/v2\/pages\/2739","targetHints":{"allow":["GET"]}}],"collection":[{"href":"https:\/\/patsosescape.com\/de\/wp-json\/wp\/v2\/pages"}],"about":[{"href":"https:\/\/patsosescape.com\/de\/wp-json\/wp\/v2\/types\/page"}],"author":[{"embeddable":true,"href":"https:\/\/patsosescape.com\/de\/wp-json\/wp\/v2\/users\/5"}],"replies":[{"embeddable":true,"href":"https:\/\/patsosescape.com\/de\/wp-json\/wp\/v2\/comments?post=2739"}],"version-history":[{"count":0,"href":"https:\/\/patsosescape.com\/de\/wp-json\/wp\/v2\/pages\/2739\/revisions"}],"wp:attachment":[{"href":"https:\/\/patsosescape.com\/de\/wp-json\/wp\/v2\/media?parent=2739"}],"curies":[{"name":"wp","href":"https:\/\/api.w.org\/{rel}","templated":true}]}}