{"id":2768,"date":"2021-04-27T13:18:27","date_gmt":"2021-04-27T10:18:27","guid":{"rendered":"https:\/\/patsosescape.com\/?page_id=2768"},"modified":"2021-05-15T19:09:23","modified_gmt":"2021-05-15T16:09:23","slug":"who-we-are","status":"publish","type":"page","link":"https:\/\/patsosescape.com\/de\/who-we-are\/","title":{"rendered":"Wer wir sind"},"content":{"rendered":"<h2 style=\"text-align: center;\"><img loading=\"lazy\" decoding=\"async\" class=\"aligncenter wp-image-2551 size-full\" title=\"Outdoor-Aktivit\u00e4ten auf der Insel Rethymno auf Kreta - Patsos Escape\" src=\"https:\/\/patsosescape.com\/wp-content\/uploads\/2021\/04\/About-Patsos-Outdoor-activities-Rethymno-Crete.jpg\" alt=\"Outdoor-Aktivit\u00e4ten auf der Insel Rethymno auf Kreta - Patsos Escape\" width=\"908\" height=\"488\" srcset=\"https:\/\/patsosescape.com\/wp-content\/uploads\/2021\/04\/About-Patsos-Outdoor-activities-Rethymno-Crete.jpg 908w, https:\/\/patsosescape.com\/wp-content\/uploads\/2021\/04\/About-Patsos-Outdoor-activities-Rethymno-Crete-300x161.jpg 300w, https:\/\/patsosescape.com\/wp-content\/uploads\/2021\/04\/About-Patsos-Outdoor-activities-Rethymno-Crete-768x413.jpg 768w, https:\/\/patsosescape.com\/wp-content\/uploads\/2021\/04\/About-Patsos-Outdoor-activities-Rethymno-Crete-16x9.jpg 16w, https:\/\/patsosescape.com\/wp-content\/uploads\/2021\/04\/About-Patsos-Outdoor-activities-Rethymno-Crete-620x333.jpg 620w, https:\/\/patsosescape.com\/wp-content\/uploads\/2021\/04\/About-Patsos-Outdoor-activities-Rethymno-Crete-195x105.jpg 195w, https:\/\/patsosescape.com\/wp-content\/uploads\/2021\/04\/About-Patsos-Outdoor-activities-Rethymno-Crete-542x292.jpg 542w\" sizes=\"auto, (max-width: 908px) 100vw, 908px\" \/><\/h2>\n<h1>Alles, was Sie im Urlaub auf Kreta genie\u00dfen m\u00f6chten!<\/h1>\n<h2>(Traditionelles Essen, Outdoor-Aktivit\u00e4ten und Unterkunft).<\/h2>\n<p>Wir leben in <strong>Patsos<\/strong>, einem malerisches und historisches Dorf im <strong>Regionalbezirk Rethymnon, auf der Insel Kreta<\/strong>. Bereits in der dritten Generation betreiben wir die <strong>traditionelle Taverne &quot;Patsos&quot;<\/strong> (seit <strong>1933<\/strong>). Unsere Geschichte und Tradition, unsere vielf\u00e4ltigen Erfahrungen, sowie die echte und lebendige kretische Gastfeundschaft, die wir im Laufe der Jahre unseren lieben G\u00e4sten gro\u00dfz\u00fcgig entgegengebracht haben, verpflichten uns, Ihren Urlaub angenehmer und interessanter  zu gestalten und Ihnen folgendes anzubieten:<\/p>\n<ol>\n<li><strong>\u00d6kotourismus Unterkunft<\/strong> - Weitere Informationen finden Sie unter: <a href=\"https:\/\/patsosescape.com\/de\/accom\/\">https:\/\/patsosescape.com\/accom\/<\/a><\/li>\n<li><strong>Traditionelles kretisches Essen<\/strong> - Weitere Informationen finden Sie unter: <a href=\"https:\/\/patsosescape.com\/de\/traditional-cuisine\/\">https:\/\/patsosescape.com\/traditional-cuisine\/<\/a><\/li>\n<li><strong>Outdoor Aktivit\u00e4ten &amp; Erlebnisse<\/strong> - Weitere Informationen finden Sie unter: <a href=\"https:\/\/patsosescape.com\/de\/outdoor-activities\/\">https:\/\/patsosescape.com\/outdoor-activities\/<\/a><\/li>\n<\/ol>\n<p>Zus\u00e4tzlich zu den oben genannten Aktivit\u00e4ten bietet Ihnen die vorteilhafte Lage mehrere M\u00f6glichkeiten, wie schwimmen zu gehen oder arch\u00e4ologische und historische St\u00e4tten zu besuchen, die sich in einer Entfrernung von h\u00f6chstens 25 km befinden. Dies ist sehr wichtig, da Sie Zeit und Kosten sparen.<\/p>\n<p>&nbsp;<\/p>\n<p><strong>GPS-Koordinaten (PATSOS - RETHYMNO - KRETA):<\/strong> 35.246829461919155, 24.57300906207306<\/p>\n<p>&nbsp;<\/p>\n<p><a title=\"Google Maps: &quot;Patsos Escape&quot; - \u00d6kotourismus &amp; Outdoor-Aktivit\u00e4ten RETHYMNO CRETE: Taverne, Unterkunft, Aktivit\u00e4ten\" href=\"https:\/\/www.google.com\/maps\/place\/Patsos+Escape+-+Ecotourism+%26+Outdoor+Activities+RETHYMNO+CRETE:+Tavern,+Accommodation,+Activities\/@35.2520472,24.5274207,11z\/data=!4m5!3m4!1s0x0:0x409f36e27578c5a8!8m2!3d35.2466611!4d24.5727687?hl=en\" target=\"_blank\" rel=\"noopener\"><strong>GOOGLE MAPS - \u00dcberpr\u00fcfen Sie: &quot;Patsos Escape&quot; - \u00d6kotourismus &amp; Outdoor-Aktivit\u00e4ten RETHYMNO CRETE: Taverne, Unterkunft, Aktivit\u00e4ten<\/strong><\/a> <\/p>\n<figure class=\"wp-block-image size-large\"><a href=\"https:\/\/www.google.com\/maps\/place\/Patsos+Escape+-+Ecotourism+%26+Outdoor+Activities+RETHYMNO+CRETE:+Tavern,+Accommodation,+Activities\/@35.2520472,24.5274207,11z\/data=!4m5!3m4!1s0x0:0x409f36e27578c5a8!8m2!3d35.2466611!4d24.5727687?hl=en\" target=\"_blank\" rel=\"noopener\"><img loading=\"lazy\" decoding=\"async\" width=\"1024\" height=\"495\" src=\"https:\/\/patsosescape.com\/wp-content\/uploads\/2021\/05\/Patsos-Escape-Ecotourism-Outdoor-Activities-Rethymno-1024x495.jpg\" alt=\"\" class=\"wp-image-3281\" srcset=\"https:\/\/patsosescape.com\/wp-content\/uploads\/2021\/05\/Patsos-Escape-Ecotourism-Outdoor-Activities-Rethymno-1024x495.jpg 1024w, https:\/\/patsosescape.com\/wp-content\/uploads\/2021\/05\/Patsos-Escape-Ecotourism-Outdoor-Activities-Rethymno-300x145.jpg 300w, https:\/\/patsosescape.com\/wp-content\/uploads\/2021\/05\/Patsos-Escape-Ecotourism-Outdoor-Activities-Rethymno-768x371.jpg 768w, https:\/\/patsosescape.com\/wp-content\/uploads\/2021\/05\/Patsos-Escape-Ecotourism-Outdoor-Activities-Rethymno-1536x742.jpg 1536w, https:\/\/patsosescape.com\/wp-content\/uploads\/2021\/05\/Patsos-Escape-Ecotourism-Outdoor-Activities-Rethymno-16x8.jpg 16w, https:\/\/patsosescape.com\/wp-content\/uploads\/2021\/05\/Patsos-Escape-Ecotourism-Outdoor-Activities-Rethymno-940x454.jpg 940w, https:\/\/patsosescape.com\/wp-content\/uploads\/2021\/05\/Patsos-Escape-Ecotourism-Outdoor-Activities-Rethymno-620x300.jpg 620w, https:\/\/patsosescape.com\/wp-content\/uploads\/2021\/05\/Patsos-Escape-Ecotourism-Outdoor-Activities-Rethymno-195x94.jpg 195w, https:\/\/patsosescape.com\/wp-content\/uploads\/2021\/05\/Patsos-Escape-Ecotourism-Outdoor-Activities-Rethymno-scaled.jpg 1080w\" sizes=\"auto, (max-width: 1024px) 100vw, 1024px\" \/><\/a><\/figure><\/p>","protected":false},"excerpt":{"rendered":"<p>Alles, was Sie im Urlaub auf Kreta genie\u00dfen m\u00f6chten! (Traditionelles Essen, Outdoor-Aktivit\u00e4ten und Unterkunft). Wir leben in Patsos, einem malerischen und historischen Dorf in Rethymnon auf der Insel Kreta. Wir sind die dritte Generation, die die kleine traditionelle Taverne \u201ePatsos\u201c betreibt (seit 1933). Die Geschichte und ihre Tradition, unsere vielf\u00e4ltigen Erfahrungen sowie die echte und lebendige kretische Gastfreundschaft, die unseren lieben G\u00e4sten im Laufe der Jahre gro\u00dfz\u00fcgig entgegengebracht wurde, verpflichten uns, Ihren Urlaub interessanter und angenehmer zu gestalten und Ihnen Folgendes anzubieten: \u00d6kotourismus-Unterkunft - \u2026 <a class=\"read-more-link\" href=\"https:\/\/patsosescape.com\/de\/who-we-are\/\">Weiterlesen<\/a><\/p>","protected":false},"author":2,"featured_media":0,"parent":0,"menu_order":0,"comment_status":"closed","ping_status":"closed","template":"","meta":{"ngg_post_thumbnail":0,"_glsr_average":0,"_glsr_ranking":0,"_glsr_reviews":0,"footnotes":""},"class_list":["post-2768","page","type-page","status-publish","hentry"],"aioseo_notices":[],"_links":{"self":[{"href":"https:\/\/patsosescape.com\/de\/wp-json\/wp\/v2\/pages\/2768","targetHints":{"allow":["GET"]}}],"collection":[{"href":"https:\/\/patsosescape.com\/de\/wp-json\/wp\/v2\/pages"}],"about":[{"href":"https:\/\/patsosescape.com\/de\/wp-json\/wp\/v2\/types\/page"}],"author":[{"embeddable":true,"href":"https:\/\/patsosescape.com\/de\/wp-json\/wp\/v2\/users\/2"}],"replies":[{"embeddable":true,"href":"https:\/\/patsosescape.com\/de\/wp-json\/wp\/v2\/comments?post=2768"}],"version-history":[{"count":0,"href":"https:\/\/patsosescape.com\/de\/wp-json\/wp\/v2\/pages\/2768\/revisions"}],"wp:attachment":[{"href":"https:\/\/patsosescape.com\/de\/wp-json\/wp\/v2\/media?parent=2768"}],"curies":[{"name":"wp","href":"https:\/\/api.w.org\/{rel}","templated":true}]}}