{"id":2791,"date":"2021-04-27T13:46:31","date_gmt":"2021-04-27T10:46:31","guid":{"rendered":"https:\/\/patsosescape.com\/?page_id=2791"},"modified":"2021-04-27T13:50:31","modified_gmt":"2021-04-27T10:50:31","slug":"outdoor-activities-in-patsos","status":"publish","type":"page","link":"https:\/\/patsosescape.com\/de\/outdoor-activities-in-patsos\/","title":{"rendered":"Outdoor-Aktivit\u00e4ten in Patsos"},"content":{"rendered":"<h1>Outdoor-Aktivit\u00e4ten in Patsos - Rethymno Kreta.<\/h1>\n<p>Die Gegend um <strong>Patsos<\/strong> wird von vielen als <strong>Paradies f\u00fcr Wanderer<\/strong> angesehen und dies gilt ebenso f\u00fcr Besucher, <strong>die Naturliebhaber<\/strong> sind oder <strong>historisch&nbsp;<\/strong> und <strong>arch\u00e4ologische &nbsp;<\/strong>Interessen haben. Es gibt viele M\u00f6glichkeiten f\u00fcr <strong>Outdoor-Aktivit\u00e4ten erfreuen.<\/strong> wie Wandern, Wandern, Radfahren und Klettern ... Spazieren Sie durch die sch\u00f6nen Wanderwege, entdecken Sie die nat\u00fcrliche Sch\u00f6nheit und das reiche kulturelle Erbe. Ein Meer an Farben, Kl\u00e4ngen und D\u00fcften stimuliert alle Sinne.<span id=\"more-1525\"><\/span><\/p>\n<p>&nbsp;<\/p>\n<p><img loading=\"lazy\" decoding=\"async\" class=\"alignnone wp-image-2496 size-full\" src=\"https:\/\/patsosescape.com\/wp-content\/uploads\/2021\/04\/hiking-Agios-Antonios-gorge-Rethymno-Crete-2-w1080.jpg\" alt=\"\" width=\"1080\" height=\"486\" srcset=\"https:\/\/patsosescape.com\/wp-content\/uploads\/2021\/04\/hiking-Agios-Antonios-gorge-Rethymno-Crete-2-w1080.jpg 1080w, https:\/\/patsosescape.com\/wp-content\/uploads\/2021\/04\/hiking-Agios-Antonios-gorge-Rethymno-Crete-2-w1080-300x135.jpg 300w, https:\/\/patsosescape.com\/wp-content\/uploads\/2021\/04\/hiking-Agios-Antonios-gorge-Rethymno-Crete-2-w1080-1024x461.jpg 1024w, https:\/\/patsosescape.com\/wp-content\/uploads\/2021\/04\/hiking-Agios-Antonios-gorge-Rethymno-Crete-2-w1080-768x346.jpg 768w, https:\/\/patsosescape.com\/wp-content\/uploads\/2021\/04\/hiking-Agios-Antonios-gorge-Rethymno-Crete-2-w1080-16x7.jpg 16w, https:\/\/patsosescape.com\/wp-content\/uploads\/2021\/04\/hiking-Agios-Antonios-gorge-Rethymno-Crete-2-w1080-940x423.jpg 940w, https:\/\/patsosescape.com\/wp-content\/uploads\/2021\/04\/hiking-Agios-Antonios-gorge-Rethymno-Crete-2-w1080-620x279.jpg 620w, https:\/\/patsosescape.com\/wp-content\/uploads\/2021\/04\/hiking-Agios-Antonios-gorge-Rethymno-Crete-2-w1080-195x88.jpg 195w\" sizes=\"auto, (max-width: 1080px) 100vw, 1080px\" \/><\/p>\n<p>Kraftvolle Kontraste von Gr\u00fcn, Gelb und Rot bilden w\u00e4hrend Ihrer Spazierg\u00e4nge einen magischen Farbteppich vor Ihren Augen. Mit <strong>VASSILIS<\/strong> einem erfahrene. Ehemaligen Oberst der <strong>Griechische Spezialeinheiten<\/strong> mit gro\u00dfem Interesse am Wandern und Wissen \u00fcber die reiche lokale Geschichte,  k\u00f6nnen Sie Ihre Zeit in Patsos genie\u00dfen (Radwege, Klettern, Spazierg\u00e4nge auf historischen Wegen, Schluchten, H\u00f6hlen, arch\u00e4ologische St\u00e4tten, das Wasserland am Potami-See usw.).<\/p>\n<p>&nbsp;<\/p>\n<p>&nbsp;<\/p>\n<p><img loading=\"lazy\" decoding=\"async\" class=\"alignnone wp-image-2493 size-full\" src=\"https:\/\/patsosescape.com\/wp-content\/uploads\/2021\/04\/Amari-Rethymon-landscape-Crete-ecotourism-w1080.jpg\" alt=\"\" width=\"1080\" height=\"473\" srcset=\"https:\/\/patsosescape.com\/wp-content\/uploads\/2021\/04\/Amari-Rethymon-landscape-Crete-ecotourism-w1080.jpg 1080w, https:\/\/patsosescape.com\/wp-content\/uploads\/2021\/04\/Amari-Rethymon-landscape-Crete-ecotourism-w1080-300x131.jpg 300w, https:\/\/patsosescape.com\/wp-content\/uploads\/2021\/04\/Amari-Rethymon-landscape-Crete-ecotourism-w1080-1024x448.jpg 1024w, https:\/\/patsosescape.com\/wp-content\/uploads\/2021\/04\/Amari-Rethymon-landscape-Crete-ecotourism-w1080-768x336.jpg 768w, https:\/\/patsosescape.com\/wp-content\/uploads\/2021\/04\/Amari-Rethymon-landscape-Crete-ecotourism-w1080-16x7.jpg 16w, https:\/\/patsosescape.com\/wp-content\/uploads\/2021\/04\/Amari-Rethymon-landscape-Crete-ecotourism-w1080-940x412.jpg 940w, https:\/\/patsosescape.com\/wp-content\/uploads\/2021\/04\/Amari-Rethymon-landscape-Crete-ecotourism-w1080-620x272.jpg 620w, https:\/\/patsosescape.com\/wp-content\/uploads\/2021\/04\/Amari-Rethymon-landscape-Crete-ecotourism-w1080-195x85.jpg 195w\" sizes=\"auto, (max-width: 1080px) 100vw, 1080px\" \/><\/p>\n<p>&nbsp;<\/p>\n<p><img loading=\"lazy\" decoding=\"async\" class=\"alignnone wp-image-2499 size-full\" src=\"https:\/\/patsosescape.com\/wp-content\/uploads\/2021\/04\/Potamos-dam-lake-Rethymnon-Crete-w1080.jpg\" alt=\"\" width=\"1080\" height=\"486\" srcset=\"https:\/\/patsosescape.com\/wp-content\/uploads\/2021\/04\/Potamos-dam-lake-Rethymnon-Crete-w1080.jpg 1080w, https:\/\/patsosescape.com\/wp-content\/uploads\/2021\/04\/Potamos-dam-lake-Rethymnon-Crete-w1080-300x135.jpg 300w, https:\/\/patsosescape.com\/wp-content\/uploads\/2021\/04\/Potamos-dam-lake-Rethymnon-Crete-w1080-1024x461.jpg 1024w, https:\/\/patsosescape.com\/wp-content\/uploads\/2021\/04\/Potamos-dam-lake-Rethymnon-Crete-w1080-768x346.jpg 768w, https:\/\/patsosescape.com\/wp-content\/uploads\/2021\/04\/Potamos-dam-lake-Rethymnon-Crete-w1080-16x7.jpg 16w, https:\/\/patsosescape.com\/wp-content\/uploads\/2021\/04\/Potamos-dam-lake-Rethymnon-Crete-w1080-940x423.jpg 940w, https:\/\/patsosescape.com\/wp-content\/uploads\/2021\/04\/Potamos-dam-lake-Rethymnon-Crete-w1080-620x279.jpg 620w, https:\/\/patsosescape.com\/wp-content\/uploads\/2021\/04\/Potamos-dam-lake-Rethymnon-Crete-w1080-195x88.jpg 195w\" sizes=\"auto, (max-width: 1080px) 100vw, 1080px\" \/><\/p>\n<p>&nbsp;<\/p>\n<p><img loading=\"lazy\" decoding=\"async\" class=\"alignnone wp-image-2501 size-full\" src=\"https:\/\/patsosescape.com\/wp-content\/uploads\/2021\/04\/Agios-Antonios-gorge-Rethymno-Crete-2-w1080.jpg\" alt=\"\" width=\"1080\" height=\"486\" srcset=\"https:\/\/patsosescape.com\/wp-content\/uploads\/2021\/04\/Agios-Antonios-gorge-Rethymno-Crete-2-w1080.jpg 1080w, https:\/\/patsosescape.com\/wp-content\/uploads\/2021\/04\/Agios-Antonios-gorge-Rethymno-Crete-2-w1080-300x135.jpg 300w, https:\/\/patsosescape.com\/wp-content\/uploads\/2021\/04\/Agios-Antonios-gorge-Rethymno-Crete-2-w1080-1024x461.jpg 1024w, https:\/\/patsosescape.com\/wp-content\/uploads\/2021\/04\/Agios-Antonios-gorge-Rethymno-Crete-2-w1080-768x346.jpg 768w, https:\/\/patsosescape.com\/wp-content\/uploads\/2021\/04\/Agios-Antonios-gorge-Rethymno-Crete-2-w1080-16x7.jpg 16w, https:\/\/patsosescape.com\/wp-content\/uploads\/2021\/04\/Agios-Antonios-gorge-Rethymno-Crete-2-w1080-940x423.jpg 940w, https:\/\/patsosescape.com\/wp-content\/uploads\/2021\/04\/Agios-Antonios-gorge-Rethymno-Crete-2-w1080-620x279.jpg 620w, https:\/\/patsosescape.com\/wp-content\/uploads\/2021\/04\/Agios-Antonios-gorge-Rethymno-Crete-2-w1080-195x88.jpg 195w\" sizes=\"auto, (max-width: 1080px) 100vw, 1080px\" \/><\/p>\n<p>&nbsp;<\/p>\n<p><a title=\"Outdoor-Aktivit\u00e4ten und Erlebnistouren f\u00fcr Patsos, Rethymno CRETE\" href=\"https:\/\/patsosescape.com\/wp-content\/uploads\/2021\/04\/00-tour-guide-patsos-rethymno-crete.pdf\"><strong>KLICKEN Sie hier (oder auf das Bild unten), um unsere Outdoor-Aktivit\u00e4ten und Erlebnistouren f\u00fcr Patsos, Rethymno CRETE, herunterzuladen<\/strong><\/a><\/p>\n<p><a title=\"Outdoor-Aktivit\u00e4ten und Erlebnistouren f\u00fcr Patsos, Rethymno CRETE\" href=\"https:\/\/patsosescape.com\/wp-content\/uploads\/2021\/04\/00-tour-guide-patsos-rethymno-crete.pdf\" target=\"_blank\" rel=\"noopener\"><img loading=\"lazy\" decoding=\"async\" class=\"wp-image-2651 size-full aligncenter\" src=\"https:\/\/patsosescape.com\/wp-content\/uploads\/2021\/04\/00-tour-guide-patsos-rethymno-crete.jpg\" alt=\"\" width=\"561\" height=\"749\" srcset=\"https:\/\/patsosescape.com\/wp-content\/uploads\/2021\/04\/00-tour-guide-patsos-rethymno-crete.jpg 561w, https:\/\/patsosescape.com\/wp-content\/uploads\/2021\/04\/00-tour-guide-patsos-rethymno-crete-225x300.jpg 225w, https:\/\/patsosescape.com\/wp-content\/uploads\/2021\/04\/00-tour-guide-patsos-rethymno-crete-9x12.jpg 9w, https:\/\/patsosescape.com\/wp-content\/uploads\/2021\/04\/00-tour-guide-patsos-rethymno-crete-146x195.jpg 146w\" sizes=\"auto, (max-width: 561px) 100vw, 561px\" \/><\/a><\/p>","protected":false},"excerpt":{"rendered":"<p>Outdoor-Aktivit\u00e4ten in Patsos - Rethymno Kreta. Die Gegend um Patsos wird von vielen als Paradies f\u00fcr Wanderer und Besucher angesehen, die Naturliebhaber sind und historische und arch\u00e4ologische Interessen haben. Es gibt viele M\u00f6glichkeiten f\u00fcr Outdoor-Aktivit\u00e4ten wie Wandern, Wandern, Radfahren und Klettern. Spazieren Sie durch die sch\u00f6nen Wanderwege, entdecken Sie die nat\u00fcrliche Sch\u00f6nheit und das reiche kulturelle Erbe. Eine gro\u00dfe Auswahl an Farben, Kl\u00e4ngen und D\u00fcften stimuliert alle Sinne. Kraftvolle Kontraste von Gr\u00fcn, Gelb und Rot bilden einen Zauberteppich aus Farben in\u2026 <a class=\"read-more-link\" href=\"https:\/\/patsosescape.com\/de\/outdoor-activities-in-patsos\/\">Weiterlesen<\/a><\/p>","protected":false},"author":2,"featured_media":0,"parent":0,"menu_order":0,"comment_status":"closed","ping_status":"closed","template":"","meta":{"ngg_post_thumbnail":0,"_glsr_average":0,"_glsr_ranking":0,"_glsr_reviews":0,"footnotes":""},"class_list":["post-2791","page","type-page","status-publish","hentry"],"aioseo_notices":[],"_links":{"self":[{"href":"https:\/\/patsosescape.com\/de\/wp-json\/wp\/v2\/pages\/2791","targetHints":{"allow":["GET"]}}],"collection":[{"href":"https:\/\/patsosescape.com\/de\/wp-json\/wp\/v2\/pages"}],"about":[{"href":"https:\/\/patsosescape.com\/de\/wp-json\/wp\/v2\/types\/page"}],"author":[{"embeddable":true,"href":"https:\/\/patsosescape.com\/de\/wp-json\/wp\/v2\/users\/2"}],"replies":[{"embeddable":true,"href":"https:\/\/patsosescape.com\/de\/wp-json\/wp\/v2\/comments?post=2791"}],"version-history":[{"count":0,"href":"https:\/\/patsosescape.com\/de\/wp-json\/wp\/v2\/pages\/2791\/revisions"}],"wp:attachment":[{"href":"https:\/\/patsosescape.com\/de\/wp-json\/wp\/v2\/media?parent=2791"}],"curies":[{"name":"wp","href":"https:\/\/api.w.org\/{rel}","templated":true}]}}