{"id":744,"date":"2015-02-26T00:55:19","date_gmt":"2015-02-12T22:12:29","guid":{"rendered":"http:\/\/patsosescape.com\/newsite\/?page_id=744"},"modified":"2021-04-27T23:39:52","modified_gmt":"2021-04-27T20:39:52","slug":"about-the-area","status":"publish","type":"page","link":"https:\/\/patsosescape.com\/de\/about-the-area\/","title":{"rendered":"Die Geschichte von Patsos"},"content":{"rendered":"<div class=\"themeblvd-video-wrapper\">\n<div class=\"video-inner\"><iframe loading=\"lazy\" title=\"Die Geschichte von Patsos\" width=\"940\" height=\"705\" src=\"https:\/\/www.youtube.com\/embed\/1_-Xfw4dSaE?feature=oembed&#038;wmode=transparent\" frameborder=\"0\" allow=\"accelerometer; autoplay; clipboard-write; encrypted-media; gyroscope; picture-in-picture\" allowfullscreen><\/iframe><\/div>\n<\/div>\n<h1>&nbsp;<\/h1>\n<h1>\u00dcber das Gebiet von Patsos - GESCHICHTE VON PATSOS (AMARI) RETHYMNON<\/h1>\n<p>&nbsp;<\/p>\n<p>Die echte Seite Kretas gedeiht weiterhin auf den Gipfeln der Berge und ihrer wundersch\u00f6nen wilden Natur. An Orten, an denen nur die Einfachheit und der Luxus der Natur vorherrschen, findet man das authentische und traditionelle Kreta.<\/p>\n<p><strong>Patsos<\/strong> ist einer der Orte, an denen Sie diese Landschaft genie\u00dfen k\u00f6nnen. Patsos bietet seinen G\u00e4sten Landschaften von reicher Natursch\u00f6nheit, einzigartigen historischen und kulturellen Attraktionen, ein ausgezeichnetes Lokal <strong><a title=\"Taverne\" href=\"https:\/\/patsosescape.com\/de\/taverna\/\">traditionelle kretische K\u00fcche<\/a><\/strong> und vor allem die ber\u00fchmte Gastfreundschaft seiner Leute. Es liegt 20 km s\u00fcdlich von <a title=\"Rethymno\" href=\"https:\/\/www.rethymno.gr\/\" target=\"_blank\" rel=\"noopener\"><strong>Rethymnon<\/strong> <\/a>auf einer H\u00f6he von 490 m, am Fu\u00dfe des Berges <strong>Soros<\/strong>.<\/p>\n<p>Patsos ist ein kleines gr\u00fcnes Dorf in der ehemaligen Provinz <strong>Amari<\/strong>. Jetzt ist es ein Bezirk der Gemeinde Amari. Um ihn herum liegen die D\u00f6rfer <strong>Karines<\/strong>, <strong>Pantanassa<\/strong> und <strong>Gerakari<\/strong>. Wenn Sie nach Patsos kommen, haben Sie den Eindruck, dass Sie eine friedliche, andere Welt betreten. Hier dominieren die Ger\u00fcche von Natur und Blumen und die Ger\u00e4usche von singenden V\u00f6geln und flie\u00dfendem Wasser. Das Dorf hat eine reiche Vegetation. Es produziert alle Arten von qualitativ hochwertigen Lebensmitteln wie Oliven\u00f6l, Waln\u00fcsse, Kirschen und viele verschiedene Fr\u00fcchte. Diese Vegetation und Ernte wird von den vielen Quellen bew\u00e4ssert, die das ganze Jahr \u00fcber durch das Dorf flie\u00dfen.<\/p>\n<p>Wir wissen nicht, wann das Dorf gegr\u00fcndet wurde. Es ist jedoch bekannt, dass es in der Gegend Siedlungen aus der fr\u00fchen minoischen Zeit oder fr\u00fcher gab, wie die Funde in der nahe gelegenen H\u00f6hle in der Region belegen <strong>Agios Antonios Schlucht<\/strong>, bekannt als <strong>Kranaios H\u00f6hle<\/strong>.<\/p>\n<p>Das Dorf in Barozzi soll 1577 110 Einwohner haben. Bei der Volksz\u00e4hlung von 1881 soll es der Gemeinde Merona angeh\u00f6ren und 301 Einwohner haben (14 Griechen und 287 T\u00fcrken). 1920 wurde Patsos als Verwaltungsmitglied der Pantanassa-Gemeinde eingestuft, und 1940 wurde es offiziell zu einer eigenen Verwaltungsgemeinschaft.<\/p>\n<p>Am Rande des Dorfes liegt die zerst\u00f6rte Kirche der Jungfrau Maria, die einst eine Kathedrale war.<\/p>\n<p>N\u00f6rdlich des Dorfes liegt das <strong>H\u00f6hle von Kranaios Ermis<\/strong>, in dem <a title=\"Wandern zur Schlucht von Patsos\" href=\"https:\/\/patsosescape.com\/de\/hiking-to-the-gorge-of-patsos\/\"><strong>Schlucht von Agios Antonios<\/strong><\/a>. Diese H\u00f6hle war der Verehrung von gewidmet <strong>Hermes<\/strong>, wie aus der Widmungsinschrift \u201e\u0395\u03c1\u03bc\u03ae \u039a\u03c1\u03b1\u03bd\u03b1\u03af\u03c9, \u0394\u03ce\u03c1\u03bf\u03c2 \u03a3\u03c4\u03b5\u03c6\u03ac\u03bd\u03c9 \u03b5\u03c5\u03c7\u03ae\u03bd\u201c hervorgeht (zu Hermes, dem Gott der Quellen, bete ich, indem ich diesen Kranz als Geschenk platziere).<\/p>\n<p>Die ersten Ausgrabungen in der H\u00f6hle begannen in <strong>1885-6 von F. Halbherr<\/strong>, an der Stelle, wo jetzt die liegt<strong> Kirche von Agios Antonios<\/strong>. Die meisten Befunde waren anthropomorphe und zoomorphe Figuren, die sich jetzt am befinden <strong>Museum von Heraklion<\/strong>. Die Ausgrabungen zeigten, dass die <strong>Minoer<\/strong> hielt Rituale haupts\u00e4chlich in Felsunterk\u00fcnften ab und fand Tierknochen, die auf dem Scheiterhaufen standen, sowie Vasen und Figuren.<\/p>\n<p>Bei den gleichen Ausgrabungen wurde auch eine Statue des mythischen Gottes Pan gefunden. Heute hat die Forstschutzdirektion diesen Raum so gestaltet, dass er f\u00fcr Besucher zug\u00e4nglicher und angenehmer ist und den Gottesdienst f\u00fcr die Besucher erleichtert <strong>Kapelle von Agios Antonios<\/strong>, die in die Felsen der Schlucht geschnitzt ist. Besucher k\u00f6nnen den Schatten der alten Platanen und der Felsunterst\u00e4nde sowie das ruhige Flusswasser genie\u00dfen, das durch die Schlucht flie\u00dft, um am zu landen <strong>Potamoi Dam<\/strong>. Sie k\u00f6nnen auch dem angelegten Weg folgen, der von der H\u00f6hle zum Damm f\u00fchrt.<\/p>\n<p>Die <a title=\"Wandern zur Schlucht von Patsos\" href=\"https:\/\/patsosescape.com\/de\/hiking-to-the-gorge-of-patsos\/\"><strong>Schlucht von Patsos<\/strong><\/a> liegt etwa 2 km s\u00fcdlich des Dorfes Patsos. Es ist eine gute Wahl f\u00fcr Naturliebhaber und dar\u00fcber hinaus. Es ist wie ein kleiner botanischer Garten. Das \u00dcberqueren der Schlucht dauert ungef\u00e4hr zwei Stunden, ist relativ einfach und kann fast das ganze Jahr \u00fcber durchgef\u00fchrt werden. Die Besucher werden von den vielen Quellen beeindruckt sein, die dazu beitragen, dass die reiche Vegetation das ganze Jahr \u00fcber gedeiht.<\/p>\n<div id=\"attachment_479\" style=\"width: 1570px\" class=\"wp-caption aligncenter\"><a href=\"https:\/\/patsosescape.com\/newsite\/wp-content\/uploads\/2015\/02\/Patsos2.jpg\"><img loading=\"lazy\" decoding=\"async\" aria-describedby=\"caption-attachment-479\" class=\"wp-image-479 size-full\" src=\"https:\/\/patsosescape.com\/newsite\/wp-content\/uploads\/2015\/02\/Patsos2.jpg\" alt=\"Patsos ist ein kleines gr\u00fcnes Dorf in der ehemaligen Provinz Amari. Jetzt ist es ein Stadtbezirk der Gemeinde Amari. Die D\u00f6rfer Karines Pandanassa und Gerakari befinden sich um ihn herum.\" width=\"1560\" height=\"600\" srcset=\"https:\/\/patsosescape.com\/wp-content\/uploads\/2015\/02\/Patsos2.jpg 1560w, https:\/\/patsosescape.com\/wp-content\/uploads\/2015\/02\/Patsos2-300x115.jpg 300w, https:\/\/patsosescape.com\/wp-content\/uploads\/2015\/02\/Patsos2-1024x394.jpg 1024w, https:\/\/patsosescape.com\/wp-content\/uploads\/2015\/02\/Patsos2-940x362.jpg 940w, https:\/\/patsosescape.com\/wp-content\/uploads\/2015\/02\/Patsos2-620x238.jpg 620w, https:\/\/patsosescape.com\/wp-content\/uploads\/2015\/02\/Patsos2-195x75.jpg 195w\" sizes=\"auto, (max-width: 1560px) 100vw, 1560px\" \/><\/a><p id=\"caption-attachment-479\" class=\"wp-caption-text\">Patsos ist ein kleines gr\u00fcnes Dorf in der ehemaligen Provinz Amari. Jetzt ist es ein Stadtbezirk der Gemeinde Amari. Die D\u00f6rfer Karines Pandanassa und Gerakari befinden sich um ihn herum.<\/p><\/div>","protected":false},"excerpt":{"rendered":"<p>&nbsp; About the area of Patsos &#8211; HISTORY OF PATSOS (AMARI) RETHYMNON &nbsp; The genuine side of Crete continues to thrive at the tops of mountains and their beautiful wild nature. In those places where only the simplicity and luxury of nature prevails, one can find the authentic and traditional Crete. Patsos is one of the places where you can enjoy this scenery. Patsos offers its guests landscapes of rich natural beauty, unique historical and cultural attractions, an excellent local traditional Cretan cuisine and above all, the famous hospitality of&hellip; <a class=\"read-more-link\" href=\"https:\/\/patsosescape.com\/de\/about-the-area\/\">Weiterlesen<\/a><\/p>","protected":false},"author":3,"featured_media":0,"parent":0,"menu_order":2,"comment_status":"closed","ping_status":"closed","template":"","meta":{"ngg_post_thumbnail":0,"_glsr_average":0,"_glsr_ranking":0,"_glsr_reviews":0,"footnotes":""},"class_list":["post-744","page","type-page","status-publish","hentry"],"aioseo_notices":[],"_links":{"self":[{"href":"https:\/\/patsosescape.com\/de\/wp-json\/wp\/v2\/pages\/744","targetHints":{"allow":["GET"]}}],"collection":[{"href":"https:\/\/patsosescape.com\/de\/wp-json\/wp\/v2\/pages"}],"about":[{"href":"https:\/\/patsosescape.com\/de\/wp-json\/wp\/v2\/types\/page"}],"author":[{"embeddable":true,"href":"https:\/\/patsosescape.com\/de\/wp-json\/wp\/v2\/users\/3"}],"replies":[{"embeddable":true,"href":"https:\/\/patsosescape.com\/de\/wp-json\/wp\/v2\/comments?post=744"}],"version-history":[{"count":0,"href":"https:\/\/patsosescape.com\/de\/wp-json\/wp\/v2\/pages\/744\/revisions"}],"wp:attachment":[{"href":"https:\/\/patsosescape.com\/de\/wp-json\/wp\/v2\/media?parent=744"}],"curies":[{"name":"wp","href":"https:\/\/api.w.org\/{rel}","templated":true}]}}