{"id":767,"date":"2015-02-26T01:17:38","date_gmt":"2015-02-12T22:41:44","guid":{"rendered":"http:\/\/patsosescape.com\/newsite\/?page_id=767"},"modified":"2017-10-27T23:36:34","modified_gmt":"2017-10-27T20:36:34","slug":"cultural-heritage","status":"publish","type":"page","link":"https:\/\/patsosescape.com\/de\/cultural-heritage\/","title":{"rendered":"Kulturelles Erbe"},"content":{"rendered":"<p><strong>Kulturelles Erbe (Folklore-Sammlung)<\/strong><\/p>\n<p>In dem <a title=\"Kaffeehaus\" href=\"https:\/\/patsosescape.com\/de\/newsite\/coffeehouse\/\" target=\"_blank\" rel=\"noopener\">Kaffeehaus<\/a>Sie haben die M\u00f6glichkeit, einige traditionelle Haushalts- und landwirtschaftliche Werkzeuge zu sehen, die unsere Vorfahren uns hinterlassen haben. Sie lehren den unbezwingbaren \u00dcberlebenswillen sowie eine Inspiration f\u00fcr neue Kreationen, aber auch, dass heute und gestern nichts mit Luftbr\u00fccken zu tun hat. Es gibt eine Kontinuit\u00e4t. Sie haben auch p\u00e4dagogischen Wert als erworbenes Wissen - die Grundlage f\u00fcr neue spirituelle Erfahrungen und Kreationen. Schlie\u00dflich sind sie ein unsch\u00e4tzbarer spiritueller Schatz.<\/p>\n<p>&nbsp;<\/p>\n<p style=\"text-align: left;\"><strong>\u00d6LLAMPE<\/strong><\/p>\n<div id=\"attachment_645\" style=\"width: 359px\" class=\"wp-caption alignnone\"><a href=\"https:\/\/patsosescape.com\/newsite\/wp-content\/uploads\/2015\/02\/15.jpg\"><img loading=\"lazy\" decoding=\"async\" aria-describedby=\"caption-attachment-645\" class=\"wp-image-645 size-full\" src=\"https:\/\/patsosescape.com\/newsite\/wp-content\/uploads\/2015\/02\/15.jpg\" alt=\"\u00d6LLAMPE\" width=\"349\" height=\"450\" srcset=\"https:\/\/patsosescape.com\/wp-content\/uploads\/2015\/02\/15.jpg 349w, https:\/\/patsosescape.com\/wp-content\/uploads\/2015\/02\/15-233x300.jpg 233w, https:\/\/patsosescape.com\/wp-content\/uploads\/2015\/02\/15-151x195.jpg 151w\" sizes=\"auto, (max-width: 349px) 100vw, 349px\" \/><\/a><p id=\"caption-attachment-645\" class=\"wp-caption-text\">Eine Lampe, die mit \u00d6l und Baumwolle arbeitet.<\/p><\/div>\n<p><strong>FR\u00dcHLINGSGLEICHGEWICHT<\/strong><\/p>\n<div id=\"attachment_646\" style=\"width: 346px\" class=\"wp-caption alignnone\"><a href=\"https:\/\/patsosescape.com\/newsite\/wp-content\/uploads\/2015\/02\/25.jpg\"><img loading=\"lazy\" decoding=\"async\" aria-describedby=\"caption-attachment-646\" class=\"wp-image-646 size-full\" src=\"https:\/\/patsosescape.com\/newsite\/wp-content\/uploads\/2015\/02\/25.jpg\" alt=\"FR\u00dcHLINGSGLEICHGEWICHT\" width=\"336\" height=\"450\" srcset=\"https:\/\/patsosescape.com\/wp-content\/uploads\/2015\/02\/25.jpg 336w, https:\/\/patsosescape.com\/wp-content\/uploads\/2015\/02\/25-224x300.jpg 224w, https:\/\/patsosescape.com\/wp-content\/uploads\/2015\/02\/25-146x195.jpg 146w\" sizes=\"auto, (max-width: 336px) 100vw, 336px\" \/><\/a><p id=\"caption-attachment-646\" class=\"wp-caption-text\">Instrument, das das Gewicht eines K\u00f6rpers misst.<\/p><\/div>\n<p><strong>VOLOSYROS<\/strong><\/p>\n<div id=\"attachment_647\" style=\"width: 460px\" class=\"wp-caption alignnone\"><a href=\"https:\/\/patsosescape.com\/newsite\/wp-content\/uploads\/2015\/02\/35.jpg\"><img loading=\"lazy\" decoding=\"async\" aria-describedby=\"caption-attachment-647\" class=\"wp-image-647 size-full\" src=\"https:\/\/patsosescape.com\/newsite\/wp-content\/uploads\/2015\/02\/35.jpg\" alt=\"VOLOSYROS\" width=\"450\" height=\"336\" srcset=\"https:\/\/patsosescape.com\/wp-content\/uploads\/2015\/02\/35.jpg 450w, https:\/\/patsosescape.com\/wp-content\/uploads\/2015\/02\/35-300x224.jpg 300w, https:\/\/patsosescape.com\/wp-content\/uploads\/2015\/02\/35-195x146.jpg 195w\" sizes=\"auto, (max-width: 450px) 100vw, 450px\" \/><\/a><p id=\"caption-attachment-647\" class=\"wp-caption-text\">Es war ein zersplittertes Holz, l\u00e4nglich, das Metallklingen platziert hatte, um die Maserung in St\u00fccke zu zerbrechen. Das abgebrochene Holz verband sich mit den Zygos und zog die Tiere rund um den Dreschplatz, um die Saat von der Spreu zu trennen.<\/p><\/div>\n<p><strong>\u03a4\u0397R\u0399\u039d\u0391\u039a\u0399<\/strong><\/p>\n<div id=\"attachment_648\" style=\"width: 1034px\" class=\"wp-caption alignnone\"><a href=\"https:\/\/patsosescape.com\/newsite\/wp-content\/uploads\/2015\/02\/43.jpg\"><img loading=\"lazy\" decoding=\"async\" aria-describedby=\"caption-attachment-648\" class=\"wp-image-648 size-full\" src=\"https:\/\/patsosescape.com\/newsite\/wp-content\/uploads\/2015\/02\/43.jpg\" alt=\"\u03a4\u0397R\u0399\u039d\u0391\u039a\u0399\" width=\"1024\" height=\"765\" srcset=\"https:\/\/patsosescape.com\/wp-content\/uploads\/2015\/02\/43.jpg 1024w, https:\/\/patsosescape.com\/wp-content\/uploads\/2015\/02\/43-300x224.jpg 300w, https:\/\/patsosescape.com\/wp-content\/uploads\/2015\/02\/43-940x702.jpg 940w, https:\/\/patsosescape.com\/wp-content\/uploads\/2015\/02\/43-620x463.jpg 620w, https:\/\/patsosescape.com\/wp-content\/uploads\/2015\/02\/43-195x146.jpg 195w\" sizes=\"auto, (max-width: 1024px) 100vw, 1024px\" \/><\/a><p id=\"caption-attachment-648\" class=\"wp-caption-text\">Spezielle Schaufel mit Holzz\u00e4hnen, um einen Teil des Ohrs zu sammeln, der auf dem Dreschplatz ausgebreitet war, aber nicht den Boden des Dreschbodens zu zerst\u00f6ren, der auf Erdniveau war, um aus diesem Korn zu sammeln.<\/p><\/div>\n<p><strong>TSOUKOS<\/strong><\/p>\n<div id=\"attachment_649\" style=\"width: 296px\" class=\"wp-caption alignnone\"><a href=\"https:\/\/patsosescape.com\/newsite\/wp-content\/uploads\/2015\/02\/5.jpg\"><img loading=\"lazy\" decoding=\"async\" aria-describedby=\"caption-attachment-649\" class=\"wp-image-649 size-full\" src=\"https:\/\/patsosescape.com\/newsite\/wp-content\/uploads\/2015\/02\/5.jpg\" alt=\"TSOUKOS\" width=\"286\" height=\"369\" srcset=\"https:\/\/patsosescape.com\/wp-content\/uploads\/2015\/02\/5.jpg 286w, https:\/\/patsosescape.com\/wp-content\/uploads\/2015\/02\/5-233x300.jpg 233w, https:\/\/patsosescape.com\/wp-content\/uploads\/2015\/02\/5-151x195.jpg 151w\" sizes=\"auto, (max-width: 286px) 100vw, 286px\" \/><\/a><p id=\"caption-attachment-649\" class=\"wp-caption-text\">Der Tsoukos war das Produkt einer Pflanze, die derzeit als Dekorationsmittel verwendet wird. Zuvor wurde ein Loch gebohrt, gereinigte Sporen hatten die Pflanze zu zerstreuen und zu vermehren. Wird f\u00fcr Wein oder Raki verwendet. Es gibt verschiedene Gr\u00f6\u00dfen.<\/p><\/div>\n<p><strong>SICHEL<\/strong><\/p>\n<div id=\"attachment_650\" style=\"width: 346px\" class=\"wp-caption alignnone\"><a href=\"https:\/\/patsosescape.com\/newsite\/wp-content\/uploads\/2015\/02\/6.jpg\"><img loading=\"lazy\" decoding=\"async\" aria-describedby=\"caption-attachment-650\" class=\"wp-image-650 size-full\" src=\"https:\/\/patsosescape.com\/newsite\/wp-content\/uploads\/2015\/02\/6.jpg\" alt=\"SICHEL\" width=\"336\" height=\"450\" srcset=\"https:\/\/patsosescape.com\/wp-content\/uploads\/2015\/02\/6.jpg 336w, https:\/\/patsosescape.com\/wp-content\/uploads\/2015\/02\/6-224x300.jpg 224w, https:\/\/patsosescape.com\/wp-content\/uploads\/2015\/02\/6-146x195.jpg 146w\" sizes=\"auto, (max-width: 336px) 100vw, 336px\" \/><\/a><p id=\"caption-attachment-650\" class=\"wp-caption-text\">Ist ein landwirtschaftliches Werkzeug zur Ernte von Getreide und Gras, das seit der Antike erfunden wurde.<\/p><\/div>\n<p><strong>FLACHEISEN<\/strong><\/p>\n<div id=\"attachment_652\" style=\"width: 346px\" class=\"wp-caption alignnone\"><a href=\"https:\/\/patsosescape.com\/newsite\/wp-content\/uploads\/2015\/02\/7.jpg\"><img loading=\"lazy\" decoding=\"async\" aria-describedby=\"caption-attachment-652\" class=\"wp-image-652 size-full\" src=\"https:\/\/patsosescape.com\/newsite\/wp-content\/uploads\/2015\/02\/7.jpg\" alt=\"FLACHEISEN\" width=\"336\" height=\"450\" srcset=\"https:\/\/patsosescape.com\/wp-content\/uploads\/2015\/02\/7.jpg 336w, https:\/\/patsosescape.com\/wp-content\/uploads\/2015\/02\/7-224x300.jpg 224w, https:\/\/patsosescape.com\/wp-content\/uploads\/2015\/02\/7-146x195.jpg 146w\" sizes=\"auto, (max-width: 336px) 100vw, 336px\" \/><\/a><p id=\"caption-attachment-652\" class=\"wp-caption-text\">Alte Eisenkleider bestanden aus dickem Metall. Der Griff wurde aus Holz gefertigt, um Ihre H\u00e4nde, die Sie benutzt haben, nicht zu verbrennen. Es wurde in zwei Teile geteilt. Der Boden war konkav, wo sie durch die Kohlen eintraten, und der obere Teil war d\u00fcnn und diente als Kappe zum Schlie\u00dfen des Eisens. Der Sauerstoff drang durch die im Eisen vorhandenen L\u00f6cher.<\/p><\/div>\n<p><strong>HANDM\u00dcHLE<\/strong><\/p>\n<div id=\"attachment_653\" style=\"width: 346px\" class=\"wp-caption alignnone\"><a href=\"https:\/\/patsosescape.com\/newsite\/wp-content\/uploads\/2015\/02\/8.jpg\"><img loading=\"lazy\" decoding=\"async\" aria-describedby=\"caption-attachment-653\" class=\"wp-image-653 size-full\" src=\"https:\/\/patsosescape.com\/newsite\/wp-content\/uploads\/2015\/02\/8.jpg\" alt=\"HANDM\u00dcHLE\" width=\"336\" height=\"450\" srcset=\"https:\/\/patsosescape.com\/wp-content\/uploads\/2015\/02\/8.jpg 336w, https:\/\/patsosescape.com\/wp-content\/uploads\/2015\/02\/8-224x300.jpg 224w, https:\/\/patsosescape.com\/wp-content\/uploads\/2015\/02\/8-146x195.jpg 146w\" sizes=\"auto, (max-width: 336px) 100vw, 336px\" \/><\/a><p id=\"caption-attachment-653\" class=\"wp-caption-text\">Die rotierende Handm\u00fchle war die erste aller Getreidem\u00fchlen, aber wir haben keine klaren Informationen \u00fcber ihre Chronologie. Der Prozess des Schleifens in einer Handm\u00fchle, die zwischen einem Paar runder Flamillsteine mahlt. Die ganze Bewegung wurde wiederholt, wobei der Bediener mit einem Armhandgelenk durch eine schmale \u00d6ffnung im oberen Stein warf und mit der anderen Hand kreisf\u00f6rmig eine andere mittels eines vertikalen Holzgriffs winkte, der dort gebaut wurde. Diese beiden Oberfl\u00e4chen lassen das Korn immer wieder passieren, bis es schlie\u00dflich zum endg\u00fcltigen Produkt wird.<\/p><\/div>\n<p><strong>RADIO<\/strong><\/p>\n<div id=\"attachment_654\" style=\"width: 346px\" class=\"wp-caption alignnone\"><a href=\"https:\/\/patsosescape.com\/newsite\/wp-content\/uploads\/2015\/02\/9.jpg\"><img loading=\"lazy\" decoding=\"async\" aria-describedby=\"caption-attachment-654\" class=\"wp-image-654 size-full\" src=\"https:\/\/patsosescape.com\/newsite\/wp-content\/uploads\/2015\/02\/9.jpg\" alt=\"RADIO\" width=\"336\" height=\"450\" srcset=\"https:\/\/patsosescape.com\/wp-content\/uploads\/2015\/02\/9.jpg 336w, https:\/\/patsosescape.com\/wp-content\/uploads\/2015\/02\/9-224x300.jpg 224w, https:\/\/patsosescape.com\/wp-content\/uploads\/2015\/02\/9-146x195.jpg 146w\" sizes=\"auto, (max-width: 336px) 100vw, 336px\" \/><\/a><p id=\"caption-attachment-654\" class=\"wp-caption-text\">Dies ist ein Radio mit gro\u00dfem sentimentalen und historischen Wert. Es war das einzige im Dorf. Versammelt sich hier, um Kaffee zu trinken, Karten (Prefa) zu spielen und die Nachrichten zu h\u00f6ren.<\/p><\/div>\n<p><strong>GRANATWERFER<\/strong><\/p>\n<div id=\"attachment_655\" style=\"width: 210px\" class=\"wp-caption alignnone\"><a href=\"https:\/\/patsosescape.com\/newsite\/wp-content\/uploads\/2015\/02\/10.jpg\"><img loading=\"lazy\" decoding=\"async\" aria-describedby=\"caption-attachment-655\" class=\"wp-image-655\" src=\"https:\/\/patsosescape.com\/newsite\/wp-content\/uploads\/2015\/02\/10.jpg\" alt=\"GRANATWERFER\" width=\"200\" height=\"373\"><\/a><p id=\"caption-attachment-655\" class=\"wp-caption-text\">Der M\u00f6rtel ist ein Kochgeschirr, das zus\u00e4tzlich zum M\u00f6rtel oder auf andere Weise Maul zum Zerkleinern, Mahlen und Aufschl\u00e4mmen von Feststoffen verwendet wird.<\/p><\/div>\n<p><strong>SIEB<\/strong><\/p>\n<div id=\"attachment_656\" style=\"width: 158px\" class=\"wp-caption alignnone\"><a href=\"https:\/\/patsosescape.com\/newsite\/wp-content\/uploads\/2015\/02\/111.jpg\"><img loading=\"lazy\" decoding=\"async\" aria-describedby=\"caption-attachment-656\" class=\"wp-image-656 size-full\" src=\"https:\/\/patsosescape.com\/newsite\/wp-content\/uploads\/2015\/02\/111.jpg\" alt=\"SIEB\" width=\"148\" height=\"149\" srcset=\"https:\/\/patsosescape.com\/wp-content\/uploads\/2015\/02\/111.jpg 148w, https:\/\/patsosescape.com\/wp-content\/uploads\/2015\/02\/111-130x130.jpg 130w, https:\/\/patsosescape.com\/wp-content\/uploads\/2015\/02\/111-70x70.jpg 70w, https:\/\/patsosescape.com\/wp-content\/uploads\/2015\/02\/111-45x45.jpg 45w\" sizes=\"auto, (max-width: 148px) 100vw, 148px\" \/><\/a><p id=\"caption-attachment-656\" class=\"wp-caption-text\">Rundes Utensil mit einem Holzrahmen und normalerweise flachem perforiertem Metallboden, der ein Material in k\u00f6rnigen oder pulverf\u00f6rmigen Fremdk\u00f6rpern oder gr\u00f6\u00dfer als normales Korn h\u00e4lt.<\/p><\/div>\n<p><strong>VOURGIALI<\/strong><\/p>\n<div id=\"attachment_659\" style=\"width: 630px\" class=\"wp-caption alignnone\"><a href=\"https:\/\/patsosescape.com\/newsite\/wp-content\/uploads\/2015\/02\/121.jpg\"><img loading=\"lazy\" decoding=\"async\" aria-describedby=\"caption-attachment-659\" class=\"wp-image-659 size-tb_medium\" src=\"https:\/\/patsosescape.com\/newsite\/wp-content\/uploads\/2015\/02\/121-620x463.jpg\" alt=\"VOURGIALI\" width=\"620\" height=\"463\" srcset=\"https:\/\/patsosescape.com\/wp-content\/uploads\/2015\/02\/121-620x463.jpg 620w, https:\/\/patsosescape.com\/wp-content\/uploads\/2015\/02\/121-300x224.jpg 300w, https:\/\/patsosescape.com\/wp-content\/uploads\/2015\/02\/121-1024x765.jpg 1024w, https:\/\/patsosescape.com\/wp-content\/uploads\/2015\/02\/121-940x702.jpg 940w, https:\/\/patsosescape.com\/wp-content\/uploads\/2015\/02\/121-195x146.jpg 195w, https:\/\/patsosescape.com\/wp-content\/uploads\/2015\/02\/121.jpg 1600w\" sizes=\"auto, (max-width: 620px) 100vw, 620px\" \/><\/a><p id=\"caption-attachment-659\" class=\"wp-caption-text\">Handgefertigte, gewebte Wolltasche, die im Alltag der Kreter f\u00fcr viele verschiedene Zwecke ben\u00f6tigt wird. Fr\u00fcher legten die Krieger ihre Kugeln und Gewehre ab, w\u00e4hrend die Bauern sie in den letzten Jahren benutzten, um ihr Essen und ihre Flasche mit Wein oder Wasser zu f\u00fcllen. Selbst der gro\u00dfe kretische Denker und Schriftsteller Nikos Kazantzakis benutzte es, um seine Manuskripte aufzubewahren. Best vourgiali mit einem Seidenschal war das erste Geschenk an den Br\u00e4utigam, als er verlobt war. Plus die Vourgiali, die bei Hochzeiten verwendet wurden, um die \u201eGeschenke\u201c zu machen, die die G\u00e4ste zum Paar machen, und als Andenken an die Besucher unserer Insel. Die Dekoration deckt den gesamten Vourgiali ab. Sie finden es in verschiedenen Gr\u00f6\u00dfen und Farben. Es wird auch als sehr sch\u00f6nes Dekor verwendet.<\/p><\/div>","protected":false},"excerpt":{"rendered":"<p>Kulturelles Erbe (Folklore-Sammlung) Im Coffehouse haben Sie die M\u00f6glichkeit, einige traditionelle Haushalts- und landwirtschaftliche Werkzeuge zu sehen, die uns unsere Vorfahren hinterlassen haben. Sie lehren den unbezwingbaren \u00dcberlebenswillen sowie eine Inspiration f\u00fcr neue Kreationen, aber auch, dass heute und gestern nichts mit Luftbr\u00fccken zu tun hat. Es gibt eine Kontinuit\u00e4t. Sie haben auch p\u00e4dagogischen Wert als erworbenes Wissen - die Grundlage f\u00fcr neue spirituelle Erfahrungen und Kreationen. Schlie\u00dflich sind sie ein unsch\u00e4tzbarer spiritueller Schatz. \u00d6LLAMPENFEDER AUSGLEICH VOLOSYROS \u03a4\u0397R\u0399\u039d\u0391\u039a\u0399 TSOUKOS SICKLE FLAT IRON\u2026 <a class=\"read-more-link\" href=\"https:\/\/patsosescape.com\/de\/cultural-heritage\/\">Weiterlesen<\/a><\/p>","protected":false},"author":3,"featured_media":0,"parent":0,"menu_order":6,"comment_status":"closed","ping_status":"closed","template":"","meta":{"ngg_post_thumbnail":0,"_glsr_average":0,"_glsr_ranking":0,"_glsr_reviews":0,"footnotes":""},"class_list":["post-767","page","type-page","status-publish","hentry"],"aioseo_notices":[],"_links":{"self":[{"href":"https:\/\/patsosescape.com\/de\/wp-json\/wp\/v2\/pages\/767","targetHints":{"allow":["GET"]}}],"collection":[{"href":"https:\/\/patsosescape.com\/de\/wp-json\/wp\/v2\/pages"}],"about":[{"href":"https:\/\/patsosescape.com\/de\/wp-json\/wp\/v2\/types\/page"}],"author":[{"embeddable":true,"href":"https:\/\/patsosescape.com\/de\/wp-json\/wp\/v2\/users\/3"}],"replies":[{"embeddable":true,"href":"https:\/\/patsosescape.com\/de\/wp-json\/wp\/v2\/comments?post=767"}],"version-history":[{"count":0,"href":"https:\/\/patsosescape.com\/de\/wp-json\/wp\/v2\/pages\/767\/revisions"}],"wp:attachment":[{"href":"https:\/\/patsosescape.com\/de\/wp-json\/wp\/v2\/media?parent=767"}],"curies":[{"name":"wp","href":"https:\/\/api.w.org\/{rel}","templated":true}]}}