{"id":770,"date":"2015-02-26T01:18:33","date_gmt":"2015-02-25T23:18:33","guid":{"rendered":"http:\/\/patsosescape.com\/newsite\/?page_id=770"},"modified":"2015-03-14T09:41:49","modified_gmt":"2015-03-14T07:41:49","slug":"festivals-events","status":"publish","type":"page","link":"https:\/\/patsosescape.com\/de\/festivals-events\/","title":{"rendered":"Feste, Veranstaltungen"},"content":{"rendered":"<p>Die Bewohner von Patsos, die die gro\u00dfe historische Vergangenheit und ihre reichen Traditionen respektieren, pflegen oder beleben ehrf\u00fcrchtig viele Br\u00e4uche, die von fr\u00fcheren Generationen geerbt wurden. Ereignisse, die mit den Sitten und Gebr\u00e4uchen verbunden sind, sowie die reiche Geschichte unseres Dorfes sind das wertvollste Erbe f\u00fcr die Zukunft.<\/p>\n<p>Auch viele Veranstaltungen und Aktivit\u00e4ten werden von der Kulturvereinigung Patsos wie folgt organisiert:<\/p>\n<p style=\"text-align: center;\"><div class=\"divider divider-solid\"><\/div><\/p>\n<h3 style=\"text-align: center;\">1. Heiligung des Wassers und Tauchen des heiligen Kreuzes in einem Wassertank im Freien<\/h3>\n<div class=\"themeblvd-video-wrapper\">\n<div class=\"video-inner\"><iframe loading=\"lazy\" width=\"940\" height=\"529\" src=\"http:\/\/www.youtube.com\/embed\/KFHS_Jw51kU?feature=oembed&#038;wmode=transparent\" frameborder=\"0\" allowfullscreen><\/iframe><\/div>\n<\/div>\n<p style=\"text-align: center;\"><div class=\"divider divider-solid\"><\/div><\/p>\n<h3 style=\"text-align: center;\">2. Karnevalsveranstaltungen<\/h3>\n<p>Als Teil des Karnevalsereignisses organisiert der Kulturverband von Patsos den sechsten Jagdschatz, der mit der Geschichte und Tradition des Dorfes verbunden ist.<\/p>\n<p><a href=\"http:\/\/patsosescape.com\/newsite\/wp-content\/uploads\/2015\/02\/14.jpg\"><img loading=\"lazy\" decoding=\"async\" class=\"aligncenter wp-image-627 size-full\" src=\"http:\/\/patsosescape.com\/newsite\/wp-content\/uploads\/2015\/02\/14.jpg\" alt=\"6\u03bf \u039a\u03c5\u03bd\u03ae\u03b3\u03b9 \u0398\u03b7\u03c3\u03b1\u03c5\u03c1\u03bf\u03cd \u03c3\u03c4\u03b7\u03bd \u03a0\u03b1\u03c4\u03c3\u03cc\" width=\"630\" height=\"471\" srcset=\"https:\/\/patsosescape.com\/wp-content\/uploads\/2015\/02\/14.jpg 630w, https:\/\/patsosescape.com\/wp-content\/uploads\/2015\/02\/14-300x224.jpg 300w, https:\/\/patsosescape.com\/wp-content\/uploads\/2015\/02\/14-620x464.jpg 620w, https:\/\/patsosescape.com\/wp-content\/uploads\/2015\/02\/14-195x146.jpg 195w\" sizes=\"auto, (max-width: 630px) 100vw, 630px\" \/><\/a><\/p>\n<p style=\"text-align: center;\"><div class=\"divider divider-solid\"><\/div><\/p>\n<h3 style=\"text-align: center;\">3. Festival in Patsos<\/h3>\n<p style=\"text-align: center;\">Jedes Jahr am 8. September besuchen Menschenmassen Patsos, um sich auf einem der ber\u00fchmtesten Festivals der Region zu unterhalten.<\/p>\n<p><a href=\"http:\/\/patsosescape.com\/newsite\/wp-content\/uploads\/2015\/02\/24.jpg\"><img loading=\"lazy\" decoding=\"async\" class=\"aligncenter wp-image-629 size-full\" src=\"http:\/\/patsosescape.com\/newsite\/wp-content\/uploads\/2015\/02\/24.jpg\" alt=\"\u03a0\u03b1\u03bd\u03b7\u03b3\u03cd\u03c1\u03b9 \u03c3\u03c4\u03b7\u03bd \u03a0\u03b1\u03c4\u03c3\u03cc\" width=\"645\" height=\"430\" srcset=\"https:\/\/patsosescape.com\/wp-content\/uploads\/2015\/02\/24.jpg 645w, https:\/\/patsosescape.com\/wp-content\/uploads\/2015\/02\/24-300x200.jpg 300w, https:\/\/patsosescape.com\/wp-content\/uploads\/2015\/02\/24-620x413.jpg 620w, https:\/\/patsosescape.com\/wp-content\/uploads\/2015\/02\/24-195x130.jpg 195w\" sizes=\"auto, (max-width: 645px) 100vw, 645px\" \/><\/a><\/p>\n<p><a href=\"http:\/\/patsosescape.com\/newsite\/wp-content\/uploads\/2015\/02\/34.jpg\"><img loading=\"lazy\" decoding=\"async\" class=\"aligncenter size-full wp-image-630\" src=\"http:\/\/patsosescape.com\/newsite\/wp-content\/uploads\/2015\/02\/34.jpg\" alt=\"\u03a0\u03b1\u03bd\u03b7\u03b3\u03cd\u03c1\u03b9 \u03c3\u03c4\u03b7\u03bd \u03a0\u03b1\u03c4\u03c3\u03cc\" width=\"645\" height=\"430\" srcset=\"https:\/\/patsosescape.com\/wp-content\/uploads\/2015\/02\/34.jpg 645w, https:\/\/patsosescape.com\/wp-content\/uploads\/2015\/02\/34-300x200.jpg 300w, https:\/\/patsosescape.com\/wp-content\/uploads\/2015\/02\/34-620x413.jpg 620w, https:\/\/patsosescape.com\/wp-content\/uploads\/2015\/02\/34-195x130.jpg 195w\" sizes=\"auto, (max-width: 645px) 100vw, 645px\" \/><\/a><\/p>\n<p>&nbsp;<\/p>\n<p style=\"text-align: center;\"><div class=\"divider divider-solid\"><\/div><\/p>\n<h3 style=\"text-align: center;\">4. Wiederbelebung der kretischen Hochzeit<\/h3>\n<p>Als Teil der Veranstaltungen des Kulturvereins Patsos, der jedes Jahr am Aschermontag gegr\u00fcndet wurde, um die kretische Hochzeit wiederzubeleben und die Fastenzeit zu er\u00f6ffnen.<\/p>\n<div id='gallery-1' class='gallery galleryid-770 gallery-columns-4 gallery-size-thumbnail'><dl class='gallery-item'>\n\t\t\t<dt class='gallery-icon landscape'>\n\t\t\t\t<img loading=\"lazy\" decoding=\"async\" width=\"150\" height=\"150\" src=\"https:\/\/patsosescape.com\/wp-content\/uploads\/2015\/02\/11.png\" class=\"attachment-thumbnail size-thumbnail\" alt=\"\" srcset=\"https:\/\/patsosescape.com\/wp-content\/uploads\/2015\/02\/11.png 150w, https:\/\/patsosescape.com\/wp-content\/uploads\/2015\/02\/11-130x130.png 130w, https:\/\/patsosescape.com\/wp-content\/uploads\/2015\/02\/11-70x70.png 70w, https:\/\/patsosescape.com\/wp-content\/uploads\/2015\/02\/11-45x45.png 45w\" sizes=\"auto, (max-width: 150px) 100vw, 150px\" \/>\n\t\t\t<\/dt><\/dl><dl class='gallery-item'>\n\t\t\t<dt class='gallery-icon landscape'>\n\t\t\t\t<img loading=\"lazy\" decoding=\"async\" width=\"150\" height=\"150\" src=\"https:\/\/patsosescape.com\/wp-content\/uploads\/2015\/02\/21.png\" class=\"attachment-thumbnail size-thumbnail\" alt=\"\" srcset=\"https:\/\/patsosescape.com\/wp-content\/uploads\/2015\/02\/21.png 150w, https:\/\/patsosescape.com\/wp-content\/uploads\/2015\/02\/21-130x130.png 130w, https:\/\/patsosescape.com\/wp-content\/uploads\/2015\/02\/21-70x70.png 70w, https:\/\/patsosescape.com\/wp-content\/uploads\/2015\/02\/21-45x45.png 45w\" sizes=\"auto, (max-width: 150px) 100vw, 150px\" \/>\n\t\t\t<\/dt><\/dl><dl class='gallery-item'>\n\t\t\t<dt class='gallery-icon landscape'>\n\t\t\t\t<img loading=\"lazy\" decoding=\"async\" width=\"150\" height=\"150\" src=\"https:\/\/patsosescape.com\/wp-content\/uploads\/2015\/02\/33.png\" class=\"attachment-thumbnail size-thumbnail\" alt=\"\" srcset=\"https:\/\/patsosescape.com\/wp-content\/uploads\/2015\/02\/33.png 150w, https:\/\/patsosescape.com\/wp-content\/uploads\/2015\/02\/33-130x130.png 130w, https:\/\/patsosescape.com\/wp-content\/uploads\/2015\/02\/33-70x70.png 70w, https:\/\/patsosescape.com\/wp-content\/uploads\/2015\/02\/33-45x45.png 45w\" sizes=\"auto, (max-width: 150px) 100vw, 150px\" \/>\n\t\t\t<\/dt><\/dl><dl class='gallery-item'>\n\t\t\t<dt class='gallery-icon landscape'>\n\t\t\t\t<img loading=\"lazy\" decoding=\"async\" width=\"150\" height=\"150\" src=\"https:\/\/patsosescape.com\/wp-content\/uploads\/2015\/02\/43.png\" class=\"attachment-thumbnail size-thumbnail\" alt=\"\" srcset=\"https:\/\/patsosescape.com\/wp-content\/uploads\/2015\/02\/43.png 150w, https:\/\/patsosescape.com\/wp-content\/uploads\/2015\/02\/43-130x130.png 130w, https:\/\/patsosescape.com\/wp-content\/uploads\/2015\/02\/43-70x70.png 70w, https:\/\/patsosescape.com\/wp-content\/uploads\/2015\/02\/43-45x45.png 45w\" sizes=\"auto, (max-width: 150px) 100vw, 150px\" \/>\n\t\t\t<\/dt><\/dl><br style=\"clear: both\" \/>\n\t\t<\/div>\n\n<div id=\"attachment_631\" style=\"width: 655px\" class=\"wp-caption aligncenter\"><a href=\"http:\/\/patsosescape.com\/newsite\/wp-content\/uploads\/2015\/02\/42.jpg\"><img loading=\"lazy\" decoding=\"async\" aria-describedby=\"caption-attachment-631\" class=\"wp-image-631 size-full\" src=\"http:\/\/patsosescape.com\/newsite\/wp-content\/uploads\/2015\/02\/42.jpg\" alt=\"\u03a0\u03b1\u03bd\u03b7\u03b3\u03cd\u03c1\u03b9 \u03c3\u03c4\u03b7\u03bd \u03a0\u03b1\u03c4\u03c3\u03cc\" width=\"645\" height=\"430\" srcset=\"https:\/\/patsosescape.com\/wp-content\/uploads\/2015\/02\/42.jpg 645w, https:\/\/patsosescape.com\/wp-content\/uploads\/2015\/02\/42-300x200.jpg 300w, https:\/\/patsosescape.com\/wp-content\/uploads\/2015\/02\/42-620x413.jpg 620w, https:\/\/patsosescape.com\/wp-content\/uploads\/2015\/02\/42-195x130.jpg 195w\" sizes=\"auto, (max-width: 645px) 100vw, 645px\" \/><\/a><p id=\"caption-attachment-631\" class=\"wp-caption-text\">Der Pr\u00e4sident und der Verwaltungsrat<\/p><\/div>","protected":false},"excerpt":{"rendered":"<p>Die Bewohner von Patsos, die die gro\u00dfe historische Vergangenheit und ihre reichen Traditionen respektieren, pflegen oder beleben ehrf\u00fcrchtig viele Br\u00e4uche, die von fr\u00fcheren Generationen geerbt wurden. Ereignisse, die mit den Sitten und Gebr\u00e4uchen verbunden sind, sowie die reiche Geschichte unseres Dorfes sind das wertvollste Erbe f\u00fcr die Zukunft. Viele Veranstaltungen und Aktivit\u00e4ten werden von der Kulturvereinigung Patsos wie folgt organisiert: 1. Heiligung des Wassers und Tauchen des heiligen Kreuzes in einem Wassertank im Freien 2. Karnevalsveranstaltungen sind Teil der Karnevalsveranstaltung. Die Kulturvereinigung Patsos organisiert die sechste Jagd \u2026 <a class=\"read-more-link\" href=\"https:\/\/patsosescape.com\/de\/festivals-events\/\">Weiterlesen<\/a><\/p>","protected":false},"author":3,"featured_media":0,"parent":0,"menu_order":7,"comment_status":"closed","ping_status":"closed","template":"","meta":{"ngg_post_thumbnail":0,"_glsr_average":0,"_glsr_ranking":0,"_glsr_reviews":0,"footnotes":""},"class_list":["post-770","page","type-page","status-publish","hentry"],"aioseo_notices":[],"_links":{"self":[{"href":"https:\/\/patsosescape.com\/de\/wp-json\/wp\/v2\/pages\/770","targetHints":{"allow":["GET"]}}],"collection":[{"href":"https:\/\/patsosescape.com\/de\/wp-json\/wp\/v2\/pages"}],"about":[{"href":"https:\/\/patsosescape.com\/de\/wp-json\/wp\/v2\/types\/page"}],"author":[{"embeddable":true,"href":"https:\/\/patsosescape.com\/de\/wp-json\/wp\/v2\/users\/3"}],"replies":[{"embeddable":true,"href":"https:\/\/patsosescape.com\/de\/wp-json\/wp\/v2\/comments?post=770"}],"version-history":[{"count":0,"href":"https:\/\/patsosescape.com\/de\/wp-json\/wp\/v2\/pages\/770\/revisions"}],"wp:attachment":[{"href":"https:\/\/patsosescape.com\/de\/wp-json\/wp\/v2\/media?parent=770"}],"curies":[{"name":"wp","href":"https:\/\/api.w.org\/{rel}","templated":true}]}}