{"id":773,"date":"2015-02-26T01:19:20","date_gmt":"2015-02-12T22:45:34","guid":{"rendered":"http:\/\/patsosescape.com\/newsite\/?page_id=773"},"modified":"2021-04-28T00:17:13","modified_gmt":"2021-04-27T21:17:13","slug":"herbs","status":"publish","type":"page","link":"https:\/\/patsosescape.com\/de\/herbs\/","title":{"rendered":"Kr\u00e4uter von Kreta"},"content":{"rendered":"<p>Die Natur von Patsos, au\u00dfer dem&nbsp;<span class=\"Apple-converted-space\">&nbsp;<\/span>wilde Sch\u00f6nheit, die nat\u00fcrlichen Quellen und das kulturelle Erbe&nbsp;<span class=\"Apple-converted-space\">&nbsp;<\/span>ist auch eine gro\u00dfe Apotheke. Seine Flora verbirgt die Geheimnisse von<span class=\"Apple-converted-space\">&nbsp;<\/span>&nbsp;Sch\u00f6nheit und Gesundheit.<\/p>\n<p><span lang=\"EN-US\">Das Geheimnis von Gesundheit und Sch\u00f6nheit steckt in Kr\u00e4utern, einheimischen Pflanzen, insbesondere solchen, die in Bergen wachsen und als Arzneimittel f\u00fcr verschiedene Krankheiten verwendet werden. In der Natur von Patsos gedeihen Kr\u00e4uter wie Diktamus, Salbei, Thymian, Kamille und vieles mehr, die zur Zubereitung leckerer und traditioneller Gerichte und f\u00fcr ihre heilenden Eigenschaften verwendet werden. Wir pr\u00e4sentieren einige von ihnen<\/span>:<\/p>\n<h2><strong>DIKTAMOS<\/strong><\/h2>\n<p>Das Diktamo (die Erontas = Liebe) ist eine einheimische Pflanze, die auf Kreta vorkommt und als Getr\u00e4nk verwendet wird. Es war eine der wichtigsten Heilpflanzen. Hippokrates gegen Erkrankungen des Magens und des Verdauungssystems, Rheuma, Arthritis, Aschenheilung, Stimulans und krampfl\u00f6send. Es w\u00e4chst nur an steilen H\u00e4ngen und Klippen, daher ist die Sammlung gef\u00e4hrlich. Es bl\u00fcht und wird in den Sommermonaten gesammelt.<\/p>\n<p><a href=\"http:\/\/patsosescape.com\/newsite\/wp-content\/uploads\/2015\/02\/16.jpg\"><img loading=\"lazy\" decoding=\"async\" class=\"alignnone size-full wp-image-672\" src=\"http:\/\/patsosescape.com\/newsite\/wp-content\/uploads\/2015\/02\/16.jpg\" alt=\"\u0394\u0399\u039a\u03a4\u0391\u039c\u039f\u03a3\" width=\"273\" height=\"184\" srcset=\"https:\/\/patsosescape.com\/wp-content\/uploads\/2015\/02\/16.jpg 273w, https:\/\/patsosescape.com\/wp-content\/uploads\/2015\/02\/16-195x131.jpg 195w\" sizes=\"auto, (max-width: 273px) 100vw, 273px\" \/><\/a><\/p>\n<h2><strong>OREGANO<\/strong><\/h2>\n<p><span lang=\"EN\">Die<\/span><span lang=\"EN\">&nbsp;<span class=\"Apple-converted-space\">&nbsp;<\/span>Oregano<span class=\"Apple-converted-space\">&nbsp;<\/span>bl\u00fcht<span class=\"Apple-converted-space\">&nbsp;<\/span>und gesammelt<span class=\"Apple-converted-space\">&nbsp;<\/span>im Juni<span class=\"Apple-converted-space\">&nbsp;<\/span>und Juli.<span class=\"Apple-converted-space\">&nbsp;<\/span>Die Blumen<span class=\"Apple-converted-space\">&nbsp;<\/span>sind<span class=\"Apple-converted-space\">&nbsp;<\/span>wei\u00df in der Farbe<span class=\"Apple-converted-space\">&nbsp;<\/span>mit einem s\u00fc\u00dfen<span class=\"Apple-converted-space\">&nbsp;<\/span>pfeffrig<span class=\"Apple-converted-space\">&nbsp;<\/span>Duft.<br \/>\nGefunden<span class=\"Apple-converted-space\">&nbsp;<\/span>in felsigen<span class=\"Apple-converted-space\">&nbsp;<\/span>und<span class=\"Apple-converted-space\">&nbsp;<\/span>sonnige Orte.<span class=\"Apple-converted-space\">&nbsp;<\/span>Es ist ein<span class=\"Apple-converted-space\">&nbsp;<\/span>aromatisch<span class=\"Apple-converted-space\">&nbsp;<\/span>Mediterrane K\u00fcche<span class=\"Apple-converted-space\">&nbsp;<\/span>gegrillt<span class=\"Apple-converted-space\">&nbsp;<\/span>Fisch und<span class=\"Apple-converted-space\">&nbsp;<\/span>Fleisch. Vorher<span class=\"Apple-converted-space\">&nbsp;<\/span>the<span class=\"Apple-converted-space\">&nbsp;<\/span>Sammlung<span class=\"Apple-converted-space\">&nbsp;<\/span>war ein wichtiger<span class=\"Apple-converted-space\">&nbsp;<\/span>Einkommen<span class=\"Apple-converted-space\">&nbsp;<\/span>f\u00fcr Patsos &#039;Leute. <\/span><span lang=\"EN-US\">Es ist<\/span><span lang=\"EN-US\"><span class=\"Apple-converted-space\">&nbsp;<\/span><\/span><span lang=\"EN\">benutzt<\/span><span lang=\"EN\"><span class=\"Apple-converted-space\">&nbsp;<\/span>wie<span class=\"Apple-converted-space\">&nbsp;<\/span>antiseptisch, beruhigend<span class=\"Apple-converted-space\">&nbsp;<\/span>zu<span class=\"Apple-converted-space\">&nbsp;<\/span>Zahnschmerzen<span class=\"Apple-converted-space\">&nbsp;<\/span>und<span class=\"Apple-converted-space\">&nbsp;<\/span>Magenschmerzen.<\/span><\/p>\n<p><a href=\"http:\/\/patsosescape.com\/newsite\/wp-content\/uploads\/2015\/02\/26.jpg\"><img loading=\"lazy\" decoding=\"async\" class=\"alignnone wp-image-673 size-medium\" src=\"http:\/\/patsosescape.com\/newsite\/wp-content\/uploads\/2015\/02\/26-210x300.jpg\" alt=\"P\u0399\u0393\u0391\u039d\u0397\" width=\"210\" height=\"300\" srcset=\"https:\/\/patsosescape.com\/wp-content\/uploads\/2015\/02\/26-210x300.jpg 210w, https:\/\/patsosescape.com\/wp-content\/uploads\/2015\/02\/26-137x195.jpg 137w, https:\/\/patsosescape.com\/wp-content\/uploads\/2015\/02\/26.jpg 420w\" sizes=\"auto, (max-width: 210px) 100vw, 210px\" \/><\/a><\/p>\n<h2><strong>THYMIAN<\/strong><\/h2>\n<p><span lang=\"EN\">Es bl\u00fcht<\/span><span lang=\"EN\"><span class=\"Apple-converted-space\">&nbsp;<\/span>im Juni<span class=\"Apple-converted-space\">&nbsp;<\/span>und Juli<span class=\"Apple-converted-space\">&nbsp;<\/span>und<span class=\"Apple-converted-space\">&nbsp;<\/span>hast<span class=\"Apple-converted-space\">&nbsp;<\/span>Blau<span class=\"Apple-converted-space\">&nbsp;<\/span>Blumen.<span class=\"Apple-converted-space\">&nbsp;<\/span>Die<span class=\"Apple-converted-space\">&nbsp;<\/span>Honig<span class=\"Apple-converted-space\">&nbsp;<\/span>Thymian<span class=\"Apple-converted-space\">&nbsp;<\/span>gilt als die<span class=\"Apple-converted-space\">&nbsp;<\/span>feinste. Thymian<span class=\"Apple-converted-space\">&nbsp;<\/span>hat antiseptisch,<span class=\"Apple-converted-space\">&nbsp;<\/span>harntreibend, antiparasitisch<span class=\"Apple-converted-space\">&nbsp;<\/span>und<span class=\"Apple-converted-space\">&nbsp;<\/span>antipyretische Eigenschaften.<\/span><\/p>\n<p><a href=\"http:\/\/patsosescape.com\/newsite\/wp-content\/uploads\/2015\/02\/36.jpg\"><img loading=\"lazy\" decoding=\"async\" class=\"alignnone size-full wp-image-674\" src=\"http:\/\/patsosescape.com\/newsite\/wp-content\/uploads\/2015\/02\/36.jpg\" alt=\"\u0398\u03a5\u039cA\u03a1\u0399\" width=\"375\" height=\"210\" srcset=\"https:\/\/patsosescape.com\/wp-content\/uploads\/2015\/02\/36.jpg 375w, https:\/\/patsosescape.com\/wp-content\/uploads\/2015\/02\/36-300x168.jpg 300w, https:\/\/patsosescape.com\/wp-content\/uploads\/2015\/02\/36-195x109.jpg 195w\" sizes=\"auto, (max-width: 375px) 100vw, 375px\" \/><\/a><\/p>\n<h2><strong>KAMILLE<\/strong><\/h2>\n<p><span lang=\"EN\">Gesammelt<\/span><span lang=\"EN\"><span class=\"Apple-converted-space\">&nbsp;<\/span>zwischen April<span class=\"Apple-converted-space\">&nbsp;<\/span>und Juni. Es wird auch getrocknet&nbsp;<span class=\"Apple-converted-space\">&nbsp;<\/span>benutzt<span class=\"Apple-converted-space\">&nbsp;<\/span>w\u00e4hrend des ganzen Jahres. In Patsos<span class=\"Apple-converted-space\">&nbsp;<\/span>es gibt<span class=\"Apple-converted-space\">&nbsp;<\/span>\u00fcberall<span class=\"Apple-converted-space\">&nbsp;<\/span>besonders in<span class=\"Apple-converted-space\">&nbsp;<\/span><\/span><span lang=\"EN-US\">unkultivierte Felder<\/span><span lang=\"EN-US\"><span class=\"Apple-converted-space\">&nbsp;<\/span><\/span><span lang=\"EN\">Websites. <\/span><span lang=\"EN\">Es ist<\/span><span lang=\"EN\"><span class=\"Apple-converted-space\">&nbsp;<\/span><\/span><span lang=\"EN\">gekennzeichnet als<\/span><span lang=\"EN\"><span class=\"Apple-converted-space\">&nbsp;<\/span>entz\u00fcndlich,<span class=\"Apple-converted-space\">&nbsp;<\/span>antiallergisch, beruhigend<span class=\"Apple-converted-space\">&nbsp;<\/span>und<span class=\"Apple-converted-space\">&nbsp;<\/span>Antiseptikum von h\u00f6chster Qualit\u00e4t<span class=\"Apple-converted-space\">&nbsp;<\/span>benutzen.<span class=\"Apple-converted-space\">&nbsp;<\/span>In der Regel<span class=\"Apple-converted-space\">&nbsp;<\/span>Wir trinken es als Getr\u00e4nk kombiniert<span class=\"Apple-converted-space\">&nbsp;<\/span>mit<span class=\"Apple-converted-space\">&nbsp;<\/span>andere kretische Kr\u00e4uter, kombinieren<span class=\"Apple-converted-space\">&nbsp;<\/span>the<span class=\"Apple-converted-space\">&nbsp;<\/span>perfekt<span class=\"Apple-converted-space\">&nbsp;<\/span>Entspannung<span class=\"Apple-converted-space\">&nbsp;<\/span>und bek\u00e4mpfen<span class=\"Apple-converted-space\">&nbsp;<\/span>Schlaflosigkeit.<\/span><\/p>\n<p><a href=\"http:\/\/patsosescape.com\/newsite\/wp-content\/uploads\/2015\/02\/44.jpg\"><img loading=\"lazy\" decoding=\"async\" class=\"alignnone size-full wp-image-675\" src=\"http:\/\/patsosescape.com\/newsite\/wp-content\/uploads\/2015\/02\/44.jpg\" alt=\"XAMOM\u0397\u039b\u0399\" width=\"259\" height=\"194\" srcset=\"https:\/\/patsosescape.com\/wp-content\/uploads\/2015\/02\/44.jpg 259w, https:\/\/patsosescape.com\/wp-content\/uploads\/2015\/02\/44-195x146.jpg 195w\" sizes=\"auto, (max-width: 259px) 100vw, 259px\" \/><\/a><\/p>\n<h2><strong>SALBEI<\/strong><\/h2>\n<p><span lang=\"EN\">Einer der meisten<\/span><span lang=\"EN\"><span class=\"Apple-converted-space\">&nbsp;<\/span>beliebte Kr\u00e4uter<span class=\"Apple-converted-space\">&nbsp;<\/span>von Kreta mit<span class=\"Apple-converted-space\">&nbsp;<\/span>ausgezeichneter Geschmack.<span class=\"Apple-converted-space\">&nbsp;<\/span>Es bl\u00fcht<span class=\"Apple-converted-space\">&nbsp;<\/span>im Mai und Juni<span class=\"Apple-converted-space\">&nbsp;<\/span>Feldstart<span class=\"Apple-converted-space\">&nbsp;<\/span>lila-blau<span class=\"Apple-converted-space\">&nbsp;<\/span>Blumen. Es ist bekannt<span class=\"Apple-converted-space\">&nbsp;<\/span>seit alten Jahren f\u00fcr<span class=\"Apple-converted-space\">&nbsp;<\/span>sein Tonikum<span class=\"Apple-converted-space\">&nbsp;<\/span>Eigenschaften.<span class=\"Apple-converted-space\">&nbsp;<\/span>Benutzt<span class=\"Apple-converted-space\">&nbsp;<\/span>beim Kochen<span class=\"Apple-converted-space\">&nbsp;<\/span>verschiedene Gerichte zu w\u00fcrzen.<\/span><\/p>\n<p><a href=\"http:\/\/patsosescape.com\/newsite\/wp-content\/uploads\/2015\/02\/51.jpg\"><img loading=\"lazy\" decoding=\"async\" class=\"alignnone size-full wp-image-676\" src=\"http:\/\/patsosescape.com\/newsite\/wp-content\/uploads\/2015\/02\/51.jpg\" alt=\"\u03a6\u0391\u03a3\u039a\u039f\u039c\u0397\u039b\u039f\" width=\"259\" height=\"194\" srcset=\"https:\/\/patsosescape.com\/wp-content\/uploads\/2015\/02\/51.jpg 259w, https:\/\/patsosescape.com\/wp-content\/uploads\/2015\/02\/51-195x146.jpg 195w\" sizes=\"auto, (max-width: 259px) 100vw, 259px\" \/><\/a><\/p>\n<h2><strong>MAJORAN<\/strong><\/h2>\n<p><span lang=\"EN\">Es bl\u00fcht<\/span><span lang=\"EN\"><span class=\"Apple-converted-space\">&nbsp;<\/span>im Juli und<span class=\"Apple-converted-space\">&nbsp;<\/span>August und<span class=\"Apple-converted-space\">&nbsp;<\/span>wird gesammelt<span class=\"Apple-converted-space\">&nbsp;<\/span>im gleichen Zeitraum.<span class=\"Apple-converted-space\">&nbsp;<\/span>Verwendet in der Pharmazie, Kochen,<span class=\"Apple-converted-space\">&nbsp;<\/span>und<span class=\"Apple-converted-space\">&nbsp;<\/span>Parf\u00fcmerie.<\/span> <span lang=\"EN\">Es hat<span class=\"Apple-converted-space\">&nbsp;<\/span>\u00e4hnliche Eigenschaften<span class=\"Apple-converted-space\">&nbsp;<\/span>mit<span class=\"Apple-converted-space\">&nbsp;<\/span>Thymian<span class=\"Apple-converted-space\">&nbsp;<\/span>und<span class=\"Apple-converted-space\">&nbsp;<\/span>aus alten Zeiten<span class=\"Apple-converted-space\">&nbsp;<\/span>es wurde benutzt<span class=\"Apple-converted-space\">&nbsp;<\/span>in vielen<span class=\"Apple-converted-space\">&nbsp;<\/span>F\u00e4lle<span class=\"Apple-converted-space\">&nbsp;<\/span>von Nerven<span class=\"Apple-converted-space\">&nbsp;<\/span>St\u00f6rungen,<span class=\"Apple-converted-space\">&nbsp;<\/span>ideal f\u00fcr die behandlung<span class=\"Apple-converted-space\">&nbsp;<\/span>von Erk\u00e4ltungen.<\/span><\/p>\n<p><a href=\"http:\/\/patsosescape.com\/newsite\/wp-content\/uploads\/2015\/02\/61.jpg\"><img loading=\"lazy\" decoding=\"async\" class=\"alignnone size-full wp-image-677\" src=\"http:\/\/patsosescape.com\/newsite\/wp-content\/uploads\/2015\/02\/61.jpg\" alt=\"\u039c\u0391\u03a4\u0396\u039f\u03a5\u03a1\u0391\u039d\u0391\" width=\"194\" height=\"259\" srcset=\"https:\/\/patsosescape.com\/wp-content\/uploads\/2015\/02\/61.jpg 194w, https:\/\/patsosescape.com\/wp-content\/uploads\/2015\/02\/61-146x195.jpg 146w\" sizes=\"auto, (max-width: 194px) 100vw, 194px\" \/><\/a><\/p>\n<p><span lang=\"EN\">Neben den oben genannten<\/span><span lang=\"EN\">, es gibt<span class=\"Apple-converted-space\">&nbsp;<\/span>viele Kr\u00e4uter<span class=\"Apple-converted-space\">&nbsp;<\/span>das gedeihen<span class=\"Apple-converted-space\">&nbsp;<\/span><\/span><span lang=\"EN-US\">in Patsos<\/span>.<\/p>","protected":false},"excerpt":{"rendered":"<p>The nature of Patsos, except the&nbsp;&nbsp;wild beauty, the natural springs and cultural heritage&nbsp;&nbsp;is also a big pharmacy. Its flora hides the secrets of&nbsp;&nbsp;beauty and health. The secret of health and beauty is well hidden in herbs, native plants&nbsp;particularly those that grow in mountains and used as medicines for various diseases. In Patsos nature thrive herbs crowd, such dictamus, sage, thyme, camomile, and much more, used for the preparation of tasty and traditional dishes and for their healing properties. We present some of them: DIKTAMOS The&nbsp;diktamo&nbsp;(the&nbsp;erontas =love)&nbsp;&nbsp;is&nbsp;a&nbsp;native plant&nbsp;that is found&nbsp;in Crete&nbsp;and&hellip; <a class=\"read-more-link\" href=\"https:\/\/patsosescape.com\/de\/herbs\/\">Weiterlesen<\/a><\/p>","protected":false},"author":3,"featured_media":0,"parent":0,"menu_order":8,"comment_status":"closed","ping_status":"closed","template":"","meta":{"ngg_post_thumbnail":0,"_glsr_average":0,"_glsr_ranking":0,"_glsr_reviews":0,"footnotes":""},"class_list":["post-773","page","type-page","status-publish","hentry"],"aioseo_notices":[],"_links":{"self":[{"href":"https:\/\/patsosescape.com\/de\/wp-json\/wp\/v2\/pages\/773","targetHints":{"allow":["GET"]}}],"collection":[{"href":"https:\/\/patsosescape.com\/de\/wp-json\/wp\/v2\/pages"}],"about":[{"href":"https:\/\/patsosescape.com\/de\/wp-json\/wp\/v2\/types\/page"}],"author":[{"embeddable":true,"href":"https:\/\/patsosescape.com\/de\/wp-json\/wp\/v2\/users\/3"}],"replies":[{"embeddable":true,"href":"https:\/\/patsosescape.com\/de\/wp-json\/wp\/v2\/comments?post=773"}],"version-history":[{"count":0,"href":"https:\/\/patsosescape.com\/de\/wp-json\/wp\/v2\/pages\/773\/revisions"}],"wp:attachment":[{"href":"https:\/\/patsosescape.com\/de\/wp-json\/wp\/v2\/media?parent=773"}],"curies":[{"name":"wp","href":"https:\/\/api.w.org\/{rel}","templated":true}]}}