{"id":1525,"date":"2018-03-11T20:42:37","date_gmt":"2018-03-11T18:42:37","guid":{"rendered":"http:\/\/patsosescape.com\/?page_id=1525"},"modified":"2018-03-20T22:33:30","modified_gmt":"2018-03-20T20:33:30","slug":"the-nature-of-patsos","status":"publish","type":"page","link":"https:\/\/patsosescape.com\/es\/the-nature-of-patsos\/","title":{"rendered":"La naturaleza de Patsos"},"content":{"rendered":"<p>El \u00e1rea alrededor de Patsos es considerada por muchos un para\u00edso para los excursionistas y visitantes que son amantes de la naturaleza y tienen intereses hist\u00f3ricos y arqueol\u00f3gicos. Hay muchas posibilidades para actividades al aire libre como caminatas, caminatas, ciclismo y escalada en roca\u2026 Camine por los hermosos senderos, descubra la belleza natural y el rico patrimonio cultural. Una amplia gama de colores, sonidos y aromas estimular\u00e1 todos los sentidos.<!--more--><\/p>\n<p>Potentes contrastes de verde, amarillo y rojo componen una alfombra m\u00e1gica de colores frente a tus ojos durante tus paseos. VASSILIS, un ex coronel experimentado en las fuerzas especiales hel\u00e9nicas con gran inter\u00e9s en el senderismo y el conocimiento de la rica historia local, est\u00e1 disponible para ayudarlo a disfrutar de su tiempo en Patsos (rutas en bicicleta, escalada, caminatas por senderos hist\u00f3ricos, garganta, cuevas, sitios arqueol\u00f3gicos , el agua en el lago de Potamoi, etc.)<!--more--><\/p>","protected":false},"excerpt":{"rendered":"<p>The area around Patsos is by many considered a paradise for hikers and for visitors who are lovers of nature as well as have historical&nbsp; and archaeological &nbsp;interests. There are many possibilities for outdoor activities such as walking , hiking ,cycling and rock climbing\u2026 Walk through the beautiful trails, discover the natural beauty and rich cultural heritage . A wide range of colours, sounds and scents will stimulate all senses.&hellip; <a class=\"read-more-link\" href=\"https:\/\/patsosescape.com\/es\/the-nature-of-patsos\/\">Lee mas<\/a><\/p>","protected":false},"author":2,"featured_media":0,"parent":0,"menu_order":0,"comment_status":"closed","ping_status":"closed","template":"","meta":{"ngg_post_thumbnail":0,"_glsr_average":0,"_glsr_ranking":0,"_glsr_reviews":0,"footnotes":""},"class_list":["post-1525","page","type-page","status-publish","hentry"],"aioseo_notices":[],"_links":{"self":[{"href":"https:\/\/patsosescape.com\/es\/wp-json\/wp\/v2\/pages\/1525","targetHints":{"allow":["GET"]}}],"collection":[{"href":"https:\/\/patsosescape.com\/es\/wp-json\/wp\/v2\/pages"}],"about":[{"href":"https:\/\/patsosescape.com\/es\/wp-json\/wp\/v2\/types\/page"}],"author":[{"embeddable":true,"href":"https:\/\/patsosescape.com\/es\/wp-json\/wp\/v2\/users\/2"}],"replies":[{"embeddable":true,"href":"https:\/\/patsosescape.com\/es\/wp-json\/wp\/v2\/comments?post=1525"}],"version-history":[{"count":0,"href":"https:\/\/patsosescape.com\/es\/wp-json\/wp\/v2\/pages\/1525\/revisions"}],"wp:attachment":[{"href":"https:\/\/patsosescape.com\/es\/wp-json\/wp\/v2\/media?parent=1525"}],"curies":[{"name":"wp","href":"https:\/\/api.w.org\/{rel}","templated":true}]}}