{"id":1561,"date":"2018-03-13T15:08:48","date_gmt":"2018-03-13T13:08:48","guid":{"rendered":"http:\/\/patsosescape.com\/?page_id=1561"},"modified":"2021-04-30T17:52:09","modified_gmt":"2021-04-30T14:52:09","slug":"biking","status":"publish","type":"page","link":"https:\/\/patsosescape.com\/es\/biking\/","title":{"rendered":"Ciclismo \/ Tours en bicicleta"},"content":{"rendered":"<h1><strong><u>CICLISMO \/ BICICLETA en la provincia de Rethymno (Patsos, \u00e1rea de AMARI)<br \/>\n<\/u><\/strong><\/h1>\n<p>Para aquellos de nuestros amigos que quisieran <strong>ciclismo<\/strong>, todo lo que tienen que hacer es seguir una ruta incre\u00edble y <strong>incomparable belleza natural<\/strong>, como se ve en el siguiente video.&nbsp;<\/p>\n<p>Un requisito previo es que traigan consigo sus bicicletas.<\/p>\n<p>El punto de partida es el agua dulce del manantial del pueblo, junto al peque\u00f1o <strong>taberna tradicional PATSOS<\/strong>, de donde tambi\u00e9n obtendr\u00e1n m\u00e1s informaci\u00f3n (gratis).<\/p>\n<div class=\"themeblvd-video-wrapper\">\n<div class=\"video-inner\"><iframe loading=\"lazy\" title=\"Ciclismo\" width=\"940\" height=\"705\" src=\"https:\/\/www.youtube.com\/embed\/xVH7nqJrBQk?feature=oembed&#038;wmode=transparent\" frameborder=\"0\" allow=\"accelerometer; autoplay; clipboard-write; encrypted-media; gyroscope; picture-in-picture\" allowfullscreen><\/iframe><\/div>\n<\/div>\n<p>Un paseo en bicicleta en un entorno de incomparable belleza. Comienza desde el estanque central de <strong>Patsos<\/strong> junto a lo tradicional <strong>taberna &quot;Patsos&quot;<\/strong>, atraviesa los pueblos de <strong>Pantanassa<\/strong>, <strong>Volonias<\/strong> y contin\u00faa por la carretera junto al lago de <strong>Lago &quot;Potamos&quot;<\/strong>, volviendo al mismo lugar desde donde comenz\u00f3.<\/p>\n<h3>&nbsp;<\/h3>\n<h3><strong>Las mejores actividades y tours al aire libre en Creta<\/strong><\/h3>\n<ul>\n<li id=\"menu-item-2815\" class=\"menu-item menu-item-type-custom menu-item-object-custom menu-item-has-children menu-item-2815 sfHover\"><a class=\"sf-with-ul\">Rutas de senderismo \/ trekking en Rethymno CRETA (Patsos Gorge \/ AMARI)&nbsp; <\/a>\n<ul class=\"sub-menu\">\n<li id=\"menu-item-2793\" class=\"menu-item menu-item-type-post_type menu-item-object-page menu-item-2793\"><a href=\"https:\/\/patsosescape.com\/es\/hiking-routes\/\">Instrucci\u00f3n de senderismo para el senderismo en el \u00e1rea de Patsos (Rethymno Creta)<\/a><\/li>\n<li><a title=\"Senderismo al desfiladero de Patsos (RUTA N \u00b0 1)\" href=\"\/es\/hiking-to-the-gorge-of-patsos\/\">Senderismo al desfiladero de Patsos (RUTA N \u00b0 1)<\/a><\/li>\n<li id=\"menu-item-2762\" class=\"menu-item menu-item-type-post_type menu-item-object-page menu-item-2762\"><a href=\"https:\/\/patsosescape.com\/es\/hiking-soros-mountain-rethymnon-crete\/\">Caminata a Soros Mountain Patsos (RUTA N \u00b0 2)<\/a><\/li>\n<li id=\"menu-item-2761\" class=\"menu-item menu-item-type-post_type menu-item-object-page menu-item-2761\"><a href=\"https:\/\/patsosescape.com\/es\/hiking-harakas-amari-rethymnon\/\">Senderismo a Harakas en Patsos (RUTA N \u00b0 3)<\/a><\/li>\n<\/ul>\n<\/li>\n<\/ul>\n<ul class=\"sub-menu\">\n<li id=\"menu-item-1564\" class=\"menu-item menu-item-type-post_type menu-item-object-page menu-item-1564\"><a href=\"https:\/\/patsosescape.com\/es\/biking\/\">Ciclismo \/ Tours en bicicleta en Rethymno CRETA - \u00e1rea de Patsos (AMARI)<\/a><\/li>\n<li id=\"menu-item-1330\" class=\"menu-item menu-item-type-post_type menu-item-object-page menu-item-1330\"><a href=\"https:\/\/patsosescape.com\/es\/climbing-routes-patsos-gorge\/\">Escalada en la garganta de Patsos en Amari Rethymno CRETA<\/a><\/li>\n<\/ul>","protected":false},"excerpt":{"rendered":"<p>CYCLING \/ BIKING in the province of Rethymno (Patsos, area of AMARI) For those of our friends who would like cycling, all they have to do is follow a route of an incredible and incomparable natural beauty, as it is seen in the following video.&nbsp; A prerequisite is that they should bring their bikes with them. Starting point is the fresh spring water of the village, next to the small traditional tavern PATSOS, where also they will get more information (free) from. A biking ride in &nbsp;an incomparable beauty environment.&hellip; <a class=\"read-more-link\" href=\"https:\/\/patsosescape.com\/es\/biking\/\">Lee mas<\/a><\/p>","protected":false},"author":2,"featured_media":0,"parent":0,"menu_order":0,"comment_status":"closed","ping_status":"closed","template":"","meta":{"ngg_post_thumbnail":0,"_glsr_average":0,"_glsr_ranking":0,"_glsr_reviews":0,"footnotes":""},"class_list":["post-1561","page","type-page","status-publish","hentry"],"aioseo_notices":[],"_links":{"self":[{"href":"https:\/\/patsosescape.com\/es\/wp-json\/wp\/v2\/pages\/1561","targetHints":{"allow":["GET"]}}],"collection":[{"href":"https:\/\/patsosescape.com\/es\/wp-json\/wp\/v2\/pages"}],"about":[{"href":"https:\/\/patsosescape.com\/es\/wp-json\/wp\/v2\/types\/page"}],"author":[{"embeddable":true,"href":"https:\/\/patsosescape.com\/es\/wp-json\/wp\/v2\/users\/2"}],"replies":[{"embeddable":true,"href":"https:\/\/patsosescape.com\/es\/wp-json\/wp\/v2\/comments?post=1561"}],"version-history":[{"count":0,"href":"https:\/\/patsosescape.com\/es\/wp-json\/wp\/v2\/pages\/1561\/revisions"}],"wp:attachment":[{"href":"https:\/\/patsosescape.com\/es\/wp-json\/wp\/v2\/media?parent=1561"}],"curies":[{"name":"wp","href":"https:\/\/api.w.org\/{rel}","templated":true}]}}