{"id":1703,"date":"2018-03-20T23:27:12","date_gmt":"2018-03-20T21:27:12","guid":{"rendered":"http:\/\/patsosescape.com\/?page_id=1703"},"modified":"2021-05-15T18:33:22","modified_gmt":"2021-05-15T15:33:22","slug":"how-to-go","status":"publish","type":"page","link":"https:\/\/patsosescape.com\/es\/how-to-go\/","title":{"rendered":"C\u00f3mo llegar a Patsos Village"},"content":{"rendered":"<p><strong>Por la presente puede encontrar direcciones e instrucciones sobre c\u00f3mo llegar a<br \/>Patsos (provincia de Amari), Rethymnon, Creta<\/strong><\/p>\n<p tabindex=\"-1\"><a href=\"https:\/\/www.google.com\/maps\/dir\/\/35.2468187,24.5730296\/@35.2468889,24.2693082,9z\" target=\"_blank\" rel=\"noopener\"><strong>MAPA DE CRETA - d\u00f3nde est\u00e1 Patsos en Rethymno, Creta - c\u00f3mo llegar a Patsos<\/strong><\/a><\/p>\n<p tabindex=\"-1\"><a href=\"https:\/\/www.google.com\/maps\/dir\/\/35.2468187,24.5730296\/@35.2468889,24.2693082,9z\" target=\"_blank\" rel=\"noopener\"><img loading=\"lazy\" decoding=\"async\" class=\"alignnone wp-image-2288 size-large\" src=\"https:\/\/patsosescape.com\/wp-content\/uploads\/2021\/04\/map-Patsos-Rethymno-Crete-driving-directions-1024x582.jpg\" alt=\"\" width=\"940\" height=\"534\" srcset=\"https:\/\/patsosescape.com\/wp-content\/uploads\/2021\/04\/map-Patsos-Rethymno-Crete-driving-directions-1024x582.jpg 1024w, https:\/\/patsosescape.com\/wp-content\/uploads\/2021\/04\/map-Patsos-Rethymno-Crete-driving-directions-300x170.jpg 300w, https:\/\/patsosescape.com\/wp-content\/uploads\/2021\/04\/map-Patsos-Rethymno-Crete-driving-directions-768x436.jpg 768w, https:\/\/patsosescape.com\/wp-content\/uploads\/2021\/04\/map-Patsos-Rethymno-Crete-driving-directions-940x534.jpg 940w, https:\/\/patsosescape.com\/wp-content\/uploads\/2021\/04\/map-Patsos-Rethymno-Crete-driving-directions-620x352.jpg 620w, https:\/\/patsosescape.com\/wp-content\/uploads\/2021\/04\/map-Patsos-Rethymno-Crete-driving-directions-195x111.jpg 195w, https:\/\/patsosescape.com\/wp-content\/uploads\/2021\/04\/map-Patsos-Rethymno-Crete-driving-directions.jpg 1354w\" sizes=\"auto, (max-width: 940px) 100vw, 940px\" \/><\/a><\/p>\n<h4 tabindex=\"-1\"><a href=\"https:\/\/www.google.com\/maps\/dir\/\/Patsos+Escape,+Patsos+740+61\/@35.2466269,24.4330122,11z\/data=!4m8!4m7!1m0!1m5!1m1!1s0x149b0daa68fee8bf:0xa02eac20b70c0101!2m2!1d24.5730914!2d35.2466183\" target=\"_blank\" rel=\"noopener\"><strong>C\u00d3MO CONDUCIR A PATSOS (Rethymno CRETA)<\/strong><\/a><\/h4>\n<p>&nbsp;<\/p>\n<p><a title=\"Google Maps: &quot;Patsos Escape&quot; - Ecoturismo y actividades al aire libre RETHYMNO CRETE: Taberna, alojamiento, actividades\" href=\"https:\/\/www.google.com\/maps\/place\/Patsos+Escape+-+Ecotourism+%26+Outdoor+Activities+RETHYMNO+CRETE:+Tavern,+Accommodation,+Activities\/@35.2520472,24.5274207,11z\/data=!4m5!3m4!1s0x0:0x409f36e27578c5a8!8m2!3d35.2466611!4d24.5727687?hl=en\" target=\"_blank\" rel=\"noopener\" data-wplink-edit=\"true\"><strong>GOOGLE MAPS - compruebe: &quot;Patsos Escape&quot; - Ecoturismo y actividades al aire libre RETHYMNO CRETE: Taberna, alojamiento, actividades<\/strong><\/a><\/p>\n<figure class=\"wp-block-image size-large\"><img loading=\"lazy\" decoding=\"async\" width=\"1024\" height=\"495\" src=\"https:\/\/patsosescape.com\/wp-content\/uploads\/2021\/05\/Patsos-Escape-Ecotourism-Outdoor-Activities-Rethymno-1024x495.jpg\" alt=\"Patsos Escape - Ecoturismo y actividades al aire libre RETHYMNO CRETE: Taberna, Alojamiento, Actividades\" class=\"wp-image-3281\" srcset=\"https:\/\/patsosescape.com\/wp-content\/uploads\/2021\/05\/Patsos-Escape-Ecotourism-Outdoor-Activities-Rethymno-1024x495.jpg 1024w, https:\/\/patsosescape.com\/wp-content\/uploads\/2021\/05\/Patsos-Escape-Ecotourism-Outdoor-Activities-Rethymno-300x145.jpg 300w, https:\/\/patsosescape.com\/wp-content\/uploads\/2021\/05\/Patsos-Escape-Ecotourism-Outdoor-Activities-Rethymno-768x371.jpg 768w, https:\/\/patsosescape.com\/wp-content\/uploads\/2021\/05\/Patsos-Escape-Ecotourism-Outdoor-Activities-Rethymno-1536x742.jpg 1536w, https:\/\/patsosescape.com\/wp-content\/uploads\/2021\/05\/Patsos-Escape-Ecotourism-Outdoor-Activities-Rethymno-16x8.jpg 16w, https:\/\/patsosescape.com\/wp-content\/uploads\/2021\/05\/Patsos-Escape-Ecotourism-Outdoor-Activities-Rethymno-940x454.jpg 940w, https:\/\/patsosescape.com\/wp-content\/uploads\/2021\/05\/Patsos-Escape-Ecotourism-Outdoor-Activities-Rethymno-620x300.jpg 620w, https:\/\/patsosescape.com\/wp-content\/uploads\/2021\/05\/Patsos-Escape-Ecotourism-Outdoor-Activities-Rethymno-195x94.jpg 195w, https:\/\/patsosescape.com\/wp-content\/uploads\/2021\/05\/Patsos-Escape-Ecotourism-Outdoor-Activities-Rethymno-scaled.jpg 1080w\" sizes=\"auto, (max-width: 1024px) 100vw, 1024px\" \/><figcaption><strong>Patsos Escape - Ecoturismo y actividades al aire libre RETHYMNO CRETE: Taberna, Alojamiento, Actividades<\/strong><\/figcaption><\/figure>","protected":false},"excerpt":{"rendered":"<p>Hereby you can find directions and instructions on how to arrive toPatsos (Amari province), Rethymnon, Crete MAP OF CRETE &#8211; where is Patsos in Rethymno, Crete &#8211; how to arrive to Patsos HOW TO DRIVE TO PATSOS (Rethymno CRETE) &nbsp; GOOGLE MAPS &#8211; check for: &#8220;Patsos Escape&#8221; &#8211; Ecotourism &amp; Outdoor Activities RETHYMNO CRETE: Tavern, Accommodation, Activities<\/p>","protected":false},"author":2,"featured_media":0,"parent":0,"menu_order":0,"comment_status":"closed","ping_status":"closed","template":"","meta":{"ngg_post_thumbnail":0,"_glsr_average":0,"_glsr_ranking":0,"_glsr_reviews":0,"footnotes":""},"class_list":["post-1703","page","type-page","status-publish","hentry"],"aioseo_notices":[],"_links":{"self":[{"href":"https:\/\/patsosescape.com\/es\/wp-json\/wp\/v2\/pages\/1703","targetHints":{"allow":["GET"]}}],"collection":[{"href":"https:\/\/patsosescape.com\/es\/wp-json\/wp\/v2\/pages"}],"about":[{"href":"https:\/\/patsosescape.com\/es\/wp-json\/wp\/v2\/types\/page"}],"author":[{"embeddable":true,"href":"https:\/\/patsosescape.com\/es\/wp-json\/wp\/v2\/users\/2"}],"replies":[{"embeddable":true,"href":"https:\/\/patsosescape.com\/es\/wp-json\/wp\/v2\/comments?post=1703"}],"version-history":[{"count":0,"href":"https:\/\/patsosescape.com\/es\/wp-json\/wp\/v2\/pages\/1703\/revisions"}],"wp:attachment":[{"href":"https:\/\/patsosescape.com\/es\/wp-json\/wp\/v2\/media?parent=1703"}],"curies":[{"name":"wp","href":"https:\/\/api.w.org\/{rel}","templated":true}]}}