{"id":1728,"date":"2018-03-22T20:26:41","date_gmt":"2018-03-22T18:26:41","guid":{"rendered":"http:\/\/patsosescape.com\/?page_id=1728"},"modified":"2021-05-05T22:22:02","modified_gmt":"2021-05-05T19:22:02","slug":"hiking-to-the-gorge-of-patsos","status":"publish","type":"page","link":"https:\/\/patsosescape.com\/es\/hiking-to-the-gorge-of-patsos\/","title":{"rendered":"Senderismo al desfiladero de Patsos (Rethymno CRETE)"},"content":{"rendered":"<hr class=\"wp-block-separator\"\/>\n<p><strong><u>RUTA \u00abGORGE\u00bb No 1<br \/><\/u><\/strong><br \/><strong><u>UN CIELO EN LA TIERRA CON INTER\u00c9S ARQUEOL\u00d3GICO, CULTURAL Y NATURAL<\/u><\/strong><\/p>\n<p><strong><u>LONGITUD TOTAL DE LA RUTA 4km u 8km<br \/><\/u>(8km para aquellos que quieran seguir caminando alrededor del lago de Patsos (presa de Potamon),<br \/>despu\u00e9s del final del desfiladero de Patsos)<\/strong><\/p>\n<figure class=\"wp-block-image size-large\"><img loading=\"lazy\" decoding=\"async\" width=\"650\" height=\"669\" src=\"https:\/\/patsosescape.com\/wp-content\/uploads\/2021\/04\/outdoor-activities-rethymno-crete-tour-1.jpg\" alt=\"\" class=\"wp-image-2269\" srcset=\"https:\/\/patsosescape.com\/wp-content\/uploads\/2021\/04\/outdoor-activities-rethymno-crete-tour-1.jpg 650w, https:\/\/patsosescape.com\/wp-content\/uploads\/2021\/04\/outdoor-activities-rethymno-crete-tour-1-291x300.jpg 291w, https:\/\/patsosescape.com\/wp-content\/uploads\/2021\/04\/outdoor-activities-rethymno-crete-tour-1-620x638.jpg 620w, https:\/\/patsosescape.com\/wp-content\/uploads\/2021\/04\/outdoor-activities-rethymno-crete-tour-1-189x195.jpg 189w, https:\/\/patsosescape.com\/wp-content\/uploads\/2021\/04\/outdoor-activities-rethymno-crete-tour-1-45x45.jpg 45w\" sizes=\"auto, (max-width: 650px) 100vw, 650px\" \/><\/figure>\n<p><strong><u>C\u00d3MO LLEGAR (Garganta de Patsos, Rethymno, Creta)<\/u><\/strong><\/p>\n<p>Partimos de la fuente del pueblo que se encuentra justo al lado del \u201c<strong>PATSOS<\/strong>&quot; <strong>taberna tradicional<\/strong>. Luego bajamos por el estrecho camino de hormig\u00f3n ubicado frente a la fuente de agua, entre una gran puerta de hierro y el alt\u00edsimo pl\u00e1tano (300 a\u00f1os), por unos 150 m (2). Aqu\u00ed, el camino es m\u00e1s ancho (algo as\u00ed como meseta) y vemos:<\/p>\n<p>1) Frente a nosotros un \u00e1rbol alto y viejo<\/p>\n<p>2) A nuestra derecha una peque\u00f1a puerta met\u00e1lica desde donde se encuentra la iglesia bizantina (siglo XIV d.C.) a tan solo 20 m.<\/p>\n<p>3) A nuestra izquierda vemos un camino de tierra y un poco m\u00e1s adelante (20m) un gran aljibe.<\/p>\n<p>No vamos ni a derecha ni a izquierda sino que seguimos el camino de tierra en bajada dejando algunas casas antiguas a nuestra derecha. Despu\u00e9s de 200 m (3) nos encontramos a la derecha, una casa con un peque\u00f1o muro de piedra a su alrededor. Aqu\u00ed giramos a la izquierda siguiendo el camino de tierra y hormig\u00f3n en bajada durante unos 350 m encontrando la carretera principal asfaltada (4).<\/p>\n<p>Pasamos por la carretera principal y seguimos el camino de tierra en bajada durante unos 300 my luego la empinada cuesta arriba durante unos 100 m (5) hasta que nos encontramos con un edificio (bodega) a la izquierda.<\/p>\n<p>Luego, seguimos el camino de tierra durante 100 m (6) hasta encontrarnos con un camino asfaltado. Giramos a la derecha y pasados 100m seguimos la empinada cuesta abajo donde vemos una gran taberna a la derecha. Continuando, despu\u00e9s de 100 m (7) nos encontramos frente a la entrada del desfiladero, donde un estrecho sendero nos conduce a la peque\u00f1a y pintoresca capilla blanca de <strong>St. Antonios (Agios Antonios)<\/strong>, que est\u00e1 cubierto por rocas alt\u00edsimas y empinadas. Desde all\u00ed pasamos el primer puente de madera siguiendo el camino del desfiladero.<\/p>\n<p>Luego, seguimos el camino de tierra durante 100 m (6) hasta encontrarnos con un camino asfaltado.<\/p>\n<p>Giramos a la derecha y pasados 100m seguimos la empinada cuesta abajo donde vemos una gran taberna a la derecha. Continuando, despu\u00e9s de 100 m (7) nos encontramos frente a la entrada del desfiladero, donde un estrecho sendero nos conduce a la peque\u00f1a y pintoresca capilla blanca de&nbsp;<strong>San Antonio<\/strong>, que est\u00e1 cubierto por rocas alt\u00edsimas y empinadas.<\/p>\n<\/p>\n<figure class=\"wp-block-embed is-type-video is-provider-youtube wp-block-embed-youtube wp-embed-aspect-4-3 wp-has-aspect-ratio\">\n<div class=\"wp-block-embed__wrapper\">\n<div class=\"themeblvd-video-wrapper\">\n<div class=\"video-inner\"><iframe loading=\"lazy\" title=\"El desfiladero de Patsos\" width=\"940\" height=\"705\" src=\"https:\/\/www.youtube.com\/embed\/AVXnNV-DJrg?feature=oembed&#038;wmode=transparent\" frameborder=\"0\" allow=\"accelerometer; autoplay; clipboard-write; encrypted-media; gyroscope; picture-in-picture\" allowfullscreen><\/iframe><\/div>\n<\/div>\n<\/div>\n<\/figure>\n<\/p>\n<figure class=\"wp-block-image size-large\"><img loading=\"lazy\" decoding=\"async\" width=\"1024\" height=\"461\" src=\"https:\/\/patsosescape.com\/wp-content\/uploads\/2021\/04\/Agios-Antonios-gorge-Rethymno-Crete-2-w1080-1024x461.jpg\" alt=\"\" class=\"wp-image-2501\" srcset=\"https:\/\/patsosescape.com\/wp-content\/uploads\/2021\/04\/Agios-Antonios-gorge-Rethymno-Crete-2-w1080-1024x461.jpg 1024w, https:\/\/patsosescape.com\/wp-content\/uploads\/2021\/04\/Agios-Antonios-gorge-Rethymno-Crete-2-w1080-300x135.jpg 300w, https:\/\/patsosescape.com\/wp-content\/uploads\/2021\/04\/Agios-Antonios-gorge-Rethymno-Crete-2-w1080-768x346.jpg 768w, https:\/\/patsosescape.com\/wp-content\/uploads\/2021\/04\/Agios-Antonios-gorge-Rethymno-Crete-2-w1080-16x7.jpg 16w, https:\/\/patsosescape.com\/wp-content\/uploads\/2021\/04\/Agios-Antonios-gorge-Rethymno-Crete-2-w1080-940x423.jpg 940w, https:\/\/patsosescape.com\/wp-content\/uploads\/2021\/04\/Agios-Antonios-gorge-Rethymno-Crete-2-w1080-620x279.jpg 620w, https:\/\/patsosescape.com\/wp-content\/uploads\/2021\/04\/Agios-Antonios-gorge-Rethymno-Crete-2-w1080-195x88.jpg 195w, https:\/\/patsosescape.com\/wp-content\/uploads\/2021\/04\/Agios-Antonios-gorge-Rethymno-Crete-2-w1080.jpg 1080w\" sizes=\"auto, (max-width: 1024px) 100vw, 1024px\" \/><\/figure>\n<p><strong><em>Despu\u00e9s de disfrutar del espect\u00e1culo \u00fanico y todos nuestros sentidos estimulados, terminamos en Mrs Maria&#039;s para continuar el sue\u00f1o de deliciosos platos tradicionales que incluyen verduras frescas, carne, huevos, aceite de oliva virgen extra, todos org\u00e1nicos y todos producidos localmente en los campos familiares.<\/em><\/strong><\/p>\n<figure class=\"wp-block-gallery columns-2 is-cropped wp-block-gallery-1 is-layout-flex wp-block-gallery-is-layout-flex\">\n<ul class=\"blocks-gallery-grid\">\n<li class=\"blocks-gallery-item\">\n<figure><img loading=\"lazy\" decoding=\"async\" width=\"500\" height=\"667\" src=\"https:\/\/patsosescape.com\/wp-content\/uploads\/2021\/04\/chappel-St-Antonio-gorge-Rethymnon-Crete-2-w500.jpg\" alt=\"\" data-id=\"2868\" data-full-url=\"https:\/\/patsosescape.com\/wp-content\/uploads\/2021\/04\/chappel-St-Antonio-gorge-Rethymnon-Crete-2-w500.jpg\" data-link=\"https:\/\/patsosescape.com\/hiking-to-the-gorge-of-patsos\/chappel-st-antonio-gorge-rethymnon-crete-2-w500\/\" class=\"wp-image-2868\" srcset=\"https:\/\/patsosescape.com\/wp-content\/uploads\/2021\/04\/chappel-St-Antonio-gorge-Rethymnon-Crete-2-w500.jpg 500w, https:\/\/patsosescape.com\/wp-content\/uploads\/2021\/04\/chappel-St-Antonio-gorge-Rethymnon-Crete-2-w500-225x300.jpg 225w, https:\/\/patsosescape.com\/wp-content\/uploads\/2021\/04\/chappel-St-Antonio-gorge-Rethymnon-Crete-2-w500-9x12.jpg 9w, https:\/\/patsosescape.com\/wp-content\/uploads\/2021\/04\/chappel-St-Antonio-gorge-Rethymnon-Crete-2-w500-146x195.jpg 146w\" sizes=\"auto, (max-width: 500px) 100vw, 500px\" \/><\/figure>\n<\/li>\n<li class=\"blocks-gallery-item\">\n<figure><img loading=\"lazy\" decoding=\"async\" width=\"500\" height=\"375\" src=\"https:\/\/patsosescape.com\/wp-content\/uploads\/2021\/04\/trekking-Saint-Antonios-gorge-Rethymno-Crete-w500.jpg\" alt=\"\" data-id=\"2860\" data-full-url=\"https:\/\/patsosescape.com\/wp-content\/uploads\/2021\/04\/trekking-Saint-Antonios-gorge-Rethymno-Crete-w500.jpg\" data-link=\"https:\/\/patsosescape.com\/hiking-to-the-gorge-of-patsos\/trekking-saint-antonios-gorge-rethymno-crete-w500\/\" class=\"wp-image-2860\" srcset=\"https:\/\/patsosescape.com\/wp-content\/uploads\/2021\/04\/trekking-Saint-Antonios-gorge-Rethymno-Crete-w500.jpg 500w, https:\/\/patsosescape.com\/wp-content\/uploads\/2021\/04\/trekking-Saint-Antonios-gorge-Rethymno-Crete-w500-300x225.jpg 300w, https:\/\/patsosescape.com\/wp-content\/uploads\/2021\/04\/trekking-Saint-Antonios-gorge-Rethymno-Crete-w500-16x12.jpg 16w, https:\/\/patsosescape.com\/wp-content\/uploads\/2021\/04\/trekking-Saint-Antonios-gorge-Rethymno-Crete-w500-195x146.jpg 195w\" sizes=\"auto, (max-width: 500px) 100vw, 500px\" \/><\/figure>\n<\/li>\n<li class=\"blocks-gallery-item\">\n<figure><img loading=\"lazy\" decoding=\"async\" width=\"500\" height=\"375\" src=\"https:\/\/patsosescape.com\/wp-content\/uploads\/2021\/04\/St-Antonio-gorge-Rethymno-Crete-trekking-2-w500.jpg\" alt=\"\" data-id=\"2872\" data-full-url=\"https:\/\/patsosescape.com\/wp-content\/uploads\/2021\/04\/St-Antonio-gorge-Rethymno-Crete-trekking-2-w500.jpg\" data-link=\"https:\/\/patsosescape.com\/hiking-to-the-gorge-of-patsos\/st-antonio-gorge-rethymno-crete-trekking-2-w500\/\" class=\"wp-image-2872\" srcset=\"https:\/\/patsosescape.com\/wp-content\/uploads\/2021\/04\/St-Antonio-gorge-Rethymno-Crete-trekking-2-w500.jpg 500w, https:\/\/patsosescape.com\/wp-content\/uploads\/2021\/04\/St-Antonio-gorge-Rethymno-Crete-trekking-2-w500-300x225.jpg 300w, https:\/\/patsosescape.com\/wp-content\/uploads\/2021\/04\/St-Antonio-gorge-Rethymno-Crete-trekking-2-w500-16x12.jpg 16w, https:\/\/patsosescape.com\/wp-content\/uploads\/2021\/04\/St-Antonio-gorge-Rethymno-Crete-trekking-2-w500-195x146.jpg 195w\" sizes=\"auto, (max-width: 500px) 100vw, 500px\" \/><\/figure>\n<\/li>\n<li class=\"blocks-gallery-item\">\n<figure><img loading=\"lazy\" decoding=\"async\" width=\"500\" height=\"669\" src=\"https:\/\/patsosescape.com\/wp-content\/uploads\/2021\/04\/water-source-Agios-Antonios-gorge-Rethymno-Crete-w500.jpg\" alt=\"\" data-id=\"2873\" data-full-url=\"https:\/\/patsosescape.com\/wp-content\/uploads\/2021\/04\/water-source-Agios-Antonios-gorge-Rethymno-Crete-w500.jpg\" data-link=\"https:\/\/patsosescape.com\/hiking-to-the-gorge-of-patsos\/water-source-agios-antonios-gorge-rethymno-crete-w500\/\" class=\"wp-image-2873\" srcset=\"https:\/\/patsosescape.com\/wp-content\/uploads\/2021\/04\/water-source-Agios-Antonios-gorge-Rethymno-Crete-w500.jpg 500w, https:\/\/patsosescape.com\/wp-content\/uploads\/2021\/04\/water-source-Agios-Antonios-gorge-Rethymno-Crete-w500-224x300.jpg 224w, https:\/\/patsosescape.com\/wp-content\/uploads\/2021\/04\/water-source-Agios-Antonios-gorge-Rethymno-Crete-w500-9x12.jpg 9w, https:\/\/patsosescape.com\/wp-content\/uploads\/2021\/04\/water-source-Agios-Antonios-gorge-Rethymno-Crete-w500-146x195.jpg 146w\" sizes=\"auto, (max-width: 500px) 100vw, 500px\" \/><\/figure>\n<\/li>\n<li class=\"blocks-gallery-item\">\n<figure><img loading=\"lazy\" decoding=\"async\" width=\"1024\" height=\"386\" src=\"https:\/\/patsosescape.com\/wp-content\/uploads\/2021\/04\/Potamon-dam-Patsos-Rethymno-Crete-1024x386.jpg\" alt=\"\" data-id=\"2871\" data-full-url=\"https:\/\/patsosescape.com\/wp-content\/uploads\/2021\/04\/Potamon-dam-Patsos-Rethymno-Crete-scaled.jpg\" data-link=\"https:\/\/patsosescape.com\/hiking-to-the-gorge-of-patsos\/potamon-dam-patsos-rethymno-crete\/\" class=\"wp-image-2871\" srcset=\"https:\/\/patsosescape.com\/wp-content\/uploads\/2021\/04\/Potamon-dam-Patsos-Rethymno-Crete-1024x386.jpg 1024w, https:\/\/patsosescape.com\/wp-content\/uploads\/2021\/04\/Potamon-dam-Patsos-Rethymno-Crete-300x113.jpg 300w, https:\/\/patsosescape.com\/wp-content\/uploads\/2021\/04\/Potamon-dam-Patsos-Rethymno-Crete-768x290.jpg 768w, https:\/\/patsosescape.com\/wp-content\/uploads\/2021\/04\/Potamon-dam-Patsos-Rethymno-Crete-1536x579.jpg 1536w, https:\/\/patsosescape.com\/wp-content\/uploads\/2021\/04\/Potamon-dam-Patsos-Rethymno-Crete-2048x772.jpg 2048w, https:\/\/patsosescape.com\/wp-content\/uploads\/2021\/04\/Potamon-dam-Patsos-Rethymno-Crete-16x6.jpg 16w, https:\/\/patsosescape.com\/wp-content\/uploads\/2021\/04\/Potamon-dam-Patsos-Rethymno-Crete-940x354.jpg 940w, https:\/\/patsosescape.com\/wp-content\/uploads\/2021\/04\/Potamon-dam-Patsos-Rethymno-Crete-620x234.jpg 620w, https:\/\/patsosescape.com\/wp-content\/uploads\/2021\/04\/Potamon-dam-Patsos-Rethymno-Crete-195x74.jpg 195w, https:\/\/patsosescape.com\/wp-content\/uploads\/2021\/04\/Potamon-dam-Patsos-Rethymno-Crete-scaled.jpg 1080w\" sizes=\"auto, (max-width: 1024px) 100vw, 1024px\" \/><\/figure>\n<\/li>\n<\/ul>\n<\/figure>\n<p><strong>\u00a1DISFRUTA DEL CAMINATA!<\/strong><\/p>\n<\/p>\n<hr class=\"wp-block-separator\"\/>\n<h3 class=\"wp-block-heading\"><strong>Las mejores actividades y tours al aire libre en Rethymno Creta<\/strong><\/h3>\n<ul class=\"wp-block-list\">\n<li><a>Rutas de senderismo \/ trekking en Rethymno CRETA (Patsos Gorge \/ AMARI)&nbsp;<\/a>\n<ul>\n<li><a href=\"https:\/\/patsosescape.com\/es\/hiking-routes\/\">Instrucci\u00f3n de senderismo para el senderismo en el \u00e1rea de Patsos (Rethymno Creta)<\/a><\/li>\n<li><a href=\"https:\/\/patsosescape.com\/es\/hiking-to-the-gorge-of-patsos\/\">Senderismo al desfiladero de Patsos (RUTA N \u00b0 1)<\/a><\/li>\n<li><a href=\"https:\/\/patsosescape.com\/es\/hiking-soros-mountain-rethymnon-crete\/\">Caminata a Soros Mountain Patsos (RUTA N \u00b0 2)<\/a><\/li>\n<li><a href=\"https:\/\/patsosescape.com\/es\/hiking-harakas-amari-rethymnon\/\">Senderismo a Harakas en Patsos (RUTA N \u00b0 3)<\/a><\/li>\n<\/ul>\n<\/li>\n<\/ul>\n<ul class=\"wp-block-list\">\n<li><a href=\"https:\/\/patsosescape.com\/es\/biking\/\">Ciclismo \/ Tours en bicicleta en Rethymno CRETA - \u00e1rea de Patsos (AMARI)<\/a><\/li>\n<li><a href=\"https:\/\/patsosescape.com\/es\/climbing-routes-patsos-gorge\/\">Escalada en la garganta de Patsos en Amari Rethymno CRETA<\/a><\/li>\n<\/ul>","protected":false},"excerpt":{"rendered":"<p>\u00abGORGE\u00bb ROUTE No 1A HEAVEN ON EARTH WITH ARCHAEOLOGICAL, CULTURAL AND NATURAL INTEREST TOTAL ROUTE LENGTH 4km or 8km(8km for those who want to continue hiking around the lake of Patsos (Potamon Dam),after the end of the gorge of Patsos) HOW TO GET THERE (Patsos gorge, Rethymno, Crete) We start from the village fountain which is located just beside the \u201cPATSOS\u201d traditional tavern. Then we are going down the &nbsp;narrow concrete path located opposite the water source, between a big iron gate and &nbsp;the very old high plane tree (300&hellip; <a class=\"read-more-link\" href=\"https:\/\/patsosescape.com\/es\/hiking-to-the-gorge-of-patsos\/\">Lee mas<\/a><\/p>","protected":false},"author":2,"featured_media":0,"parent":0,"menu_order":0,"comment_status":"closed","ping_status":"closed","template":"","meta":{"ngg_post_thumbnail":0,"_glsr_average":0,"_glsr_ranking":0,"_glsr_reviews":0,"footnotes":""},"class_list":["post-1728","page","type-page","status-publish","hentry"],"aioseo_notices":[],"_links":{"self":[{"href":"https:\/\/patsosescape.com\/es\/wp-json\/wp\/v2\/pages\/1728","targetHints":{"allow":["GET"]}}],"collection":[{"href":"https:\/\/patsosescape.com\/es\/wp-json\/wp\/v2\/pages"}],"about":[{"href":"https:\/\/patsosescape.com\/es\/wp-json\/wp\/v2\/types\/page"}],"author":[{"embeddable":true,"href":"https:\/\/patsosescape.com\/es\/wp-json\/wp\/v2\/users\/2"}],"replies":[{"embeddable":true,"href":"https:\/\/patsosescape.com\/es\/wp-json\/wp\/v2\/comments?post=1728"}],"version-history":[{"count":0,"href":"https:\/\/patsosescape.com\/es\/wp-json\/wp\/v2\/pages\/1728\/revisions"}],"wp:attachment":[{"href":"https:\/\/patsosescape.com\/es\/wp-json\/wp\/v2\/media?parent=1728"}],"curies":[{"name":"wp","href":"https:\/\/api.w.org\/{rel}","templated":true}]}}