{"id":2739,"date":"2021-04-27T01:56:59","date_gmt":"2021-04-26T22:56:59","guid":{"rendered":"https:\/\/patsosescape.com\/?page_id=2739"},"modified":"2021-05-10T01:22:43","modified_gmt":"2021-05-09T22:22:43","slug":"hiking-soros-mountain-rethymnon-crete","status":"publish","type":"page","link":"https:\/\/patsosescape.com\/es\/hiking-soros-mountain-rethymnon-crete\/","title":{"rendered":"Senderismo a la monta\u00f1a Soros desde Patsos (Rethymnon, Creta)"},"content":{"rendered":"<hr class=\"wp-block-separator\"\/>\n<p><strong><u>RUTA \u00abSOROS\u00bb - No 2<\/p>\n<p>VEA EL MUNDO DESDE ARRIBA - EXPERIMENTE LA M\u00c1XIMA LIBERTAD Y CONFIANZA EN S\u00cd MISMO<\/u><\/strong><\/p>\n<p><strong><u>LONGITUD TOTAL RUTA 7,5km<\/u><\/strong><\/p>\n<p><strong><u>C\u00d3MO LLEGAR ALL\u00c1<\/u><\/strong><\/p>\n<\/p>\n<p>Soros es una monta\u00f1a que domina la zona. La ruta de Soros es un camino perfecto, capaz de estimular la mente, el coraz\u00f3n y el cuerpo por la incomparable belleza de la naturaleza salvaje y el desaf\u00edo constante al excursionista que quiere conquistarla.<\/p>\n<p>Empezamos siguiendo la misma ruta \u00ab\u0397ARAKAS\u00bb hasta el punto 5 de este. Desde all\u00ed continuamos recto hasta el punto 1, un gran dep\u00f3sito de agua de la ruta. Continuando el camino de tierra cuesta arriba, la pendiente del terreno es a\u00fan m\u00e1s empinada hasta el punto 2 y la belleza de la naturaleza salvaje te encanta.<\/p>\n<p>&nbsp;Durante unos metros el camino sigue recto hasta llegar al punto 3, una antigua casa de piedra a nuestra izquierda. Se llama \u00abMitato\u00bb en dialecto cretense que significa casa de pastor en los tiempos antiguos haciendo queso.<\/p>\n<p>Seguimos recto cuesta arriba hasta llegar a un punto de uni\u00f3n 4. Desde all\u00ed giramos a la derecha siguiendo el camino de tierra en bajada hasta el punto 5 donde giramos de nuevo a la derecha por un camino cuesta arriba hasta el punto 6 donde vemos un dep\u00f3sito subterr\u00e1neo de agua de lluvia llamado \u00abSarnitsi\u00bb. en dialecto cretense. En este punto podemos ver claramente la cima del monte. Soros. Siguiendo un camino rocoso en direcci\u00f3n oeste en aproximadamente una hora llegamos a la cima (1.180m) punto 7. Toda la ruta es cuesta arriba excepto por el 4 al punto 5<\/p>\n<p>Una ruta m\u00e1s exigente. A medida que aumenta la altitud, experimenta la m\u00e1xima libertad y todos los sentidos se llenan de plenitud con la naturaleza.<\/p>\n<figure class=\"wp-block-embed is-type-rich is-provider-embed-handler wp-block-embed-embed-handler wp-embed-aspect-16-9 wp-has-aspect-ratio\">\n<div class=\"wp-block-embed__wrapper\">\n<div class=\"themeblvd-video-wrapper\">\n<div class=\"video-inner\"><iframe loading=\"lazy\" title=\"Monta\u00f1a SOROS - Senderismo, Tekking, Escalada\" width=\"940\" height=\"529\" src=\"https:\/\/www.youtube.com\/embed\/4Dhit5LHMv4?feature=oembed&#038;wmode=transparent\" frameborder=\"0\" allow=\"accelerometer; autoplay; clipboard-write; encrypted-media; gyroscope; picture-in-picture\" allowfullscreen><\/iframe><\/div>\n<\/div>\n<\/div>\n<\/figure>\n<\/p>\n<\/p>\n<hr class=\"wp-block-separator\"\/>\n<figure class=\"wp-block-gallery columns-2 is-cropped wp-block-gallery-1 is-layout-flex wp-block-gallery-is-layout-flex\">\n<ul class=\"blocks-gallery-grid\">\n<li class=\"blocks-gallery-item\">\n<figure><img loading=\"lazy\" decoding=\"async\" width=\"704\" height=\"960\" src=\"https:\/\/patsosescape.com\/wp-content\/uploads\/2021\/04\/peak-soros-mountain-Rethymnon-crete.jpg\" alt=\"\" data-id=\"2811\" data-full-url=\"https:\/\/patsosescape.com\/wp-content\/uploads\/2021\/04\/peak-soros-mountain-Rethymnon-crete.jpg\" data-link=\"https:\/\/patsosescape.com\/peak-soros-mountain-rethymnon-crete\/\" class=\"wp-image-2811\" srcset=\"https:\/\/patsosescape.com\/wp-content\/uploads\/2021\/04\/peak-soros-mountain-Rethymnon-crete.jpg 704w, https:\/\/patsosescape.com\/wp-content\/uploads\/2021\/04\/peak-soros-mountain-Rethymnon-crete-220x300.jpg 220w, https:\/\/patsosescape.com\/wp-content\/uploads\/2021\/04\/peak-soros-mountain-Rethymnon-crete-9x12.jpg 9w, https:\/\/patsosescape.com\/wp-content\/uploads\/2021\/04\/peak-soros-mountain-Rethymnon-crete-620x845.jpg 620w, https:\/\/patsosescape.com\/wp-content\/uploads\/2021\/04\/peak-soros-mountain-Rethymnon-crete-143x195.jpg 143w\" sizes=\"auto, (max-width: 704px) 100vw, 704px\" \/><\/figure>\n<\/li>\n<li class=\"blocks-gallery-item\">\n<figure><img loading=\"lazy\" decoding=\"async\" width=\"500\" height=\"429\" src=\"https:\/\/patsosescape.com\/wp-content\/uploads\/2021\/04\/outdoor-activities-soros-mountain-Rethymnon-Crete-w500.jpg\" alt=\"actividades al aire libre en la monta\u00f1a Soros en Amari Rethymnon Creta\" data-id=\"2891\" data-full-url=\"https:\/\/patsosescape.com\/wp-content\/uploads\/2021\/04\/outdoor-activities-soros-mountain-Rethymnon-Crete-w500.jpg\" data-link=\"https:\/\/patsosescape.com\/hiking-soros-mountain-rethymnon-crete\/outdoor-activities-soros-mountain-rethymnon-crete-w500\/\" class=\"wp-image-2891\" srcset=\"https:\/\/patsosescape.com\/wp-content\/uploads\/2021\/04\/outdoor-activities-soros-mountain-Rethymnon-Crete-w500.jpg 500w, https:\/\/patsosescape.com\/wp-content\/uploads\/2021\/04\/outdoor-activities-soros-mountain-Rethymnon-Crete-w500-300x257.jpg 300w, https:\/\/patsosescape.com\/wp-content\/uploads\/2021\/04\/outdoor-activities-soros-mountain-Rethymnon-Crete-w500-14x12.jpg 14w, https:\/\/patsosescape.com\/wp-content\/uploads\/2021\/04\/outdoor-activities-soros-mountain-Rethymnon-Crete-w500-195x167.jpg 195w\" sizes=\"auto, (max-width: 500px) 100vw, 500px\" \/><\/figure>\n<\/li>\n<li class=\"blocks-gallery-item\">\n<figure><img loading=\"lazy\" decoding=\"async\" width=\"720\" height=\"540\" src=\"https:\/\/patsosescape.com\/wp-content\/uploads\/2021\/04\/guided-trekking-tours-soros-Rethymnon-Crete.jpg\" alt=\"\" data-id=\"2809\" data-full-url=\"https:\/\/patsosescape.com\/wp-content\/uploads\/2021\/04\/guided-trekking-tours-soros-Rethymnon-Crete.jpg\" data-link=\"https:\/\/patsosescape.com\/guided-trekking-tours-soros-rethymnon-crete\/\" class=\"wp-image-2809\" srcset=\"https:\/\/patsosescape.com\/wp-content\/uploads\/2021\/04\/guided-trekking-tours-soros-Rethymnon-Crete.jpg 720w, https:\/\/patsosescape.com\/wp-content\/uploads\/2021\/04\/guided-trekking-tours-soros-Rethymnon-Crete-300x225.jpg 300w, https:\/\/patsosescape.com\/wp-content\/uploads\/2021\/04\/guided-trekking-tours-soros-Rethymnon-Crete-16x12.jpg 16w, https:\/\/patsosescape.com\/wp-content\/uploads\/2021\/04\/guided-trekking-tours-soros-Rethymnon-Crete-620x465.jpg 620w, https:\/\/patsosescape.com\/wp-content\/uploads\/2021\/04\/guided-trekking-tours-soros-Rethymnon-Crete-195x146.jpg 195w\" sizes=\"auto, (max-width: 720px) 100vw, 720px\" \/><\/figure>\n<\/li>\n<li class=\"blocks-gallery-item\">\n<figure><img loading=\"lazy\" decoding=\"async\" width=\"604\" height=\"453\" src=\"https:\/\/patsosescape.com\/wp-content\/uploads\/2021\/04\/climbing-Soros-mt-Rethymnon-Crete-trekking.jpg\" alt=\"\" data-id=\"2807\" data-full-url=\"https:\/\/patsosescape.com\/wp-content\/uploads\/2021\/04\/climbing-Soros-mt-Rethymnon-Crete-trekking.jpg\" data-link=\"https:\/\/patsosescape.com\/climbing-soros-mt-rethymnon-crete-trekking\/\" class=\"wp-image-2807\" srcset=\"https:\/\/patsosescape.com\/wp-content\/uploads\/2021\/04\/climbing-Soros-mt-Rethymnon-Crete-trekking.jpg 604w, https:\/\/patsosescape.com\/wp-content\/uploads\/2021\/04\/climbing-Soros-mt-Rethymnon-Crete-trekking-300x225.jpg 300w, https:\/\/patsosescape.com\/wp-content\/uploads\/2021\/04\/climbing-Soros-mt-Rethymnon-Crete-trekking-16x12.jpg 16w, https:\/\/patsosescape.com\/wp-content\/uploads\/2021\/04\/climbing-Soros-mt-Rethymnon-Crete-trekking-195x146.jpg 195w\" sizes=\"auto, (max-width: 604px) 100vw, 604px\" \/><\/figure>\n<\/li>\n<li class=\"blocks-gallery-item\">\n<figure><img loading=\"lazy\" decoding=\"async\" width=\"940\" height=\"400\" src=\"https:\/\/patsosescape.com\/wp-content\/uploads\/2021\/04\/hiking-on-crete-patsos-rethymno-w940.jpg\" alt=\"\" data-id=\"2197\" data-full-url=\"https:\/\/patsosescape.com\/wp-content\/uploads\/2021\/04\/hiking-on-crete-patsos-rethymno-w940.jpg\" data-link=\"https:\/\/patsosescape.com\/hiking-on-crete-patsos-rethymno-w940\/\" class=\"wp-image-2197\" srcset=\"https:\/\/patsosescape.com\/wp-content\/uploads\/2021\/04\/hiking-on-crete-patsos-rethymno-w940.jpg 940w, https:\/\/patsosescape.com\/wp-content\/uploads\/2021\/04\/hiking-on-crete-patsos-rethymno-w940-300x128.jpg 300w, https:\/\/patsosescape.com\/wp-content\/uploads\/2021\/04\/hiking-on-crete-patsos-rethymno-w940-768x327.jpg 768w, https:\/\/patsosescape.com\/wp-content\/uploads\/2021\/04\/hiking-on-crete-patsos-rethymno-w940-620x264.jpg 620w, https:\/\/patsosescape.com\/wp-content\/uploads\/2021\/04\/hiking-on-crete-patsos-rethymno-w940-195x83.jpg 195w\" sizes=\"auto, (max-width: 940px) 100vw, 940px\" \/><\/figure>\n<\/li>\n<\/ul>\n<\/figure>\n<h3 class=\"wp-block-heading\"><strong>Las mejores actividades y tours al aire libre en Creta<\/strong><\/h3>\n<ul class=\"wp-block-list\">\n<li><a>Rutas de senderismo \/ trekking en Rethymno CRETA (Patsos Gorge \/ AMARI)&nbsp;<\/a>\n<ul>\n<li><a href=\"https:\/\/patsosescape.com\/es\/hiking-routes\/\">Instrucci\u00f3n de senderismo para el senderismo en el \u00e1rea de Patsos (Rethymno Creta)<\/a><\/li>\n<li><a href=\"\/es\/hiking-to-the-gorge-of-patsos\/\">Senderismo al desfiladero de Patsos (RUTA N \u00b0 1)<\/a><\/li>\n<li><a href=\"https:\/\/patsosescape.com\/es\/hiking-soros-mountain-rethymnon-crete\/\">Caminata a Soros Mountain Patsos (RUTA N \u00b0 2)<\/a><\/li>\n<li><a href=\"https:\/\/patsosescape.com\/es\/hiking-harakas-amari-rethymnon\/\">Senderismo a Harakas en Patsos (RUTA N \u00b0 3)<\/a><\/li>\n<\/ul>\n<\/li>\n<\/ul>\n<ul class=\"wp-block-list\">\n<li><a href=\"https:\/\/patsosescape.com\/es\/biking\/\">Ciclismo \/ Tours en bicicleta en Rethymno CRETA - \u00e1rea de Patsos (AMARI)<\/a><\/li>\n<li><a href=\"https:\/\/patsosescape.com\/es\/climbing-routes-patsos-gorge\/\">Escalada en la garganta de Patsos en Amari Rethymno CRETA<\/a><\/li>\n<\/ul>","protected":false},"excerpt":{"rendered":"<p>RUTA \u00abSOROS\u00bb - No 2 VER EL MUNDO DESDE ARRIBA - EXPERIMENTAR LA M\u00c1XIMA LIBERTAD Y CONFIANZA EN S\u00cd MISMO LONGITUD TOTAL DE LA RUTA 7,5km C\u00d3MO LLEGAR Soros es una monta\u00f1a que domina la zona. La ruta de Soros es un camino perfecto, capaz de estimular la mente, el coraz\u00f3n y el cuerpo por la incomparable belleza de la naturaleza salvaje y el desaf\u00edo constante al excursionista que quiere conquistarla. Empezamos siguiendo la misma ruta \u00ab\u0397ARAKAS\u00bb hasta el punto 5 de este. Desde all\u00ed seguimos recto hasta el punto 1-\u2026 <a class=\"read-more-link\" href=\"https:\/\/patsosescape.com\/es\/hiking-soros-mountain-rethymnon-crete\/\">Lee mas<\/a><\/p>","protected":false},"author":5,"featured_media":0,"parent":0,"menu_order":0,"comment_status":"closed","ping_status":"closed","template":"","meta":{"ngg_post_thumbnail":0,"_glsr_average":0,"_glsr_ranking":0,"_glsr_reviews":0,"footnotes":""},"class_list":["post-2739","page","type-page","status-publish","hentry"],"aioseo_notices":[],"_links":{"self":[{"href":"https:\/\/patsosescape.com\/es\/wp-json\/wp\/v2\/pages\/2739","targetHints":{"allow":["GET"]}}],"collection":[{"href":"https:\/\/patsosescape.com\/es\/wp-json\/wp\/v2\/pages"}],"about":[{"href":"https:\/\/patsosescape.com\/es\/wp-json\/wp\/v2\/types\/page"}],"author":[{"embeddable":true,"href":"https:\/\/patsosescape.com\/es\/wp-json\/wp\/v2\/users\/5"}],"replies":[{"embeddable":true,"href":"https:\/\/patsosescape.com\/es\/wp-json\/wp\/v2\/comments?post=2739"}],"version-history":[{"count":0,"href":"https:\/\/patsosescape.com\/es\/wp-json\/wp\/v2\/pages\/2739\/revisions"}],"wp:attachment":[{"href":"https:\/\/patsosescape.com\/es\/wp-json\/wp\/v2\/media?parent=2739"}],"curies":[{"name":"wp","href":"https:\/\/api.w.org\/{rel}","templated":true}]}}