{"id":2740,"date":"2021-04-27T01:57:16","date_gmt":"2021-04-26T22:57:16","guid":{"rendered":"https:\/\/patsosescape.com\/?page_id=2740"},"modified":"2021-05-05T22:40:19","modified_gmt":"2021-05-05T19:40:19","slug":"hiking-harakas-amari-rethymnon","status":"publish","type":"page","link":"https:\/\/patsosescape.com\/es\/hiking-harakas-amari-rethymnon\/","title":{"rendered":"Senderismo a Harakas en Patsos (Rethymnon Creta)"},"content":{"rendered":"<hr class=\"wp-block-separator\"\/>\n<p><strong><u>RUTA \u00abHARAKAS\u00bb No 3<\/u><\/strong><\/p>\n<p><strong><u><br \/>UN SITIO HIST\u00d3RICO \/ S\u00cdMBOLO DE PATRIOTISMO Y LIBERTAD<\/u><\/strong><\/p>\n<p><strong><u><br \/>LONGITUD TOTAL DE RUTA 1,5km<\/p>\n<p><\/u><\/strong><\/p>\n<figure class=\"wp-block-image size-large\"><img loading=\"lazy\" decoding=\"async\" width=\"940\" height=\"501\" src=\"https:\/\/patsosescape.com\/wp-content\/uploads\/2021\/04\/hiking-cycling-climbing-Rethymno-Crete-tour-3.png\" alt=\"\" class=\"wp-image-2280\" srcset=\"https:\/\/patsosescape.com\/wp-content\/uploads\/2021\/04\/hiking-cycling-climbing-Rethymno-Crete-tour-3.png 940w, https:\/\/patsosescape.com\/wp-content\/uploads\/2021\/04\/hiking-cycling-climbing-Rethymno-Crete-tour-3-300x160.png 300w, https:\/\/patsosescape.com\/wp-content\/uploads\/2021\/04\/hiking-cycling-climbing-Rethymno-Crete-tour-3-768x409.png 768w, https:\/\/patsosescape.com\/wp-content\/uploads\/2021\/04\/hiking-cycling-climbing-Rethymno-Crete-tour-3-620x330.png 620w, https:\/\/patsosescape.com\/wp-content\/uploads\/2021\/04\/hiking-cycling-climbing-Rethymno-Crete-tour-3-195x104.png 195w\" sizes=\"auto, (max-width: 940px) 100vw, 940px\" \/><\/figure>\n<p>Una ruta que conduce al escondite llamado \u201cHARAKAS\u201d donde el general Kreipe secuestrado de Alemania fue escondido por los secuestradores durante 2 noches (7 y 8 de mayo de 1944). Adem\u00e1s de inter\u00e9s hist\u00f3rico, la ruta cubierta por una densa vegetaci\u00f3n y la belleza salvaje de las monta\u00f1as que la rodean, es una buena oportunidad de escape para todos, debido a la corta distancia (1 km) y el f\u00e1cil acceso.<\/p>\n<p>PD: HARAKAS significa una roca enorme e imponente<\/p>\n<p><strong><u>(C\u00d3MO G<\/u><\/strong><strong><u>ET <\/u><\/strong><strong><u>ALL\u00cd)<\/u><\/strong><\/p>\n<p>Despu\u00e9s de haber disfrutado del tradicional caf\u00e9 griego con el r\u00fastico desayuno completo de la Sra. Mar\u00eda, puede enfriar y llenar sus frascos con las cristalinas aguas del manantial que se encuentra justo al lado de la tradicional taberna \u201cPATSOS\u201d.<\/p>\n<p>Luego seguimos el camino asfaltado cuesta arriba que toca la taberna tradicional PATSOS durante 50 m (2)<\/p>\n<p>All\u00ed, giramos a la derecha siguiendo la carretera de hormig\u00f3n durante 40 m (3),<\/p>\n<p>&nbsp;Luego, giramos a la izquierda siguiendo la carretera de hormig\u00f3n en subida durante unos 200m donde vemos&nbsp;<\/p>\n<p>un gran dep\u00f3sito de agua cerrado a la derecha y 50 m m\u00e1s adelante un redil a la izquierda.<\/p>\n<p>Continuando por el camino de tierra cuesta arriba durante unos 100 (4) vemos un santuario a la izquierda donde se unen dos caminos (Aqu\u00ed se puede disfrutar de una maravillosa vista panor\u00e1mica) ...<\/p>\n<p>Seguimos el camino de tierra y asfalto cuesta arriba a la izquierda durante 150 m (5) hasta encontrarnos tambi\u00e9n con dos caminos unidos. Seguimos a la izquierda cuesta abajo de hormig\u00f3n y luego el camino de tierra durante 200m (6) donde vemos una valla a la derecha.<\/p>\n<p>&nbsp;Despu\u00e9s de abrirla (valla), seguimos el camino de tierra - camino durante 50m hasta una higuera donde giramos a la izquierda. En este punto seguimos recto hasta llegar a los nogales justo antes de la entrada del escondite (no tan visible debido a la densa vegetaci\u00f3n por lo que debemos arrodillarnos para ver la entrada: un tronco de \u00e1rbol paralelo al suelo donde tenemos que pasar por debajo y justo enfrente de nosotros vemos la roca - HARAKAS (7)<\/p>\n<p><strong><u>NOTA<\/u><\/strong>: Terminando nuestra visita a HARAKAS volvemos a la valla, punto (6) y seguimos la carretera de hormig\u00f3n cuesta abajo durante 200m, hasta encontrarnos con la capilla de San Konstantinos y Eleni (8). Despu\u00e9s de disfrutar de la belleza natural salvaje y todos nuestros sentidos estimulados, terminamos en Mrs Maria&#039;s para continuar el sue\u00f1o de deliciosos platos tradicionales que incluyen verduras frescas, carne, huevos, aceite de oliva virgen extra, todos org\u00e1nicos y todos producidos localmente en los campos familiares.<\/p>\n<\/p>\n<figure class=\"wp-block-embed is-type-video is-provider-youtube wp-block-embed-youtube wp-embed-aspect-4-3 wp-has-aspect-ratio\">\n<div class=\"wp-block-embed__wrapper\">\n<div class=\"themeblvd-video-wrapper\">\n<div class=\"video-inner\"><iframe loading=\"lazy\" title=\"ACTIVIDADES AL AIRE LIBRE PATSOS (Rethymno, Creta)\" width=\"940\" height=\"705\" src=\"https:\/\/www.youtube.com\/embed\/IYv1Lnnbyag?feature=oembed&#038;wmode=transparent\" frameborder=\"0\" allow=\"accelerometer; autoplay; clipboard-write; encrypted-media; gyroscope; picture-in-picture\" allowfullscreen><\/iframe><\/div>\n<\/div>\n<\/div>\n<\/figure>\n<figure class=\"wp-block-gallery columns-2 is-cropped wp-block-gallery-1 is-layout-flex wp-block-gallery-is-layout-flex\">\n<ul class=\"blocks-gallery-grid\">\n<li class=\"blocks-gallery-item\">\n<figure><img loading=\"lazy\" decoding=\"async\" width=\"604\" height=\"459\" src=\"https:\/\/patsosescape.com\/wp-content\/uploads\/2021\/04\/spring-Patsos-water-source-Rethymnon-Crete.jpg\" alt=\"\" data-id=\"2826\" data-full-url=\"https:\/\/patsosescape.com\/wp-content\/uploads\/2021\/04\/spring-Patsos-water-source-Rethymnon-Crete.jpg\" data-link=\"https:\/\/patsosescape.com\/hiking-harakas-amari-rethymnon\/spring-patsos-water-source-rethymnon-crete\/\" class=\"wp-image-2826\" srcset=\"https:\/\/patsosescape.com\/wp-content\/uploads\/2021\/04\/spring-Patsos-water-source-Rethymnon-Crete.jpg 604w, https:\/\/patsosescape.com\/wp-content\/uploads\/2021\/04\/spring-Patsos-water-source-Rethymnon-Crete-300x228.jpg 300w, https:\/\/patsosescape.com\/wp-content\/uploads\/2021\/04\/spring-Patsos-water-source-Rethymnon-Crete-16x12.jpg 16w, https:\/\/patsosescape.com\/wp-content\/uploads\/2021\/04\/spring-Patsos-water-source-Rethymnon-Crete-195x148.jpg 195w\" sizes=\"auto, (max-width: 604px) 100vw, 604px\" \/><\/figure>\n<\/li>\n<li class=\"blocks-gallery-item\">\n<figure><img loading=\"lazy\" decoding=\"async\" width=\"500\" height=\"373\" src=\"https:\/\/patsosescape.com\/wp-content\/uploads\/2021\/04\/trekking-tours-Harakas-Amari-Rethymnon-Crete-2-w500.jpg\" alt=\"\" data-id=\"2833\" data-full-url=\"https:\/\/patsosescape.com\/wp-content\/uploads\/2021\/04\/trekking-tours-Harakas-Amari-Rethymnon-Crete-2-w500.jpg\" data-link=\"https:\/\/patsosescape.com\/hiking-harakas-amari-rethymnon\/trekking-tours-harakas-amari-rethymnon-crete-2-w500\/\" class=\"wp-image-2833\" srcset=\"https:\/\/patsosescape.com\/wp-content\/uploads\/2021\/04\/trekking-tours-Harakas-Amari-Rethymnon-Crete-2-w500.jpg 500w, https:\/\/patsosescape.com\/wp-content\/uploads\/2021\/04\/trekking-tours-Harakas-Amari-Rethymnon-Crete-2-w500-300x224.jpg 300w, https:\/\/patsosescape.com\/wp-content\/uploads\/2021\/04\/trekking-tours-Harakas-Amari-Rethymnon-Crete-2-w500-16x12.jpg 16w, https:\/\/patsosescape.com\/wp-content\/uploads\/2021\/04\/trekking-tours-Harakas-Amari-Rethymnon-Crete-2-w500-195x145.jpg 195w\" sizes=\"auto, (max-width: 500px) 100vw, 500px\" \/><\/figure>\n<\/li>\n<li class=\"blocks-gallery-item\">\n<figure><img loading=\"lazy\" decoding=\"async\" width=\"500\" height=\"373\" src=\"https:\/\/patsosescape.com\/wp-content\/uploads\/2021\/04\/Patsos-Harakas-Amari-Rethymnon-Crete-2-w500.jpg\" alt=\"\" data-id=\"2831\" data-full-url=\"https:\/\/patsosescape.com\/wp-content\/uploads\/2021\/04\/Patsos-Harakas-Amari-Rethymnon-Crete-2-w500.jpg\" data-link=\"https:\/\/patsosescape.com\/hiking-harakas-amari-rethymnon\/patsos-harakas-amari-rethymnon-crete-2-w500\/\" class=\"wp-image-2831\" srcset=\"https:\/\/patsosescape.com\/wp-content\/uploads\/2021\/04\/Patsos-Harakas-Amari-Rethymnon-Crete-2-w500.jpg 500w, https:\/\/patsosescape.com\/wp-content\/uploads\/2021\/04\/Patsos-Harakas-Amari-Rethymnon-Crete-2-w500-300x224.jpg 300w, https:\/\/patsosescape.com\/wp-content\/uploads\/2021\/04\/Patsos-Harakas-Amari-Rethymnon-Crete-2-w500-16x12.jpg 16w, https:\/\/patsosescape.com\/wp-content\/uploads\/2021\/04\/Patsos-Harakas-Amari-Rethymnon-Crete-2-w500-195x145.jpg 195w\" sizes=\"auto, (max-width: 500px) 100vw, 500px\" \/><\/figure>\n<\/li>\n<li class=\"blocks-gallery-item\">\n<figure><img loading=\"lazy\" decoding=\"async\" width=\"500\" height=\"669\" src=\"https:\/\/patsosescape.com\/wp-content\/uploads\/2021\/04\/hiking-Harakas-Amari-Rethymnon-Crete-2-w500.jpg\" alt=\"\" data-id=\"2828\" data-full-url=\"https:\/\/patsosescape.com\/wp-content\/uploads\/2021\/04\/hiking-Harakas-Amari-Rethymnon-Crete-2-w500.jpg\" data-link=\"https:\/\/patsosescape.com\/hiking-harakas-amari-rethymnon\/hiking-harakas-amari-rethymnon-crete-2-w500\/\" class=\"wp-image-2828\" srcset=\"https:\/\/patsosescape.com\/wp-content\/uploads\/2021\/04\/hiking-Harakas-Amari-Rethymnon-Crete-2-w500.jpg 500w, https:\/\/patsosescape.com\/wp-content\/uploads\/2021\/04\/hiking-Harakas-Amari-Rethymnon-Crete-2-w500-224x300.jpg 224w, https:\/\/patsosescape.com\/wp-content\/uploads\/2021\/04\/hiking-Harakas-Amari-Rethymnon-Crete-2-w500-9x12.jpg 9w, https:\/\/patsosescape.com\/wp-content\/uploads\/2021\/04\/hiking-Harakas-Amari-Rethymnon-Crete-2-w500-146x195.jpg 146w\" sizes=\"auto, (max-width: 500px) 100vw, 500px\" \/><\/figure>\n<\/li>\n<li class=\"blocks-gallery-item\">\n<figure><img loading=\"lazy\" decoding=\"async\" width=\"1024\" height=\"683\" src=\"https:\/\/patsosescape.com\/wp-content\/uploads\/2021\/05\/175878530_174458261200923_207792619061391060_n-2-1024x683.jpg\" alt=\"\" data-id=\"3220\" data-full-url=\"https:\/\/patsosescape.com\/wp-content\/uploads\/2021\/05\/175878530_174458261200923_207792619061391060_n-2-scaled.jpg\" data-link=\"https:\/\/patsosescape.com\/175878530_174458261200923_207792619061391060_n-2\/\" class=\"wp-image-3220\" srcset=\"https:\/\/patsosescape.com\/wp-content\/uploads\/2021\/05\/175878530_174458261200923_207792619061391060_n-2-1024x683.jpg 1024w, https:\/\/patsosescape.com\/wp-content\/uploads\/2021\/05\/175878530_174458261200923_207792619061391060_n-2-300x200.jpg 300w, https:\/\/patsosescape.com\/wp-content\/uploads\/2021\/05\/175878530_174458261200923_207792619061391060_n-2-768x512.jpg 768w, https:\/\/patsosescape.com\/wp-content\/uploads\/2021\/05\/175878530_174458261200923_207792619061391060_n-2-16x12.jpg 16w, https:\/\/patsosescape.com\/wp-content\/uploads\/2021\/05\/175878530_174458261200923_207792619061391060_n-2-940x627.jpg 940w, https:\/\/patsosescape.com\/wp-content\/uploads\/2021\/05\/175878530_174458261200923_207792619061391060_n-2-620x413.jpg 620w, https:\/\/patsosescape.com\/wp-content\/uploads\/2021\/05\/175878530_174458261200923_207792619061391060_n-2-195x130.jpg 195w, https:\/\/patsosescape.com\/wp-content\/uploads\/2021\/05\/175878530_174458261200923_207792619061391060_n-2-scaled.jpg 1080w\" sizes=\"auto, (max-width: 1024px) 100vw, 1024px\" \/><\/figure>\n<\/li>\n<\/ul>\n<\/figure>\n<h3 class=\"wp-block-heading\"><strong>Las mejores actividades y tours al aire libre en Rethymno Creta<\/strong><\/h3>\n<ul class=\"wp-block-list\">\n<li><a>Rutas de senderismo \/ trekking en Rethymno CRETA (Patsos Gorge \/ AMARI)&nbsp;<\/a>\n<ul>\n<li><a href=\"https:\/\/patsosescape.com\/es\/hiking-routes\/\">Instrucci\u00f3n de senderismo para el senderismo en el \u00e1rea de Patsos (Rethymno Creta)<\/a><\/li>\n<li><a href=\"\/es\/hiking-to-the-gorge-of-patsos\/\">Senderismo al desfiladero de Patsos (RUTA N \u00b0 1)<\/a><\/li>\n<li><a href=\"https:\/\/patsosescape.com\/es\/hiking-soros-mountain-rethymnon-crete\/\">Caminata a Soros Mountain Patsos (RUTA N \u00b0 2)<\/a><\/li>\n<li><a href=\"https:\/\/patsosescape.com\/es\/hiking-harakas-amari-rethymnon\/\">Senderismo a Harakas en Patsos (RUTA N \u00b0 3)<\/a><\/li>\n<\/ul>\n<\/li>\n<\/ul>\n<ul class=\"wp-block-list\">\n<li><a href=\"https:\/\/patsosescape.com\/es\/biking\/\">Ciclismo \/ Tours en bicicleta en Rethymno CRETA - \u00e1rea de Patsos (AMARI)<\/a><\/li>\n<li><a href=\"https:\/\/patsosescape.com\/es\/climbing-routes-patsos-gorge\/\">Escalada en la garganta de Patsos en Amari Rethymno CRETA<\/a><\/li>\n<\/ul>","protected":false},"excerpt":{"rendered":"<p>RUTA \u00abHARAKAS\u00bb No 3 UN SITIO HIST\u00d3RICO \/ S\u00cdMBOLO DE PATRIOTISMO Y LIBERTAD LONGITUD TOTAL DE LA RUTA 1,5km Una ruta que conduce al escondite llamado \u201cHARAKAS\u201d donde el general Kreipe secuestrado de Alemania fue escondido por los secuestradores durante 2 noches (7 y 8 de mayo de 1944). Aparte del inter\u00e9s hist\u00f3rico, la ruta cubierta por una densa vegetaci\u00f3n y la belleza salvaje de las monta\u00f1as que la rodean, es una buena oportunidad de escape para todos, debido a la corta distancia (1 km) y el f\u00e1cil acceso. PD: HARAKAS significa un enorme y imponente rock (C\u00d3MO LLEGAR ... <a class=\"read-more-link\" href=\"https:\/\/patsosescape.com\/es\/hiking-harakas-amari-rethymnon\/\">Lee mas<\/a><\/p>","protected":false},"author":5,"featured_media":0,"parent":0,"menu_order":0,"comment_status":"closed","ping_status":"closed","template":"","meta":{"ngg_post_thumbnail":0,"_glsr_average":0,"_glsr_ranking":0,"_glsr_reviews":0,"footnotes":""},"class_list":["post-2740","page","type-page","status-publish","hentry"],"aioseo_notices":[],"_links":{"self":[{"href":"https:\/\/patsosescape.com\/es\/wp-json\/wp\/v2\/pages\/2740","targetHints":{"allow":["GET"]}}],"collection":[{"href":"https:\/\/patsosescape.com\/es\/wp-json\/wp\/v2\/pages"}],"about":[{"href":"https:\/\/patsosescape.com\/es\/wp-json\/wp\/v2\/types\/page"}],"author":[{"embeddable":true,"href":"https:\/\/patsosescape.com\/es\/wp-json\/wp\/v2\/users\/5"}],"replies":[{"embeddable":true,"href":"https:\/\/patsosescape.com\/es\/wp-json\/wp\/v2\/comments?post=2740"}],"version-history":[{"count":0,"href":"https:\/\/patsosescape.com\/es\/wp-json\/wp\/v2\/pages\/2740\/revisions"}],"wp:attachment":[{"href":"https:\/\/patsosescape.com\/es\/wp-json\/wp\/v2\/media?parent=2740"}],"curies":[{"name":"wp","href":"https:\/\/api.w.org\/{rel}","templated":true}]}}