{"id":3328,"date":"2021-06-01T00:11:29","date_gmt":"2021-05-31T21:11:29","guid":{"rendered":"https:\/\/patsosescape.com\/?page_id=3328"},"modified":"2021-07-28T00:06:08","modified_gmt":"2021-07-27T21:06:08","slug":"discover-patsos-gorge-hiking-experience","status":"publish","type":"page","link":"https:\/\/patsosescape.com\/es\/discover-patsos-gorge-hiking-experience\/","title":{"rendered":"Discover Patsos Gorge &#8211; Hiking Experience"},"content":{"rendered":"<blockquote>\n<h2 style=\"text-align: center;\">\u00a1Descubre la garganta de Patsos con un gu\u00eda!<\/h2>\n<\/blockquote>\n<figure class=\"wp-block-image size-large\"><img loading=\"lazy\" decoding=\"async\" width=\"1024\" height=\"384\" class=\"wp-image-3362\" src=\"https:\/\/patsosescape.com\/wp-content\/uploads\/2021\/06\/hiking-experience-tour-photos-1024x384.jpg\" alt=\"\" srcset=\"https:\/\/patsosescape.com\/wp-content\/uploads\/2021\/06\/hiking-experience-tour-photos-1024x384.jpg 1024w, https:\/\/patsosescape.com\/wp-content\/uploads\/2021\/06\/hiking-experience-tour-photos-300x113.jpg 300w, https:\/\/patsosescape.com\/wp-content\/uploads\/2021\/06\/hiking-experience-tour-photos-768x288.jpg 768w, https:\/\/patsosescape.com\/wp-content\/uploads\/2021\/06\/hiking-experience-tour-photos-16x6.jpg 16w, https:\/\/patsosescape.com\/wp-content\/uploads\/2021\/06\/hiking-experience-tour-photos-940x353.jpg 940w, https:\/\/patsosescape.com\/wp-content\/uploads\/2021\/06\/hiking-experience-tour-photos-620x233.jpg 620w, https:\/\/patsosescape.com\/wp-content\/uploads\/2021\/06\/hiking-experience-tour-photos-195x73.jpg 195w, https:\/\/patsosescape.com\/wp-content\/uploads\/2021\/06\/hiking-experience-tour-photos-scaled.jpg 1080w\" sizes=\"auto, (max-width: 1024px) 100vw, 1024px\" \/><\/figure>\n<p>\n<div class=\"themeblvd-video-wrapper\">\n<div class=\"video-inner\"><iframe loading=\"lazy\" title=\"Patsos Escape - vea todos los servicios (Tours a pie y comida cretense) en Patsos Rethymno Creta\" width=\"940\" height=\"529\" src=\"https:\/\/www.youtube.com\/embed\/46cP96SSK4Y?feature=oembed&#038;wmode=transparent\" frameborder=\"0\" allow=\"accelerometer; autoplay; clipboard-write; encrypted-media; gyroscope; picture-in-picture\" allowfullscreen><\/iframe><\/div>\n<\/div>\n<p>&nbsp;<\/p>\n<div>\n<div class=\"_svr7sj\">\n<h3 class=\"_14i3z6h\" tabindex=\"-1\">Experiencia de senderismo en la naturaleza de Rethymno CRETA - organizado por Vassilis<\/p>\n<p>Tour de senderismo: 4 horas.<span aria-hidden=\"true\">&nbsp; <br \/><\/span><br \/>Alojado en ingl\u00e9s y griego<\/p>\n<\/h3>\n<\/div>\n<\/div>\n<p style=\"text-align: center;\">&nbsp;<\/p>\n<p><strong>Lo que har\u00e1s durante el: TOUR DE SENDERISMO A PATSOS GORGE - \u00a1UNA INCRE\u00cdBLE EXPERIENCIA DE SENDERISMO EN RETHYMNO CRETA!<br \/><\/strong><\/p>\n<div data-plugin-in-point-id=\"DESCRIPTION_DEFAULT\" data-section-id=\"DESCRIPTION_DEFAULT\">\n<div class=\"_1d784e5\">Cuando llegue a la plaza del hist\u00f3rico y pintoresco pueblo de Patsos, disfrutar\u00e1 de un regalo tradicional de la Sra. Mar\u00eda, la due\u00f1a de la tradicional Patsos Taverna (en funcionamiento desde 1933). Junto a la Taberna se encuentra la fuente del pueblo con agua de manantial. Cinco minutos por la carretera llegamos a la iglesia bizantina del siglo XIII dC Seguimos disfrutando del mosaico formado por los contrastes de colores. Despu\u00e9s de 1,5 km paramos en la capilla cueva de San Antonios. Aqu\u00ed, Hermes fue adorado miles de a\u00f1os antes de Cristo. La belleza es verdaderamente salvaje con una rica flora y fauna. Mientras caminamos, cruzaremos 2 puentes de madera y escaleras para ayudarnos. Despu\u00e9s de aproximadamente 2 horas, llegamos frente a otro paisaje m\u00e1gico. Es un lago enorme rodeado de \u00e1rboles altos y sombreados. Despu\u00e9s de disfrutar de las fant\u00e1sticas tierras acu\u00e1ticas, todos tus sentidos se estimular\u00e1n. Hay m\u00e1s caminatas opcionales o podemos conducir de regreso. Al final del recorrido, regresamos a Maria&#039;s Tavern, para revivir el sue\u00f1o una vez m\u00e1s de deliciosos platos tradicionales org\u00e1nicos de verduras frescas, carne y aceite de oliva virgen, todos producidos en campos familiares. NOTA: El nivel del agua en este momento todav\u00eda es alto por lo que es imposible llegar a pie hasta el lago, pero podemos completar la mayor parte del desfiladero y disfrutar de los espectaculares acantilados, las aves y las hermosas flores silvestres.<\/p>\n<p><strong>Otras cosas a tener en cuenta<\/strong><\/p>\n<p>Un &quot;Escape to Patsos&quot; es siempre un entorno familiar y c\u00e1lido, que se siente como en casa a kil\u00f3metros de distancia y es un placer encontrar para mis amigos cada vez cosas nuevas para esta experiencia.<\/p>\n<\/div>\n<\/div>\n<p><strong>&nbsp;<\/strong><\/p>\n<figure class=\"wp-block-image size-large\"><img loading=\"lazy\" decoding=\"async\" width=\"436\" height=\"166\" src=\"https:\/\/patsosescape.com\/wp-content\/uploads\/2021\/06\/hiking-tour-details-1.jpg\" alt=\"\" class=\"wp-image-3380\" srcset=\"https:\/\/patsosescape.com\/wp-content\/uploads\/2021\/06\/hiking-tour-details-1.jpg 436w, https:\/\/patsosescape.com\/wp-content\/uploads\/2021\/06\/hiking-tour-details-1-300x114.jpg 300w, https:\/\/patsosescape.com\/wp-content\/uploads\/2021\/06\/hiking-tour-details-1-16x6.jpg 16w, https:\/\/patsosescape.com\/wp-content\/uploads\/2021\/06\/hiking-tour-details-1-195x74.jpg 195w\" sizes=\"auto, (max-width: 436px) 100vw, 436px\" \/><\/figure>\n<p>&nbsp;&nbsp;<\/p>\n<div>\n<h2>&nbsp;<\/h2>\n<h1 class=\"_14i3z6h\" tabindex=\"-1\">Qu\u00e9 est\u00e1 incluido<\/h1>\n<div class=\"_3madm\">\n<div>\n<div class=\"_155vdx5\"><\/div>\n<\/div>\n<\/div>\n<\/div>\n<figure class=\"wp-block-image size-large\"><img loading=\"lazy\" decoding=\"async\" width=\"440\" height=\"123\" src=\"https:\/\/patsosescape.com\/wp-content\/uploads\/2021\/06\/food-drinks.jpg\" alt=\"\" class=\"wp-image-3372\" srcset=\"https:\/\/patsosescape.com\/wp-content\/uploads\/2021\/06\/food-drinks.jpg 440w, https:\/\/patsosescape.com\/wp-content\/uploads\/2021\/06\/food-drinks-300x84.jpg 300w, https:\/\/patsosescape.com\/wp-content\/uploads\/2021\/06\/food-drinks-16x4.jpg 16w, https:\/\/patsosescape.com\/wp-content\/uploads\/2021\/06\/food-drinks-195x55.jpg 195w\" sizes=\"auto, (max-width: 440px) 100vw, 440px\" \/><\/figure>\n<h2 tabindex=\"-1\">&nbsp;<\/h2>\n<h2 class=\"_14i3z6h\" tabindex=\"-1\">Comida:<\/h2>\n<p class=\"_14i3z6h\" tabindex=\"-1\"><strong>Deliciosos platos tradicionales que incluyen verduras frescas, carnes, aceite de oliva virgen, todo org\u00e1nico producido en campos familiares.<\/strong><\/p>\n<h2 class=\"_14i3z6h\" tabindex=\"-1\">Bebidas:<\/h2>\n<p class=\"_14i3z6h\" tabindex=\"-1\"><span tabindex=\"-1\"><strong>le daremos la bienvenida con un regalo tradicional de nuestra cocina local de Creta<\/strong>.<\/span><\/p>\n<h1 tabindex=\"-1\">&nbsp;<\/h1>\n<h1 class=\"_14i3z6h\" tabindex=\"-1\">Conozca a su anfitri\u00f3n, Vasilis<\/h1>\n<div>\n<h2><img loading=\"lazy\" decoding=\"async\" class=\"alignnone wp-image-2623 size-full\" src=\"https:\/\/patsosescape.com\/wp-content\/uploads\/2021\/04\/Ecotourism-Patsos-Escape-outdoor-activities-2-w940.jpg\" alt=\"actividades al aire libre en Rethymno Creta\" width=\"1080\" height=\"528\" srcset=\"https:\/\/patsosescape.com\/wp-content\/uploads\/2021\/04\/Ecotourism-Patsos-Escape-outdoor-activities-2-w940.jpg 1080w, https:\/\/patsosescape.com\/wp-content\/uploads\/2021\/04\/Ecotourism-Patsos-Escape-outdoor-activities-2-w940-300x147.jpg 300w, https:\/\/patsosescape.com\/wp-content\/uploads\/2021\/04\/Ecotourism-Patsos-Escape-outdoor-activities-2-w940-1024x501.jpg 1024w, https:\/\/patsosescape.com\/wp-content\/uploads\/2021\/04\/Ecotourism-Patsos-Escape-outdoor-activities-2-w940-768x375.jpg 768w, https:\/\/patsosescape.com\/wp-content\/uploads\/2021\/04\/Ecotourism-Patsos-Escape-outdoor-activities-2-w940-16x8.jpg 16w, https:\/\/patsosescape.com\/wp-content\/uploads\/2021\/04\/Ecotourism-Patsos-Escape-outdoor-activities-2-w940-940x460.jpg 940w, https:\/\/patsosescape.com\/wp-content\/uploads\/2021\/04\/Ecotourism-Patsos-Escape-outdoor-activities-2-w940-620x303.jpg 620w, https:\/\/patsosescape.com\/wp-content\/uploads\/2021\/04\/Ecotourism-Patsos-Escape-outdoor-activities-2-w940-195x95.jpg 195w\" sizes=\"auto, (max-width: 1080px) 100vw, 1080px\" \/><\/h2>\n<p><strong><span tabindex=\"-1\">Nac\u00ed y vivo en Patsos, un pueblo pintoresco e hist\u00f3rico en Rethymnon, Creta. Serv\u00ed en las Fuerzas Especiales Hel\u00e9nicas durante 23 a\u00f1os (Teniente Coronel retirado), graduado y certificado en todas las escuelas, como paracaidismo, escalada y buceo. Tambi\u00e9n tengo un gran inter\u00e9s y mucho conocimiento sobre eventos hist\u00f3ricos y culturales. Todo lo anterior, en combinaci\u00f3n con la genuina y animada hospitalidad cretense, la aut\u00e9ntica comida cretense le devolver\u00e1 al gusto de nuestras abuelas. Si quieres ver, sentir, saborear y tocar la VERDADERA Creta ... debes visitar Patsos y el desfiladero de Patsos.<\/span><\/strong><\/p>\n<\/p>\n<\/div>\n<div style=\"height:70px\" aria-hidden=\"true\" class=\"wp-block-spacer\"><\/div>\n<\/p>\n<div>\n<h2><\/h2>\n<\/div>\n<\/h2>\n<h1>\n<p>Donde estar\u00e1s<\/p>\n<p><strong>Partimos de la fuente del pueblo de aguas claras y frescas. Caminando por el paisaje m\u00e1gico podremos ver la iglesia bizantina (siglo XIV d.C.), la antigua capilla cueva de San Antonio que est\u00e1 clavada bajo imponentes acantilados. Luego, atravesamos la incomparable belleza natural del desfiladero de Patsos, siguiendo un camino perfecto. Al final disfrutamos del espect\u00e1culo \u00fanico de un enorme lago sintiendo una euforia incre\u00edble y confianza en nosotros mismos.<\/strong>.<\/p>\n<\/p>\n<div class=\"wp-block-spacer\" aria-hidden=\"true\">&nbsp;<\/div>\n<p><p><a href=\"https:\/\/patsosescape.com\/es\/taverna\/\"><img loading=\"lazy\" decoding=\"async\" class=\"alignnone wp-image-2113 size-full\" src=\"https:\/\/patsosescape.com\/wp-content\/uploads\/2021\/04\/MARIA-traditional-Cretan-food-diet-Rethymno-w940.jpg\" alt=\"\" width=\"940\" height=\"396\" srcset=\"https:\/\/patsosescape.com\/wp-content\/uploads\/2021\/04\/MARIA-traditional-Cretan-food-diet-Rethymno-w940.jpg 940w, https:\/\/patsosescape.com\/wp-content\/uploads\/2021\/04\/MARIA-traditional-Cretan-food-diet-Rethymno-w940-300x126.jpg 300w, https:\/\/patsosescape.com\/wp-content\/uploads\/2021\/04\/MARIA-traditional-Cretan-food-diet-Rethymno-w940-768x324.jpg 768w, https:\/\/patsosescape.com\/wp-content\/uploads\/2021\/04\/MARIA-traditional-Cretan-food-diet-Rethymno-w940-620x261.jpg 620w, https:\/\/patsosescape.com\/wp-content\/uploads\/2021\/04\/MARIA-traditional-Cretan-food-diet-Rethymno-w940-195x82.jpg 195w\" sizes=\"auto, (max-width: 940px) 100vw, 940px\" \/><\/a><\/p>\n<h2 style=\"text-align: center;\">&nbsp;<\/h2>\n<div>\n<h2>&nbsp;<\/h2>\n<\/div>\n<p style=\"text-align: left;\">&nbsp;<\/p>\n<p><img loading=\"lazy\" decoding=\"async\" class=\"alignnone wp-image-2068 size-full\" src=\"https:\/\/patsosescape.com\/wp-content\/uploads\/2021\/04\/Patsos-village-landscape-3-w960.jpg\" alt=\"\" width=\"960\" height=\"369\" srcset=\"https:\/\/patsosescape.com\/wp-content\/uploads\/2021\/04\/Patsos-village-landscape-3-w960.jpg 960w, https:\/\/patsosescape.com\/wp-content\/uploads\/2021\/04\/Patsos-village-landscape-3-w960-300x115.jpg 300w, https:\/\/patsosescape.com\/wp-content\/uploads\/2021\/04\/Patsos-village-landscape-3-w960-768x295.jpg 768w, https:\/\/patsosescape.com\/wp-content\/uploads\/2021\/04\/Patsos-village-landscape-3-w960-940x361.jpg 940w, https:\/\/patsosescape.com\/wp-content\/uploads\/2021\/04\/Patsos-village-landscape-3-w960-620x238.jpg 620w, https:\/\/patsosescape.com\/wp-content\/uploads\/2021\/04\/Patsos-village-landscape-3-w960-195x75.jpg 195w\" sizes=\"auto, (max-width: 960px) 100vw, 960px\" \/><\/p>\n<h2 style=\"text-align: center;\"><img loading=\"lazy\" decoding=\"async\" class=\"alignnone wp-image-2070 size-full\" src=\"https:\/\/patsosescape.com\/wp-content\/uploads\/2021\/04\/Potamon-dam-Rethymno-Crete-Greece-w960.jpg\" alt=\"\" width=\"960\" height=\"362\" srcset=\"https:\/\/patsosescape.com\/wp-content\/uploads\/2021\/04\/Potamon-dam-Rethymno-Crete-Greece-w960.jpg 960w, https:\/\/patsosescape.com\/wp-content\/uploads\/2021\/04\/Potamon-dam-Rethymno-Crete-Greece-w960-300x113.jpg 300w, https:\/\/patsosescape.com\/wp-content\/uploads\/2021\/04\/Potamon-dam-Rethymno-Crete-Greece-w960-768x290.jpg 768w, https:\/\/patsosescape.com\/wp-content\/uploads\/2021\/04\/Potamon-dam-Rethymno-Crete-Greece-w960-940x354.jpg 940w, https:\/\/patsosescape.com\/wp-content\/uploads\/2021\/04\/Potamon-dam-Rethymno-Crete-Greece-w960-620x234.jpg 620w, https:\/\/patsosescape.com\/wp-content\/uploads\/2021\/04\/Potamon-dam-Rethymno-Crete-Greece-w960-195x74.jpg 195w\" sizes=\"auto, (max-width: 960px) 100vw, 960px\" \/><\/h2>\n<h4 tabindex=\"-1\">&nbsp;<\/h4>\n<h4 tabindex=\"-1\">Ser\u00e1 un placer tenerlos como nuestros invitados ...<\/h4>\n<p>Mar\u00eda y su hijo, Vassilis<\/p>\n<p tabindex=\"-1\"><img loading=\"lazy\" decoding=\"async\" class=\"alignnone wp-image-2059 size-full\" src=\"https:\/\/patsosescape.com\/wp-content\/uploads\/2021\/04\/Maria-and-Vassilis-Psycharakis-traditional-tavern-1-w960.jpg\" alt=\"\" width=\"960\" height=\"540\" srcset=\"https:\/\/patsosescape.com\/wp-content\/uploads\/2021\/04\/Maria-and-Vassilis-Psycharakis-traditional-tavern-1-w960.jpg 960w, https:\/\/patsosescape.com\/wp-content\/uploads\/2021\/04\/Maria-and-Vassilis-Psycharakis-traditional-tavern-1-w960-300x169.jpg 300w, https:\/\/patsosescape.com\/wp-content\/uploads\/2021\/04\/Maria-and-Vassilis-Psycharakis-traditional-tavern-1-w960-768x432.jpg 768w, https:\/\/patsosescape.com\/wp-content\/uploads\/2021\/04\/Maria-and-Vassilis-Psycharakis-traditional-tavern-1-w960-940x529.jpg 940w, https:\/\/patsosescape.com\/wp-content\/uploads\/2021\/04\/Maria-and-Vassilis-Psycharakis-traditional-tavern-1-w960-620x349.jpg 620w, https:\/\/patsosescape.com\/wp-content\/uploads\/2021\/04\/Maria-and-Vassilis-Psycharakis-traditional-tavern-1-w960-195x110.jpg 195w\" sizes=\"auto, (max-width: 960px) 100vw, 960px\" \/><\/p>\n<div>&nbsp;<\/div>\n<p>&nbsp;<\/p>\n<p>&nbsp;<\/p>\n<h2 tabindex=\"-1\"><a href=\"https:\/\/www.google.com\/maps\/dir\/\/35.2468187,24.5730296\/@35.2468889,24.2693082,9z\" target=\"_blank\" rel=\"noopener\"><strong>MAPA DE CRETA - d\u00f3nde est\u00e1 Patsos en Rethymno, Creta - c\u00f3mo llegar a Patsos<\/strong><\/a><\/h2>\n<h4 tabindex=\"-1\"><a href=\"https:\/\/www.google.com\/maps\/dir\/\/Patsos+Escape,+Patsos+740+61\/@35.2466269,24.4330122,11z\/data=!4m8!4m7!1m0!1m5!1m1!1s0x149b0daa68fee8bf:0xa02eac20b70c0101!2m2!1d24.5730914!2d35.2466183\" target=\"_blank\" rel=\"noopener\"><strong>C\u00d3MO CONDUCIR A PATSOS (Rethymno CRETA)<\/strong><\/a><\/h4>\n<p><strong>Coordenadas GPS (PATSOS - RETHYMNO - CRETA):<\/strong> 35.246829461919155, 24.57300906207306<\/p>\n<p><a title=\"Google Maps: &quot;Patsos Escape&quot; - Ecoturismo y actividades al aire libre RETHYMNO CRETE: Taberna, alojamiento, actividades\" href=\"https:\/\/www.google.com\/maps\/place\/Patsos+Escape+-+Ecotourism+%26+Outdoor+Activities+RETHYMNO+CRETE:+Tavern,+Accommodation,+Activities\/@35.2520472,24.5274207,11z\/data=!4m5!3m4!1s0x0:0x409f36e27578c5a8!8m2!3d35.2466611!4d24.5727687?hl=en\" target=\"_blank\" rel=\"noopener\"><strong>GOOGLE MAPS - compruebe: &quot;Patsos Escape&quot; - Ecoturismo y actividades al aire libre RETHYMNO CRETE: Taberna, alojamiento, actividades<\/strong><\/a><\/p>\n<figure class=\"wp-block-image size-large is-resized\"><a href=\"https:\/\/www.google.gr\/search?hl=el&amp;q=Patsos+Escape+-+Ecotourism+%26+Outdoor+Activities+RETHYMNO+CRETE:+Tavern,+Accommodation,+Activities&amp;ludocid=4656500885985740200&amp;lsig=AB86z5UDBmtWfY5MFxD8bJW3B5iI\" target=\"_blank\" rel=\"noopener\"><img loading=\"lazy\" decoding=\"async\" src=\"https:\/\/patsosescape.com\/wp-content\/uploads\/2021\/05\/Patsos-Escape-Ecotourism-Outdoor-Activities-Rethymno-1024x495.jpg\" alt=\"\" class=\"wp-image-3281\" width=\"840\" height=\"406\" srcset=\"https:\/\/patsosescape.com\/wp-content\/uploads\/2021\/05\/Patsos-Escape-Ecotourism-Outdoor-Activities-Rethymno-1024x495.jpg 1024w, https:\/\/patsosescape.com\/wp-content\/uploads\/2021\/05\/Patsos-Escape-Ecotourism-Outdoor-Activities-Rethymno-300x145.jpg 300w, https:\/\/patsosescape.com\/wp-content\/uploads\/2021\/05\/Patsos-Escape-Ecotourism-Outdoor-Activities-Rethymno-768x371.jpg 768w, https:\/\/patsosescape.com\/wp-content\/uploads\/2021\/05\/Patsos-Escape-Ecotourism-Outdoor-Activities-Rethymno-1536x742.jpg 1536w, https:\/\/patsosescape.com\/wp-content\/uploads\/2021\/05\/Patsos-Escape-Ecotourism-Outdoor-Activities-Rethymno-16x8.jpg 16w, https:\/\/patsosescape.com\/wp-content\/uploads\/2021\/05\/Patsos-Escape-Ecotourism-Outdoor-Activities-Rethymno-940x454.jpg 940w, https:\/\/patsosescape.com\/wp-content\/uploads\/2021\/05\/Patsos-Escape-Ecotourism-Outdoor-Activities-Rethymno-620x300.jpg 620w, https:\/\/patsosescape.com\/wp-content\/uploads\/2021\/05\/Patsos-Escape-Ecotourism-Outdoor-Activities-Rethymno-195x94.jpg 195w, https:\/\/patsosescape.com\/wp-content\/uploads\/2021\/05\/Patsos-Escape-Ecotourism-Outdoor-Activities-Rethymno-scaled.jpg 1080w\" sizes=\"auto, (max-width: 840px) 100vw, 840px\" \/><\/a><\/figure>\n<div style=\"height:70px\" aria-hidden=\"true\" class=\"wp-block-spacer\"><\/div>\n<\/p>\n<h2 class=\"wp-block-heading\">Cosas que saber <\/h2>\n<div style=\"height:18px\" aria-hidden=\"true\" class=\"wp-block-spacer\"><\/div>\n<h2 class=\"wp-block-heading\">Pol\u00edtica de cancelaci\u00f3n<\/h2>\n<p>Cualquier experiencia se puede cancelar y reembolsar en su totalidad dentro de las 24 horas posteriores a la compra, o al menos 7 d\u00edas antes de que comience la experiencia.<\/p>\n<p>\u00bfHan cambiado tus planes? Nuestra pol\u00edtica de cancelaci\u00f3n est\u00e1ndar es que puede obtener un reembolso completo por cualquier experiencia si cancela al menos 7 d\u00edas antes del inicio programado de la experiencia, o dentro de las 24 horas posteriores a la compra de la experiencia. \u00a1Suficientemente f\u00e1cil!<\/p>\n<p>Si desea reprogramar la fecha y la hora de su experiencia (o cambiar la cantidad de invitados), puede hacerlo dentro de las 24 horas posteriores a la reserva y hasta 72 horas antes de que comience la experiencia.<\/p>\n<div style=\"height:18px\" aria-hidden=\"true\" class=\"wp-block-spacer\"><\/div>\n<h2 class=\"wp-block-heading\">Que traer<\/h2>\n<p>Necesitar\u00e1 calzado s\u00f3lido, agua, sombrero, gafas de sol, protector solar y pantalones largos y c\u00f3modos.<\/p>\n<div style=\"height:18px\" aria-hidden=\"true\" class=\"wp-block-spacer\"><\/div>\n<h2 class=\"wp-block-heading\">Requisitos de invitados<\/h2>\n<p>Pueden asistir hasta 10 invitados de 18 a\u00f1os en adelante. Todos los participantes (y el anfitri\u00f3n) deben usar una cubierta protectora para la cara.<br \/>Mantenga una distancia f\u00edsica segura entre usted y otras personas. Cuando conozca a su anfitri\u00f3n (s) y otros invitados, no se d\u00e9 la mano ni se abrace; en su lugar, pruebe con un saludo sin contacto.<\/p>\n<\/p>\n<\/p>\n<p><span class=\"has-inline-color has-vivid-cyan-blue-color\"><strong>Precio del Tour:<\/strong> \u20ac50 \/ person<\/span><\/p>\n<\/p>\n<div>\n<div class=\"divider divider-solid\"><\/div>\n<p>\n<br><div class=\"column grid_4\"><\/p>\n<p><img loading=\"lazy\" decoding=\"async\" class=\"wp-image-2148 size-full alignnone\" src=\"https:\/\/patsosescape.com\/wp-content\/uploads\/2021\/04\/4-w300.jpg\" alt=\"\" width=\"300\" height=\"139\" srcset=\"https:\/\/patsosescape.com\/wp-content\/uploads\/2021\/04\/4-w300.jpg 300w, https:\/\/patsosescape.com\/wp-content\/uploads\/2021\/04\/4-w300-195x90.jpg 195w\" sizes=\"auto, (max-width: 300px) 100vw, 300px\" \/><\/p>\n<p style=\"text-align: left;\"><strong>Los alrededores de la peque\u00f1a taberna tradicional PATSOS<br \/><\/strong><\/p>\n<p>Agua dulce de manantial - Pino (300 a\u00f1os)<\/p>\n<p style=\"text-align: center;\"><a href=\"https:\/\/patsosescape.com\/es\/coffeehouse\/\" title=\"Lee mas...\" class=\"btn btn-primary btn-sm btn-shortcode\" target=\"_self\">Lee mas... <i class=\"fa fa-arrow-circle-right\"><\/i><\/a><\/p>\n<p>\n<\/div><br><div class=\"column grid_4\"><\/p>\n<p><img loading=\"lazy\" decoding=\"async\" class=\"wp-image-2174 size-full alignnone\" src=\"https:\/\/patsosescape.com\/wp-content\/uploads\/2021\/04\/traditiona-Cretan-village-fireplace.jpg\" alt=\"\" width=\"300\" height=\"200\" srcset=\"https:\/\/patsosescape.com\/wp-content\/uploads\/2021\/04\/traditiona-Cretan-village-fireplace.jpg 300w, https:\/\/patsosescape.com\/wp-content\/uploads\/2021\/04\/traditiona-Cretan-village-fireplace-195x130.jpg 195w\" sizes=\"auto, (max-width: 300px) 100vw, 300px\" \/><\/p>\n<p><strong>cafeter\u00eda \/ taberna tradicional cretense Patsos (Rethymno, Creta)<br \/><\/strong><\/p>\n<p>Sin\u00f3nimo de tradici\u00f3n, cultura de calidad y autenticidad, porque no ha sucumbido al turismo de masas y a los productos manufacturados.<\/p>\n<p style=\"text-align: center;\"><a href=\"https:\/\/patsosescape.com\/es\/coffeehouse\/\" title=\"Lee mas...\" class=\"btn btn-primary btn-sm btn-shortcode\" target=\"_self\">Lee mas... <i class=\"fa fa-arrow-circle-right\"><\/i><\/a><\/p>\n<p>\n<\/div><br><div class=\"column grid_4 last\"><\/p>\n<p><img loading=\"lazy\" decoding=\"async\" class=\"alignnone wp-image-2217 size-full\" src=\"https:\/\/patsosescape.com\/wp-content\/uploads\/2021\/04\/Maria-traditional-tavern-Rethymno-Crete-w300.jpg\" alt=\"\" width=\"300\" height=\"238\" srcset=\"https:\/\/patsosescape.com\/wp-content\/uploads\/2021\/04\/Maria-traditional-tavern-Rethymno-Crete-w300.jpg 300w, https:\/\/patsosescape.com\/wp-content\/uploads\/2021\/04\/Maria-traditional-tavern-Rethymno-Crete-w300-195x155.jpg 195w\" sizes=\"auto, (max-width: 300px) 100vw, 300px\" \/><\/p>\n<p><strong>Aut\u00e9nticos sabores caseros de Creta (Rethymno)<br \/><\/strong><\/p>\n<p>Los platos tradicionales y sabrosos de ella, son famosos no solo porque los cocina ella misma, sino que tambi\u00e9n los prepara y produce las manos de la Sra. Mar\u00eda ...<\/p>\n<p style=\"text-align: center;\"><a href=\"https:\/\/patsosescape.com\/es\/traditional-cuisine\/\" title=\"Lee mas...\" class=\"btn btn-primary btn-sm btn-shortcode\" target=\"_self\">Lee mas... <i class=\"fa fa-arrow-circle-right\"><\/i><\/a><\/p>\n<p>\n<\/div><div class=\"clear\"><\/div><br><div class=\"clear\"><\/div><br><\/p>\n<\/div><\/h1>","protected":false},"excerpt":{"rendered":"<p>Discover Patsos Gorge with a guide! &nbsp; Hiking Experience at the nature of Rethymno CRETE &#8211; hosted by Vassilis Hiking tour: 4 hours&nbsp; Hosted in English and Greek &nbsp; What you&#8217;ll do during the: HIKING TOUR TO PATSOS GORGE &#8211; AN AMAZING HIKING EXPERIENCE IN RETHYMNO CRETE ! When you arrive at the square of the historical and picturesque village of Patsos , you will enjoy a traditional treat of Mrs. Maria, the owner of the traditional Patsos Taverna (operating since 1933). Next to the Taverna is the village fountain&hellip; <a class=\"read-more-link\" href=\"https:\/\/patsosescape.com\/es\/discover-patsos-gorge-hiking-experience\/\">Lee mas<\/a><\/p>","protected":false},"author":2,"featured_media":0,"parent":0,"menu_order":1,"comment_status":"closed","ping_status":"closed","template":"","meta":{"ngg_post_thumbnail":0,"_glsr_average":0,"_glsr_ranking":0,"_glsr_reviews":0,"footnotes":""},"class_list":["post-3328","page","type-page","status-publish","hentry"],"aioseo_notices":[],"_links":{"self":[{"href":"https:\/\/patsosescape.com\/es\/wp-json\/wp\/v2\/pages\/3328","targetHints":{"allow":["GET"]}}],"collection":[{"href":"https:\/\/patsosescape.com\/es\/wp-json\/wp\/v2\/pages"}],"about":[{"href":"https:\/\/patsosescape.com\/es\/wp-json\/wp\/v2\/types\/page"}],"author":[{"embeddable":true,"href":"https:\/\/patsosescape.com\/es\/wp-json\/wp\/v2\/users\/2"}],"replies":[{"embeddable":true,"href":"https:\/\/patsosescape.com\/es\/wp-json\/wp\/v2\/comments?post=3328"}],"version-history":[{"count":0,"href":"https:\/\/patsosescape.com\/es\/wp-json\/wp\/v2\/pages\/3328\/revisions"}],"wp:attachment":[{"href":"https:\/\/patsosescape.com\/es\/wp-json\/wp\/v2\/media?parent=3328"}],"curies":[{"name":"wp","href":"https:\/\/api.w.org\/{rel}","templated":true}]}}