{"id":744,"date":"2015-02-26T00:55:19","date_gmt":"2015-02-12T22:12:29","guid":{"rendered":"http:\/\/patsosescape.com\/newsite\/?page_id=744"},"modified":"2021-04-27T23:39:52","modified_gmt":"2021-04-27T20:39:52","slug":"about-the-area","status":"publish","type":"page","link":"https:\/\/patsosescape.com\/es\/about-the-area\/","title":{"rendered":"La historia de Patsos"},"content":{"rendered":"<div class=\"themeblvd-video-wrapper\">\n<div class=\"video-inner\"><iframe loading=\"lazy\" title=\"La historia de Patsos\" width=\"940\" height=\"705\" src=\"https:\/\/www.youtube.com\/embed\/1_-Xfw4dSaE?feature=oembed&#038;wmode=transparent\" frameborder=\"0\" allow=\"accelerometer; autoplay; clipboard-write; encrypted-media; gyroscope; picture-in-picture\" allowfullscreen><\/iframe><\/div>\n<\/div>\n<h1>&nbsp;<\/h1>\n<h1>Sobre el \u00e1rea de Patsos - HISTORIA DE PATSOS (AMARI) RETHYMNON<\/h1>\n<p>&nbsp;<\/p>\n<p>El lado genuino de Creta contin\u00faa prosperando en las cimas de las monta\u00f1as y su hermosa naturaleza salvaje. En aquellos lugares donde solo prevalece la sencillez y el lujo de la naturaleza, se puede encontrar la Creta aut\u00e9ntica y tradicional.<\/p>\n<p><strong>Patsos<\/strong> es uno de los lugares donde se puede disfrutar de este paisaje. Patsos ofrece a sus hu\u00e9spedes paisajes de rica belleza natural, atractivos hist\u00f3ricos y culturales \u00fanicos, un excelente local. <strong><a title=\"Taberna\" href=\"https:\/\/patsosescape.com\/es\/taverna\/\">cocina tradicional cretense<\/a><\/strong> y sobre todo, la famosa hospitalidad de su gente. Se encuentra a 20 km al sur de <a title=\"Rethymno\" href=\"https:\/\/www.rethymno.gr\/\" target=\"_blank\" rel=\"noopener\"><strong>Rethymnon<\/strong> <\/a>a una altitud de 490m, estando al pie de la monta\u00f1a <strong>Soros<\/strong>.<\/p>\n<p>Patsos es un peque\u00f1o pueblo verde en la antigua provincia de <strong>Amari<\/strong>. Ahora es un distrito del municipio de Amari. A su alrededor est\u00e1n los pueblos <strong>Karines<\/strong>, <strong>Pantanassa<\/strong> y <strong>Gerakari<\/strong>. Al venir a Patsos, la impresi\u00f3n que tiene es que est\u00e1 entrando en un mundo pac\u00edfico y diferente. Aqu\u00ed dominan los olores de la naturaleza y las flores y los sonidos del canto de los p\u00e1jaros y las corrientes de agua. El pueblo tiene una rica vegetaci\u00f3n. Produce todo tipo de alimentos de buena calidad como aceite de oliva, nueces, cerezas y muchas frutas diferentes. Esta vegetaci\u00f3n y cultivos son regados por los numerosos manantiales que atraviesan el pueblo durante todo el a\u00f1o.<\/p>\n<p>No sabemos cu\u00e1ndo se fund\u00f3 el pueblo. Pero se sabe que hubo asentamientos en el \u00e1rea desde el per\u00edodo minoico temprano o antes, como lo demuestran los hallazgos en la cueva cercana en el <strong>Desfiladero de Agios Antonios<\/strong>, conocido como el <strong>Cueva de Kranaios<\/strong>.<\/p>\n<p>En Barozzi se menciona que el pueblo ten\u00eda 110 habitantes en 1577. En el censo de 1881 se informa que pertenece al municipio de Merona y que tiene 301 habitantes (14 griegos y 287 turcos). En 1920 se declar\u00f3 que Patsos pertenec\u00eda administrativamente a la comunidad de Pantanassa, y en 1940 se convirti\u00f3 oficialmente en su propia comunidad administrativa.<\/p>\n<p>En las afueras del pueblo se encuentra la iglesia en ruinas de la Virgen Mar\u00eda, que una vez fue una catedral.<\/p>\n<p>Al norte del pueblo est\u00e1 el <strong>Cueva de Kranaios Ermis<\/strong>, en el <a title=\"Senderismo al desfiladero de Patsos\" href=\"https:\/\/patsosescape.com\/es\/hiking-to-the-gorge-of-patsos\/\"><strong>desfiladero de Agios Antonios<\/strong><\/a>. Esta cueva estaba dedicada al culto de <strong>Hermes<\/strong>, como lo demuestra la inscripci\u00f3n dedicatoria \u201c\u0395\u03c1\u03bc\u03ae \u039a\u03c1\u03b1\u03bd\u03b1\u03af\u03c9, \u0394\u03ce\u03c1\u03bf\u03c2 \u03a3\u03c4\u03b5\u03c6\u03ac\u03bd\u03c9 \u03b5\u03c5\u03c7\u03ae\u03bd\u201d (para el dios Hermes de los manantiales, oro colocando esta corona como regalo).<\/p>\n<p>Las primeras excavaciones en la Cueva comenzaron en <strong>1885-6 por F. Halbherr<\/strong>, en el lugar donde ahora se encuentra el<strong> iglesia de Agios Antonios<\/strong>. La mayor\u00eda de los hallazgos fueron figurillas antropom\u00f3rficas y zoomorfas, ahora ubicadas en el <strong>Museo de Heraklion<\/strong>. Las excavaciones mostraron que el <strong>Minoicos<\/strong> realizaban rituales principalmente en refugios rocosos, y encontraron huesos de animales que fueron puestos en la hoguera, as\u00ed como jarrones y figurillas.<\/p>\n<p>En las mismas excavaciones tambi\u00e9n se encontr\u00f3 una estatua del m\u00edtico dios Pan. Hoy la Direcci\u00f3n de Protecci\u00f3n Forestal ha configurado este espacio para que sea m\u00e1s accesible y agradable a los visitantes y facilite el culto a los <strong>capilla de Agios Antonios<\/strong>, que est\u00e1 tallado en las rocas del desfiladero. Los visitantes pueden disfrutar de la sombra de los viejos pl\u00e1tanos y de los refugios rocosos, as\u00ed como de las tranquilas aguas del r\u00edo que atraviesa el desfiladero para terminar en el <strong>Presa de Potamoi<\/strong>. Tambi\u00e9n pueden seguir el trazado trazado que va desde la Cueva hasta la presa.<\/p>\n<p>La <a title=\"Senderismo al desfiladero de Patsos\" href=\"https:\/\/patsosescape.com\/es\/hiking-to-the-gorge-of-patsos\/\"><strong>Garganta de Patsos<\/strong><\/a> se encuentra a unos 2 km al sur del pueblo de Patsos. Es una buena opci\u00f3n para los amantes de la naturaleza y m\u00e1s all\u00e1. Es como un peque\u00f1o jard\u00edn bot\u00e1nico. Cruzar el desfiladero tarda unas dos horas, es relativamente f\u00e1cil y se puede realizar casi todo el a\u00f1o. Los visitantes quedar\u00e1n impresionados por los numerosos manantiales que ayudan a que la rica vegetaci\u00f3n florezca durante todo el a\u00f1o.<\/p>\n<div id=\"attachment_479\" style=\"width: 1570px\" class=\"wp-caption aligncenter\"><a href=\"https:\/\/patsosescape.com\/newsite\/wp-content\/uploads\/2015\/02\/Patsos2.jpg\"><img loading=\"lazy\" decoding=\"async\" aria-describedby=\"caption-attachment-479\" class=\"wp-image-479 size-full\" src=\"https:\/\/patsosescape.com\/newsite\/wp-content\/uploads\/2015\/02\/Patsos2.jpg\" alt=\"Patsos es un peque\u00f1o pueblo verde de la antigua provincia de Amari. Ahora es un t\u00e9rmino municipal del municipio Amari. Los pueblos karines Pandanassa y Gerakari se encuentran a su alrededor.\" width=\"1560\" height=\"600\" srcset=\"https:\/\/patsosescape.com\/wp-content\/uploads\/2015\/02\/Patsos2.jpg 1560w, https:\/\/patsosescape.com\/wp-content\/uploads\/2015\/02\/Patsos2-300x115.jpg 300w, https:\/\/patsosescape.com\/wp-content\/uploads\/2015\/02\/Patsos2-1024x394.jpg 1024w, https:\/\/patsosescape.com\/wp-content\/uploads\/2015\/02\/Patsos2-940x362.jpg 940w, https:\/\/patsosescape.com\/wp-content\/uploads\/2015\/02\/Patsos2-620x238.jpg 620w, https:\/\/patsosescape.com\/wp-content\/uploads\/2015\/02\/Patsos2-195x75.jpg 195w\" sizes=\"auto, (max-width: 1560px) 100vw, 1560px\" \/><\/a><p id=\"caption-attachment-479\" class=\"wp-caption-text\">Patsos es un peque\u00f1o pueblo verde de la antigua provincia de Amari. Ahora es un t\u00e9rmino municipal del municipio Amari. Los pueblos Karines Pandanassa y Gerakari se encuentran a su alrededor.<\/p><\/div>","protected":false},"excerpt":{"rendered":"<p>&nbsp; About the area of Patsos &#8211; HISTORY OF PATSOS (AMARI) RETHYMNON &nbsp; The genuine side of Crete continues to thrive at the tops of mountains and their beautiful wild nature. In those places where only the simplicity and luxury of nature prevails, one can find the authentic and traditional Crete. Patsos is one of the places where you can enjoy this scenery. Patsos offers its guests landscapes of rich natural beauty, unique historical and cultural attractions, an excellent local traditional Cretan cuisine and above all, the famous hospitality of&hellip; <a class=\"read-more-link\" href=\"https:\/\/patsosescape.com\/es\/about-the-area\/\">Lee mas<\/a><\/p>","protected":false},"author":3,"featured_media":0,"parent":0,"menu_order":2,"comment_status":"closed","ping_status":"closed","template":"","meta":{"ngg_post_thumbnail":0,"_glsr_average":0,"_glsr_ranking":0,"_glsr_reviews":0,"footnotes":""},"class_list":["post-744","page","type-page","status-publish","hentry"],"aioseo_notices":[],"_links":{"self":[{"href":"https:\/\/patsosescape.com\/es\/wp-json\/wp\/v2\/pages\/744","targetHints":{"allow":["GET"]}}],"collection":[{"href":"https:\/\/patsosescape.com\/es\/wp-json\/wp\/v2\/pages"}],"about":[{"href":"https:\/\/patsosescape.com\/es\/wp-json\/wp\/v2\/types\/page"}],"author":[{"embeddable":true,"href":"https:\/\/patsosescape.com\/es\/wp-json\/wp\/v2\/users\/3"}],"replies":[{"embeddable":true,"href":"https:\/\/patsosescape.com\/es\/wp-json\/wp\/v2\/comments?post=744"}],"version-history":[{"count":0,"href":"https:\/\/patsosescape.com\/es\/wp-json\/wp\/v2\/pages\/744\/revisions"}],"wp:attachment":[{"href":"https:\/\/patsosescape.com\/es\/wp-json\/wp\/v2\/media?parent=744"}],"curies":[{"name":"wp","href":"https:\/\/api.w.org\/{rel}","templated":true}]}}