{"id":754,"date":"2015-02-26T01:09:12","date_gmt":"2015-02-25T23:09:12","guid":{"rendered":"http:\/\/patsosescape.com\/newsite\/?page_id=754"},"modified":"2021-04-30T18:44:40","modified_gmt":"2021-04-30T15:44:40","slug":"harakas-the-abduction-of-the-german-general-kreipe","status":"publish","type":"page","link":"https:\/\/patsosescape.com\/es\/harakas-the-abduction-of-the-german-general-kreipe\/","title":{"rendered":"Harakas - El secuestro del general alem\u00e1n Kreipe"},"content":{"rendered":"<h1><strong>EL SECUESTO DEL GENERAL ALEM\u00c1N KREIPE - Segunda Guerra Mundial en Creta<br \/>\n<\/strong><\/h1>\n<h2><strong><span lang=\"EN\">Cueva HARAKAS en PATSOS (AMARI - RETHYMNO)<\/span><\/strong><\/h2>\n<p><span lang=\"EN\">En<\/span><span lang=\"EN\"><span class=\"Apple-converted-space\">&nbsp;<\/span>esta cueva<span class=\"Apple-converted-space\">&nbsp;<\/span>conserv\u00f3<span class=\"Apple-converted-space\">&nbsp;<\/span>oculto<span class=\"Apple-converted-space\">&nbsp;<\/span>secuestrado<span class=\"Apple-converted-space\">&nbsp;<\/span><strong><a title=\"General alem\u00e1n Kreipe\" href=\"https:\/\/en.wikipedia.org\/wiki\/Heinrich_Kreipe\" target=\"_blank\" rel=\"noopener\">alem\u00e1n<span class=\"Apple-converted-space\">&nbsp;<\/span>General<span class=\"Apple-converted-space\">&nbsp;<\/span>Kraipe<\/a><span class=\"Apple-converted-space\">&nbsp;<\/span><\/strong>para dos<span class=\"Apple-converted-space\">&nbsp;<\/span>noches.<span class=\"Apple-converted-space\">&nbsp;<\/span>Un gran<span class=\"Apple-converted-space\">&nbsp;<\/span>evento hist\u00f3rico<span class=\"Apple-converted-space\">&nbsp;<\/span>en<span class=\"Apple-converted-space\">&nbsp;<\/span>inspirador<span class=\"Apple-converted-space\">&nbsp;<\/span>y<span class=\"Apple-converted-space\">&nbsp;<\/span>te hace sentir<span class=\"Apple-converted-space\">&nbsp;<\/span>orgulloso.<span class=\"Apple-converted-space\">&nbsp;<\/span>Es un<span class=\"Apple-converted-space\">&nbsp;<\/span>s\u00edmbolo<span class=\"Apple-converted-space\">&nbsp;<\/span>de patriotismo, conciencia<span class=\"Apple-converted-space\">&nbsp;<\/span>y<span class=\"Apple-converted-space\">&nbsp;<\/span><\/span><span lang=\"EN-US\">valent\u00eda. A<\/span><span lang=\"EN-US\"><span class=\"Apple-converted-space\">&nbsp;<\/span><\/span><span lang=\"EN\">hito en la historia<\/span><span lang=\"EN\"><span class=\"Apple-converted-space\">&nbsp;<\/span>de nuestro pueblo. Un lugar de<span class=\"Apple-converted-space\">&nbsp;<\/span>despertar<span class=\"Apple-converted-space\">&nbsp;<\/span>conciencia hist\u00f3rica<span class=\"Apple-converted-space\">&nbsp;<\/span>y<span class=\"Apple-converted-space\">&nbsp;<\/span>recordatorio<span class=\"Apple-converted-space\">&nbsp;<\/span>de d<\/span><span lang=\"EN-US\">uty.<\/span><\/p>\n<p><span lang=\"EN-US\">La<\/span><span lang=\"EN-US\"><span class=\"Apple-converted-space\">&nbsp;<\/span><\/span><span lang=\"EN\">brit\u00e1nico<\/span><span lang=\"EN\"><span class=\"Apple-converted-space\">&nbsp;<\/span>capit\u00e1n, <a title=\"Stanley Moss\" href=\"https:\/\/en.wikipedia.org\/wiki\/W._Stanley_Moss\" target=\"_blank\" rel=\"noopener\"><strong>BILL STANLEY MOSS<\/strong><\/a>,<span class=\"Apple-converted-space\">&nbsp;<\/span>en su libro &quot;<strong><a title=\"Me encuentro a la luz de la luna\" href=\"https:\/\/en.wikipedia.org\/wiki\/Ill_Met_by_Moonlight_(film)\" target=\"_blank\" rel=\"noopener\">ENFERMO<span class=\"Apple-converted-space\">&nbsp;<\/span>CONOCIDO A LA LUZ DE LA LUNA<\/a>&#8220;<\/strong>,<span class=\"Apple-converted-space\">&nbsp;<\/span>escribe: &quot;<\/span>Ahora estamos escondidos en un lugar encantador que est\u00e1 a una milla de <strong>Patsos<\/strong>. Dormimos en una choza de paredes de piedra que se ha construido contra la base de un acantilado escarpado, por lo que con \u00e1rboles en tres lados y el acantilado detr\u00e1s de nosotros no podr\u00edamos haber encontrado una posici\u00f3n m\u00e1s protegida.<\/p>\n<p>La cena estuvo excelente. Nos cuida una familia encantadora que, aunque muy pobre, nos da todo lo que tiene. El padre (Efthimios G. Harokopos) es un tipo cretense fino y pasado de moda, y nos dice que desde la ocupaci\u00f3n alemana se ha ocupado de m\u00e1s de sesenta rezagados brit\u00e1nicos y coloniales que se escond\u00edan del enemigo. Su peque\u00f1a hija es una ni\u00f1a de aspecto dulce cuyo rostro tiene la apariencia de una delicada m\u00e1scara de cera, un aspecto de L&#039;inconnue de la Seine, y en conjunto posee una gracia y un encanto naturales que son demasiado raros entre las mujeres de la isla. gente. Ella va desnuda, armada, con las piernas desnudas, y usa un vestido de lona de una pieza, y su cabello est\u00e1 arreglado en dos largas trenzas. Es muy posible, supongo, que s\u00f3lo tenga unos doce a\u00f1os, y quiz\u00e1s ser\u00eda mejor no pensar en ella como ser\u00e1 dentro de diez a\u00f1os. Su hermano, de nombre Iorgi, es un joven apuesto de modales tranquilos y rostro b\u00edblico. Habla un poco de ingl\u00e9s y me ha dicho que le gustar\u00eda ir con nosotros a El Cairo. Podemos llevarlo con nosotros si hay espacio a bordo.<\/p>\n<p><a href=\"https:\/\/patsosescape.com\/newsite\/wp-content\/uploads\/2015\/02\/00711.jpg\"><img loading=\"lazy\" decoding=\"async\" class=\"aligncenter wp-image-416 size-full\" src=\"https:\/\/patsosescape.com\/newsite\/wp-content\/uploads\/2015\/02\/00711.jpg\" alt=\"Charakas\" width=\"700\" height=\"523\"><\/a><\/p>\n<p>Hemos estado tan bien atendidos en este escondite que esta tarde decidimos obsequiar a la familia con oro (porque sab\u00edamos que su riqueza consist\u00eda en poco m\u00e1s que unas cabras y unos olivos); as\u00ed que Paddy (Patrick Leigh Fermor) llam\u00f3 a un lado al anciano padre. Le record\u00f3 que con toda probabilidad \u00edbamos a llevarnos a su \u00fanico hijo, Iorgi, con nosotros a Egipto, y por lo tanto no quedar\u00eda nadie para ayudar con el trabajo en casa. Entonces, continu\u00f3 Paddy, \u00bfaceptar\u00eda el obsequio desesperadamente inadecuado de unos pocos soberanos a cambio de su hijo?<\/p>\n<p>Pero el anciano, como bien podr\u00edamos haber adivinado, simplemente neg\u00f3 con la cabeza, nos agradeci\u00f3 por nuestro amable pensamiento y se neg\u00f3 cort\u00e9smente. No lo presionamos &quot;.<\/p>\n<div class=\"themeblvd-video-wrapper\">\n<div class=\"video-inner\"><iframe loading=\"lazy\" title=\"\u0391\u03a0\u0391\u0393\u03a9\u0393\u0397 \u0393\u0395\u03a1\u039c\u0391\u039d\u039f\u03a5 \u03a3\u03a4\u03a1\u0391\u03a4\u0397\u0393\u039f\u03a5 \u039a\u03a1\u0391\u0399\u03a0\u0395\" width=\"940\" height=\"705\" src=\"https:\/\/www.youtube.com\/embed\/xuz9yuUmiBI?start=2038&#038;feature=oembed&#038;wmode=transparent\" frameborder=\"0\" allow=\"accelerometer; autoplay; clipboard-write; encrypted-media; gyroscope; picture-in-picture\" allowfullscreen><\/iframe><\/div>\n<\/div>\n<p>&nbsp;<\/p>\n<h3><a title=\"Reserve una actividad al aire libre en PATSOS - Tour de senderismo a HARAKAS\" href=\"\/es\/hiking-harakas-amari-rethymnon\/\"><strong>Reserve una actividad al aire libre en Patsos Rethymno Crete - Tour de senderismo a HARAKAS<\/strong><\/a><\/h3>\n<p>&nbsp;<\/p>\n<p>&nbsp;<\/p>","protected":false},"excerpt":{"rendered":"<p>THE ABDUCTION OF THE GERMAN GENERAL KREIPE &#8211; WWII on Crete HARAKAS cave in PATSOS (AMARI &#8211; RETHYMNO) In&nbsp;this cave&nbsp;kept&nbsp;hidden&nbsp;kidnapped&nbsp;German&nbsp;General&nbsp;Kraipe&nbsp;for two&nbsp;nights.&nbsp;A great&nbsp;historical event&nbsp;in&nbsp;inspiring&nbsp;and&nbsp;makes you feel&nbsp;proud.&nbsp;It is a&nbsp;symbol&nbsp;of patriotism, conscience&nbsp;and&nbsp;bravery. A&nbsp;milestone in the history&nbsp;of our village. A place of&nbsp;awakening&nbsp;historical consciousness&nbsp;and&nbsp;reminder&nbsp;of duty. The&nbsp;British&nbsp;captain, BILL STANLEY MOSS,&nbsp;in his book &#8220;ILL&nbsp;MET BY MOONLIGHT&#8220;,&nbsp;writes: &#8220;We are now hiding in a delightful spot which is about a mile from Patsos. We sleep in a stone &#8211; walled hut which has been built against the base of a steep cliff, so with trees on three sides and&hellip; <a class=\"read-more-link\" href=\"https:\/\/patsosescape.com\/es\/harakas-the-abduction-of-the-german-general-kreipe\/\">Lee mas<\/a><\/p>","protected":false},"author":3,"featured_media":0,"parent":0,"menu_order":3,"comment_status":"closed","ping_status":"closed","template":"","meta":{"ngg_post_thumbnail":0,"_glsr_average":0,"_glsr_ranking":0,"_glsr_reviews":0,"footnotes":""},"class_list":["post-754","page","type-page","status-publish","hentry"],"aioseo_notices":[],"_links":{"self":[{"href":"https:\/\/patsosescape.com\/es\/wp-json\/wp\/v2\/pages\/754","targetHints":{"allow":["GET"]}}],"collection":[{"href":"https:\/\/patsosescape.com\/es\/wp-json\/wp\/v2\/pages"}],"about":[{"href":"https:\/\/patsosescape.com\/es\/wp-json\/wp\/v2\/types\/page"}],"author":[{"embeddable":true,"href":"https:\/\/patsosescape.com\/es\/wp-json\/wp\/v2\/users\/3"}],"replies":[{"embeddable":true,"href":"https:\/\/patsosescape.com\/es\/wp-json\/wp\/v2\/comments?post=754"}],"version-history":[{"count":0,"href":"https:\/\/patsosescape.com\/es\/wp-json\/wp\/v2\/pages\/754\/revisions"}],"wp:attachment":[{"href":"https:\/\/patsosescape.com\/es\/wp-json\/wp\/v2\/media?parent=754"}],"curies":[{"name":"wp","href":"https:\/\/api.w.org\/{rel}","templated":true}]}}