{"id":767,"date":"2015-02-26T01:17:38","date_gmt":"2015-02-12T22:41:44","guid":{"rendered":"http:\/\/patsosescape.com\/newsite\/?page_id=767"},"modified":"2017-10-27T23:36:34","modified_gmt":"2017-10-27T20:36:34","slug":"cultural-heritage","status":"publish","type":"page","link":"https:\/\/patsosescape.com\/es\/cultural-heritage\/","title":{"rendered":"Patrimonio cultural"},"content":{"rendered":"<p><strong>Patrimonio cultural (Colecci\u00f3n Folklore)<\/strong><\/p>\n<p>En el <a title=\"Cafeter\u00eda\" href=\"https:\/\/patsosescape.com\/es\/newsite\/coffeehouse\/\" target=\"_blank\" rel=\"noopener\">coffehouse<\/a>, tiene la oportunidad de ver algunas herramientas tradicionales de uso dom\u00e9stico y agr\u00edcola que nuestros antepasados nos ense\u00f1aron. Ense\u00f1an la voluntad indomable de sobrevivir, as\u00ed como una inspiraci\u00f3n para nuevas creaciones, pero tambi\u00e9n que hoy y ayer no est\u00e1n conectados con los puentes a\u00e9reos. Hay un continouty. Tambi\u00e9n tienen un valor educativo como conocimiento adquirido, la base para nuevas experiencias y creaciones espirituales. Finalmente, son un tesoro espiritual invaluable.<\/p>\n<p>&nbsp;<\/p>\n<p style=\"text-align: left;\"><strong>LAMPARA DE ACEITE<\/strong><\/p>\n<div id=\"attachment_645\" style=\"width: 359px\" class=\"wp-caption alignnone\"><a href=\"https:\/\/patsosescape.com\/newsite\/wp-content\/uploads\/2015\/02\/15.jpg\"><img loading=\"lazy\" decoding=\"async\" aria-describedby=\"caption-attachment-645\" class=\"wp-image-645 size-full\" src=\"https:\/\/patsosescape.com\/newsite\/wp-content\/uploads\/2015\/02\/15.jpg\" alt=\"LAMPARA DE ACEITE\" width=\"349\" height=\"450\" srcset=\"https:\/\/patsosescape.com\/wp-content\/uploads\/2015\/02\/15.jpg 349w, https:\/\/patsosescape.com\/wp-content\/uploads\/2015\/02\/15-233x300.jpg 233w, https:\/\/patsosescape.com\/wp-content\/uploads\/2015\/02\/15-151x195.jpg 151w\" sizes=\"auto, (max-width: 349px) 100vw, 349px\" \/><\/a><p id=\"caption-attachment-645\" class=\"wp-caption-text\">L\u00e1mpara que trabaja con aceite y algod\u00f3n.<\/p><\/div>\n<p><strong>BALANCE DE PRIMAVERA<\/strong><\/p>\n<div id=\"attachment_646\" style=\"width: 346px\" class=\"wp-caption alignnone\"><a href=\"https:\/\/patsosescape.com\/newsite\/wp-content\/uploads\/2015\/02\/25.jpg\"><img loading=\"lazy\" decoding=\"async\" aria-describedby=\"caption-attachment-646\" class=\"wp-image-646 size-full\" src=\"https:\/\/patsosescape.com\/newsite\/wp-content\/uploads\/2015\/02\/25.jpg\" alt=\"BALANCE DE PRIMAVERA\" width=\"336\" height=\"450\" srcset=\"https:\/\/patsosescape.com\/wp-content\/uploads\/2015\/02\/25.jpg 336w, https:\/\/patsosescape.com\/wp-content\/uploads\/2015\/02\/25-224x300.jpg 224w, https:\/\/patsosescape.com\/wp-content\/uploads\/2015\/02\/25-146x195.jpg 146w\" sizes=\"auto, (max-width: 336px) 100vw, 336px\" \/><\/a><p id=\"caption-attachment-646\" class=\"wp-caption-text\">Instrumento que mide el peso de un cuerpo.<\/p><\/div>\n<p><strong>VOLOSYROS<\/strong><\/p>\n<div id=\"attachment_647\" style=\"width: 460px\" class=\"wp-caption alignnone\"><a href=\"https:\/\/patsosescape.com\/newsite\/wp-content\/uploads\/2015\/02\/35.jpg\"><img loading=\"lazy\" decoding=\"async\" aria-describedby=\"caption-attachment-647\" class=\"wp-image-647 size-full\" src=\"https:\/\/patsosescape.com\/newsite\/wp-content\/uploads\/2015\/02\/35.jpg\" alt=\"VOLOSYROS\" width=\"450\" height=\"336\" srcset=\"https:\/\/patsosescape.com\/wp-content\/uploads\/2015\/02\/35.jpg 450w, https:\/\/patsosescape.com\/wp-content\/uploads\/2015\/02\/35-300x224.jpg 300w, https:\/\/patsosescape.com\/wp-content\/uploads\/2015\/02\/35-195x146.jpg 195w\" sizes=\"auto, (max-width: 450px) 100vw, 450px\" \/><\/a><p id=\"caption-attachment-647\" class=\"wp-caption-text\">Era una madera astillada, alargada, a la que se le hab\u00edan colocado palas de metal para romper en pedazos la veta. La madera astillada se conect\u00f3 con los zygos y arrastr\u00f3 a los animales por todo el piso de trilla para separar la semilla de la paja.<\/p><\/div>\n<p><strong>\u03a4\u0397R\u0399\u039d\u0391\u039a\u0399<\/strong><\/p>\n<div id=\"attachment_648\" style=\"width: 1034px\" class=\"wp-caption alignnone\"><a href=\"https:\/\/patsosescape.com\/newsite\/wp-content\/uploads\/2015\/02\/43.jpg\"><img loading=\"lazy\" decoding=\"async\" aria-describedby=\"caption-attachment-648\" class=\"wp-image-648 size-full\" src=\"https:\/\/patsosescape.com\/newsite\/wp-content\/uploads\/2015\/02\/43.jpg\" alt=\"\u03a4\u0397R\u0399\u039d\u0391\u039a\u0399\" width=\"1024\" height=\"765\" srcset=\"https:\/\/patsosescape.com\/wp-content\/uploads\/2015\/02\/43.jpg 1024w, https:\/\/patsosescape.com\/wp-content\/uploads\/2015\/02\/43-300x224.jpg 300w, https:\/\/patsosescape.com\/wp-content\/uploads\/2015\/02\/43-940x702.jpg 940w, https:\/\/patsosescape.com\/wp-content\/uploads\/2015\/02\/43-620x463.jpg 620w, https:\/\/patsosescape.com\/wp-content\/uploads\/2015\/02\/43-195x146.jpg 195w\" sizes=\"auto, (max-width: 1024px) 100vw, 1024px\" \/><\/a><p id=\"caption-attachment-648\" class=\"wp-caption-text\">Pala especial con dientes de madera, para recoger un manojo de la mazorca que se extendi\u00f3 sobre la era, pero no destruir el fondo de la era, que estaba a nivel de tierra para recoger de este grano.<\/p><\/div>\n<p><strong>TSOUKOS<\/strong><\/p>\n<div id=\"attachment_649\" style=\"width: 296px\" class=\"wp-caption alignnone\"><a href=\"https:\/\/patsosescape.com\/newsite\/wp-content\/uploads\/2015\/02\/5.jpg\"><img loading=\"lazy\" decoding=\"async\" aria-describedby=\"caption-attachment-649\" class=\"wp-image-649 size-full\" src=\"https:\/\/patsosescape.com\/newsite\/wp-content\/uploads\/2015\/02\/5.jpg\" alt=\"TSOUKOS\" width=\"286\" height=\"369\" srcset=\"https:\/\/patsosescape.com\/wp-content\/uploads\/2015\/02\/5.jpg 286w, https:\/\/patsosescape.com\/wp-content\/uploads\/2015\/02\/5-233x300.jpg 233w, https:\/\/patsosescape.com\/wp-content\/uploads\/2015\/02\/5-151x195.jpg 151w\" sizes=\"auto, (max-width: 286px) 100vw, 286px\" \/><\/a><p id=\"caption-attachment-649\" class=\"wp-caption-text\">El Tsoukos fue el producto de una planta, actualmente en uso como decoraci\u00f3n. Previamente, se perfora un agujero, se limpian las esporas que ten\u00eda la planta para dispersarse y reproducirse. Se usa para vino o raki. Hay varios tama\u00f1os.<\/p><\/div>\n<p><strong>HOZ<\/strong><\/p>\n<div id=\"attachment_650\" style=\"width: 346px\" class=\"wp-caption alignnone\"><a href=\"https:\/\/patsosescape.com\/newsite\/wp-content\/uploads\/2015\/02\/6.jpg\"><img loading=\"lazy\" decoding=\"async\" aria-describedby=\"caption-attachment-650\" class=\"wp-image-650 size-full\" src=\"https:\/\/patsosescape.com\/newsite\/wp-content\/uploads\/2015\/02\/6.jpg\" alt=\"HOZ\" width=\"336\" height=\"450\" srcset=\"https:\/\/patsosescape.com\/wp-content\/uploads\/2015\/02\/6.jpg 336w, https:\/\/patsosescape.com\/wp-content\/uploads\/2015\/02\/6-224x300.jpg 224w, https:\/\/patsosescape.com\/wp-content\/uploads\/2015\/02\/6-146x195.jpg 146w\" sizes=\"auto, (max-width: 336px) 100vw, 336px\" \/><\/a><p id=\"caption-attachment-650\" class=\"wp-caption-text\">Es una herramienta agr\u00edcola para cosechar granos y pasto, inventada desde la antig\u00fcedad.<\/p><\/div>\n<p><strong>HIERRO PLANO<\/strong><\/p>\n<div id=\"attachment_652\" style=\"width: 346px\" class=\"wp-caption alignnone\"><a href=\"https:\/\/patsosescape.com\/newsite\/wp-content\/uploads\/2015\/02\/7.jpg\"><img loading=\"lazy\" decoding=\"async\" aria-describedby=\"caption-attachment-652\" class=\"wp-image-652 size-full\" src=\"https:\/\/patsosescape.com\/newsite\/wp-content\/uploads\/2015\/02\/7.jpg\" alt=\"HIERRO PLANO\" width=\"336\" height=\"450\" srcset=\"https:\/\/patsosescape.com\/wp-content\/uploads\/2015\/02\/7.jpg 336w, https:\/\/patsosescape.com\/wp-content\/uploads\/2015\/02\/7-224x300.jpg 224w, https:\/\/patsosescape.com\/wp-content\/uploads\/2015\/02\/7-146x195.jpg 146w\" sizes=\"auto, (max-width: 336px) 100vw, 336px\" \/><\/a><p id=\"caption-attachment-652\" class=\"wp-caption-text\">Las viejas planchas de ropa estaban hechas de metal grueso. El mango estaba hecho de madera para no quemarte las manos que lo usaste. Estaba dividido en dos partes. La parte inferior era c\u00f3ncava por donde entraban a trav\u00e9s de las brasas y la parte superior era delgada y se usaba como tapa para cerrar el hierro. El ox\u00edgeno penetr\u00f3 a trav\u00e9s de los orificios existentes en la plancha.<\/p><\/div>\n<p><strong>MOLINO DE MANO<\/strong><\/p>\n<div id=\"attachment_653\" style=\"width: 346px\" class=\"wp-caption alignnone\"><a href=\"https:\/\/patsosescape.com\/newsite\/wp-content\/uploads\/2015\/02\/8.jpg\"><img loading=\"lazy\" decoding=\"async\" aria-describedby=\"caption-attachment-653\" class=\"wp-image-653 size-full\" src=\"https:\/\/patsosescape.com\/newsite\/wp-content\/uploads\/2015\/02\/8.jpg\" alt=\"MOLINO DE MANO\" width=\"336\" height=\"450\" srcset=\"https:\/\/patsosescape.com\/wp-content\/uploads\/2015\/02\/8.jpg 336w, https:\/\/patsosescape.com\/wp-content\/uploads\/2015\/02\/8-224x300.jpg 224w, https:\/\/patsosescape.com\/wp-content\/uploads\/2015\/02\/8-146x195.jpg 146w\" sizes=\"auto, (max-width: 336px) 100vw, 336px\" \/><\/a><p id=\"caption-attachment-653\" class=\"wp-caption-text\">El molino de mano rotativo fue el primero de todos los molinos, pero no tenemos informaci\u00f3n clara sobre su cronolog\u00eda. El proceso de trituraci\u00f3n implica el triturado de un molino manual entre un par de piedras flamillstones redondas. Se repiti\u00f3 todo el movimiento, con el operador para lanzar con un brazo la mu\u00f1eca a trav\u00e9s de una estrecha abertura en la piedra superior, agitando con la otra mano circularmente otra por medio de un mango de madera vertical que se construy\u00f3 all\u00ed. Estas dos superficies permiten que el grano pase una y otra vez hasta que entre ellas se convierta finalmente en producto.<\/p><\/div>\n<p><strong>RADIO<\/strong><\/p>\n<div id=\"attachment_654\" style=\"width: 346px\" class=\"wp-caption alignnone\"><a href=\"https:\/\/patsosescape.com\/newsite\/wp-content\/uploads\/2015\/02\/9.jpg\"><img loading=\"lazy\" decoding=\"async\" aria-describedby=\"caption-attachment-654\" class=\"wp-image-654 size-full\" src=\"https:\/\/patsosescape.com\/newsite\/wp-content\/uploads\/2015\/02\/9.jpg\" alt=\"RADIO\" width=\"336\" height=\"450\" srcset=\"https:\/\/patsosescape.com\/wp-content\/uploads\/2015\/02\/9.jpg 336w, https:\/\/patsosescape.com\/wp-content\/uploads\/2015\/02\/9-224x300.jpg 224w, https:\/\/patsosescape.com\/wp-content\/uploads\/2015\/02\/9-146x195.jpg 146w\" sizes=\"auto, (max-width: 336px) 100vw, 336px\" \/><\/a><p id=\"caption-attachment-654\" class=\"wp-caption-text\">Esta es una radio con un gran valor sentimental e hist\u00f3rico. Era el \u00fanico del pueblo. Reunidos aqu\u00ed para tomar caf\u00e9, jugar a las cartas (prefa) y escuchar las noticias.<\/p><\/div>\n<p><strong>MORTERO<\/strong><\/p>\n<div id=\"attachment_655\" style=\"width: 210px\" class=\"wp-caption alignnone\"><a href=\"https:\/\/patsosescape.com\/newsite\/wp-content\/uploads\/2015\/02\/10.jpg\"><img loading=\"lazy\" decoding=\"async\" aria-describedby=\"caption-attachment-655\" class=\"wp-image-655\" src=\"https:\/\/patsosescape.com\/newsite\/wp-content\/uploads\/2015\/02\/10.jpg\" alt=\"MORTERO\" width=\"200\" height=\"373\"><\/a><p id=\"caption-attachment-655\" class=\"wp-caption-text\">El mortero es un utensilio de cocina que se utiliza, adem\u00e1s del mortero o de otro modo Maul, triturando, triturando y mezclando s\u00f3lidos.<\/p><\/div>\n<p><strong>TAMIZ<\/strong><\/p>\n<div id=\"attachment_656\" style=\"width: 158px\" class=\"wp-caption alignnone\"><a href=\"https:\/\/patsosescape.com\/newsite\/wp-content\/uploads\/2015\/02\/111.jpg\"><img loading=\"lazy\" decoding=\"async\" aria-describedby=\"caption-attachment-656\" class=\"wp-image-656 size-full\" src=\"https:\/\/patsosescape.com\/newsite\/wp-content\/uploads\/2015\/02\/111.jpg\" alt=\"TAMIZ\" width=\"148\" height=\"149\" srcset=\"https:\/\/patsosescape.com\/wp-content\/uploads\/2015\/02\/111.jpg 148w, https:\/\/patsosescape.com\/wp-content\/uploads\/2015\/02\/111-130x130.jpg 130w, https:\/\/patsosescape.com\/wp-content\/uploads\/2015\/02\/111-70x70.jpg 70w, https:\/\/patsosescape.com\/wp-content\/uploads\/2015\/02\/111-45x45.jpg 45w\" sizes=\"auto, (max-width: 148px) 100vw, 148px\" \/><\/a><p id=\"caption-attachment-656\" class=\"wp-caption-text\">Utensilio redondo con estructura de madera y fondo perforado de metal generalmente plano, que contiene un material en forma de cuerpos extra\u00f1os granulares o en polvo o de grano m\u00e1s grande que el normal.<\/p><\/div>\n<p><strong>VOURGIALI<\/strong><\/p>\n<div id=\"attachment_659\" style=\"width: 630px\" class=\"wp-caption alignnone\"><a href=\"https:\/\/patsosescape.com\/newsite\/wp-content\/uploads\/2015\/02\/121.jpg\"><img loading=\"lazy\" decoding=\"async\" aria-describedby=\"caption-attachment-659\" class=\"wp-image-659 size-tb_medium\" src=\"https:\/\/patsosescape.com\/newsite\/wp-content\/uploads\/2015\/02\/121-620x463.jpg\" alt=\"VOURGIALI\" width=\"620\" height=\"463\" srcset=\"https:\/\/patsosescape.com\/wp-content\/uploads\/2015\/02\/121-620x463.jpg 620w, https:\/\/patsosescape.com\/wp-content\/uploads\/2015\/02\/121-300x224.jpg 300w, https:\/\/patsosescape.com\/wp-content\/uploads\/2015\/02\/121-1024x765.jpg 1024w, https:\/\/patsosescape.com\/wp-content\/uploads\/2015\/02\/121-940x702.jpg 940w, https:\/\/patsosescape.com\/wp-content\/uploads\/2015\/02\/121-195x146.jpg 195w, https:\/\/patsosescape.com\/wp-content\/uploads\/2015\/02\/121.jpg 1600w\" sizes=\"auto, (max-width: 620px) 100vw, 620px\" \/><\/a><p id=\"caption-attachment-659\" class=\"wp-caption-text\">&quot;Bolso&quot; de lana hecho a mano, tejido, necesario en la vida cotidiana de los cretenses, para muchos usos diferentes. Antiguamente los guerreros sol\u00edan poner sus balas y pistolas, mientras que en los \u00faltimos a\u00f1os los campesinos las usaban para poner su comida y frasco con vino o agua. Incluso el gran pensador y escritor cretense Nikos Kazantzakis lo utiliz\u00f3 para conservar sus manuscritos. Best vourgiali, con un pa\u00f1uelo de seda, fue el primer regalo para el novio cuando se comprometi\u00f3. Adem\u00e1s los vourgiali que se utilizan en las bodas para poner en los \u201cobsequios\u201d que hacen los invitados a los novios, y como recuerdo a los visitantes de nuestra isla. La decoraci\u00f3n cubre todo el vourgiali. Lo encontrar\u00e1s en varios tama\u00f1os y colores. Tambi\u00e9n se utiliza como decoraci\u00f3n muy bonita.<\/p><\/div>","protected":false},"excerpt":{"rendered":"<p>Patrimonio cultural (Colecci\u00f3n Folklore) En el coffehouse, tiene la oportunidad de ver algunas herramientas tradicionales de uso dom\u00e9stico y agr\u00edcola que nuestros antepasados nos familiarizaron. Ense\u00f1an la voluntad indomable de sobrevivir, as\u00ed como una inspiraci\u00f3n para nuevas creaciones, pero tambi\u00e9n que hoy y ayer no est\u00e1n conectados con los puentes a\u00e9reos. Hay un continouty. Tambi\u00e9n tienen un valor educativo como conocimiento adquirido, la base para nuevas experiencias y creaciones espirituales. Finalmente, son un tesoro espiritual invaluable. LAMPARA DE ACEITE RESORTE BALANCEO VOLOSYROS \u03a4\u0397R\u0399\u039d\u0391\u039a\u0399 TSOUKOS HOZ HIERRO PLANO ... <a class=\"read-more-link\" href=\"https:\/\/patsosescape.com\/es\/cultural-heritage\/\">Lee mas<\/a><\/p>","protected":false},"author":3,"featured_media":0,"parent":0,"menu_order":6,"comment_status":"closed","ping_status":"closed","template":"","meta":{"ngg_post_thumbnail":0,"_glsr_average":0,"_glsr_ranking":0,"_glsr_reviews":0,"footnotes":""},"class_list":["post-767","page","type-page","status-publish","hentry"],"aioseo_notices":[],"_links":{"self":[{"href":"https:\/\/patsosescape.com\/es\/wp-json\/wp\/v2\/pages\/767","targetHints":{"allow":["GET"]}}],"collection":[{"href":"https:\/\/patsosescape.com\/es\/wp-json\/wp\/v2\/pages"}],"about":[{"href":"https:\/\/patsosescape.com\/es\/wp-json\/wp\/v2\/types\/page"}],"author":[{"embeddable":true,"href":"https:\/\/patsosescape.com\/es\/wp-json\/wp\/v2\/users\/3"}],"replies":[{"embeddable":true,"href":"https:\/\/patsosescape.com\/es\/wp-json\/wp\/v2\/comments?post=767"}],"version-history":[{"count":0,"href":"https:\/\/patsosescape.com\/es\/wp-json\/wp\/v2\/pages\/767\/revisions"}],"wp:attachment":[{"href":"https:\/\/patsosescape.com\/es\/wp-json\/wp\/v2\/media?parent=767"}],"curies":[{"name":"wp","href":"https:\/\/api.w.org\/{rel}","templated":true}]}}