{"id":770,"date":"2015-02-26T01:18:33","date_gmt":"2015-02-25T23:18:33","guid":{"rendered":"http:\/\/patsosescape.com\/newsite\/?page_id=770"},"modified":"2015-03-14T09:41:49","modified_gmt":"2015-03-14T07:41:49","slug":"festivals-events","status":"publish","type":"page","link":"https:\/\/patsosescape.com\/es\/festivals-events\/","title":{"rendered":"Festivales, eventos"},"content":{"rendered":"<p>Los habitantes de Patsos respetando el gran pasado hist\u00f3rico y sus ricas tradiciones, mantienen o reviven con reverencia muchas costumbres heredadas de generaciones anteriores. Los eventos relacionados con los modales y costumbres, junto con la rica historia de nuestro pueblo, son el legado m\u00e1s valioso para el futuro.<\/p>\n<p>Tambi\u00e9n muchos eventos y actividades son organizados por la asociaci\u00f3n cultural de Patsos, como se muestra a continuaci\u00f3n:<\/p>\n<p style=\"text-align: center;\"><div class=\"divider divider-solid\"><\/div><\/p>\n<h3 style=\"text-align: center;\">1. Santificaci\u00f3n de las aguas y buceo de la santa cruz en un tanque de agua al aire libre<\/h3>\n<div class=\"themeblvd-video-wrapper\">\n<div class=\"video-inner\"><iframe loading=\"lazy\" width=\"940\" height=\"529\" src=\"http:\/\/www.youtube.com\/embed\/KFHS_Jw51kU?feature=oembed&#038;wmode=transparent\" frameborder=\"0\" allowfullscreen><\/iframe><\/div>\n<\/div>\n<p style=\"text-align: center;\"><div class=\"divider divider-solid\"><\/div><\/p>\n<h3 style=\"text-align: center;\">2. Eventos de carnaval<\/h3>\n<p>Como parte del Evento de Carnaval, la Asociaci\u00f3n Cultural de Patsos organiza el sexto tesoro de caza .. relacionado con la historia y tradici\u00f3n del pueblo.<\/p>\n<p><a href=\"http:\/\/patsosescape.com\/newsite\/wp-content\/uploads\/2015\/02\/14.jpg\"><img loading=\"lazy\" decoding=\"async\" class=\"aligncenter wp-image-627 size-full\" src=\"http:\/\/patsosescape.com\/newsite\/wp-content\/uploads\/2015\/02\/14.jpg\" alt=\"6\u03bf \u039a\u03c5\u03bd\u03ae\u03b3\u03b9 \u0398\u03b7\u03c3\u03b1\u03c5\u03c1\u03bf\u03cd \u03c3\u03c4\u03b7\u03bd \u03a0\u03b1\u03c4\u03c3\u03cc\" width=\"630\" height=\"471\" srcset=\"https:\/\/patsosescape.com\/wp-content\/uploads\/2015\/02\/14.jpg 630w, https:\/\/patsosescape.com\/wp-content\/uploads\/2015\/02\/14-300x224.jpg 300w, https:\/\/patsosescape.com\/wp-content\/uploads\/2015\/02\/14-620x464.jpg 620w, https:\/\/patsosescape.com\/wp-content\/uploads\/2015\/02\/14-195x146.jpg 195w\" sizes=\"auto, (max-width: 630px) 100vw, 630px\" \/><\/a><\/p>\n<p style=\"text-align: center;\"><div class=\"divider divider-solid\"><\/div><\/p>\n<h3 style=\"text-align: center;\">3. Festival en Patsos<\/h3>\n<p style=\"text-align: center;\">Multitudes de personas cada a\u00f1o el 8 de septiembre visitan Patsos para entretener en uno de los festivales m\u00e1s famosos de la regi\u00f3n.<\/p>\n<p><a href=\"http:\/\/patsosescape.com\/newsite\/wp-content\/uploads\/2015\/02\/24.jpg\"><img loading=\"lazy\" decoding=\"async\" class=\"aligncenter wp-image-629 size-full\" src=\"http:\/\/patsosescape.com\/newsite\/wp-content\/uploads\/2015\/02\/24.jpg\" alt=\"\u03a0\u03b1\u03bd\u03b7\u03b3\u03cd\u03c1\u03b9 \u03c3\u03c4\u03b7\u03bd \u03a0\u03b1\u03c4\u03c3\u03cc\" width=\"645\" height=\"430\" srcset=\"https:\/\/patsosescape.com\/wp-content\/uploads\/2015\/02\/24.jpg 645w, https:\/\/patsosescape.com\/wp-content\/uploads\/2015\/02\/24-300x200.jpg 300w, https:\/\/patsosescape.com\/wp-content\/uploads\/2015\/02\/24-620x413.jpg 620w, https:\/\/patsosescape.com\/wp-content\/uploads\/2015\/02\/24-195x130.jpg 195w\" sizes=\"auto, (max-width: 645px) 100vw, 645px\" \/><\/a><\/p>\n<p><a href=\"http:\/\/patsosescape.com\/newsite\/wp-content\/uploads\/2015\/02\/34.jpg\"><img loading=\"lazy\" decoding=\"async\" class=\"aligncenter size-full wp-image-630\" src=\"http:\/\/patsosescape.com\/newsite\/wp-content\/uploads\/2015\/02\/34.jpg\" alt=\"\u03a0\u03b1\u03bd\u03b7\u03b3\u03cd\u03c1\u03b9 \u03c3\u03c4\u03b7\u03bd \u03a0\u03b1\u03c4\u03c3\u03cc\" width=\"645\" height=\"430\" srcset=\"https:\/\/patsosescape.com\/wp-content\/uploads\/2015\/02\/34.jpg 645w, https:\/\/patsosescape.com\/wp-content\/uploads\/2015\/02\/34-300x200.jpg 300w, https:\/\/patsosescape.com\/wp-content\/uploads\/2015\/02\/34-620x413.jpg 620w, https:\/\/patsosescape.com\/wp-content\/uploads\/2015\/02\/34-195x130.jpg 195w\" sizes=\"auto, (max-width: 645px) 100vw, 645px\" \/><\/a><\/p>\n<p>&nbsp;<\/p>\n<p style=\"text-align: center;\"><div class=\"divider divider-solid\"><\/div><\/p>\n<h3 style=\"text-align: center;\">4. Renacimiento de la boda de Creta<\/h3>\n<p>Como parte de los eventos de la asociaci\u00f3n cultural de Patsos, establecida cada a\u00f1o el Lunes de Ceniza para convertirse en el renacimiento de la boda de Creta y la apertura de la Cuaresma.<\/p>\n<div id='gallery-1' class='gallery galleryid-770 gallery-columns-4 gallery-size-thumbnail'><dl class='gallery-item'>\n\t\t\t<dt class='gallery-icon landscape'>\n\t\t\t\t<img loading=\"lazy\" decoding=\"async\" width=\"150\" height=\"150\" src=\"https:\/\/patsosescape.com\/wp-content\/uploads\/2015\/02\/11.png\" class=\"attachment-thumbnail size-thumbnail\" alt=\"\" srcset=\"https:\/\/patsosescape.com\/wp-content\/uploads\/2015\/02\/11.png 150w, https:\/\/patsosescape.com\/wp-content\/uploads\/2015\/02\/11-130x130.png 130w, https:\/\/patsosescape.com\/wp-content\/uploads\/2015\/02\/11-70x70.png 70w, https:\/\/patsosescape.com\/wp-content\/uploads\/2015\/02\/11-45x45.png 45w\" sizes=\"auto, (max-width: 150px) 100vw, 150px\" \/>\n\t\t\t<\/dt><\/dl><dl class='gallery-item'>\n\t\t\t<dt class='gallery-icon landscape'>\n\t\t\t\t<img loading=\"lazy\" decoding=\"async\" width=\"150\" height=\"150\" src=\"https:\/\/patsosescape.com\/wp-content\/uploads\/2015\/02\/21.png\" class=\"attachment-thumbnail size-thumbnail\" alt=\"\" srcset=\"https:\/\/patsosescape.com\/wp-content\/uploads\/2015\/02\/21.png 150w, https:\/\/patsosescape.com\/wp-content\/uploads\/2015\/02\/21-130x130.png 130w, https:\/\/patsosescape.com\/wp-content\/uploads\/2015\/02\/21-70x70.png 70w, https:\/\/patsosescape.com\/wp-content\/uploads\/2015\/02\/21-45x45.png 45w\" sizes=\"auto, (max-width: 150px) 100vw, 150px\" \/>\n\t\t\t<\/dt><\/dl><dl class='gallery-item'>\n\t\t\t<dt class='gallery-icon landscape'>\n\t\t\t\t<img loading=\"lazy\" decoding=\"async\" width=\"150\" height=\"150\" src=\"https:\/\/patsosescape.com\/wp-content\/uploads\/2015\/02\/33.png\" class=\"attachment-thumbnail size-thumbnail\" alt=\"\" srcset=\"https:\/\/patsosescape.com\/wp-content\/uploads\/2015\/02\/33.png 150w, https:\/\/patsosescape.com\/wp-content\/uploads\/2015\/02\/33-130x130.png 130w, https:\/\/patsosescape.com\/wp-content\/uploads\/2015\/02\/33-70x70.png 70w, https:\/\/patsosescape.com\/wp-content\/uploads\/2015\/02\/33-45x45.png 45w\" sizes=\"auto, (max-width: 150px) 100vw, 150px\" \/>\n\t\t\t<\/dt><\/dl><dl class='gallery-item'>\n\t\t\t<dt class='gallery-icon landscape'>\n\t\t\t\t<img loading=\"lazy\" decoding=\"async\" width=\"150\" height=\"150\" src=\"https:\/\/patsosescape.com\/wp-content\/uploads\/2015\/02\/43.png\" class=\"attachment-thumbnail size-thumbnail\" alt=\"\" srcset=\"https:\/\/patsosescape.com\/wp-content\/uploads\/2015\/02\/43.png 150w, https:\/\/patsosescape.com\/wp-content\/uploads\/2015\/02\/43-130x130.png 130w, https:\/\/patsosescape.com\/wp-content\/uploads\/2015\/02\/43-70x70.png 70w, https:\/\/patsosescape.com\/wp-content\/uploads\/2015\/02\/43-45x45.png 45w\" sizes=\"auto, (max-width: 150px) 100vw, 150px\" \/>\n\t\t\t<\/dt><\/dl><br style=\"clear: both\" \/>\n\t\t<\/div>\n\n<div id=\"attachment_631\" style=\"width: 655px\" class=\"wp-caption aligncenter\"><a href=\"http:\/\/patsosescape.com\/newsite\/wp-content\/uploads\/2015\/02\/42.jpg\"><img loading=\"lazy\" decoding=\"async\" aria-describedby=\"caption-attachment-631\" class=\"wp-image-631 size-full\" src=\"http:\/\/patsosescape.com\/newsite\/wp-content\/uploads\/2015\/02\/42.jpg\" alt=\"\u03a0\u03b1\u03bd\u03b7\u03b3\u03cd\u03c1\u03b9 \u03c3\u03c4\u03b7\u03bd \u03a0\u03b1\u03c4\u03c3\u03cc\" width=\"645\" height=\"430\" srcset=\"https:\/\/patsosescape.com\/wp-content\/uploads\/2015\/02\/42.jpg 645w, https:\/\/patsosescape.com\/wp-content\/uploads\/2015\/02\/42-300x200.jpg 300w, https:\/\/patsosescape.com\/wp-content\/uploads\/2015\/02\/42-620x413.jpg 620w, https:\/\/patsosescape.com\/wp-content\/uploads\/2015\/02\/42-195x130.jpg 195w\" sizes=\"auto, (max-width: 645px) 100vw, 645px\" \/><\/a><p id=\"caption-attachment-631\" class=\"wp-caption-text\">El presidente y la junta directiva<\/p><\/div>","protected":false},"excerpt":{"rendered":"<p>Los habitantes de Patsos respetando el gran pasado hist\u00f3rico y sus ricas tradiciones, mantienen o reviven con reverencia muchas costumbres heredadas de generaciones anteriores. Los eventos relacionados con los modales y costumbres, junto con la rica historia de nuestro pueblo, son el legado m\u00e1s valioso para el futuro. Tambi\u00e9n muchos eventos y actividades son organizados por la asociaci\u00f3n cultural de Patsos, como se muestra a continuaci\u00f3n: 1. Santificaci\u00f3n de las aguas y buceo de la santa cruz en un tanque de agua al aire libre 2. Eventos de carnaval Como parte del Evento de carnaval, la Asociaci\u00f3n Cultural de Patsos organiza la sexta caza ... <a class=\"read-more-link\" href=\"https:\/\/patsosescape.com\/es\/festivals-events\/\">Lee mas<\/a><\/p>","protected":false},"author":3,"featured_media":0,"parent":0,"menu_order":7,"comment_status":"closed","ping_status":"closed","template":"","meta":{"ngg_post_thumbnail":0,"_glsr_average":0,"_glsr_ranking":0,"_glsr_reviews":0,"footnotes":""},"class_list":["post-770","page","type-page","status-publish","hentry"],"aioseo_notices":[],"_links":{"self":[{"href":"https:\/\/patsosescape.com\/es\/wp-json\/wp\/v2\/pages\/770","targetHints":{"allow":["GET"]}}],"collection":[{"href":"https:\/\/patsosescape.com\/es\/wp-json\/wp\/v2\/pages"}],"about":[{"href":"https:\/\/patsosescape.com\/es\/wp-json\/wp\/v2\/types\/page"}],"author":[{"embeddable":true,"href":"https:\/\/patsosescape.com\/es\/wp-json\/wp\/v2\/users\/3"}],"replies":[{"embeddable":true,"href":"https:\/\/patsosescape.com\/es\/wp-json\/wp\/v2\/comments?post=770"}],"version-history":[{"count":0,"href":"https:\/\/patsosescape.com\/es\/wp-json\/wp\/v2\/pages\/770\/revisions"}],"wp:attachment":[{"href":"https:\/\/patsosescape.com\/es\/wp-json\/wp\/v2\/media?parent=770"}],"curies":[{"name":"wp","href":"https:\/\/api.w.org\/{rel}","templated":true}]}}