{"id":776,"date":"2015-02-26T01:20:50","date_gmt":"2015-02-25T23:20:50","guid":{"rendered":"http:\/\/patsosescape.com\/newsite\/?page_id=776"},"modified":"2018-03-30T22:54:50","modified_gmt":"2018-03-30T19:54:50","slug":"traditional-cuisine","status":"publish","type":"page","link":"https:\/\/patsosescape.com\/es\/traditional-cuisine\/","title":{"rendered":"Cocina tradicional"},"content":{"rendered":"<p style=\"text-align: center;\">&nbsp;<\/p>\n<p style=\"text-align: left;\"><span lang=\"EN\">Cu\u00e1ndo<\/span><span lang=\"EN\"><span class=\"Apple-converted-space\">&nbsp;<\/span>est\u00e1s dentro<span class=\"Apple-converted-space\">&nbsp;<\/span>Patso<\/span><span lang=\"EN-US\">s<\/span><span lang=\"EN-GB\">,<\/span><span lang=\"EN-GB\"><span class=\"Apple-converted-space\">&nbsp;<\/span><\/span><span lang=\"EN\">despu\u00e9s<\/span><span lang=\"EN\"><span class=\"Apple-converted-space\">&nbsp;<\/span>explor\u00f3<\/span><span lang=\"EN-US\">En g<\/span><span lang=\"EN-US\"><span class=\"Apple-converted-space\">&nbsp;<\/span><\/span><span lang=\"EN\">&nbsp;la<\/span><span lang=\"EN\"><span class=\"Apple-converted-space\">&nbsp;<\/span>salvaje<span class=\"Apple-converted-space\">&nbsp;<\/span>belleza<span class=\"Apple-converted-space\">&nbsp;<\/span>de la naturaleza, no te olvides de<span class=\"Apple-converted-space\">&nbsp;<\/span>sabor<span class=\"Apple-converted-space\">&nbsp;<\/span><\/span>\u03c4<span lang=\"EN-US\">\u00e9l<\/span><span lang=\"EN\"><span class=\"Apple-converted-space\">&nbsp;<\/span>aut\u00e9ntico<\/span><span lang=\"EN\"><span class=\"Apple-converted-space\">&nbsp;<\/span>y<span class=\"Apple-converted-space\">&nbsp;<\/span>tradicional<span class=\"Apple-converted-space\">&nbsp;<\/span>recetas<span class=\"Apple-converted-space\">&nbsp;<\/span>que<\/span><span lang=\"EN\"><span class=\"Apple-converted-space\">&nbsp;<\/span><\/span>\u039c<span lang=\"EN-US\">rs Maria<\/span><span lang=\"EN\"><span class=\"Apple-converted-space\">&nbsp;<\/span>contin\u00faa <\/span><span lang=\"EN\">mantener, como ella<span class=\"Apple-converted-space\">&nbsp;<\/span>aprendi\u00f3<span class=\"Apple-converted-space\"> desde ella<\/span> infancia. <\/span><span lang=\"EN\">Su granja<\/span> &nbsp;es la fuente de productos puros utilizados en la cocina. En este se cultivan todas las verduras y tambi\u00e9n se cr\u00edan pollos y cabras. Con verduras y carnes frescas, huevos, aceite de oliva virgen extra y recetas tradicionales, disfruta de una deliciosa y aut\u00e9ntica comida tradicional.<\/p>\n<p style=\"text-align: center;\"><em>\n\t\t<!-- MasterSlider -->\n\t\t<div id=\"P_MS69f2dbdcdaf6f\" class=\"master-slider-parent msl ms-parent-id-13\" style=\"max-width:1000px;\">\n\n\t\t\t\n\t\t\t<!-- MasterSlider Main -->\n\t\t\t<div id=\"MS69f2dbdcdaf6f\" class=\"master-slider ms-skin-default\" >\n\t\t\t\t \t\t\t\t \n\t\t\t\t<div  class=\"ms-slide\" data-delay=\"3.5\" data-fill-mode=\"fill\"  >\n\t\t\t\t\t<img decoding=\"async\" src=\"https:\/\/patsosescape.com\/wp-content\/plugins\/master-slider\/public\/assets\/css\/blank.gif\" alt=\"\" title=\"\" data-src=\"https:\/\/patsosescape.com\/wp-content\/uploads\/2018\/03\/IMG_20171009_141806_resized_20171009_024956071.jpg\" \/>\n\n\n\t<div class=\"ms-thumb\" ><div class=\"ms-tab-context\"><div class=\"&quot;ms-tab-context&quot;\"><\/div><\/div>\n<\/div>\n\t\t\t\t<\/div>\n\t\t\t\t<div  class=\"ms-slide\" data-delay=\"3\" data-fill-mode=\"fill\"  >\n\t\t\t\t\t<img decoding=\"async\" src=\"https:\/\/patsosescape.com\/wp-content\/plugins\/master-slider\/public\/assets\/css\/blank.gif\" alt=\"\" title=\"\" data-src=\"https:\/\/patsosescape.com\/wp-content\/uploads\/2018\/03\/IMG_2671.jpg\" \/>\n\n\n\t<div class=\"ms-thumb\" ><div class=\"ms-tab-context\"><div class=\"&quot;ms-tab-context&quot;\"><\/div><\/div>\n<\/div>\n\t\t\t\t<\/div>\n\t\t\t\t<div  class=\"ms-slide\" data-delay=\"3\" data-fill-mode=\"fill\"  >\n\t\t\t\t\t<img decoding=\"async\" src=\"https:\/\/patsosescape.com\/wp-content\/plugins\/master-slider\/public\/assets\/css\/blank.gif\" alt=\"\" title=\"\" data-src=\"https:\/\/patsosescape.com\/wp-content\/uploads\/2018\/03\/079.jpg\" \/>\n\n\n\t<div class=\"ms-thumb\" ><div class=\"ms-tab-context\"><div class=\"&quot;ms-tab-context&quot;\"><\/div><\/div>\n<\/div>\n\t\t\t\t<\/div>\n\t\t\t\t<div  class=\"ms-slide\" data-delay=\"3\" data-fill-mode=\"fill\"  >\n\t\t\t\t\t<img decoding=\"async\" src=\"https:\/\/patsosescape.com\/wp-content\/plugins\/master-slider\/public\/assets\/css\/blank.gif\" alt=\"\" title=\"\" data-src=\"https:\/\/patsosescape.com\/wp-content\/uploads\/2018\/03\/28378106_1901531419918687_9060565417394700288_n.jpg\" \/>\n\n\n\t<div class=\"ms-thumb\" ><div class=\"ms-tab-context\"><div class=\"&quot;ms-tab-context&quot;\"><\/div><\/div>\n<\/div>\n\t\t\t\t<\/div>\n\t\t\t\t<div  class=\"ms-slide\" data-delay=\"3\" data-fill-mode=\"fill\"  >\n\t\t\t\t\t<img decoding=\"async\" src=\"https:\/\/patsosescape.com\/wp-content\/plugins\/master-slider\/public\/assets\/css\/blank.gif\" alt=\"\" title=\"\" data-src=\"https:\/\/patsosescape.com\/wp-content\/uploads\/2018\/03\/082-1.jpg\" \/>\n\n\n\t<div class=\"ms-thumb\" ><div class=\"ms-tab-context\"><div class=\"&quot;ms-tab-context&quot;\"><\/div><\/div>\n<\/div>\n\t\t\t\t<\/div>\n\n\t\t\t<\/div>\n\t\t\t<!-- END MasterSlider Main -->\n\n\t\t\t \n\t\t<\/div>\n\t\t<!-- END MasterSlider -->\n\n\t\t<script>\n\t\t(function ( $ ) {\n\t\t\t\"use strict\";\n\n\t\t\t$(function () {\n\t\t\t\tvar masterslider_af6f = new MasterSlider();\n\n\t\t\t\t\/\/ slider controls\n\t\t\t\tmasterslider_af6f.control('arrows'     ,{ autohide:true, overVideo:true  });\n\t\t\t\t\/\/ slider setup\n\t\t\t\tmasterslider_af6f.setup(\"MS69f2dbdcdaf6f\", {\n\t\t\t\t\t\twidth           : 1000,\n\t\t\t\t\t\theight          : 500,\n\t\t\t\t\t\tminHeight       : 0,\n\t\t\t\t\t\tspace           : 0,\n\t\t\t\t\t\tstart           : 3,\n\t\t\t\t\t\tgrabCursor      : true,\n\t\t\t\t\t\tswipe           : true,\n\t\t\t\t\t\tmouse           : true,\n\t\t\t\t\t\tlayout          : \"boxed\",\n\t\t\t\t\t\twheel           : false,\n\t\t\t\t\t\tautoplay        : true,\n\t\t\t\t\t\tinstantStartLayers:false,\n\t\t\t\t\t\tloop            : false,\n\t\t\t\t\t\tshuffle         : false,\n\t\t\t\t\t\tpreload         : 0,\n\t\t\t\t\t\theightLimit     : true,\n\t\t\t\t\t\tautoHeight      : false,\n\t\t\t\t\t\tsmoothHeight    : true,\n\t\t\t\t\t\tendPause        : false,\n\t\t\t\t\t\toverPause       : false,\n\t\t\t\t\t\tfillMode        : \"fill\",\n\t\t\t\t\t\tcenterControls  : true,\n\t\t\t\t\t\tstartOnAppear   : false,\n\t\t\t\t\t\tlayersMode      : \"center\",\n\t\t\t\t\t\thideLayers      : false,\n\t\t\t\t\t\tfullscreenMargin: 0,\n\t\t\t\t\t\tspeed           : 20,\n\t\t\t\t\t\tdir             : \"h\",\n\t\t\t\t\t\tparallaxMode    : 'swipe',\n\t\t\t\t\t\tview            : \"basic\"\n\t\t\t\t});\n\n\t\t\t\t\n\t\t\t\twindow.masterslider_instances = window.masterslider_instances || [];\n\t\t\t\twindow.masterslider_instances.push( masterslider_af6f );\n\t\t\t });\n\n\t\t})(jQuery);\n\t\t<\/script>\n\n<\/em><\/p>\n<p>&nbsp;<\/p>\n\r\n<div class=\"column grid_6\"><\/div>\r\n<div class=\"column grid_6 last\"><\/div><div class=\"clear\"><\/div>\r\n<div id='gallery-1' class='gallery galleryid-776 gallery-columns-3 gallery-size-thumbnail'><dl class='gallery-item'>\n\t\t\t<dt class='gallery-icon portrait'>\n\t\t\t\t<a href='https:\/\/patsosescape.com\/wp-content\/uploads\/2015\/02\/112.jpg'><img loading=\"lazy\" decoding=\"async\" width=\"218\" height=\"160\" src=\"https:\/\/patsosescape.com\/wp-content\/uploads\/2015\/02\/112-218x160.jpg\" class=\"attachment-thumbnail size-thumbnail\" alt=\"\" \/><\/a>\n\t\t\t<\/dt><\/dl><dl class='gallery-item'>\n\t\t\t<dt class='gallery-icon portrait'>\n\t\t\t\t<a href='https:\/\/patsosescape.com\/wp-content\/uploads\/2015\/02\/210.jpg'><img loading=\"lazy\" decoding=\"async\" width=\"218\" height=\"160\" src=\"https:\/\/patsosescape.com\/wp-content\/uploads\/2015\/02\/210-218x160.jpg\" class=\"attachment-thumbnail size-thumbnail\" alt=\"\" \/><\/a>\n\t\t\t<\/dt><\/dl><dl class='gallery-item'>\n\t\t\t<dt class='gallery-icon portrait'>\n\t\t\t\t<a href='https:\/\/patsosescape.com\/wp-content\/uploads\/2015\/02\/37.jpg'><img loading=\"lazy\" decoding=\"async\" width=\"218\" height=\"160\" src=\"https:\/\/patsosescape.com\/wp-content\/uploads\/2015\/02\/37-218x160.jpg\" class=\"attachment-thumbnail size-thumbnail\" alt=\"Preparar pasteles veganos tradicionales de Creta - Patsos Rethymnon Crete\" \/><\/a>\n\t\t\t<\/dt><\/dl><br style=\"clear: both\" \/><dl class='gallery-item'>\n\t\t\t<dt class='gallery-icon portrait'>\n\t\t\t\t<a href='https:\/\/patsosescape.com\/wp-content\/uploads\/2015\/02\/45.jpg'><img loading=\"lazy\" decoding=\"async\" width=\"218\" height=\"160\" src=\"https:\/\/patsosescape.com\/wp-content\/uploads\/2015\/02\/45-218x160.jpg\" class=\"attachment-thumbnail size-thumbnail\" alt=\"recoger verduras frescas en el pueblo de Patsos: verduras org\u00e1nicas frescas para nuestras recetas de comida cretense\" \/><\/a>\n\t\t\t<\/dt><\/dl><dl class='gallery-item'>\n\t\t\t<dt class='gallery-icon portrait'>\n\t\t\t\t<a href='https:\/\/patsosescape.com\/wp-content\/uploads\/2015\/02\/52.jpg'><img loading=\"lazy\" decoding=\"async\" width=\"218\" height=\"160\" src=\"https:\/\/patsosescape.com\/wp-content\/uploads\/2015\/02\/52-218x160.jpg\" class=\"attachment-thumbnail size-thumbnail\" alt=\"nuestra peque\u00f1a granja de pollos en el pueblo de Patsos: huevos org\u00e1nicos frescos para nuestras recetas de comida cretense\" \/><\/a>\n\t\t\t<\/dt><\/dl><dl class='gallery-item'>\n\t\t\t<dt class='gallery-icon portrait'>\n\t\t\t\t<a href='https:\/\/patsosescape.com\/wp-content\/uploads\/2015\/02\/62.jpg'><img loading=\"lazy\" decoding=\"async\" width=\"218\" height=\"160\" src=\"https:\/\/patsosescape.com\/wp-content\/uploads\/2015\/02\/62-218x160.jpg\" class=\"attachment-thumbnail size-thumbnail\" alt=\"\" \/><\/a>\n\t\t\t<\/dt><\/dl><br style=\"clear: both\" \/>\n\t\t<\/div>","protected":false},"excerpt":{"rendered":"<p>&nbsp; Cuando est\u00e9s en Patsos, despu\u00e9s de explorar la belleza salvaje de la naturaleza, no olvides degustar las recetas aut\u00e9nticas y tradicionales que sigue conservando continuesrs Maria, como aprendi\u00f3 desde su infancia. Su finca es la fuente de productos puros utilizados en la cocina. En este se cultivan todas las verduras y tambi\u00e9n se cr\u00edan pollos y cabras. Con verduras y carnes frescas, huevos, aceite de oliva virgen extra y recetas tradicionales, disfruta de una deliciosa y aut\u00e9ntica comida tradicional. &nbsp;<\/p>","protected":false},"author":3,"featured_media":0,"parent":0,"menu_order":9,"comment_status":"closed","ping_status":"closed","template":"","meta":{"ngg_post_thumbnail":0,"_glsr_average":0,"_glsr_ranking":0,"_glsr_reviews":0,"footnotes":""},"class_list":["post-776","page","type-page","status-publish","hentry"],"aioseo_notices":[],"_links":{"self":[{"href":"https:\/\/patsosescape.com\/es\/wp-json\/wp\/v2\/pages\/776","targetHints":{"allow":["GET"]}}],"collection":[{"href":"https:\/\/patsosescape.com\/es\/wp-json\/wp\/v2\/pages"}],"about":[{"href":"https:\/\/patsosescape.com\/es\/wp-json\/wp\/v2\/types\/page"}],"author":[{"embeddable":true,"href":"https:\/\/patsosescape.com\/es\/wp-json\/wp\/v2\/users\/3"}],"replies":[{"embeddable":true,"href":"https:\/\/patsosescape.com\/es\/wp-json\/wp\/v2\/comments?post=776"}],"version-history":[{"count":0,"href":"https:\/\/patsosescape.com\/es\/wp-json\/wp\/v2\/pages\/776\/revisions"}],"wp:attachment":[{"href":"https:\/\/patsosescape.com\/es\/wp-json\/wp\/v2\/media?parent=776"}],"curies":[{"name":"wp","href":"https:\/\/api.w.org\/{rel}","templated":true}]}}