{"id":789,"date":"2015-02-26T01:27:19","date_gmt":"2015-02-25T23:27:19","guid":{"rendered":"http:\/\/patsosescape.com\/newsite\/?page_id=789"},"modified":"2018-03-29T12:00:45","modified_gmt":"2018-03-29T09:00:45","slug":"coffeehouse","status":"publish","type":"page","link":"https:\/\/patsosescape.com\/es\/coffeehouse\/","title":{"rendered":"Peque\u00f1a taberna tradicional"},"content":{"rendered":"<blockquote>\n<p style=\"text-align: center;\"><strong>&nbsp;<\/strong><\/p>\n<p style=\"text-align: center;\">&nbsp;<\/p>\n<\/blockquote>\n<p>La<span class=\"Apple-converted-space\">&nbsp;<\/span>se encuentra la taberna tradicional &quot;PATSOS&quot;<span class=\"Apple-converted-space\">&nbsp;<\/span>en el centro del pueblo<span class=\"Apple-converted-space\">&nbsp;<\/span>y est\u00e1 operando desde<span class=\"Apple-converted-space\">&nbsp;<\/span>1933. Su historia<span class=\"Apple-converted-space\">&nbsp;<\/span><span class=\"Apple-converted-space\"> est\u00e1 directamente relacionado con<\/span> la<span class=\"Apple-converted-space\">&nbsp;<\/span>historia del pueblo, sin\u00f3nimo de tradici\u00f3n, cultura, calidad y autenticidad, porque no ha sucumbido al turismo de masas y a los productos manufacturados, jug\u00f3 un papel importante en la vida social de nuestro pueblo. No ser\u00eda exagerado decir que fue el &quot;foro&quot; en el antiguo significado de la palabra.<span class=\"Apple-converted-space\">&nbsp;<\/span>Es el lugar<span class=\"Apple-converted-space\">&nbsp;<\/span>que<span class=\"Apple-converted-space\">&nbsp;<\/span>disfrutar\u00e1s el<span class=\"Apple-converted-space\">&nbsp;<\/span>espl\u00e9ndido tradicional<span class=\"Apple-converted-space\">&nbsp;<\/span>cocido<span class=\"Apple-converted-space\">&nbsp;<\/span>comidas,<span class=\"Apple-converted-space\">&nbsp;<\/span>tu caf\u00e9, tu<span class=\"Apple-converted-space\">&nbsp;<\/span>hecho en casa<span class=\"Apple-converted-space\">&nbsp;<\/span>desayuno,<span class=\"Apple-converted-space\">&nbsp;<\/span>raki<span class=\"Apple-converted-space\">&nbsp;<\/span>o vino.<span class=\"Apple-converted-space\">&nbsp;<\/span>La<span class=\"Apple-converted-space\">&nbsp;<\/span>r\u00fastico<span class=\"Apple-converted-space\">&nbsp;<\/span>recetas<span class=\"Apple-converted-space\">&nbsp;<\/span>con<span class=\"Apple-converted-space\">&nbsp;<\/span>ingredientes locales<span class=\"Apple-converted-space\">&nbsp;<\/span>y carnes<span class=\"Apple-converted-space\">&nbsp;<\/span>en todos los alimentos<span class=\"Apple-converted-space\">&nbsp;<\/span>voluntad<span class=\"Apple-converted-space\">&nbsp;<\/span>sea inolvidable.<span class=\"Apple-converted-space\">&nbsp;<\/span>Y todo esto<span class=\"Apple-converted-space\">&nbsp;<\/span>en un entorno id\u00edlico que<span class=\"Apple-converted-space\">&nbsp;<\/span>sonidos y<span class=\"Apple-converted-space\">&nbsp;<\/span>belleza<span class=\"Apple-converted-space\">&nbsp;<\/span>de la naturaleza.<span class=\"Apple-converted-space\">&nbsp;<\/span>Situado<span class=\"Apple-converted-space\">&nbsp;<\/span>en la plaza principal<span class=\"Apple-converted-space\">&nbsp;<\/span>del pueblo,<span class=\"Apple-converted-space\">&nbsp;<\/span>al lado de<span class=\"Apple-converted-space\">&nbsp;<\/span>frio,<span class=\"Apple-converted-space\">&nbsp;<\/span>aguas claras<span class=\"Apple-converted-space\">&nbsp;<\/span>de lo natural<span class=\"Apple-converted-space\">&nbsp;<\/span>fuente y<span class=\"Apple-converted-space\">&nbsp;<\/span>la sombra de los viejos pl\u00e1tanos, que es la<span class=\"Apple-converted-space\">&nbsp;<\/span>referencia<span class=\"Apple-converted-space\">&nbsp;<\/span>punto<span class=\"Apple-converted-space\">&nbsp;<\/span>y<span class=\"Apple-converted-space\">&nbsp;<\/span>el sello<span class=\"Apple-converted-space\">&nbsp;<\/span>del pueblo. Se\u00f1ora.<span class=\"Apple-converted-space\">&nbsp;<\/span>Maria<span class=\"Apple-converted-space\">&nbsp;<\/span>contin\u00faa<span class=\"Apple-converted-space\">&nbsp;<\/span>operar y<span class=\"Apple-converted-space\">&nbsp;<\/span>mantenerse<span class=\"Apple-converted-space\">&nbsp;<\/span>la tradici\u00f3n,<span class=\"Apple-converted-space\">&nbsp;<\/span>ella aprendi\u00f3<span class=\"Apple-converted-space\">&nbsp;<\/span>de peque\u00f1o. Ella es<span class=\"Apple-converted-space\">&nbsp;<\/span>su persona,<span class=\"Apple-converted-space\">&nbsp;<\/span>no solo<span class=\"Apple-converted-space\">&nbsp;<\/span>por<span class=\"Apple-converted-space\">&nbsp;<\/span>Es c\u00e1lido<span class=\"Apple-converted-space\">&nbsp;<\/span>hospitalidad<span class=\"Apple-converted-space\">&nbsp;<\/span>y tradicional<span class=\"Apple-converted-space\">&nbsp;<\/span>platos, sino tambi\u00e9n para la informaci\u00f3n<span class=\"Apple-converted-space\">&nbsp;<\/span>eso te dar\u00e1<span class=\"Apple-converted-space\">&nbsp;<\/span>para el pueblo. La taberna tiene WI FI gratuito y un gu\u00eda experimentado que habla muy bien ingl\u00e9s. Esto, junto con su gran inter\u00e9s y conocimiento de los eventos hist\u00f3ricos y culturales, su gran amor y experiencia en el senderismo y la naturaleza en general, podr\u00eda proporcionar un valioso servicios, con respecto a un informe completo sobre la cultura, la tradici\u00f3n y la historia del pueblo, as\u00ed como en gu\u00eda segura<\/p>\n<p>En esto<span class=\"Apple-converted-space\">&nbsp;<\/span>el coffehouse se ha ido<span class=\"Apple-converted-space\">&nbsp;<\/span>su marca<span class=\"Apple-converted-space\">&nbsp;<\/span>alusiones personales<span class=\"Apple-converted-space\">&nbsp;<\/span>de esp\u00edritu,<span class=\"Apple-converted-space\">&nbsp;<\/span>acci\u00f3n y<span class=\"Apple-converted-space\">&nbsp;<\/span>creaci\u00f3n,<span class=\"Apple-converted-space\">&nbsp;<\/span>cual<span class=\"Apple-converted-space\">&nbsp;<\/span>es el principal<span class=\"Apple-converted-space\">&nbsp;<\/span>Raz\u00f3n de la<span class=\"Apple-converted-space\">&nbsp;<\/span>diversidad<span class=\"Apple-converted-space\">&nbsp;<\/span>de su singularidad<span class=\"Apple-converted-space\">&nbsp;<\/span>para este d\u00eda. Apreciando la valiosa contribuci\u00f3n<span class=\"Apple-converted-space\">&nbsp;<\/span>y<span class=\"Apple-converted-space\">&nbsp;<\/span>legado, como muestra de honor<span class=\"Apple-converted-space\">&nbsp;<\/span>y gratitud,<span class=\"Apple-converted-space\">&nbsp;<\/span>nosotros presentamos<span class=\"Apple-converted-space\">&nbsp;<\/span>fotos<span class=\"Apple-converted-space\">&nbsp;<\/span>de simple<span class=\"Apple-converted-space\">&nbsp;<\/span>la vida cotidiana<span class=\"Apple-converted-space\">&nbsp;<\/span>en eso,<span class=\"Apple-converted-space\">&nbsp;<\/span>inspirado por<span class=\"Apple-converted-space\">&nbsp;<\/span>ellos<\/p>\n<div id='gallery-1' class='gallery galleryid-789 gallery-columns-5 gallery-size-thumbnail'><dl class='gallery-item'>\n\t\t\t<dt class='gallery-icon landscape'>\n\t\t\t\t<a href='https:\/\/patsosescape.com\/wp-content\/uploads\/2015\/02\/12.png'><img loading=\"lazy\" decoding=\"async\" width=\"218\" height=\"160\" src=\"https:\/\/patsosescape.com\/wp-content\/uploads\/2015\/02\/12-218x160.png\" class=\"attachment-thumbnail size-thumbnail\" alt=\"\" aria-describedby=\"gallery-1-898\" \/><\/a>\n\t\t\t<\/dt>\n\t\t\t\t<dd class='wp-caption-text gallery-caption' id='gallery-1-898'>\n\t\t\t\tFiesta tradicional antigua al aire libre del caf\u00e9. El primero de la derecha es el fundador del caf\u00e9 Vasilis Michalakis (Chantrovasilis). En laouto Titus Alexakis.\n\t\t\t\t<\/dd><\/dl><dl class='gallery-item'>\n\t\t\t<dt class='gallery-icon landscape'>\n\t\t\t\t<a href='https:\/\/patsosescape.com\/wp-content\/uploads\/2015\/02\/212.jpg'><img loading=\"lazy\" decoding=\"async\" width=\"218\" height=\"160\" src=\"https:\/\/patsosescape.com\/wp-content\/uploads\/2015\/02\/212-218x160.jpg\" class=\"attachment-thumbnail size-thumbnail\" alt=\"\" aria-describedby=\"gallery-1-895\" \/><\/a>\n\t\t\t<\/dt>\n\t\t\t\t<dd class='wp-caption-text gallery-caption' id='gallery-1-895'>\n\t\t\t\tDe izquierda a derecha: Maria Psycharaki, Stratis Psycharakis (el marido de Mary), Napoleon Koumendakis.\n\t\t\t\t<\/dd><\/dl><dl class='gallery-item'>\n\t\t\t<dt class='gallery-icon landscape'>\n\t\t\t\t<a href='https:\/\/patsosescape.com\/wp-content\/uploads\/2015\/02\/39.jpg'><img loading=\"lazy\" decoding=\"async\" width=\"218\" height=\"160\" src=\"https:\/\/patsosescape.com\/wp-content\/uploads\/2015\/02\/39-218x160.jpg\" class=\"attachment-thumbnail size-thumbnail\" alt=\"\" aria-describedby=\"gallery-1-896\" \/><\/a>\n\t\t\t<\/dt>\n\t\t\t\t<dd class='wp-caption-text gallery-caption' id='gallery-1-896'>\n\t\t\t\tDe derecha a izquierda: George Tzourmpakis, Pantinakis George Matthew, Vassilis Michalakis, Dimitrios Pattakos, Psycharokostas.\n\t\t\t\t<\/dd><\/dl><dl class='gallery-item'>\n\t\t\t<dt class='gallery-icon landscape'>\n\t\t\t\t<a href='https:\/\/patsosescape.com\/wp-content\/uploads\/2015\/02\/44.png'><img loading=\"lazy\" decoding=\"async\" width=\"218\" height=\"160\" src=\"https:\/\/patsosescape.com\/wp-content\/uploads\/2015\/02\/44-218x160.png\" class=\"attachment-thumbnail size-thumbnail\" alt=\"\" aria-describedby=\"gallery-1-899\" srcset=\"https:\/\/patsosescape.com\/wp-content\/uploads\/2015\/02\/44-218x160.png 218w, https:\/\/patsosescape.com\/wp-content\/uploads\/2015\/02\/44-300x219.png 300w, https:\/\/patsosescape.com\/wp-content\/uploads\/2015\/02\/44-195x142.png 195w, https:\/\/patsosescape.com\/wp-content\/uploads\/2015\/02\/44.png 607w\" sizes=\"auto, (max-width: 218px) 100vw, 218px\" \/><\/a>\n\t\t\t<\/dt>\n\t\t\t\t<dd class='wp-caption-text gallery-caption' id='gallery-1-899'>\n\t\t\t\tCaf\u00e9 Psycharaki Stratis. De izquierda a derecha: Maria Psycharaki, Michael Vasilis (Chantrovasilis), Joseph Vavourakis, Stratis Akoumianakis, Socrates Psycharakis, Alekos Alexakis, Emmanuel Tsiledakis.\n\t\t\t\t<\/dd><\/dl><dl class='gallery-item'>\n\t\t\t<dt class='gallery-icon landscape'>\n\t\t\t\t<a href='https:\/\/patsosescape.com\/wp-content\/uploads\/2015\/02\/53.jpg'><img loading=\"lazy\" decoding=\"async\" width=\"218\" height=\"160\" src=\"https:\/\/patsosescape.com\/wp-content\/uploads\/2015\/02\/53-218x160.jpg\" class=\"attachment-thumbnail size-thumbnail\" alt=\"\" aria-describedby=\"gallery-1-897\" \/><\/a>\n\t\t\t<\/dt>\n\t\t\t\t<dd class='wp-caption-text gallery-caption' id='gallery-1-897'>\n\t\t\t\tDe izquierda a derecha: Stratis Psycharakis, George Pantinakis, Socrates Psycharakis, Savvakis Constantinos.\n\t\t\t\t<\/dd><\/dl><br style=\"clear: both\" \/>\n\t\t<\/div>\n\n<div class=\"themeblvd-video-wrapper\">\n<div class=\"video-inner\"><iframe loading=\"lazy\" width=\"940\" height=\"705\" src=\"http:\/\/www.youtube.com\/embed\/EIsbb7XGPzo?feature=oembed&#038;wmode=transparent\" frameborder=\"0\" allowfullscreen><\/iframe><\/div>\n<\/div>","protected":false},"excerpt":{"rendered":"<p>&nbsp; &nbsp; La taberna tradicional &quot;PATSOS&quot; se encuentra en el centro del pueblo y funciona desde 1933. Su historia est\u00e1 directamente ligada a la historia del pueblo. Sin\u00f3nimo de tradici\u00f3n, cultura, calidad y autenticidad, porque no ha sucumbido al turismo de masas y productos manufacturados Jug\u00f3 un papel importante en la vida social de nuestro pueblo. No ser\u00eda exagerado decir que fue el &quot;foro&quot; en el antiguo significado de la palabra. Es el lugar donde podr\u00e1 disfrutar de las espl\u00e9ndidas comidas tradicionales cocinadas, su caf\u00e9, su desayuno casero, raki o vino. Las recetas r\u00fasticas con ingredientes locales y carnes en todos los alimentos ser\u00e1n inolvidables. Y todo esto en ... <a class=\"read-more-link\" href=\"https:\/\/patsosescape.com\/es\/coffeehouse\/\">Lee mas<\/a><\/p>","protected":false},"author":3,"featured_media":0,"parent":0,"menu_order":11,"comment_status":"closed","ping_status":"closed","template":"","meta":{"ngg_post_thumbnail":0,"_glsr_average":0,"_glsr_ranking":0,"_glsr_reviews":0,"footnotes":""},"class_list":["post-789","page","type-page","status-publish","hentry"],"aioseo_notices":[],"_links":{"self":[{"href":"https:\/\/patsosescape.com\/es\/wp-json\/wp\/v2\/pages\/789","targetHints":{"allow":["GET"]}}],"collection":[{"href":"https:\/\/patsosescape.com\/es\/wp-json\/wp\/v2\/pages"}],"about":[{"href":"https:\/\/patsosescape.com\/es\/wp-json\/wp\/v2\/types\/page"}],"author":[{"embeddable":true,"href":"https:\/\/patsosescape.com\/es\/wp-json\/wp\/v2\/users\/3"}],"replies":[{"embeddable":true,"href":"https:\/\/patsosescape.com\/es\/wp-json\/wp\/v2\/comments?post=789"}],"version-history":[{"count":0,"href":"https:\/\/patsosescape.com\/es\/wp-json\/wp\/v2\/pages\/789\/revisions"}],"wp:attachment":[{"href":"https:\/\/patsosescape.com\/es\/wp-json\/wp\/v2\/media?parent=789"}],"curies":[{"name":"wp","href":"https:\/\/api.w.org\/{rel}","templated":true}]}}