{"id":792,"date":"2015-02-26T01:28:13","date_gmt":"2015-02-25T23:28:13","guid":{"rendered":"http:\/\/patsosescape.com\/newsite\/?page_id=792"},"modified":"2022-09-20T22:53:32","modified_gmt":"2022-09-20T19:53:32","slug":"contact-us","status":"publish","type":"page","link":"https:\/\/patsosescape.com\/es\/contact-us\/","title":{"rendered":"Cont\u00e1ctenos"},"content":{"rendered":"<figure class=\"wp-block-image size-large\"><img loading=\"lazy\" decoding=\"async\" width=\"908\" height=\"488\" src=\"https:\/\/patsosescape.com\/wp-content\/uploads\/2021\/04\/About-Patsos-Outdoor-activities-Rethymno-Crete.jpg\" alt=\"Actividades al aire libre en la isla de Creta de Rethymno - Patsos Escape\" class=\"wp-image-2551\" srcset=\"https:\/\/patsosescape.com\/wp-content\/uploads\/2021\/04\/About-Patsos-Outdoor-activities-Rethymno-Crete.jpg 908w, https:\/\/patsosescape.com\/wp-content\/uploads\/2021\/04\/About-Patsos-Outdoor-activities-Rethymno-Crete-300x161.jpg 300w, https:\/\/patsosescape.com\/wp-content\/uploads\/2021\/04\/About-Patsos-Outdoor-activities-Rethymno-Crete-768x413.jpg 768w, https:\/\/patsosescape.com\/wp-content\/uploads\/2021\/04\/About-Patsos-Outdoor-activities-Rethymno-Crete-16x9.jpg 16w, https:\/\/patsosescape.com\/wp-content\/uploads\/2021\/04\/About-Patsos-Outdoor-activities-Rethymno-Crete-620x333.jpg 620w, https:\/\/patsosescape.com\/wp-content\/uploads\/2021\/04\/About-Patsos-Outdoor-activities-Rethymno-Crete-195x105.jpg 195w, https:\/\/patsosescape.com\/wp-content\/uploads\/2021\/04\/About-Patsos-Outdoor-activities-Rethymno-Crete-542x292.jpg 542w\" sizes=\"auto, (max-width: 908px) 100vw, 908px\" \/><\/figure>\n<p>&nbsp;<\/p>\n<p>Para obtener m\u00e1s informaci\u00f3n, cont\u00e1ctenos en el <strong>tel\u00e9fono (+30) 6977614695<\/strong><br \/>Tambi\u00e9n puede enviarnos un <strong>correo electr\u00f3nico a <a href=\"mailto:info@patsosescape.com\">info@patsosescape.com<\/a><\/strong><\/p>\n<p>o simplemente complete el formulario de contacto a continuaci\u00f3n ...<\/p>\n<h3>&nbsp;<\/h3>\n<h3><span style=\"color: #3366ff;\"><strong>CONT\u00c1CTENOS<\/strong><\/span><\/h3>\n\n<div class=\"wpcf7 no-js\" id=\"wpcf7-f830-o1\" lang=\"en-US\" dir=\"ltr\" data-wpcf7-id=\"830\">\n<div class=\"screen-reader-response\"><p role=\"status\" aria-live=\"polite\" aria-atomic=\"true\"><\/p> <ul><\/ul><\/div>\n<form action=\"\/es\/wp-json\/wp\/v2\/pages\/792#wpcf7-f830-o1\" method=\"post\" class=\"wpcf7-form init\" aria-label=\"Contact form\" novalidate=\"novalidate\" data-status=\"init\" data-trp-original-action=\"\/es\/wp-json\/wp\/v2\/pages\/792#wpcf7-f830-o1\">\n<fieldset class=\"hidden-fields-container\"><input type=\"hidden\" name=\"_wpcf7\" value=\"830\" \/><input type=\"hidden\" name=\"_wpcf7_version\" value=\"6.1.5\" \/><input type=\"hidden\" name=\"_wpcf7_locale\" value=\"en_US\" \/><input type=\"hidden\" name=\"_wpcf7_unit_tag\" value=\"wpcf7-f830-o1\" \/><input type=\"hidden\" name=\"_wpcf7_container_post\" value=\"0\" \/><input type=\"hidden\" name=\"_wpcf7_posted_data_hash\" value=\"\" \/>\n<\/fieldset>\n<p>Tu nombre (requerido)\n<\/p>\n<p><span class=\"wpcf7-form-control-wrap\" data-name=\"your-name\"><input size=\"40\" maxlength=\"400\" class=\"wpcf7-form-control wpcf7-text wpcf7-validates-as-required\" aria-required=\"true\" aria-invalid=\"false\" value=\"\" type=\"text\" name=\"your-name\" \/><\/span>\n<\/p>\n<p>Tu Email (requerido)\n<\/p>\n<p><span class=\"wpcf7-form-control-wrap\" data-name=\"your-email\"><input size=\"40\" maxlength=\"400\" class=\"wpcf7-form-control wpcf7-email wpcf7-validates-as-required wpcf7-text wpcf7-validates-as-email\" aria-required=\"true\" aria-invalid=\"false\" value=\"\" type=\"email\" name=\"your-email\" \/><\/span>\n<\/p>\n<p>Sujeto\n<\/p>\n<p><span class=\"wpcf7-form-control-wrap\" data-name=\"your-subject\"><input size=\"40\" maxlength=\"400\" class=\"wpcf7-form-control wpcf7-text\" aria-invalid=\"false\" value=\"\" type=\"text\" name=\"your-subject\" \/><\/span>\n<\/p>\n<p>Tu mensaje\n<\/p>\n<p><span class=\"wpcf7-form-control-wrap\" data-name=\"your-message\"><textarea cols=\"40\" rows=\"10\" maxlength=\"2000\" class=\"wpcf7-form-control wpcf7-textarea\" aria-invalid=\"false\" name=\"your-message\"><\/textarea><\/span>\n<\/p>\n<p>Porfavor ingrese el codigo de verificacion: <input type=\"hidden\" name=\"_wpcf7_captcha_challenge_captcha-735\" value=\"2676770964\" \/><img loading=\"lazy\" decoding=\"async\" class=\"wpcf7-form-control wpcf7-captchac wpcf7-captcha-captcha-735\" width=\"60\" height=\"20\" alt=\"captcha\" src=\"https:\/\/patsosescape.com\/wp-content\/uploads\/wpcf7_captcha\/2676770964.png\" \/><span class=\"wpcf7-form-control-wrap\" data-name=\"captcha-735\"><input size=\"40\" class=\"wpcf7-form-control wpcf7-captchar\" autocomplete=\"off\" aria-invalid=\"false\" value=\"\" type=\"text\" name=\"captcha-735\" \/><\/span>\n<\/p>\n<p><input class=\"wpcf7-form-control wpcf7-submit has-spinner\" type=\"submit\" value=\"Enviar\" \/>\n<\/p><div class=\"wpcf7-response-output\" aria-hidden=\"true\"><\/div>\n<input type=\"hidden\" name=\"trp-form-language\" value=\"es\"\/><\/form>\n<\/div>\n\n<p>&nbsp;<\/p>\n<hr>\n<hr>\n<hr>\n<h3>&nbsp;<\/h3>\n<h3><span style=\"color: #339966;\"><strong>\u00a1RESERVAR AHORA! - FORMULARIO DE SOLICITUD DE RESERVA<\/strong><\/span><\/h3>\n<p><span style=\"color: #339966;\">\n<div class=\"wpcf7 no-js\" id=\"wpcf7-f3188-o2\" lang=\"en-US\" dir=\"ltr\" data-wpcf7-id=\"3188\">\n<div class=\"screen-reader-response\"><p role=\"status\" aria-live=\"polite\" aria-atomic=\"true\"><\/p> <ul><\/ul><\/div>\n<form action=\"\/es\/wp-json\/wp\/v2\/pages\/792#wpcf7-f3188-o2\" method=\"post\" class=\"wpcf7-form init\" aria-label=\"Contact form\" novalidate=\"novalidate\" data-status=\"init\" data-trp-original-action=\"\/es\/wp-json\/wp\/v2\/pages\/792#wpcf7-f3188-o2\">\n<fieldset class=\"hidden-fields-container\"><input type=\"hidden\" name=\"_wpcf7\" value=\"3188\" \/><input type=\"hidden\" name=\"_wpcf7_version\" value=\"6.1.5\" \/><input type=\"hidden\" name=\"_wpcf7_locale\" value=\"en_US\" \/><input type=\"hidden\" name=\"_wpcf7_unit_tag\" value=\"wpcf7-f3188-o2\" \/><input type=\"hidden\" name=\"_wpcf7_container_post\" value=\"0\" \/><input type=\"hidden\" name=\"_wpcf7_posted_data_hash\" value=\"\" \/>\n<\/fieldset>\n<p>Tu nombre (requerido)\n<\/p>\n<p><span class=\"wpcf7-form-control-wrap\" data-name=\"your-name\"><input size=\"40\" maxlength=\"400\" class=\"wpcf7-form-control wpcf7-text wpcf7-validates-as-required\" aria-required=\"true\" aria-invalid=\"false\" value=\"\" type=\"text\" name=\"your-name\" \/><\/span>\n<\/p>\n<p>Tu Email (requerido)\n<\/p>\n<p><span class=\"wpcf7-form-control-wrap\" data-name=\"your-email\"><input size=\"40\" maxlength=\"400\" class=\"wpcf7-form-control wpcf7-email wpcf7-validates-as-required wpcf7-text wpcf7-validates-as-email\" aria-required=\"true\" aria-invalid=\"false\" value=\"\" type=\"email\" name=\"your-email\" \/><\/span>\n<\/p>\n<p>Sujeto\n<\/p>\n<p><span class=\"wpcf7-form-control-wrap\" data-name=\"your-subject\"><input size=\"40\" maxlength=\"400\" class=\"wpcf7-form-control wpcf7-text\" aria-invalid=\"false\" value=\"\" type=\"text\" name=\"your-subject\" \/><\/span>\n<\/p>\n<p>SELECCIONAR SERVICIO (no requerido), ps: puede seleccionar m\u00e1s de una opci\u00f3n ...\n<\/p>\n<p><span class=\"wpcf7-form-control-wrap\" data-name=\"checkbox-98\"><span class=\"wpcf7-form-control wpcf7-checkbox che119yx\" id=\"yx119che\"><span class=\"wpcf7-list-item first\"><label><input type=\"checkbox\" name=\"checkbox-98[]\" value=\"Tour \/ Excursion\" \/><span class=\"wpcf7-list-item-label\">Tour \/ Excursi\u00f3n<\/span><\/label><\/span><span class=\"wpcf7-list-item\"><label><input type=\"checkbox\" name=\"checkbox-98[]\" value=\"Book a Table (local food)\" \/><span class=\"wpcf7-list-item-label\">Reserva una mesa (comida local)<\/span><\/label><\/span><span class=\"wpcf7-list-item last\"><label><input type=\"checkbox\" name=\"checkbox-98[]\" value=\"Accommodation\" \/><span class=\"wpcf7-list-item-label\">Alojamiento<\/span><\/label><\/span><\/span><\/span>\n<\/p>\n<p>\u00bfTiene un C\u00d3DIGO DE DESCUENTO? escr\u00edbalo a continuaci\u00f3n, por favor ...\n<\/p>\n<p><span class=\"wpcf7-form-control-wrap\" data-name=\"vouchercode1\"><input size=\"40\" maxlength=\"35\" class=\"wpcf7-form-control wpcf7-text vouc119yx\" id=\"yx119vouc\" aria-invalid=\"false\" value=\"Discount voucher code here...\" type=\"text\" name=\"vouchercode1\" \/><\/span>\n<\/p>\n<p>Fecha (no requerida)\n<\/p>\n<p><span class=\"wpcf7-form-control-wrap\" data-name=\"date-932\"><input class=\"wpcf7-form-control wpcf7-date wpcf7-validates-as-date 119yx\" id=\"yx119\" aria-invalid=\"false\" value=\"\" type=\"date\" name=\"date-932\" \/><\/span>\n<\/p>\n<p>Tu mensaje\n<\/p>\n<p><span class=\"wpcf7-form-control-wrap\" data-name=\"your-message\"><textarea cols=\"40\" rows=\"10\" maxlength=\"2000\" class=\"wpcf7-form-control wpcf7-textarea\" aria-invalid=\"false\" placeholder=\"Escr\u00edbanos m\u00e1s informaci\u00f3n sobre el servicio \/ servicios que le interesan ...- Puede encontrar una lista de nuestros Tours \/ Excursiones \/ Actividades locales y precios aqu\u00ed: https:\/\/patsosescape.com\/outdoor-activities\/-THANK USTED por su inter\u00e9s en nuestros servicios - estamos comprometidos a brindarle una experiencia inolvidable y esperamos conocernos y darle la bienvenida en PATSOS, RETHYMNO, CRETE !!\" name=\"your-message\"><\/textarea><\/span>\n<\/p>\n<p>Porfavor ingrese el codigo de verificacion: <input type=\"hidden\" name=\"_wpcf7_captcha_challenge_captcha-735\" value=\"631943152\" \/><img loading=\"lazy\" decoding=\"async\" class=\"wpcf7-form-control wpcf7-captchac wpcf7-captcha-captcha-735\" width=\"60\" height=\"20\" alt=\"captcha\" src=\"https:\/\/patsosescape.com\/wp-content\/uploads\/wpcf7_captcha\/631943152.png\" \/><span class=\"wpcf7-form-control-wrap\" data-name=\"captcha-735\"><input size=\"40\" class=\"wpcf7-form-control wpcf7-captchar\" autocomplete=\"off\" aria-invalid=\"false\" value=\"\" type=\"text\" name=\"captcha-735\" \/><\/span>\n<\/p>\n<p><input class=\"wpcf7-form-control wpcf7-submit has-spinner\" type=\"submit\" value=\"Enviar\" \/>\n<\/p><div class=\"wpcf7-response-output\" aria-hidden=\"true\"><\/div>\n<input type=\"hidden\" name=\"trp-form-language\" value=\"es\"\/><\/form>\n<\/div>\n<\/span><\/p>","protected":false},"excerpt":{"rendered":"<p>&nbsp; For more information, please contact us on the phone (+30) 6977614695You may also send us an email at info@patsosescape.com or just fill out the contact form below&#8230; &nbsp; CONTACT US &nbsp; &nbsp; BOOK NOW! &#8211; RESERVATION REQUEST FORM<\/p>","protected":false},"author":3,"featured_media":0,"parent":0,"menu_order":12,"comment_status":"closed","ping_status":"closed","template":"","meta":{"ngg_post_thumbnail":0,"_glsr_average":0,"_glsr_ranking":0,"_glsr_reviews":0,"footnotes":""},"class_list":["post-792","page","type-page","status-publish","hentry"],"aioseo_notices":[],"_links":{"self":[{"href":"https:\/\/patsosescape.com\/es\/wp-json\/wp\/v2\/pages\/792","targetHints":{"allow":["GET"]}}],"collection":[{"href":"https:\/\/patsosescape.com\/es\/wp-json\/wp\/v2\/pages"}],"about":[{"href":"https:\/\/patsosescape.com\/es\/wp-json\/wp\/v2\/types\/page"}],"author":[{"embeddable":true,"href":"https:\/\/patsosescape.com\/es\/wp-json\/wp\/v2\/users\/3"}],"replies":[{"embeddable":true,"href":"https:\/\/patsosescape.com\/es\/wp-json\/wp\/v2\/comments?post=792"}],"version-history":[{"count":0,"href":"https:\/\/patsosescape.com\/es\/wp-json\/wp\/v2\/pages\/792\/revisions"}],"wp:attachment":[{"href":"https:\/\/patsosescape.com\/es\/wp-json\/wp\/v2\/media?parent=792"}],"curies":[{"name":"wp","href":"https:\/\/api.w.org\/{rel}","templated":true}]}}