{"id":950,"date":"2015-02-26T21:34:51","date_gmt":"2015-02-26T19:34:51","guid":{"rendered":"http:\/\/patsosescape.com\/newsite\/?page_id=950"},"modified":"2021-04-30T18:02:07","modified_gmt":"2021-04-30T15:02:07","slug":"testimonials","status":"publish","type":"page","link":"https:\/\/patsosescape.com\/es\/testimonials\/","title":{"rendered":"Testimonios"},"content":{"rendered":"<h1 style=\"text-align: center;\">Testimonios y rese\u00f1as<br \/>\nsobre PATSOS ESCAPE - Rethymno CRETE:<\/h1>\n<h2>\u00a1Esc\u00e1pese de una vida ajetreada al pueblo de Patsos rural, tradicional y genuino de Creta para una experiencia relajada en la naturaleza de Amari en la isla de CRETA!<\/h2>\n<ol>\n<li><a href=\"https:\/\/patsosescape.com\/es\/accom\/\"><strong>Alojamiento de ecoturismo - Patsos (AMARI, Rethymno, CRETE)<\/strong><\/a><\/li>\n<li><a href=\"https:\/\/patsosescape.com\/es\/traditional-cuisine\/\"><strong>Comida tradicional cretense<\/strong><\/a><\/li>\n<li><a href=\"https:\/\/patsosescape.com\/es\/outdoor-activities\/\"><strong>Actividades y experiencias al aire libre en el \u00e1rea de PATSOS (AMARI - Rethymno, CRETE)<\/strong><\/a><\/li>\n<\/ol>\n<p><strong>LEA NUESTROS RESE\u00d1OS Y TESTIMONIOS DE VISITANTES<\/strong><\/p>\n<p><code><div class=\"strong-rating-wrapper average\"><span class=\"strong-rating-title\">Average Rating:<\/span> \t\t<span class=\"strong-rating\">\n\t\t\t<span class=\"star0 star\"><\/span>\n\t\t\t<span class=\"star\" style=\"display: inline-block\"><svg class=\"star_solid\" aria-hidden=\"true\" role=\"img\" xmlns=\"http:\/\/www.w3.org\/2000\/svg\" viewbox=\"-8 -8 584 520\"><path d=\"M259.3 17.8L194 150.2 47.9 171.5c-26.2 3.8-36.7 36.1-17.7 54.6l105.7 103-25 145.5c-4.5 26.3 23.2 46 46.4 33.7L288 439.6l130.7 68.7c23.2 12.2 50.9-7.4 46.4-33.7l-25-145.5 105.7-103c19-18.5 8.5-50.8-17.7-54.6L382 150.2 316.7 17.8c-11.7-23.6-45.6-23.9-57.4 0z\"><\/path><\/svg><\/span><span class=\"star\" style=\"display: inline-block\"><svg class=\"star_solid\" aria-hidden=\"true\" role=\"img\" xmlns=\"http:\/\/www.w3.org\/2000\/svg\" viewbox=\"-8 -8 584 520\"><path d=\"M259.3 17.8L194 150.2 47.9 171.5c-26.2 3.8-36.7 36.1-17.7 54.6l105.7 103-25 145.5c-4.5 26.3 23.2 46 46.4 33.7L288 439.6l130.7 68.7c23.2 12.2 50.9-7.4 46.4-33.7l-25-145.5 105.7-103c19-18.5 8.5-50.8-17.7-54.6L382 150.2 316.7 17.8c-11.7-23.6-45.6-23.9-57.4 0z\"><\/path><\/svg><\/span><span class=\"star\" style=\"display: inline-block\"><svg class=\"star_solid\" aria-hidden=\"true\" role=\"img\" xmlns=\"http:\/\/www.w3.org\/2000\/svg\" viewbox=\"-8 -8 584 520\"><path d=\"M259.3 17.8L194 150.2 47.9 171.5c-26.2 3.8-36.7 36.1-17.7 54.6l105.7 103-25 145.5c-4.5 26.3 23.2 46 46.4 33.7L288 439.6l130.7 68.7c23.2 12.2 50.9-7.4 46.4-33.7l-25-145.5 105.7-103c19-18.5 8.5-50.8-17.7-54.6L382 150.2 316.7 17.8c-11.7-23.6-45.6-23.9-57.4 0z\"><\/path><\/svg><\/span><span class=\"star\" style=\"display: inline-block\"><svg class=\"star_solid\" aria-hidden=\"true\" role=\"img\" xmlns=\"http:\/\/www.w3.org\/2000\/svg\" viewbox=\"-8 -8 584 520\"><path d=\"M259.3 17.8L194 150.2 47.9 171.5c-26.2 3.8-36.7 36.1-17.7 54.6l105.7 103-25 145.5c-4.5 26.3 23.2 46 46.4 33.7L288 439.6l130.7 68.7c23.2 12.2 50.9-7.4 46.4-33.7l-25-145.5 105.7-103c19-18.5 8.5-50.8-17.7-54.6L382 150.2 316.7 17.8c-11.7-23.6-45.6-23.9-57.4 0z\"><\/path><\/svg><\/span><span class=\"star\" style=\"display: inline-block\"><svg class=\"star_solid\" aria-hidden=\"true\" role=\"img\" xmlns=\"http:\/\/www.w3.org\/2000\/svg\" viewbox=\"-8 -8 584 520\"><path d=\"M259.3 17.8L194 150.2 47.9 171.5c-26.2 3.8-36.7 36.1-17.7 54.6l105.7 103-25 145.5c-4.5 26.3 23.2 46 46.4 33.7L288 439.6l130.7 68.7c23.2 12.2 50.9-7.4 46.4-33.7l-25-145.5 105.7-103c19-18.5 8.5-50.8-17.7-54.6L382 150.2 316.7 17.8c-11.7-23.6-45.6-23.9-57.4 0z\"><\/path><\/svg><\/span>\t\t<\/span>\n\t\t <span class=\"strong-rating-summary\">5.0 stars (based on 8 ratings)<\/span><\/div><\/code><\/p>\n<div class=\"strong-view strong-view-id-1 default wpmtst-default slider-container slider-mode-horizontal slider-adaptive controls-style-buttons nav-position-outside\" data-count=\"8\" data-slider-var=\"strong_slider_id_1\" data-state=\"idle\"><div class=\"strong-content wpmslider-content\"><div class=\"wpmtst-testimonial testimonial t-slide post-2671\"><div class=\"wpmtst-testimonial-inner testimonial-inner\"><div data-infinite-loop=\"true\"   class=\"wpmtst-testimonial-content testimonial-content\"><div class=\"maybe-clear\"><\/div><p><span style=\"color: #ffffff;\">16 de octubre de 2018: nos detuvimos en esta taberna mientras conduc\u00edamos por la zona en la primavera de 2018. Vassilis, el propietario, se present\u00f3 y nos cont\u00f3 sobre la zona y el desfiladero de Patsos. Cuando regresamos a Creta en oto\u00f1o, me comuniqu\u00e9 con Vassili y acord\u00e9 quedarme en su excelente alojamiento por una noche. para que pudi\u00e9ramos caminar por el desfiladero de Patsos y pasar una noche en su taberna disfrutando de la cocina de su madre de 80 a\u00f1os (Mar\u00eda). A nuestra llegada por la ma\u00f1ana nos obsequiaron con el desayuno antes de caminar por el desfiladero. Vassilis explic\u00f3 la ruta y nos proporcion\u00f3 mapas e indicaciones. Insisti\u00f3 en recogernos al final del desfiladero. El desfiladero era brillante y nada como los otros que hemos caminado en Creta. Fue un curso de asalto; aferr\u00e1ndonos a las cuerdas mientras trepamos por las rocas ya lo largo de los estrechos caminos a lo largo del lado del desfiladero. Vassilis cumpli\u00f3 su promesa y nos recogi\u00f3. Esa noche, Mar\u00eda cocin\u00f3 exclusivamente para nosotros. \u00a1Disfrutamos de sus chuletas de cordero locales con todos los adornos, vino local y compartimos la mejor parte de una botella de raki! Vassilis es un cretense muy orgulloso y nos cont\u00f3 la historia del \u00e1rea local. Definitivamente nos volveremos a alojar all\u00ed y exploraremos otras caminatas en la zona. Gracias Vassilis y Maria.<\/span><\/p><\/div><div class=\"wpmtst-testimonial-field testimonial-field testimonial-name\">Bod - Eastbourne - Reino Unido<\/div><div class=\"wpmtst-testimonial-field testimonial-field testimonial-company\"><a href=\"https:\/\/www.tripadvisor.com.gr\/Restaurant_Review-g8391638-d7155689-Reviews-Patsos_Traditional_Taverna-Patsos_Rethymnon_Prefecture_Crete.html\" target=\"_blank\" rel=\"nofollow  \">www.tripadvisor.com.gr\/Restaurant_Review-g8391638-d7155689-Reviews-Patsos_Traditional_Taverna-Patsos_Rethymnon_Prefecture_Crete.html<\/a><\/div><div class=\"clear\"><\/div><\/div><\/div><div class=\"wpmtst-testimonial testimonial t-slide post-2668\"><div class=\"wpmtst-testimonial-inner testimonial-inner\"><div data-infinite-loop=\"true\"   class=\"wpmtst-testimonial-content testimonial-content\"><div class=\"maybe-clear\"><\/div><p><span style=\"color: #ffffff;\">Matt s - Clacton-on-Sea, Reino Unido -<\/span><\/p><p><span style=\"color: #ffffff;\">Abril de 2020<\/span><\/p><p><span style=\"color: #ffffff;\">Comida tradicional c\u00e1lida y sincera rodeada de la aut\u00e9ntica Creta. Los paseos esc\u00e9nicos locales ayudan a crear el apetito por los almuerzos que uno no quiere terminar.<\/span><\/p><\/div><div class=\"wpmtst-testimonial-field testimonial-field testimonial-name\">Matt s, Clacton-on-Sea, Reino Unido<\/div><div class=\"wpmtst-testimonial-field testimonial-field testimonial-company\"><a href=\"https:\/\/www.tripadvisor.com.gr\/Restaurant_Review-g8391638-d7155689-Reviews-Patsos_Traditional_Taverna-Patsos_Rethymnon_Prefecture_Crete.html\" target=\"_blank\" rel=\"nofollow  \">www.tripadvisor.com.gr\/Restaurant_Review-g8391638-d7155689-Reviews-Patsos_Traditional_Taverna-Patsos_Rethymnon_Prefecture_Crete.html<\/a><\/div><div class=\"clear\"><\/div><\/div><\/div><div class=\"wpmtst-testimonial testimonial t-slide post-2665\"><div class=\"wpmtst-testimonial-inner testimonial-inner\"><div data-infinite-loop=\"true\"   class=\"wpmtst-testimonial-content testimonial-content\"><div class=\"maybe-clear\"><\/div><p><span style=\"color: #ffffff;\">26 de mayo de 2019 - AnsgarAbroad - Eppstein, Alemania<\/span><\/p><p><span style=\"color: #ffffff;\">Vasili parece &quot;simplemente tenerlo&quot; y su madre cocina comida cretense maravillosa. Vaya all\u00ed para disfrutar de una comida deliciosa, conocer gente de manera informal (el ambiente es todo sobre interacci\u00f3n e intercambio) y para obtener consejos sobre senderos, cosas que hacer, etc. Ir con el especial del d\u00eda, una botella de vino local y traer un poco de tiempo\u2026<\/span><\/p><\/div><div class=\"wpmtst-testimonial-field testimonial-field testimonial-name\">Ansgar Abroad, Eppstein, Alemania<\/div><div class=\"wpmtst-testimonial-field testimonial-field testimonial-company\"><a href=\"https:\/\/www.tripadvisor.com.gr\/Restaurant_Review-g8391638-d7155689-Reviews-Patsos_Traditional_Taverna-Patsos_Rethymnon_Prefecture_Crete.html\" target=\"_blank\" rel=\"nofollow  \">www.tripadvisor.com.gr\/Restaurant_Review-g8391638-d7155689-Reviews-Patsos_Traditional_Taverna-Patsos_Rethymnon_Prefecture_Crete.html<\/a><\/div><div class=\"clear\"><\/div><\/div><\/div><div class=\"wpmtst-testimonial testimonial t-slide post-2666\"><div class=\"wpmtst-testimonial-inner testimonial-inner\"><div data-infinite-loop=\"true\"   class=\"wpmtst-testimonial-content testimonial-content\"><div class=\"maybe-clear\"><\/div><p><span style=\"color: #ffffff;\">22 de mayo de 2019 - perh682 - Nuestra parada en la taberna Patsos fue por impulso en nuestro camino. Termin\u00f3 como el almuerzo memorable de nuestra estancia en Creta. Comida deliciosa cocinada por Mar\u00eda y muy servicial y amable presentada por su sol Vassilis.<\/span><br \/><span style=\"color: #ffffff;\">Vale la pena detenerse en el camino. Vassilis tambi\u00e9n tiene un folleto encantador sobre la zona y la capilla de San Antonio en el desfiladero cercano es imprescindible ...<\/span><\/p><\/div><div class=\"wpmtst-testimonial-field testimonial-field testimonial-name\">perh682<\/div><div class=\"wpmtst-testimonial-field testimonial-field testimonial-company\"><a href=\"https:\/\/www.tripadvisor.com.gr\/Restaurant_Review-g8391638-d7155689-Reviews-Patsos_Traditional_Taverna-Patsos_Rethymnon_Prefecture_Crete.html\" target=\"_blank\" rel=\"nofollow  \">www.tripadvisor.com.gr\/Restaurant_Review-g8391638-d7155689-Reviews-Patsos_Traditional_Taverna-Patsos_Rethymnon_Prefecture_Crete.html<\/a><\/div><div class=\"clear\"><\/div><\/div><\/div><div class=\"wpmtst-testimonial testimonial t-slide post-2664\"><div class=\"wpmtst-testimonial-inner testimonial-inner\"><div data-infinite-loop=\"true\"   class=\"wpmtst-testimonial-content testimonial-content\"><div class=\"maybe-clear\"><\/div><p><span style=\"color: #ffffff;\">bobbydip<\/span><\/p><p><span style=\"color: #ffffff;\">Eastbourne - 11 de junio de 2019<\/span><\/p><p><span style=\"color: #ffffff;\">Esta es mi segunda rese\u00f1a de la taberna tradicional Patsos de Vasilis y Mar\u00eda. Nos topamos con esta taberna familiar encantadora y amistosa hace 12 meses y quedamos tan impresionados por la sincera bienvenida de Vasilis que regresamos en septiembre pasado para pasar una noche para caminar por la garganta de Patsos (revisi\u00f3n anterior). Este junio (2019) visitamos a Vasilis despu\u00e9s de haber visitado la cercana presa Potami. Hab\u00edamos preparado una maleta para pasar la noche en caso de que decidi\u00e9ramos quedarnos una noche. Vasilis y Maria se alegraron de vernos y nos encontraron alojamiento cerca. Este era un nuevo y lujoso apartamento en el primer piso totalmente equipado con vistas al tranquilo y hermoso valle (45 euros). Siguiendo uno de los mapas dibujados a mano de Vasilis, (\u00a1necesitas saber c\u00f3mo es una higuera!) Visitamos el escondite &#039;Harakas&#039; (que significa roca enorme e imponente) donde la resistencia de Creta retuvo al general alem\u00e1n capturado Kreipe antes de que lo pasaran de contrabando. fuera de Creta y transportado a El Cairo en 1944.<\/span><\/p><p><span style=\"color: #ffffff;\">Por la noche Mar\u00eda nos prepar\u00f3 una de sus especialidades. Esta era la carne de uno de sus propios lechones (\u00a1l\u00e1stima pero sabrosa!) Con verduras, que se hab\u00eda estado cocinando lentamente todo el d\u00eda ... absolutamente delicioso. Esto fue acompa\u00f1ado de ensalada griega y domathes (hojas de parra rellenas caseras de Mar\u00eda) y vino local.<\/span><\/p><p><span style=\"color: #ffffff;\">Necesitas un coche para visitar esta &quot;peque\u00f1a joya&quot;, pero merece la pena. Esperamos que mi esposa y yo le hagamos otra visita a Vasilis y Maria en septiembre de 2019 para experimentar otra aventura en las monta\u00f1as y, por supuesto, Vasilis y Maria es excelente. hospitalidad.<\/span><\/p><\/div><div class=\"wpmtst-testimonial-field testimonial-field testimonial-name\">bobbydip<\/div><div class=\"wpmtst-testimonial-field testimonial-field testimonial-company\"><a href=\"https:\/\/www.tripadvisor.com.gr\/Restaurant_Review-g8391638-d7155689-Reviews-Patsos_Traditional_Taverna-Patsos_Rethymnon_Prefecture_Crete.html\" target=\"_blank\" rel=\"nofollow  \">www.tripadvisor.com.gr\/Restaurant_Review-g8391638-d7155689-Reviews-Patsos_Traditional_Taverna-Patsos_Rethymnon_Prefecture_Crete.html<\/a><\/div><div class=\"clear\"><\/div><\/div><\/div><div class=\"wpmtst-testimonial testimonial t-slide post-2663\"><div class=\"wpmtst-testimonial-inner testimonial-inner\"><div data-infinite-loop=\"true\"   class=\"wpmtst-testimonial-content testimonial-content\"><div class=\"maybe-clear\"><\/div><p><span style=\"color: #ffffff;\">25 de enero de 2020 - dainl102 -<\/span><\/p><p><span style=\"color: #ffffff;\">Una de las MEJORES y m\u00e1s aut\u00e9nticas experiencias que hemos tenido. La taberna est\u00e1 dirigida por Vassilis, quien lleva la hospitalidad cretense a un nivel completamente nuevo. Es muy generoso con su tiempo, experiencia y conocimiento; su pasi\u00f3n por los patos y la gente de Creta es contagiosa. Su madre hace toda la cocina, por lo que no solo experimentar\u00e1s la aut\u00e9ntica cultura local, sino que tambi\u00e9n disfrutar\u00e1s de comidas tradicionales cretenses caseras ... estas fueron, con mucho, las mejores comidas que tuvimos en Creta (despu\u00e9s de cinco semanas en Creta). Te ir\u00e1s sinti\u00e9ndote como si fueras de la familia. Patsos es una joya de \u00e1rea, con la naturaleza justo en la puerta de su casa para que pueda sentirse completamente inmerso en las monta\u00f1as de Creta. Tambi\u00e9n tiene una ubicaci\u00f3n c\u00e9ntrica y relativamente cerca de Rethymno, lo que permite un f\u00e1cil acceso y excursiones de un d\u00eda a muchas otras partes de la isla. Adem\u00e1s, si eres un aficionado a la historia, esta fue una de las paradas durante la Segunda Guerra Mundial donde el general alem\u00e1n capturado Kriepe estuvo escondido durante dos noches (el libro de Christopher McDougall, Natural Born Heroes). No te arrepentir\u00e1s de salirte de los caminos trillados para venir aqu\u00ed; \u00a1ser\u00e1 dif\u00edcil despedirte cuando termine tu viaje!<\/span><\/p><\/div><div class=\"wpmtst-testimonial-field testimonial-field testimonial-name\">Dain L<\/div><div class=\"wpmtst-testimonial-field testimonial-field testimonial-company\"><a href=\"https:\/\/www.tripadvisor.com.gr\/Restaurant_Review-g8391638-d7155689-Reviews-Patsos_Traditional_Taverna-Patsos_Rethymnon_Prefecture_Crete.html\" target=\"_blank\" rel=\"nofollow  \">www.tripadvisor.com.gr\/Restaurant_Review-g8391638-d7155689-Reviews-Patsos_Traditional_Taverna-Patsos_Rethymnon_Prefecture_Crete.html<\/a><\/div><div class=\"clear\"><\/div><\/div><\/div><div class=\"wpmtst-testimonial testimonial t-slide post-2669\"><div class=\"wpmtst-testimonial-inner testimonial-inner\"><div data-infinite-loop=\"true\"   class=\"wpmtst-testimonial-content testimonial-content\"><div class=\"maybe-clear\"><\/div><p><span style=\"color: #ffffff;\">ABRIL 2019 - Lola L - FRANCIA,<\/span><\/p><p><span style=\"color: #ffffff;\">La comida fue preparada por Mar\u00eda frente a nosotros, \u00a1carne fresca y verduras!<\/span><br \/><span style=\"color: #ffffff;\">Compramos aceite de oliva (de los alrededores del pueblo)<\/span><\/p><p><span style=\"color: #ffffff;\">El hijo de Mar\u00eda da informaci\u00f3n sobre la visita y el camino (para ver la capilla en la caverna)<\/span><\/p><p><span style=\"color: #ffffff;\">Fue el mejor momento con los ciudadanos de Cr\u00e8te !!!!!<\/span><\/p><\/div><div class=\"wpmtst-testimonial-field testimonial-field testimonial-name\">Lola L<\/div><div class=\"wpmtst-testimonial-field testimonial-field testimonial-company\"><a href=\"https:\/\/www.tripadvisor.com.gr\/Restaurant_Review-g8391638-d7155689-Reviews-Patsos_Traditional_Taverna-Patsos_Rethymnon_Prefecture_Crete.html\" target=\"_blank\" rel=\"nofollow  \">www.tripadvisor.com.gr\/Restaurant_Review-g8391638-d7155689-Reviews-Patsos_Traditional_Taverna-Patsos_Rethymnon_Prefecture_Crete.html<\/a><\/div><div class=\"clear\"><\/div><\/div><\/div><div class=\"wpmtst-testimonial testimonial t-slide post-2670\"><div class=\"wpmtst-testimonial-inner testimonial-inner\"><div data-infinite-loop=\"true\"   class=\"wpmtst-testimonial-content testimonial-content\"><div class=\"maybe-clear\"><\/div><p><span style=\"color: #ffffff;\">Brigitte y Hans (Johannes)<\/span><\/p><p><span style=\"color: #ffffff;\">Buenos d\u00edas Vasilis, ayer por la noche llegamos a nuestro hotel despu\u00e9s de caminar hacia Agios Antonios. No pudimos comer algo m\u00e1s esta noche. \u00a1La cena, preparada por tu madre, estuvo tan buena y tanto! Muchas gracias por todo lo que nos hab\u00e9is dado. La conversaci\u00f3n fue muy interesante. Tuvimos un d\u00eda maravilloso \u2026\u2026 ..<\/span><\/p><\/div><div class=\"wpmtst-testimonial-field testimonial-field testimonial-name\">Brigitte y Hans (Johannes)<\/div><div class=\"wpmtst-testimonial-field testimonial-field testimonial-company\"><a href=\"https:\/\/www.tripadvisor.com.gr\/Restaurant_Review-g8391638-d7155689-Reviews-Patsos_Traditional_Taverna-Patsos_Rethymnon_Prefecture_Crete.html\" target=\"_blank\" rel=\"nofollow  \">www.tripadvisor.com.gr\/Restaurant_Review-g8391638-d7155689-Reviews-Patsos_Traditional_Taverna-Patsos_Rethymnon_Prefecture_Crete.html<\/a><\/div><div class=\"clear\"><\/div><\/div><\/div><\/div><\/div>\n<p>&nbsp;<\/p>\n<p>&nbsp;<\/p>\n<p><span class=\"hqzQac\" data-ved=\"2ahUKEwj14YXuvJzwAhV2wAIHHVCfC80QiCswEXoECCYQBQ\"><span id=\"ow50\"><a title=\"Rese\u00f1as de Google sobre Patsos Escape\" role=\"button\" href=\"https:\/\/www.google.com\/search?q=patsos+escape#\" target=\"_blank\" rel=\"noopener\" data-fid=\"0x149b0daa68fee8bf:0xa02eac20b70c0101\" data-is_owner=\"false\" data-nohref=\"1\" data-sort_by=\"qualityScore\" data-async-trigger=\"reviewDialog\" data-ved=\"2ahUKEwj14YXuvJzwAhV2wAIHHVCfC80Q8mswEXoECCYQBg\"><strong>Rese\u00f1as de GOOGLE sobre Patsos Escape<\/strong><\/a><\/span><\/span><\/p>\n<p><a title=\"Rese\u00f1as de FACEBOOK sobre Patsos Escpae\" href=\"https:\/\/www.facebook.com\/patsosescape\/reviews\/?ref=page_internal\" target=\"_blank\" rel=\"noopener\"><strong>Rese\u00f1as de FACEBOOK sobre Patsos Escape<\/strong><\/a><\/p>\n<p><strong><span class=\"hqzQac\" data-ved=\"2ahUKEwj14YXuvJzwAhV2wAIHHVCfC80QiCswEXoECCYQBQ\"><span id=\"ow50\"><a title=\"Rese\u00f1as de TripAdvisor sobre Patsos Escape\" role=\"button\" href=\"https:\/\/www.tripadvisor.com\/Restaurant_Review-g8391638-d7155689-Reviews-Patsos_Traditional_Taverna-Patsos_Rethymnon_Prefecture_Crete.html\" target=\"_blank\" rel=\"noopener\" data-fid=\"0x149b0daa68fee8bf:0xa02eac20b70c0101\" data-is_owner=\"false\" data-nohref=\"1\" data-sort_by=\"qualityScore\" data-async-trigger=\"reviewDialog\" data-ved=\"2ahUKEwj14YXuvJzwAhV2wAIHHVCfC80Q8mswEXoECCYQBg\">Rese\u00f1as de TRIPADVISOR sobre Patsos Escape<\/a><\/span><\/span><\/strong><\/p>\n<p>&nbsp;<\/p>\n<p>&nbsp;<\/p>","protected":false},"excerpt":{"rendered":"<p>Testimonials&nbsp; and Reviews on PATSOS ESCAPE &#8211; Rethymno CRETE: escape from a busy life to Patsos rural, traditional, genuine Cretan village for a relaxed experience in the nature of Amari on the island of CRETE! Ecotourism Accommodation &#8211; Patsos (AMARI, Rethymno, CRETE) Traditional Cretan Food Outdoor Activities &amp; Experiences in PATSOS area (AMARI &#8211; Rethymno, CRETE) READ OUR VISITORS REVIEWS &amp; TESTIMONIALS &nbsp; &nbsp; GOOGLE reviews on Patsos Escape FACEBOOK reviews on Patsos Escape TRIPADVISOR reviews on Patsos Escape &nbsp; &nbsp;<\/p>","protected":false},"author":3,"featured_media":0,"parent":0,"menu_order":0,"comment_status":"closed","ping_status":"closed","template":"","meta":{"ngg_post_thumbnail":0,"_glsr_average":0,"_glsr_ranking":0,"_glsr_reviews":0,"footnotes":""},"class_list":["post-950","page","type-page","status-publish","hentry"],"aioseo_notices":[],"_links":{"self":[{"href":"https:\/\/patsosescape.com\/es\/wp-json\/wp\/v2\/pages\/950","targetHints":{"allow":["GET"]}}],"collection":[{"href":"https:\/\/patsosescape.com\/es\/wp-json\/wp\/v2\/pages"}],"about":[{"href":"https:\/\/patsosescape.com\/es\/wp-json\/wp\/v2\/types\/page"}],"author":[{"embeddable":true,"href":"https:\/\/patsosescape.com\/es\/wp-json\/wp\/v2\/users\/3"}],"replies":[{"embeddable":true,"href":"https:\/\/patsosescape.com\/es\/wp-json\/wp\/v2\/comments?post=950"}],"version-history":[{"count":0,"href":"https:\/\/patsosescape.com\/es\/wp-json\/wp\/v2\/pages\/950\/revisions"}],"wp:attachment":[{"href":"https:\/\/patsosescape.com\/es\/wp-json\/wp\/v2\/media?parent=950"}],"curies":[{"name":"wp","href":"https:\/\/api.w.org\/{rel}","templated":true}]}}