{"id":1412,"date":"2018-03-04T15:29:22","date_gmt":"2018-03-04T13:29:22","guid":{"rendered":"http:\/\/patsosescape.com\/?page_id=1412"},"modified":"2024-02-10T21:25:42","modified_gmt":"2024-02-10T19:25:42","slug":"accom","status":"publish","type":"page","link":"https:\/\/patsosescape.com\/fr\/accom\/","title":{"rendered":"H\u00e9bergement \u00e9cotouristique \u00e0 R\u00e9thymnon CR\u00c8TE"},"content":{"rendered":"<p><strong>Loge \u00e9cotouristique Patsos Escape :<\/strong> pour ceux qui souhaitent rester, il y a la possibilit\u00e9 d&#039;accueillir jusqu&#039;\u00e0 6<strong> gens<\/strong> dans une maison <strong>100 m\u00e8tres carr\u00e9s<\/strong>, situ\u00e9e dans le <strong>coeur du village de Patsos<\/strong>, au-dessus de la petite taverne \u00abPatsos\u00bb. Il est entour\u00e9 d&#039;une v\u00e9g\u00e9tation riche et dense ainsi que <strong>un platane vivace (300 ans) devant lui et la fontaine du village aux eaux cristallines,<\/strong> comme vous le verrez dans les images ci-dessous. Il y a<strong> 4 lits fixes<\/strong> (un double et 2 simples) dans deux chambres s\u00e9par\u00e9es et <strong>2 pliage<\/strong> si n\u00e9cessaire.<div class='yrm-content yrm-content-4 yrm-content-hide' id='yrm-yNfk5' data-id='4' data-show-status='false' data-after-action='' style=\"visibility: hidden;height: 0;\">\n\t\t\t<div id='yrm-inner-content-yrm-yNfk5' class='yrm-inner-content-wrapper yrm-cntent-4'><\/p>\n<p>En outre, il dispose d&#039;un immense et merveilleux balcon o\u00f9 vous pourrez profiter d&#039;une vue magnifique sur la beaut\u00e9 sauvage des montagnes et d&#039;un silence paisible seulement interrompu par le chant des oiseaux et les eaux de la fontaine du village. En plus de ce qui pr\u00e9c\u00e8de, cette maison a tout le m\u00e9nage et la technologie (<strong>WiFi gratuit, A \/ C, TV satellite<\/strong>) \u00e9quipement, ainsi que <strong>parking gratuit<\/strong>. L&#039;atmosph\u00e8re familiale agr\u00e9able, comme autrefois, vous fait vous sentir comme chez vous loin de chez vous.<\/p>\n<p>Discover the ultimate escape for ecotourism holiday in the island og Crete at PATOS ESCAPE, a traditional comfortable apartment in the center or the rural village of Patsos.<\/p>\n<p>You will enjoy original Cretan hospitality and breathtaking views of the natural beauty of Crete. Unwind in our rooms that provide a tranquil retreat. Explore the infinite hiking, trekking, mountaineering tours that our area offers, immense yourself in nature with captivating views of the valley and the surrounding landscape from your private terrace. Indulge in a variety of thrilling outdoor activities.<\/p>\n<p>Vassilis and Maria will ensure that your stay at Patsos village will be an unforgettable experience.<\/p>\n<p><\/div>\n\t\t<\/div><div class='yrm-btn-wrapper yrm-inline-wrapper yrm-btn-wrapper-4  yrm-more-button-wrapper'><span title='' data-less-title='' data-more-title=''  class='yrm-toggle-expand  yrm-toggle-expand-4' data-rel='yrm-yNfk5' data-more='Read more' data-less='Read less' style='border: none; width: 100%;'><span class=\"yrm-button-text-4 yrm-button-text-span\">Lire la suite<\/span><\/span><\/div><\/p>\n<p>Ceux qui sont int\u00e9ress\u00e9s par une r\u00e9servation, veuillez nous contacter: <a href=\"http:\/\/patsosescape.com\/fr\/contact-us\/\">http:\/\/patsosescape.com\/contact-us\/<\/a><\/p>\n<div class=\"element element-slider element-slider-bootstrap\"><div class=\"element-inner\"><div class=\"element-inner-wrap\"><div class=\"grid-protection\">\t<div id=\"tb-slider-ecotourism-accommodation-in-patsos-2\" class=\"tb-bootstrap-carousel tb-simple-slider carousel slide\" data-ride=\"carousel\" data-interval=\"4000\" data-pause=\"hover\" data-wrap=\"true\">\n\n\t\t<div class=\"carousel-control-wrap\">\n\n\t\t\t<!-- Indicators -->\n\t\t\t\t\t\t\t\t\t\t\t<ol class=\"carousel-indicators\">\n\t\t\t\t\t\t\t\t\t\t\t<li data-target=\"#tb-slider-ecotourism-accommodation-in-patsos-2\" data-slide-to=\"0\" class=\"active\"><\/li>\n\t\t\t\t\t\t\t\t\t\t\t\t\t\t\t\t\t<li data-target=\"#tb-slider-ecotourism-accommodation-in-patsos-2\" data-slide-to=\"1\" class=\"\"><\/li>\n\t\t\t\t\t\t\t\t\t\t\t\t\t\t\t\t\t<li data-target=\"#tb-slider-ecotourism-accommodation-in-patsos-2\" data-slide-to=\"2\" class=\"\"><\/li>\n\t\t\t\t\t\t\t\t\t\t\t\t\t\t\t\t\t<li data-target=\"#tb-slider-ecotourism-accommodation-in-patsos-2\" data-slide-to=\"3\" class=\"\"><\/li>\n\t\t\t\t\t\t\t\t\t\t\t\t\t\t\t\t\t<li data-target=\"#tb-slider-ecotourism-accommodation-in-patsos-2\" data-slide-to=\"4\" class=\"\"><\/li>\n\t\t\t\t\t\t\t\t\t\t\t\t\t\t\t\t\t<li data-target=\"#tb-slider-ecotourism-accommodation-in-patsos-2\" data-slide-to=\"5\" class=\"\"><\/li>\n\t\t\t\t\t\t\t\t\t\t\t\t\t\t\t\t\t<li data-target=\"#tb-slider-ecotourism-accommodation-in-patsos-2\" data-slide-to=\"6\" class=\"\"><\/li>\n\t\t\t\t\t\t\t\t\t\t\t\t\t\t\t\t\t<li data-target=\"#tb-slider-ecotourism-accommodation-in-patsos-2\" data-slide-to=\"7\" class=\"\"><\/li>\n\t\t\t\t\t\t\t\t\t\t\t\t\t\t\t\t\t<li data-target=\"#tb-slider-ecotourism-accommodation-in-patsos-2\" data-slide-to=\"8\" class=\"\"><\/li>\n\t\t\t\t\t\t\t\t\t\t\t\t\t\t\t\t\t<li data-target=\"#tb-slider-ecotourism-accommodation-in-patsos-2\" data-slide-to=\"9\" class=\"\"><\/li>\n\t\t\t\t\t\t\t\t\t\t\t\t\t\t\t\t\t<li data-target=\"#tb-slider-ecotourism-accommodation-in-patsos-2\" data-slide-to=\"10\" class=\"\"><\/li>\n\t\t\t\t\t\t\t\t\t\t\t\t\t\t\t\t\t<li data-target=\"#tb-slider-ecotourism-accommodation-in-patsos-2\" data-slide-to=\"11\" class=\"\"><\/li>\n\t\t\t\t\t\t\t\t\t\t\t\t\t\t\t<\/ol>\n\t\t\t\n\t\t\t<!-- Controls -->\n\t\t\t\t\t\t\t<a class=\"left carousel-control\" href=\"#tb-slider-ecotourism-accommodation-in-patsos-2\" data-slide=\"prev\">\n\t\t\t\t\t<span class=\"glyphicon glyphicon-chevron-left\"><\/span>\n\t\t\t\t<\/a>\n\t\t\t\t<a class=\"right carousel-control\" href=\"#tb-slider-ecotourism-accommodation-in-patsos-2\" data-slide=\"next\">\n\t\t\t\t\t<span class=\"glyphicon glyphicon-chevron-right\"><\/span>\n\t\t\t\t<\/a>\n\t\t\t\n\t\t\t<!-- Wrapper for slides (according to Bootstrap specs) -->\n\t\t\t<div class=\"carousel-inner\">\n\n\t\t\t\t\t\t\t\t\t\t\t\t\t\t\t\t\t\t\t\t<div class=\"item active\">\n\n\t\t\t\t\t\t\t<img loading=\"lazy\" decoding=\"async\" src=\"https:\/\/patsosescape.com\/wp-content\/uploads\/2021\/04\/livingroom-patsos-eco-hotel-rethymno-crete-1-960x350.jpg\" alt=\"living-patsos-eco-hotel-rethymno-crete-1\" width=\"960\" height=\"350\" \/>\n\t\t\t\t\t\t\t\n\t\t\t\t\t\t<\/div><!-- .item (end) -->\n\t\t\t\t\t\t\t\t\t\t\t\t\t\t\t\t\t<div class=\"item\">\n\n\t\t\t\t\t\t\t<img loading=\"lazy\" decoding=\"async\" src=\"https:\/\/patsosescape.com\/wp-content\/uploads\/2021\/04\/breakfast-patsos-eco-hotel-rethymno-crete-1-960x350.jpg\" alt=\"petit-d\u00e9jeuner-patsos-eco-hotel-rethymno-crete-1\" width=\"960\" height=\"350\" \/>\n\t\t\t\t\t\t\t\n\t\t\t\t\t\t<\/div><!-- .item (end) -->\n\t\t\t\t\t\t\t\t\t\t\t\t\t\t\t\t\t<div class=\"item\">\n\n\t\t\t\t\t\t\t<img loading=\"lazy\" decoding=\"async\" src=\"https:\/\/patsosescape.com\/wp-content\/uploads\/2021\/04\/kitchen-patsos-eco-hotel-rethymno-crete-2-960x350.jpg\" alt=\"cuisine-patsos-eco-hotel-rethymno-crete-2\" width=\"960\" height=\"350\" \/>\n\t\t\t\t\t\t\t\n\t\t\t\t\t\t<\/div><!-- .item (end) -->\n\t\t\t\t\t\t\t\t\t\t\t\t\t\t\t\t\t<div class=\"item\">\n\n\t\t\t\t\t\t\t<img loading=\"lazy\" decoding=\"async\" src=\"https:\/\/patsosescape.com\/wp-content\/uploads\/2021\/04\/bedroom-patsos-eco-hotel-rethymno-crete-2-960x350.jpg\" alt=\"chambre-patsos-eco-hotel-rethymno-crete-2\" width=\"960\" height=\"350\" \/>\n\t\t\t\t\t\t\t\n\t\t\t\t\t\t<\/div><!-- .item (end) -->\n\t\t\t\t\t\t\t\t\t\t\t\t\t\t\t\t\t<div class=\"item\">\n\n\t\t\t\t\t\t\t<img loading=\"lazy\" decoding=\"async\" src=\"https:\/\/patsosescape.com\/wp-content\/uploads\/2021\/04\/bathroom-patsos-eco-hotel-rethymno-crete-960x350.jpg\" alt=\"salle de bain-patsos-eco-hotel-rethymno-crete\" width=\"960\" height=\"350\" \/>\n\t\t\t\t\t\t\t\n\t\t\t\t\t\t<\/div><!-- .item (end) -->\n\t\t\t\t\t\t\t\t\t\t\t\t\t\t\t\t\t<div class=\"item\">\n\n\t\t\t\t\t\t\t<img loading=\"lazy\" decoding=\"async\" src=\"https:\/\/patsosescape.com\/wp-content\/uploads\/2021\/04\/bathroom-patsos-eco-hotel-rethymno-crete-1-960x350.jpg\" alt=\"salle de bain-patsos-eco-hotel-rethymno-crete-1\" width=\"960\" height=\"350\" \/>\n\t\t\t\t\t\t\t\n\t\t\t\t\t\t<\/div><!-- .item (end) -->\n\t\t\t\t\t\t\t\t\t\t\t\t\t\t\t\t\t<div class=\"item\">\n\n\t\t\t\t\t\t\t<img loading=\"lazy\" decoding=\"async\" src=\"https:\/\/patsosescape.com\/wp-content\/uploads\/2021\/04\/terrace-patsos-eco-hotel-rethymno-crete-1-960x350.jpg\" alt=\"terrasse-patsos-eco-hotel-rethymno-crete-1\" width=\"960\" height=\"350\" \/>\n\t\t\t\t\t\t\t\n\t\t\t\t\t\t<\/div><!-- .item (end) -->\n\t\t\t\t\t\t\t\t\t\t\t\t\t\t\t\t\t<div class=\"item\">\n\n\t\t\t\t\t\t\t<img loading=\"lazy\" decoding=\"async\" src=\"https:\/\/patsosescape.com\/wp-content\/uploads\/2021\/04\/livingroom-patsos-eco-hotel-rethymno-crete-3-960x350.jpg\" alt=\"living-patsos-eco-hotel-rethymno-crete-3\" width=\"960\" height=\"350\" \/>\n\t\t\t\t\t\t\t\n\t\t\t\t\t\t<\/div><!-- .item (end) -->\n\t\t\t\t\t\t\t\t\t\t\t\t\t\t\t\t\t<div class=\"item\">\n\n\t\t\t\t\t\t\t<img loading=\"lazy\" decoding=\"async\" src=\"https:\/\/patsosescape.com\/wp-content\/uploads\/2021\/04\/livingroom-patsos-eco-hotel-rethymno-crete-4-960x350.jpg\" alt=\"living-patsos-eco-hotel-rethymno-crete-4\" width=\"960\" height=\"350\" \/>\n\t\t\t\t\t\t\t\n\t\t\t\t\t\t<\/div><!-- .item (end) -->\n\t\t\t\t\t\t\t\t\t\t\t\t\t\t\t\t\t<div class=\"item\">\n\n\t\t\t\t\t\t\t<img loading=\"lazy\" decoding=\"async\" src=\"https:\/\/patsosescape.com\/wp-content\/uploads\/2021\/04\/kitchen-patsos-eco-hotel-rethymno-crete-4-960x350.jpg\" alt=\"cuisine-patsos-eco-hotel-rethymno-crete-4\" width=\"960\" height=\"350\" \/>\n\t\t\t\t\t\t\t\n\t\t\t\t\t\t<\/div><!-- .item (end) -->\n\t\t\t\t\t\t\t\t\t\t\t\t\t\t\t\t\t<div class=\"item\">\n\n\t\t\t\t\t\t\t<img loading=\"lazy\" decoding=\"async\" src=\"https:\/\/patsosescape.com\/wp-content\/uploads\/2021\/04\/balkony-patsos-eco-hotel-rethymno-crete-1-960x350.jpg\" alt=\"balkony-patsos-eco-hotel-rethymno-crete-1\" width=\"960\" height=\"350\" \/>\n\t\t\t\t\t\t\t\n\t\t\t\t\t\t<\/div><!-- .item (end) -->\n\t\t\t\t\t\t\t\t\t\t\t\t\t\t\t\t\t<div class=\"item\">\n\n\t\t\t\t\t\t\t<img loading=\"lazy\" decoding=\"async\" src=\"https:\/\/patsosescape.com\/wp-content\/uploads\/2021\/04\/bedroom-patsos-eco-hotel-rethymno-crete-1-960x350.jpg\" alt=\"chambre-patsos-eco-hotel-rethymno-crete-1\" width=\"960\" height=\"350\" \/>\n\t\t\t\t\t\t\t\n\t\t\t\t\t\t<\/div><!-- .item (end) -->\n\t\t\t\t\t\t\t\t\t\t\t\t\t\t\t\n\t\t\t<\/div><!-- .carousel-inner (end) -->\n\n\t\t<\/div><!-- .carousel-control-wrap (end) -->\n\n\t\t<!-- Thumbnail Indicators -->\n\t\t\n\t<\/div>\n\t<\/div><!-- .grid-protection (end) --><\/div><!-- .element-inner-wrap (end) --><\/div><!-- .element-inner (end) --><\/div><!-- .element (end) -->\n<p style=\"text-align: center;\"><img loading=\"lazy\" decoding=\"async\" class=\"alignnone wp-image-2613 size-full\" src=\"https:\/\/patsosescape.com\/wp-content\/uploads\/2021\/04\/eco-tourism-accommodation-patsos-rethymno-crete-w1080.jpg\" alt=\"h\u00e9bergement \u00e9cotouristique \u00e0 Patsos Rethymno Crete\" width=\"1080\" height=\"248\" srcset=\"https:\/\/patsosescape.com\/wp-content\/uploads\/2021\/04\/eco-tourism-accommodation-patsos-rethymno-crete-w1080.jpg 1080w, https:\/\/patsosescape.com\/wp-content\/uploads\/2021\/04\/eco-tourism-accommodation-patsos-rethymno-crete-w1080-300x69.jpg 300w, https:\/\/patsosescape.com\/wp-content\/uploads\/2021\/04\/eco-tourism-accommodation-patsos-rethymno-crete-w1080-1024x235.jpg 1024w, https:\/\/patsosescape.com\/wp-content\/uploads\/2021\/04\/eco-tourism-accommodation-patsos-rethymno-crete-w1080-768x176.jpg 768w, https:\/\/patsosescape.com\/wp-content\/uploads\/2021\/04\/eco-tourism-accommodation-patsos-rethymno-crete-w1080-16x4.jpg 16w, https:\/\/patsosescape.com\/wp-content\/uploads\/2021\/04\/eco-tourism-accommodation-patsos-rethymno-crete-w1080-940x216.jpg 940w, https:\/\/patsosescape.com\/wp-content\/uploads\/2021\/04\/eco-tourism-accommodation-patsos-rethymno-crete-w1080-620x142.jpg 620w, https:\/\/patsosescape.com\/wp-content\/uploads\/2021\/04\/eco-tourism-accommodation-patsos-rethymno-crete-w1080-195x45.jpg 195w\" sizes=\"auto, (max-width: 1080px) 100vw, 1080px\" \/><\/p>\n<p><a title=\"Ecotourism accommodation in Rethymno Crete Greece\" href=\"https:\/\/rethymno.villas\" target=\"_blank\" rel=\"noopener\">Ecotourism accommodation in Rethymno Crete Greece<\/a><\/p>\n<p>&nbsp;<\/p>\n<p>&nbsp;<\/p>","protected":false},"excerpt":{"rendered":"<p>Patsos Escape Eco tourism lodge: for those wishing to stay, there is the opportunity to accommodate up to 6 people in a house 100 square meters, located in the heart of Patsos village, above the small tavern &#8220;Patsos&#8221;. It is surrounded by rich and dense vegetation as well as a perennial plane tree (300 years old) in front of it and the village fountain with crystal clear waters, as you will see in the pictures below. There are 4 fixed beds (one double and 2 single) in two separate rooms&hellip; <a class=\"read-more-link\" href=\"https:\/\/patsosescape.com\/fr\/accom\/\">Lire la suite<\/a><\/p>","protected":false},"author":2,"featured_media":0,"parent":0,"menu_order":0,"comment_status":"closed","ping_status":"closed","template":"","meta":{"ngg_post_thumbnail":0,"_glsr_average":0,"_glsr_ranking":0,"_glsr_reviews":0,"footnotes":""},"class_list":["post-1412","page","type-page","status-publish","hentry"],"aioseo_notices":[],"_links":{"self":[{"href":"https:\/\/patsosescape.com\/fr\/wp-json\/wp\/v2\/pages\/1412","targetHints":{"allow":["GET"]}}],"collection":[{"href":"https:\/\/patsosescape.com\/fr\/wp-json\/wp\/v2\/pages"}],"about":[{"href":"https:\/\/patsosescape.com\/fr\/wp-json\/wp\/v2\/types\/page"}],"author":[{"embeddable":true,"href":"https:\/\/patsosescape.com\/fr\/wp-json\/wp\/v2\/users\/2"}],"replies":[{"embeddable":true,"href":"https:\/\/patsosescape.com\/fr\/wp-json\/wp\/v2\/comments?post=1412"}],"version-history":[{"count":0,"href":"https:\/\/patsosescape.com\/fr\/wp-json\/wp\/v2\/pages\/1412\/revisions"}],"wp:attachment":[{"href":"https:\/\/patsosescape.com\/fr\/wp-json\/wp\/v2\/media?parent=1412"}],"curies":[{"name":"wp","href":"https:\/\/api.w.org\/{rel}","templated":true}]}}