{"id":1525,"date":"2018-03-11T20:42:37","date_gmt":"2018-03-11T18:42:37","guid":{"rendered":"http:\/\/patsosescape.com\/?page_id=1525"},"modified":"2018-03-20T22:33:30","modified_gmt":"2018-03-20T20:33:30","slug":"the-nature-of-patsos","status":"publish","type":"page","link":"https:\/\/patsosescape.com\/fr\/the-nature-of-patsos\/","title":{"rendered":"La nature de Patsos"},"content":{"rendered":"<p>La zone autour de Patsos est consid\u00e9r\u00e9e par beaucoup comme un paradis pour les randonneurs et pour les visiteurs amoureux de la nature et ayant des int\u00e9r\u00eats historiques et arch\u00e9ologiques. Il existe de nombreuses possibilit\u00e9s d&#039;activit\u00e9s de plein air telles que la marche, la randonn\u00e9e, le v\u00e9lo et l&#039;escalade\u2026 Promenez-vous sur les magnifiques sentiers, d\u00e9couvrez la beaut\u00e9 naturelle et le riche patrimoine culturel. Une large gamme de couleurs, de sons et de parfums stimulera tous les sens.<!--more--><\/p>\n<p>De puissants contrastes de vert, de jaune et de rouge composent un tapis magique de couleurs devant vos yeux lors de vos promenades. VASSILIS, un ancien colonel bien exp\u00e9riment\u00e9 des forces sp\u00e9ciales hell\u00e9niques avec un vif int\u00e9r\u00eat pour la randonn\u00e9e et une connaissance de la riche histoire locale est disponible pour vous aider \u00e0 profiter de votre temps \u00e0 Patsos (pistes cyclables, escalade, promenades le long des sentiers historiques. George, grottes, sites arch\u00e9ologiques , le plan d&#039;eau au lac de Potamoi etc)<!--more--><\/p>","protected":false},"excerpt":{"rendered":"<p>The area around Patsos is by many considered a paradise for hikers and for visitors who are lovers of nature as well as have historical&nbsp; and archaeological &nbsp;interests. There are many possibilities for outdoor activities such as walking , hiking ,cycling and rock climbing\u2026 Walk through the beautiful trails, discover the natural beauty and rich cultural heritage . A wide range of colours, sounds and scents will stimulate all senses.&hellip; <a class=\"read-more-link\" href=\"https:\/\/patsosescape.com\/fr\/the-nature-of-patsos\/\">Lire la suite<\/a><\/p>","protected":false},"author":2,"featured_media":0,"parent":0,"menu_order":0,"comment_status":"closed","ping_status":"closed","template":"","meta":{"ngg_post_thumbnail":0,"_glsr_average":0,"_glsr_ranking":0,"_glsr_reviews":0,"footnotes":""},"class_list":["post-1525","page","type-page","status-publish","hentry"],"aioseo_notices":[],"_links":{"self":[{"href":"https:\/\/patsosescape.com\/fr\/wp-json\/wp\/v2\/pages\/1525","targetHints":{"allow":["GET"]}}],"collection":[{"href":"https:\/\/patsosescape.com\/fr\/wp-json\/wp\/v2\/pages"}],"about":[{"href":"https:\/\/patsosescape.com\/fr\/wp-json\/wp\/v2\/types\/page"}],"author":[{"embeddable":true,"href":"https:\/\/patsosescape.com\/fr\/wp-json\/wp\/v2\/users\/2"}],"replies":[{"embeddable":true,"href":"https:\/\/patsosescape.com\/fr\/wp-json\/wp\/v2\/comments?post=1525"}],"version-history":[{"count":0,"href":"https:\/\/patsosescape.com\/fr\/wp-json\/wp\/v2\/pages\/1525\/revisions"}],"wp:attachment":[{"href":"https:\/\/patsosescape.com\/fr\/wp-json\/wp\/v2\/media?parent=1525"}],"curies":[{"name":"wp","href":"https:\/\/api.w.org\/{rel}","templated":true}]}}