{"id":1561,"date":"2018-03-13T15:08:48","date_gmt":"2018-03-13T13:08:48","guid":{"rendered":"http:\/\/patsosescape.com\/?page_id=1561"},"modified":"2021-04-30T17:52:09","modified_gmt":"2021-04-30T14:52:09","slug":"biking","status":"publish","type":"page","link":"https:\/\/patsosescape.com\/fr\/biking\/","title":{"rendered":"Randonn\u00e9es \u00e0 v\u00e9lo \/ \u00e0 v\u00e9lo"},"content":{"rendered":"<h1><strong><u>CYCLISME \/ V\u00c9LO dans la province de R\u00e9thymnon (Patsos, r\u00e9gion d&#039;AMARI)<br \/>\n<\/u><\/strong><\/h1>\n<p>Pour ceux de nos amis qui aimeraient <strong>cyclisme<\/strong>, tout ce qu&#039;ils ont \u00e0 faire est de suivre un itin\u00e9raire d&#039;une incroyable et <strong>beaut\u00e9 naturelle incomparable<\/strong>, comme on le voit dans la vid\u00e9o suivante.&nbsp;<\/p>\n<p>Une condition pr\u00e9alable est qu&#039;ils doivent apporter leurs v\u00e9los avec eux.<\/p>\n<p>Le point de d\u00e9part est l&#039;eau de source fra\u00eeche du village, \u00e0 c\u00f4t\u00e9 du petit <strong>taverne traditionnelle PATSOS<\/strong>, d&#039;o\u00f9 ils pourront \u00e9galement obtenir plus d&#039;informations (gratuitement).<\/p>\n<div class=\"themeblvd-video-wrapper\">\n<div class=\"video-inner\"><iframe loading=\"lazy\" title=\"Cyclisme\" width=\"940\" height=\"705\" src=\"https:\/\/www.youtube.com\/embed\/xVH7nqJrBQk?feature=oembed&#038;wmode=transparent\" frameborder=\"0\" allow=\"accelerometer; autoplay; clipboard-write; encrypted-media; gyroscope; picture-in-picture\" allowfullscreen><\/iframe><\/div>\n<\/div>\n<p>Une balade \u00e0 v\u00e9lo dans un environnement de beaut\u00e9 incomparable. Il part de l&#039;\u00e9tang central de <strong>Patsos<\/strong> \u00e0 c\u00f4t\u00e9 du traditionnel <strong>taverne \u00abPatsos\u00bb<\/strong>, traverse les villages de <strong>Pantanassa<\/strong>, <strong>Volonias<\/strong> et continue sur la route du lac de <strong>Lac \u00abPotamos\u00bb<\/strong>, revenant au m\u00eame endroit d&#039;o\u00f9 il a commenc\u00e9.<\/p>\n<h3>&nbsp;<\/h3>\n<h3><strong>Meilleures activit\u00e9s de plein air et visites en Cr\u00e8te<\/strong><\/h3>\n<ul>\n<li id=\"menu-item-2815\" class=\"menu-item menu-item-type-custom menu-item-object-custom menu-item-has-children menu-item-2815 sfHover\"><a class=\"sf-with-ul\">Itin\u00e9raires de randonn\u00e9e \/ trekking \u00e0 R\u00e9thymnon CR\u00c8TE (Patsos Gorge \/ AMARI)&nbsp; <\/a>\n<ul class=\"sub-menu\">\n<li id=\"menu-item-2793\" class=\"menu-item menu-item-type-post_type menu-item-object-page menu-item-2793\"><a href=\"https:\/\/patsosescape.com\/fr\/hiking-routes\/\">Instruction de randonn\u00e9e pour le trekking dans la r\u00e9gion de Patsos (R\u00e9thymnon Cr\u00e8te)<\/a><\/li>\n<li><a title=\"Randonn\u00e9e dans les gorges de Patsos (ROUTE N \u00b0 1)\" href=\"\/fr\/hiking-to-the-gorge-of-patsos\/\">Randonn\u00e9e dans les gorges de Patsos (ROUTE N \u00b0 1)<\/a><\/li>\n<li id=\"menu-item-2762\" class=\"menu-item menu-item-type-post_type menu-item-object-page menu-item-2762\"><a href=\"https:\/\/patsosescape.com\/fr\/hiking-soros-mountain-rethymnon-crete\/\">Randonn\u00e9e vers Soros Mountain Patsos (ROUTE N \u00b0 2)<\/a><\/li>\n<li id=\"menu-item-2761\" class=\"menu-item menu-item-type-post_type menu-item-object-page menu-item-2761\"><a href=\"https:\/\/patsosescape.com\/fr\/hiking-harakas-amari-rethymnon\/\">Randonn\u00e9e vers Harakas \u00e0 Patsos (ROUTE N \u00b0 3)<\/a><\/li>\n<\/ul>\n<\/li>\n<\/ul>\n<ul class=\"sub-menu\">\n<li id=\"menu-item-1564\" class=\"menu-item menu-item-type-post_type menu-item-object-page menu-item-1564\"><a href=\"https:\/\/patsosescape.com\/fr\/biking\/\">Randonn\u00e9es \u00e0 v\u00e9lo \/ v\u00e9lo \u00e0 R\u00e9thymnon CR\u00c8TE - R\u00e9gion de Patsos (AMARI)<\/a><\/li>\n<li id=\"menu-item-1330\" class=\"menu-item menu-item-type-post_type menu-item-object-page menu-item-1330\"><a href=\"https:\/\/patsosescape.com\/fr\/climbing-routes-patsos-gorge\/\">Escalade dans les gorges de Patsos \u00e0 Amari R\u00e9thymnon CR\u00c8TE<\/a><\/li>\n<\/ul>","protected":false},"excerpt":{"rendered":"<p>CYCLING \/ BIKING in the province of Rethymno (Patsos, area of AMARI) For those of our friends who would like cycling, all they have to do is follow a route of an incredible and incomparable natural beauty, as it is seen in the following video.&nbsp; A prerequisite is that they should bring their bikes with them. Starting point is the fresh spring water of the village, next to the small traditional tavern PATSOS, where also they will get more information (free) from. A biking ride in &nbsp;an incomparable beauty environment.&hellip; <a class=\"read-more-link\" href=\"https:\/\/patsosescape.com\/fr\/biking\/\">Lire la suite<\/a><\/p>","protected":false},"author":2,"featured_media":0,"parent":0,"menu_order":0,"comment_status":"closed","ping_status":"closed","template":"","meta":{"ngg_post_thumbnail":0,"_glsr_average":0,"_glsr_ranking":0,"_glsr_reviews":0,"footnotes":""},"class_list":["post-1561","page","type-page","status-publish","hentry"],"aioseo_notices":[],"_links":{"self":[{"href":"https:\/\/patsosescape.com\/fr\/wp-json\/wp\/v2\/pages\/1561","targetHints":{"allow":["GET"]}}],"collection":[{"href":"https:\/\/patsosescape.com\/fr\/wp-json\/wp\/v2\/pages"}],"about":[{"href":"https:\/\/patsosescape.com\/fr\/wp-json\/wp\/v2\/types\/page"}],"author":[{"embeddable":true,"href":"https:\/\/patsosescape.com\/fr\/wp-json\/wp\/v2\/users\/2"}],"replies":[{"embeddable":true,"href":"https:\/\/patsosescape.com\/fr\/wp-json\/wp\/v2\/comments?post=1561"}],"version-history":[{"count":0,"href":"https:\/\/patsosescape.com\/fr\/wp-json\/wp\/v2\/pages\/1561\/revisions"}],"wp:attachment":[{"href":"https:\/\/patsosescape.com\/fr\/wp-json\/wp\/v2\/media?parent=1561"}],"curies":[{"name":"wp","href":"https:\/\/api.w.org\/{rel}","templated":true}]}}