{"id":1721,"date":"2018-03-22T20:19:16","date_gmt":"2018-03-22T18:19:16","guid":{"rendered":"http:\/\/patsosescape.com\/?page_id=1721"},"modified":"2021-06-01T00:09:54","modified_gmt":"2021-05-31T21:09:54","slug":"hiking-routes","status":"publish","type":"page","link":"https:\/\/patsosescape.com\/fr\/hiking-routes\/","title":{"rendered":"Itin\u00e9raires de randonn\u00e9e dans la province de R\u00e9thymnon, CR\u00c8TE"},"content":{"rendered":"<h1><strong><u>RANDONN\u00c9E<\/u><\/strong> <strong><u>INSTRUCTIONS (r\u00e9gion de Patsos, Amari, R\u00e9thymnon)<br \/><\/u><\/strong><\/h1>\n<p>Nous vous souhaitons la bienvenue dans le village historique et pittoresque de <strong>Patsos<\/strong> et vous souhaite un agr\u00e9able s\u00e9jour. Nous vous promettons que vous profiterez d&#039;un cadre familial qui vous fera vous sentir comme chez vous. Pendant que vous \u00eates \u00e0 Patsos, ne manquez pas l&#039;occasion d&#039;explorer <strong>beaut\u00e9 naturelle intacte et in\u00e9gal\u00e9e<\/strong> en profitant de certains <strong>activit\u00e9s ext\u00e9rieures<\/strong>.<\/p>\n<p>Nous pr\u00e9sentons ici quelques indications et informations utiles sur <strong>trois (3) itin\u00e9raires de randonn\u00e9e<\/strong>. Pour les trois (3) itin\u00e9raires, vous pouvez voir\u00a0:<\/p>\n<p>- Une br\u00e8ve description de l&#039;itin\u00e9raire.<\/p>\n<p>- Une carte avec des informations d\u00e9taill\u00e9es sur la marche \u00e0 suivre<\/p>\n<p>- Quelques photos<\/p>\n<p>Si vous voulez faire de la randonn\u00e9e et profiter du r\u00eave pour les trois itin\u00e9raires, vous avez deux options:<\/p>\n<ul>\n<li>Vous pouvez <strong>marcher ind\u00e9pendamment<\/strong>. Dans ce cas, <strong>une copie de la carte (chemin de randonn\u00e9e) et une application<\/strong> (pour les smartphones) o\u00f9 l&#039;itin\u00e9raire est charg\u00e9, sont disponibles (gratuitement).<\/li>\n<li>Vous pouvez faire de la randonn\u00e9e guid\u00e9e par un puits <strong>guide exp\u00e9riment\u00e9<\/strong>, non seulement pour vous guider en toute s\u00e9curit\u00e9, mais aussi pour vous donner plus d&#039;informations d&#039;int\u00e9r\u00eat historique, arch\u00e9ologique et culturel.<\/li>\n<\/ul>\n<p>&nbsp;<\/p>\n<p><img loading=\"lazy\" decoding=\"async\" class=\"alignnone wp-image-2981 size-full\" src=\"https:\/\/patsosescape.com\/wp-content\/uploads\/2021\/04\/hiking-trail-soros-2-w330.jpg\" alt=\"\" width=\"330\" height=\"733\" srcset=\"https:\/\/patsosescape.com\/wp-content\/uploads\/2021\/04\/hiking-trail-soros-2-w330.jpg 330w, https:\/\/patsosescape.com\/wp-content\/uploads\/2021\/04\/hiking-trail-soros-2-w330-135x300.jpg 135w, https:\/\/patsosescape.com\/wp-content\/uploads\/2021\/04\/hiking-trail-soros-2-w330-5x12.jpg 5w, https:\/\/patsosescape.com\/wp-content\/uploads\/2021\/04\/hiking-trail-soros-2-w330-88x195.jpg 88w\" sizes=\"auto, (max-width: 330px) 100vw, 330px\" \/> &nbsp;&nbsp; <img loading=\"lazy\" decoding=\"async\" class=\"alignnone wp-image-2975 size-full\" src=\"https:\/\/patsosescape.com\/wp-content\/uploads\/2021\/04\/hiking-trail-agios-antonios-gorge-5-w330.jpg\" alt=\"\" width=\"330\" height=\"733\" srcset=\"https:\/\/patsosescape.com\/wp-content\/uploads\/2021\/04\/hiking-trail-agios-antonios-gorge-5-w330.jpg 330w, https:\/\/patsosescape.com\/wp-content\/uploads\/2021\/04\/hiking-trail-agios-antonios-gorge-5-w330-135x300.jpg 135w, https:\/\/patsosescape.com\/wp-content\/uploads\/2021\/04\/hiking-trail-agios-antonios-gorge-5-w330-5x12.jpg 5w, https:\/\/patsosescape.com\/wp-content\/uploads\/2021\/04\/hiking-trail-agios-antonios-gorge-5-w330-88x195.jpg 88w\" sizes=\"auto, (max-width: 330px) 100vw, 330px\" \/><\/p>\n<p><strong><u>En plus:<\/u><\/strong><\/p>\n<ul>\n<li>Les trois itin\u00e9raires partent du m\u00eame point. Ce sont les eaux fra\u00eeches de la fontaine du village et l&#039;ombre \u00e9paisse du platane vivace situ\u00e9 \u00e0 c\u00f4t\u00e9 de petits traditionnels <strong>taverne \u00abPATSOS\u00bb<\/strong>.<\/li>\n<li>\u00c0 la fin de chaque trajet, vous pouvez revenir en voiture tant que vous l&#039;avez organis\u00e9 \u00e0 l&#039;avance.<\/li>\n<li>Les itin\u00e9raires sont adapt\u00e9s aux randonneurs moyens. Vous aurez besoin de chaussures solides, car les chemins sont parfois caillouteux.<\/li>\n<li>Chaque saison a son charme, mais le meilleur moment pour marcher est le printemps. Les collines sont d&#039;un vert vif et couvertes de toutes les couleurs de fleurs. En p\u00e9riode estivale, vous devez partir t\u00f4t, afin de marcher avant la p\u00e9riode la plus chaude de la journ\u00e9e.<\/li>\n<li>Emportez beaucoup d&#039;eau avec vous. Portez des pantalons longs confortables et des bottes de randonn\u00e9e.<\/li>\n<\/ul>\n<p><strong><u>PS<\/u><\/strong><strong><u>:<\/u><\/strong> En dehors des trois itin\u00e9raires, il y a <strong>beaucoup plus de beaux itin\u00e9raires<\/strong> autour du village qui convient <strong>tous les niveaux de fitness et de randonn\u00e9e \/ escalade<\/strong> et peut \u00eatre organis\u00e9 sur place.<\/p>\n<p>&nbsp;<\/p>\n<figure class=\"wp-block-gallery columns-0 is-cropped wp-block-gallery-1 is-layout-flex wp-block-gallery-is-layout-flex\">\n<ul class=\"blocks-gallery-grid\"><\/ul>\n<\/figure>\n<\/p>\n<h3 class=\"wp-block-heading\"><strong><a href=\"\/fr\/outdoor-activities\/\">Meilleures activit\u00e9s de plein air et visites \u00e0 R\u00e9thymnon en Cr\u00e8te<\/a><\/strong><\/h3>\n<ul class=\"wp-block-list\">\n<li><a>Itin\u00e9raires de randonn\u00e9e \/ trekking \u00e0 R\u00e9thymnon CR\u00c8TE (Patsos Gorge \/ AMARI)&nbsp;<\/a>\n<ul>\n<li><a href=\"\/fr\/hiking-routes\/\">Instruction de randonn\u00e9e pour le trekking dans la r\u00e9gion de Patsos (R\u00e9thymnon Cr\u00e8te)<\/a><\/li>\n<li><a href=\"\/fr\/hiking-to-the-gorge-of-patsos\/\">Randonn\u00e9e dans les gorges de Patsos (ROUTE N \u00b0 1)<\/a><\/li>\n<li><a href=\"\/fr\/hiking-soros-mountain-rethymnon-crete\/\">Randonn\u00e9e vers Soros Mountain Patsos (ROUTE N \u00b0 2)<\/a><\/li>\n<li><a href=\"\/fr\/hiking-harakas-amari-rethymnon\/\">Randonn\u00e9e vers Harakas \u00e0 Patsos (ROUTE N \u00b0 3)<\/a><\/li>\n<\/ul>\n<\/li>\n<\/ul>\n<ul class=\"wp-block-list\">\n<li><a href=\"\/fr\/biking\/\">Randonn\u00e9es \u00e0 v\u00e9lo \/ v\u00e9lo \u00e0 R\u00e9thymnon CR\u00c8TE - R\u00e9gion de Patsos (AMARI)<\/a><\/li>\n<li><a href=\"\/fr\/climbing-routes-patsos-gorge\/\">Escalade dans les gorges de Patsos \u00e0 Amari R\u00e9thymnon CR\u00c8TE<\/a><\/li>\n<\/ul>","protected":false},"excerpt":{"rendered":"<p>HIKING INSTRUCTIONS (Patsos area, Amari, Rethymno) We welcome you to historic and picturesque village of Patsos and wish you a pleasant stay. We promise that you will enjoy a family setting that makes you feel like home. While you are in Patsos don&#8217;t miss the opportunity to explore the unspoiled and unparalleled natural beauty by enjoying some outdoor activities. Here we present some directions and useful information about three (3) hiking routes. For all three (3) routes you can see: &#8211; A short description of the route. &#8211; A map&hellip; <a class=\"read-more-link\" href=\"https:\/\/patsosescape.com\/fr\/hiking-routes\/\">Lire la suite<\/a><\/p>","protected":false},"author":2,"featured_media":0,"parent":0,"menu_order":0,"comment_status":"closed","ping_status":"closed","template":"","meta":{"ngg_post_thumbnail":0,"_glsr_average":0,"_glsr_ranking":0,"_glsr_reviews":0,"footnotes":""},"class_list":["post-1721","page","type-page","status-publish","hentry"],"aioseo_notices":[],"_links":{"self":[{"href":"https:\/\/patsosescape.com\/fr\/wp-json\/wp\/v2\/pages\/1721","targetHints":{"allow":["GET"]}}],"collection":[{"href":"https:\/\/patsosescape.com\/fr\/wp-json\/wp\/v2\/pages"}],"about":[{"href":"https:\/\/patsosescape.com\/fr\/wp-json\/wp\/v2\/types\/page"}],"author":[{"embeddable":true,"href":"https:\/\/patsosescape.com\/fr\/wp-json\/wp\/v2\/users\/2"}],"replies":[{"embeddable":true,"href":"https:\/\/patsosescape.com\/fr\/wp-json\/wp\/v2\/comments?post=1721"}],"version-history":[{"count":0,"href":"https:\/\/patsosescape.com\/fr\/wp-json\/wp\/v2\/pages\/1721\/revisions"}],"wp:attachment":[{"href":"https:\/\/patsosescape.com\/fr\/wp-json\/wp\/v2\/media?parent=1721"}],"curies":[{"name":"wp","href":"https:\/\/api.w.org\/{rel}","templated":true}]}}