{"id":1799,"date":"2018-03-28T22:04:58","date_gmt":"2018-03-28T19:04:58","guid":{"rendered":"http:\/\/patsosescape.com\/?page_id=1799"},"modified":"2021-04-30T17:01:56","modified_gmt":"2021-04-30T14:01:56","slug":"services","status":"publish","type":"page","link":"https:\/\/patsosescape.com\/fr\/services\/","title":{"rendered":"Prestations de service"},"content":{"rendered":"<h1><strong>Visites guid\u00e9es - PATSOS, AMARI, RETHYMNO (Cr\u00e8te)<br \/>\n<\/strong><\/h1>\n<p>Nous pouvons organiser <strong>Visites guid\u00e9es<\/strong> ou autre <strong>Activit\u00e9s guid\u00e9es<\/strong> pour les groupes ou les particuliers. Consultez nos exemples de circuits ci-dessous.<br \/>\n<strong>Visites et exp\u00e9riences sur mesure, sur mesure<\/strong> dans la magnifique r\u00e9gion de <strong>PATSOS, AMARI, RETHYMNO (Cr\u00e8te)<\/strong> peut \u00eatre organis\u00e9, il suffit de nous contacter et de nous faire part de vos pr\u00e9f\u00e9rences et nous pouvons discuter et pr\u00e9parer une activit\u00e9 sur mesure, l&#039;activit\u00e9 de plein air id\u00e9ale sur Rethymno Crete pour vous!<\/p>\n<p>&nbsp;<a href=\"https:\/\/patsosescape.com\/wp-content\/uploads\/2019\/01\/patsos-tour-01l.jpg\" rel=\"noopener\"><img loading=\"lazy\" decoding=\"async\" class=\"aligncenter size-full wp-image-1977\" src=\"https:\/\/patsosescape.com\/wp-content\/uploads\/2019\/01\/patsos-tour-01s.jpg\" alt=\"\" width=\"240\" height=\"339\" srcset=\"https:\/\/patsosescape.com\/wp-content\/uploads\/2019\/01\/patsos-tour-01s.jpg 240w, https:\/\/patsosescape.com\/wp-content\/uploads\/2019\/01\/patsos-tour-01s-212x300.jpg 212w, https:\/\/patsosescape.com\/wp-content\/uploads\/2019\/01\/patsos-tour-01s-138x195.jpg 138w\" sizes=\"auto, (max-width: 240px) 100vw, 240px\" \/><\/a><\/p>\n<p><a title=\"Excursions et activit\u00e9s de plein air pour la r\u00e9gion de Patsos, R\u00e9thymnon CR\u00c8TE\" href=\"https:\/\/patsosescape.com\/wp-content\/uploads\/2021\/04\/00-tour-guide-patsos-rethymno-crete.pdf\"><strong>CLIQUEZ ici (ou l'image ci-dessous) pour t\u00e9l\u00e9charger nos activit\u00e9s de plein air et circuits d'exp\u00e9rience pour la r\u00e9gion de Patsos, R\u00e9thymno CR\u00c8TE<\/strong><\/a><\/p>\n<p><a title=\"Excursions et activit\u00e9s de plein air pour la r\u00e9gion de Patsos, R\u00e9thymnon CR\u00c8TE\" href=\"https:\/\/patsosescape.com\/wp-content\/uploads\/2021\/04\/00-tour-guide-patsos-rethymno-crete.pdf\" target=\"_blank\" rel=\"noopener\"><img loading=\"lazy\" decoding=\"async\" class=\"wp-image-2651 size-full aligncenter\" src=\"https:\/\/patsosescape.com\/wp-content\/uploads\/2021\/04\/00-tour-guide-patsos-rethymno-crete.jpg\" alt=\"\" width=\"561\" height=\"749\" srcset=\"https:\/\/patsosescape.com\/wp-content\/uploads\/2021\/04\/00-tour-guide-patsos-rethymno-crete.jpg 561w, https:\/\/patsosescape.com\/wp-content\/uploads\/2021\/04\/00-tour-guide-patsos-rethymno-crete-225x300.jpg 225w, https:\/\/patsosescape.com\/wp-content\/uploads\/2021\/04\/00-tour-guide-patsos-rethymno-crete-9x12.jpg 9w, https:\/\/patsosescape.com\/wp-content\/uploads\/2021\/04\/00-tour-guide-patsos-rethymno-crete-146x195.jpg 146w\" sizes=\"auto, (max-width: 561px) 100vw, 561px\" \/><\/a><\/p>\n<h3><strong>Meilleures activit\u00e9s de plein air et visites \u00e0 Rethymnon en Cr\u00e8te<\/strong><\/h3>\n<ul>\n<li id=\"menu-item-2815\" class=\"menu-item menu-item-type-custom menu-item-object-custom menu-item-has-children menu-item-2815 sfHover\"><a class=\"sf-with-ul\">Itin\u00e9raires de randonn\u00e9e \/ trekking \u00e0 R\u00e9thymnon CR\u00c8TE (Patsos Gorge \/ AMARI)&nbsp; <\/a>\n<ul class=\"sub-menu\">\n<li id=\"menu-item-2793\" class=\"menu-item menu-item-type-post_type menu-item-object-page menu-item-2793\"><a href=\"https:\/\/patsosescape.com\/fr\/hiking-routes\/\">Instruction de randonn\u00e9e pour le trekking dans la r\u00e9gion de Patsos (R\u00e9thymnon Cr\u00e8te)<\/a><\/li>\n<li><a title=\"Randonn\u00e9e dans les gorges de Patsos (ROUTE N \u00b0 1)\" href=\"\/fr\/hiking-to-the-gorge-of-patsos\/\">Randonn\u00e9e dans les gorges de Patsos (ROUTE N \u00b0 1)<\/a><\/li>\n<li id=\"menu-item-2762\" class=\"menu-item menu-item-type-post_type menu-item-object-page menu-item-2762\"><a href=\"https:\/\/patsosescape.com\/fr\/hiking-soros-mountain-rethymnon-crete\/\">Randonn\u00e9e vers Soros Mountain Patsos (ROUTE N \u00b0 2)<\/a><\/li>\n<li id=\"menu-item-2761\" class=\"menu-item menu-item-type-post_type menu-item-object-page menu-item-2761\"><a href=\"https:\/\/patsosescape.com\/fr\/hiking-harakas-amari-rethymnon\/\">Randonn\u00e9e vers Harakas \u00e0 Patsos (ROUTE N \u00b0 3)<\/a><\/li>\n<\/ul>\n<\/li>\n<\/ul>\n<ul class=\"sub-menu\">\n<li id=\"menu-item-1564\" class=\"menu-item menu-item-type-post_type menu-item-object-page menu-item-1564\"><a href=\"https:\/\/patsosescape.com\/fr\/biking\/\">Randonn\u00e9es \u00e0 v\u00e9lo \/ v\u00e9lo \u00e0 R\u00e9thymnon CR\u00c8TE - R\u00e9gion de Patsos (AMARI)<\/a><\/li>\n<li id=\"menu-item-1330\" class=\"menu-item menu-item-type-post_type menu-item-object-page menu-item-1330\"><a href=\"https:\/\/patsosescape.com\/fr\/climbing-routes-patsos-gorge\/\">Escalade dans les gorges de Patsos \u00e0 Amari R\u00e9thymnon CR\u00c8TE<\/a><\/li>\n<\/ul>\n<p>&nbsp;<\/p>\n<h2>Menus de groupe pr\u00e9-arrang\u00e9s<\/h2>\n<p>Nous pouvons organiser un menu alimentaire pour les groupes avec plusieurs options pour un prix fixe. Contactez-nous pour plus de d\u00e9tails.<\/p>\n<p>Voir un <a href=\"https:\/\/patsosescape.com\/wp-content\/uploads\/2019\/01\/MENUS-01.pdf\" target=\"_blank\" rel=\"noopener\">exemple de menu ici<\/a>.<\/p>\n<p>&nbsp;<\/p>\n<p>&nbsp;<\/p>\n<h2>Services de taxi \/ van<\/h2>\n<p>Nous pouvons organiser un taxi ou une camionnette pour venir vous chercher \u00e0 l&#039;a\u00e9roport ou \u00e0 tout autre endroit et vous emmener \u00e0 Patsos Escape!<\/p>\n<p>&nbsp;<\/p>\n<p>&nbsp;<\/p>","protected":false},"excerpt":{"rendered":"<p>Guided Tours &#8211; PATSOS, AMARI, RETHYMNO (Crete) We can arrange for Guided Tours or other Guided Activities for groups or individuals. See our sample tours below. Tailor Made, custom tours and experiences in the amazing area of PATSOS, AMARI, RETHYMNO (Crete) can be organised, just contact us and let us know your preferences and we can discuss and prepare a tailor made, the ideal&nbsp; outdoor activity on Rethymno Crete for you! &nbsp; CLICK here (or the image below) to download our Outdoor Activities and Experience Tours for Patsos area, Rethymno&hellip; <a class=\"read-more-link\" href=\"https:\/\/patsosescape.com\/fr\/services\/\">Lire la suite<\/a><\/p>","protected":false},"author":2,"featured_media":0,"parent":0,"menu_order":0,"comment_status":"closed","ping_status":"closed","template":"","meta":{"ngg_post_thumbnail":0,"_glsr_average":0,"_glsr_ranking":0,"_glsr_reviews":0,"footnotes":""},"class_list":["post-1799","page","type-page","status-publish","hentry"],"aioseo_notices":[],"_links":{"self":[{"href":"https:\/\/patsosescape.com\/fr\/wp-json\/wp\/v2\/pages\/1799","targetHints":{"allow":["GET"]}}],"collection":[{"href":"https:\/\/patsosescape.com\/fr\/wp-json\/wp\/v2\/pages"}],"about":[{"href":"https:\/\/patsosescape.com\/fr\/wp-json\/wp\/v2\/types\/page"}],"author":[{"embeddable":true,"href":"https:\/\/patsosescape.com\/fr\/wp-json\/wp\/v2\/users\/2"}],"replies":[{"embeddable":true,"href":"https:\/\/patsosescape.com\/fr\/wp-json\/wp\/v2\/comments?post=1799"}],"version-history":[{"count":0,"href":"https:\/\/patsosescape.com\/fr\/wp-json\/wp\/v2\/pages\/1799\/revisions"}],"wp:attachment":[{"href":"https:\/\/patsosescape.com\/fr\/wp-json\/wp\/v2\/media?parent=1799"}],"curies":[{"name":"wp","href":"https:\/\/api.w.org\/{rel}","templated":true}]}}