{"id":2740,"date":"2021-04-27T01:57:16","date_gmt":"2021-04-26T22:57:16","guid":{"rendered":"https:\/\/patsosescape.com\/?page_id=2740"},"modified":"2021-05-05T22:40:19","modified_gmt":"2021-05-05T19:40:19","slug":"hiking-harakas-amari-rethymnon","status":"publish","type":"page","link":"https:\/\/patsosescape.com\/fr\/hiking-harakas-amari-rethymnon\/","title":{"rendered":"Randonn\u00e9e \u00e0 Harakas \u00e0 Patsos (Rethymnon Crete)"},"content":{"rendered":"<hr class=\"wp-block-separator\"\/>\n<p><strong><u>ROUTE \u00abHARAKAS\u00bb No 3<\/u><\/strong><\/p>\n<p><strong><u><br \/>UN SITE HISTORIQUE \/ SYMBOLE DE PATRIOTISME ET DE LIBERT\u00c9<\/u><\/strong><\/p>\n<p><strong><u><br \/>LONGUEUR TOTALE DE LA ROUTE 1,5km<\/p>\n<p><\/u><\/strong><\/p>\n<figure class=\"wp-block-image size-large\"><img loading=\"lazy\" decoding=\"async\" width=\"940\" height=\"501\" src=\"https:\/\/patsosescape.com\/wp-content\/uploads\/2021\/04\/hiking-cycling-climbing-Rethymno-Crete-tour-3.png\" alt=\"\" class=\"wp-image-2280\" srcset=\"https:\/\/patsosescape.com\/wp-content\/uploads\/2021\/04\/hiking-cycling-climbing-Rethymno-Crete-tour-3.png 940w, https:\/\/patsosescape.com\/wp-content\/uploads\/2021\/04\/hiking-cycling-climbing-Rethymno-Crete-tour-3-300x160.png 300w, https:\/\/patsosescape.com\/wp-content\/uploads\/2021\/04\/hiking-cycling-climbing-Rethymno-Crete-tour-3-768x409.png 768w, https:\/\/patsosescape.com\/wp-content\/uploads\/2021\/04\/hiking-cycling-climbing-Rethymno-Crete-tour-3-620x330.png 620w, https:\/\/patsosescape.com\/wp-content\/uploads\/2021\/04\/hiking-cycling-climbing-Rethymno-Crete-tour-3-195x104.png 195w\" sizes=\"auto, (max-width: 940px) 100vw, 940px\" \/><\/figure>\n<p>Un itin\u00e9raire qui m\u00e8ne \u00e0 la cachette nomm\u00e9e \u00abHARAKAS\u00bb o\u00f9 le g\u00e9n\u00e9ral Kreipe enlev\u00e9 d&#039;Allemagne a \u00e9t\u00e9 cach\u00e9 par les ravisseurs pendant 2 nuits (7 et 8 mai 1944). Outre son int\u00e9r\u00eat historique, l&#039;itin\u00e9raire couvert par une v\u00e9g\u00e9tation dense et la beaut\u00e9 sauvage des montagnes qui l&#039;entourent, est une bonne chance d&#039;\u00e9vasion pour tout le monde, en raison de sa courte distance (1 km) et de son acc\u00e8s facile.<\/p>\n<p>PS: HARAKAS signifie un rocher \u00e9norme et imposant<\/p>\n<p><strong><u>(COMMENT G<\/u><\/strong><strong><u>ET <\/u><\/strong><strong><u>L\u00c0)<\/u><\/strong><\/p>\n<p>Apr\u00e8s avoir d\u00e9gust\u00e9 le caf\u00e9 grec traditionnel avec le petit-d\u00e9jeuner rustique complet de Mme Maria, vous pourrez vous rafra\u00eechir et remplir vos flacons avec les eaux cristallines de la source d&#039;eau qui se trouve juste \u00e0 c\u00f4t\u00e9 de la taverne traditionnelle \u00abPATSOS\u00bb<\/p>\n<p>Puis nous suivons la route goudronn\u00e9e en mont\u00e9e qui touche la taverne traditionnelle PATSOS sur 50 m (2)<\/p>\n<p>L\u00e0, on tourne \u00e0 droite en suivant la route b\u00e9tonn\u00e9e sur 40 m (3),<\/p>\n<p>&nbsp;Ensuite, nous tournons \u00e0 gauche en suivant la route b\u00e9tonn\u00e9e en mont\u00e9e sur environ 200m o\u00f9 nous voyons&nbsp;<\/p>\n<p>un grand r\u00e9servoir d&#039;eau ferm\u00e9 \u00e0 droite et 50 m plus loin une bergerie \u00e0 gauche.<\/p>\n<p>En continuant le chemin de terre en mont\u00e9e pendant environ 100 (4), nous voyons un sanctuaire sur la gauche o\u00f9 deux routes se rejoignent (ici vous pouvez profiter d&#039;une magnifique vue panoramique) ...<\/p>\n<p>Nous suivons la mont\u00e9e de gauche en b\u00e9ton et chemin de terre sur 150 m (5) jusqu&#039;\u00e0 ce que nous rencontrions \u00e9galement deux routes jointes. Nous continuons vers la descente b\u00e9ton \u00e0 gauche puis le chemin de terre sur 200m (6) o\u00f9 nous voyons une cl\u00f4ture sur la droite.<\/p>\n<p>&nbsp;Apr\u00e8s l&#039;avoir ouverte (cl\u00f4ture), nous suivons le chemin de terre - chemin sur 50m jusqu&#039;\u00e0 un figuier o\u00f9 nous tournons \u00e0 gauche .\u00c0 ce stade, continuez tout droit pour atteindre les noyers juste avant l&#039;entr\u00e9e de la cachette (pas si visible en raison de la v\u00e9g\u00e9tation dense donc il faut s&#039;agenouiller pour voir l&#039;entr\u00e9e: un tronc d&#039;arbre parall\u00e8le au sol o\u00f9 il faut passer en dessous et juste en face de nous on aper\u00e7oit le rocher - HARAKAS (7)<\/p>\n<p><strong><u>REMARQUE<\/u><\/strong>: En terminant notre visite \u00e0 HARAKAS nous retournons \u00e0 la cl\u00f4ture, point (6) et suivons la descente de la route b\u00e9tonn\u00e9e sur 200m, jusqu&#039;\u00e0 ce que nous rencontrons la chapelle Saint-Konstantinos et Eleni (8). Apr\u00e8s avoir profit\u00e9 de la beaut\u00e9 naturelle sauvage et tous nos sens sont stimul\u00e9s, nous nous retrouvons chez Mme Maria pour continuer le r\u00eave de d\u00e9licieux plats traditionnels comprenant des l\u00e9gumes frais, de la viande, des \u0153ufs, de l&#039;huile d&#039;olive extra vierge, tous biologiques et tous produits localement dans les champs familiaux.<\/p>\n<\/p>\n<figure class=\"wp-block-embed is-type-video is-provider-youtube wp-block-embed-youtube wp-embed-aspect-4-3 wp-has-aspect-ratio\">\n<div class=\"wp-block-embed__wrapper\">\n<div class=\"themeblvd-video-wrapper\">\n<div class=\"video-inner\"><iframe loading=\"lazy\" title=\"ACTIVIT\u00c9S EN PLEIN AIR PATSOS (R\u00e9thymnon, Cr\u00e8te)\" width=\"940\" height=\"705\" src=\"https:\/\/www.youtube.com\/embed\/IYv1Lnnbyag?feature=oembed&#038;wmode=transparent\" frameborder=\"0\" allow=\"accelerometer; autoplay; clipboard-write; encrypted-media; gyroscope; picture-in-picture\" allowfullscreen><\/iframe><\/div>\n<\/div>\n<\/div>\n<\/figure>\n<figure class=\"wp-block-gallery columns-2 is-cropped wp-block-gallery-1 is-layout-flex wp-block-gallery-is-layout-flex\">\n<ul class=\"blocks-gallery-grid\">\n<li class=\"blocks-gallery-item\">\n<figure><img loading=\"lazy\" decoding=\"async\" width=\"604\" height=\"459\" src=\"https:\/\/patsosescape.com\/wp-content\/uploads\/2021\/04\/spring-Patsos-water-source-Rethymnon-Crete.jpg\" alt=\"\" data-id=\"2826\" data-full-url=\"https:\/\/patsosescape.com\/wp-content\/uploads\/2021\/04\/spring-Patsos-water-source-Rethymnon-Crete.jpg\" data-link=\"https:\/\/patsosescape.com\/hiking-harakas-amari-rethymnon\/spring-patsos-water-source-rethymnon-crete\/\" class=\"wp-image-2826\" srcset=\"https:\/\/patsosescape.com\/wp-content\/uploads\/2021\/04\/spring-Patsos-water-source-Rethymnon-Crete.jpg 604w, https:\/\/patsosescape.com\/wp-content\/uploads\/2021\/04\/spring-Patsos-water-source-Rethymnon-Crete-300x228.jpg 300w, https:\/\/patsosescape.com\/wp-content\/uploads\/2021\/04\/spring-Patsos-water-source-Rethymnon-Crete-16x12.jpg 16w, https:\/\/patsosescape.com\/wp-content\/uploads\/2021\/04\/spring-Patsos-water-source-Rethymnon-Crete-195x148.jpg 195w\" sizes=\"auto, (max-width: 604px) 100vw, 604px\" \/><\/figure>\n<\/li>\n<li class=\"blocks-gallery-item\">\n<figure><img loading=\"lazy\" decoding=\"async\" width=\"500\" height=\"373\" src=\"https:\/\/patsosescape.com\/wp-content\/uploads\/2021\/04\/trekking-tours-Harakas-Amari-Rethymnon-Crete-2-w500.jpg\" alt=\"\" data-id=\"2833\" data-full-url=\"https:\/\/patsosescape.com\/wp-content\/uploads\/2021\/04\/trekking-tours-Harakas-Amari-Rethymnon-Crete-2-w500.jpg\" data-link=\"https:\/\/patsosescape.com\/hiking-harakas-amari-rethymnon\/trekking-tours-harakas-amari-rethymnon-crete-2-w500\/\" class=\"wp-image-2833\" srcset=\"https:\/\/patsosescape.com\/wp-content\/uploads\/2021\/04\/trekking-tours-Harakas-Amari-Rethymnon-Crete-2-w500.jpg 500w, https:\/\/patsosescape.com\/wp-content\/uploads\/2021\/04\/trekking-tours-Harakas-Amari-Rethymnon-Crete-2-w500-300x224.jpg 300w, https:\/\/patsosescape.com\/wp-content\/uploads\/2021\/04\/trekking-tours-Harakas-Amari-Rethymnon-Crete-2-w500-16x12.jpg 16w, https:\/\/patsosescape.com\/wp-content\/uploads\/2021\/04\/trekking-tours-Harakas-Amari-Rethymnon-Crete-2-w500-195x145.jpg 195w\" sizes=\"auto, (max-width: 500px) 100vw, 500px\" \/><\/figure>\n<\/li>\n<li class=\"blocks-gallery-item\">\n<figure><img loading=\"lazy\" decoding=\"async\" width=\"500\" height=\"373\" src=\"https:\/\/patsosescape.com\/wp-content\/uploads\/2021\/04\/Patsos-Harakas-Amari-Rethymnon-Crete-2-w500.jpg\" alt=\"\" data-id=\"2831\" data-full-url=\"https:\/\/patsosescape.com\/wp-content\/uploads\/2021\/04\/Patsos-Harakas-Amari-Rethymnon-Crete-2-w500.jpg\" data-link=\"https:\/\/patsosescape.com\/hiking-harakas-amari-rethymnon\/patsos-harakas-amari-rethymnon-crete-2-w500\/\" class=\"wp-image-2831\" srcset=\"https:\/\/patsosescape.com\/wp-content\/uploads\/2021\/04\/Patsos-Harakas-Amari-Rethymnon-Crete-2-w500.jpg 500w, https:\/\/patsosescape.com\/wp-content\/uploads\/2021\/04\/Patsos-Harakas-Amari-Rethymnon-Crete-2-w500-300x224.jpg 300w, https:\/\/patsosescape.com\/wp-content\/uploads\/2021\/04\/Patsos-Harakas-Amari-Rethymnon-Crete-2-w500-16x12.jpg 16w, https:\/\/patsosescape.com\/wp-content\/uploads\/2021\/04\/Patsos-Harakas-Amari-Rethymnon-Crete-2-w500-195x145.jpg 195w\" sizes=\"auto, (max-width: 500px) 100vw, 500px\" \/><\/figure>\n<\/li>\n<li class=\"blocks-gallery-item\">\n<figure><img loading=\"lazy\" decoding=\"async\" width=\"500\" height=\"669\" src=\"https:\/\/patsosescape.com\/wp-content\/uploads\/2021\/04\/hiking-Harakas-Amari-Rethymnon-Crete-2-w500.jpg\" alt=\"\" data-id=\"2828\" data-full-url=\"https:\/\/patsosescape.com\/wp-content\/uploads\/2021\/04\/hiking-Harakas-Amari-Rethymnon-Crete-2-w500.jpg\" data-link=\"https:\/\/patsosescape.com\/hiking-harakas-amari-rethymnon\/hiking-harakas-amari-rethymnon-crete-2-w500\/\" class=\"wp-image-2828\" srcset=\"https:\/\/patsosescape.com\/wp-content\/uploads\/2021\/04\/hiking-Harakas-Amari-Rethymnon-Crete-2-w500.jpg 500w, https:\/\/patsosescape.com\/wp-content\/uploads\/2021\/04\/hiking-Harakas-Amari-Rethymnon-Crete-2-w500-224x300.jpg 224w, https:\/\/patsosescape.com\/wp-content\/uploads\/2021\/04\/hiking-Harakas-Amari-Rethymnon-Crete-2-w500-9x12.jpg 9w, https:\/\/patsosescape.com\/wp-content\/uploads\/2021\/04\/hiking-Harakas-Amari-Rethymnon-Crete-2-w500-146x195.jpg 146w\" sizes=\"auto, (max-width: 500px) 100vw, 500px\" \/><\/figure>\n<\/li>\n<li class=\"blocks-gallery-item\">\n<figure><img loading=\"lazy\" decoding=\"async\" width=\"1024\" height=\"683\" src=\"https:\/\/patsosescape.com\/wp-content\/uploads\/2021\/05\/175878530_174458261200923_207792619061391060_n-2-1024x683.jpg\" alt=\"\" data-id=\"3220\" data-full-url=\"https:\/\/patsosescape.com\/wp-content\/uploads\/2021\/05\/175878530_174458261200923_207792619061391060_n-2-scaled.jpg\" data-link=\"https:\/\/patsosescape.com\/175878530_174458261200923_207792619061391060_n-2\/\" class=\"wp-image-3220\" srcset=\"https:\/\/patsosescape.com\/wp-content\/uploads\/2021\/05\/175878530_174458261200923_207792619061391060_n-2-1024x683.jpg 1024w, https:\/\/patsosescape.com\/wp-content\/uploads\/2021\/05\/175878530_174458261200923_207792619061391060_n-2-300x200.jpg 300w, https:\/\/patsosescape.com\/wp-content\/uploads\/2021\/05\/175878530_174458261200923_207792619061391060_n-2-768x512.jpg 768w, https:\/\/patsosescape.com\/wp-content\/uploads\/2021\/05\/175878530_174458261200923_207792619061391060_n-2-16x12.jpg 16w, https:\/\/patsosescape.com\/wp-content\/uploads\/2021\/05\/175878530_174458261200923_207792619061391060_n-2-940x627.jpg 940w, https:\/\/patsosescape.com\/wp-content\/uploads\/2021\/05\/175878530_174458261200923_207792619061391060_n-2-620x413.jpg 620w, https:\/\/patsosescape.com\/wp-content\/uploads\/2021\/05\/175878530_174458261200923_207792619061391060_n-2-195x130.jpg 195w, https:\/\/patsosescape.com\/wp-content\/uploads\/2021\/05\/175878530_174458261200923_207792619061391060_n-2-scaled.jpg 1080w\" sizes=\"auto, (max-width: 1024px) 100vw, 1024px\" \/><\/figure>\n<\/li>\n<\/ul>\n<\/figure>\n<h3 class=\"wp-block-heading\"><strong>Meilleures activit\u00e9s de plein air et visites \u00e0 R\u00e9thymnon en Cr\u00e8te<\/strong><\/h3>\n<ul class=\"wp-block-list\">\n<li><a>Itin\u00e9raires de randonn\u00e9e \/ trekking \u00e0 R\u00e9thymnon CR\u00c8TE (Patsos Gorge \/ AMARI)&nbsp;<\/a>\n<ul>\n<li><a href=\"https:\/\/patsosescape.com\/fr\/hiking-routes\/\">Instruction de randonn\u00e9e pour le trekking dans la r\u00e9gion de Patsos (R\u00e9thymnon Cr\u00e8te)<\/a><\/li>\n<li><a href=\"\/fr\/hiking-to-the-gorge-of-patsos\/\">Randonn\u00e9e dans les gorges de Patsos (ROUTE N \u00b0 1)<\/a><\/li>\n<li><a href=\"https:\/\/patsosescape.com\/fr\/hiking-soros-mountain-rethymnon-crete\/\">Randonn\u00e9e vers Soros Mountain Patsos (ROUTE N \u00b0 2)<\/a><\/li>\n<li><a href=\"https:\/\/patsosescape.com\/fr\/hiking-harakas-amari-rethymnon\/\">Randonn\u00e9e vers Harakas \u00e0 Patsos (ROUTE N \u00b0 3)<\/a><\/li>\n<\/ul>\n<\/li>\n<\/ul>\n<ul class=\"wp-block-list\">\n<li><a href=\"https:\/\/patsosescape.com\/fr\/biking\/\">Randonn\u00e9es \u00e0 v\u00e9lo \/ v\u00e9lo \u00e0 R\u00e9thymnon CR\u00c8TE - R\u00e9gion de Patsos (AMARI)<\/a><\/li>\n<li><a href=\"https:\/\/patsosescape.com\/fr\/climbing-routes-patsos-gorge\/\">Escalade dans les gorges de Patsos \u00e0 Amari R\u00e9thymnon CR\u00c8TE<\/a><\/li>\n<\/ul>","protected":false},"excerpt":{"rendered":"<p>ROUTE \u00abHARAKAS\u00bb No 3 UN SITE HISTORIQUE \/ SYMBOLE DE PATRIOTISME ET DE LIBERT\u00c9 LONGUEUR TOTALE DE LA ROUTE 1,5km Un itin\u00e9raire qui m\u00e8ne \u00e0 la cachette nomm\u00e9e \u00abHARAKAS\u00bb o\u00f9 le g\u00e9n\u00e9ral Kreipe enlev\u00e9 d&#039;Allemagne a \u00e9t\u00e9 cach\u00e9 par les ravisseurs pendant 2 nuits (7e et 8 mai 1944). Outre l&#039;int\u00e9r\u00eat historique, l&#039;itin\u00e9raire couvert par une v\u00e9g\u00e9tation dense et la beaut\u00e9 sauvage des montagnes qui l&#039;entourent, est une bonne chance d&#039;\u00e9vasion pour tout le monde, en raison de la courte distance (1 km) et d&#039;un acc\u00e8s facile PS: HARAKAS signifie un immense et imposant rock (COMMENT OBTENIR\u2026 <a class=\"read-more-link\" href=\"https:\/\/patsosescape.com\/fr\/hiking-harakas-amari-rethymnon\/\">Lire la suite<\/a><\/p>","protected":false},"author":5,"featured_media":0,"parent":0,"menu_order":0,"comment_status":"closed","ping_status":"closed","template":"","meta":{"ngg_post_thumbnail":0,"_glsr_average":0,"_glsr_ranking":0,"_glsr_reviews":0,"footnotes":""},"class_list":["post-2740","page","type-page","status-publish","hentry"],"aioseo_notices":[],"_links":{"self":[{"href":"https:\/\/patsosescape.com\/fr\/wp-json\/wp\/v2\/pages\/2740","targetHints":{"allow":["GET"]}}],"collection":[{"href":"https:\/\/patsosescape.com\/fr\/wp-json\/wp\/v2\/pages"}],"about":[{"href":"https:\/\/patsosescape.com\/fr\/wp-json\/wp\/v2\/types\/page"}],"author":[{"embeddable":true,"href":"https:\/\/patsosescape.com\/fr\/wp-json\/wp\/v2\/users\/5"}],"replies":[{"embeddable":true,"href":"https:\/\/patsosescape.com\/fr\/wp-json\/wp\/v2\/comments?post=2740"}],"version-history":[{"count":0,"href":"https:\/\/patsosescape.com\/fr\/wp-json\/wp\/v2\/pages\/2740\/revisions"}],"wp:attachment":[{"href":"https:\/\/patsosescape.com\/fr\/wp-json\/wp\/v2\/media?parent=2740"}],"curies":[{"name":"wp","href":"https:\/\/api.w.org\/{rel}","templated":true}]}}