{"id":2791,"date":"2021-04-27T13:46:31","date_gmt":"2021-04-27T10:46:31","guid":{"rendered":"https:\/\/patsosescape.com\/?page_id=2791"},"modified":"2021-04-27T13:50:31","modified_gmt":"2021-04-27T10:50:31","slug":"outdoor-activities-in-patsos","status":"publish","type":"page","link":"https:\/\/patsosescape.com\/fr\/outdoor-activities-in-patsos\/","title":{"rendered":"Activit\u00e9s de plein air \u00e0 Patsos"},"content":{"rendered":"<h1>Activit\u00e9s de plein air \u00e0 Patsos - Rethymno Crete.<\/h1>\n<p>La zone autour <strong>Patsos<\/strong> est consid\u00e9r\u00e9 par beaucoup comme un <strong>paradis des randonneurs<\/strong> et pour les visiteurs amoureux de <strong>nature<\/strong> ainsi que d&#039;avoir <strong>historique&nbsp;<\/strong> et <strong>arch\u00e9ologique &nbsp;<\/strong>int\u00e9r\u00eats. Il existe de nombreuses possibilit\u00e9s pour <strong>activit\u00e9s ext\u00e9rieures<\/strong> comme la marche, la randonn\u00e9e, le v\u00e9lo et l&#039;escalade\u2026 Promenez-vous sur les magnifiques sentiers, d\u00e9couvrez la beaut\u00e9 naturelle et le riche patrimoine culturel. Une large gamme de couleurs, de sons et de parfums stimulera tous les sens.<span id=\"more-1525\"><\/span><\/p>\n<p>&nbsp;<\/p>\n<p><img loading=\"lazy\" decoding=\"async\" class=\"alignnone wp-image-2496 size-full\" src=\"https:\/\/patsosescape.com\/wp-content\/uploads\/2021\/04\/hiking-Agios-Antonios-gorge-Rethymno-Crete-2-w1080.jpg\" alt=\"\" width=\"1080\" height=\"486\" srcset=\"https:\/\/patsosescape.com\/wp-content\/uploads\/2021\/04\/hiking-Agios-Antonios-gorge-Rethymno-Crete-2-w1080.jpg 1080w, https:\/\/patsosescape.com\/wp-content\/uploads\/2021\/04\/hiking-Agios-Antonios-gorge-Rethymno-Crete-2-w1080-300x135.jpg 300w, https:\/\/patsosescape.com\/wp-content\/uploads\/2021\/04\/hiking-Agios-Antonios-gorge-Rethymno-Crete-2-w1080-1024x461.jpg 1024w, https:\/\/patsosescape.com\/wp-content\/uploads\/2021\/04\/hiking-Agios-Antonios-gorge-Rethymno-Crete-2-w1080-768x346.jpg 768w, https:\/\/patsosescape.com\/wp-content\/uploads\/2021\/04\/hiking-Agios-Antonios-gorge-Rethymno-Crete-2-w1080-16x7.jpg 16w, https:\/\/patsosescape.com\/wp-content\/uploads\/2021\/04\/hiking-Agios-Antonios-gorge-Rethymno-Crete-2-w1080-940x423.jpg 940w, https:\/\/patsosescape.com\/wp-content\/uploads\/2021\/04\/hiking-Agios-Antonios-gorge-Rethymno-Crete-2-w1080-620x279.jpg 620w, https:\/\/patsosescape.com\/wp-content\/uploads\/2021\/04\/hiking-Agios-Antonios-gorge-Rethymno-Crete-2-w1080-195x88.jpg 195w\" sizes=\"auto, (max-width: 1080px) 100vw, 1080px\" \/><\/p>\n<p>De puissants contrastes de vert, de jaune et de rouge composent un tapis magique de couleurs devant vos yeux lors de vos promenades. <strong>VASSILIS<\/strong> un ancien colonel bien exp\u00e9riment\u00e9 \u00e0 <strong>Forces sp\u00e9ciales hell\u00e9niques<\/strong> avec un vif int\u00e9r\u00eat pour la randonn\u00e9e et la connaissance de la riche histoire locale est disponible pour vous aider \u00e0 profiter de votre temps \u00e0 Patsos (pistes cyclables, escalade, promenades le long des sentiers historiques, gorge, grottes, sites arch\u00e9ologiques, les eaux du lac de Potamoi, etc.)<\/p>\n<p>&nbsp;<\/p>\n<p>&nbsp;<\/p>\n<p><img loading=\"lazy\" decoding=\"async\" class=\"alignnone wp-image-2493 size-full\" src=\"https:\/\/patsosescape.com\/wp-content\/uploads\/2021\/04\/Amari-Rethymon-landscape-Crete-ecotourism-w1080.jpg\" alt=\"\" width=\"1080\" height=\"473\" srcset=\"https:\/\/patsosescape.com\/wp-content\/uploads\/2021\/04\/Amari-Rethymon-landscape-Crete-ecotourism-w1080.jpg 1080w, https:\/\/patsosescape.com\/wp-content\/uploads\/2021\/04\/Amari-Rethymon-landscape-Crete-ecotourism-w1080-300x131.jpg 300w, https:\/\/patsosescape.com\/wp-content\/uploads\/2021\/04\/Amari-Rethymon-landscape-Crete-ecotourism-w1080-1024x448.jpg 1024w, https:\/\/patsosescape.com\/wp-content\/uploads\/2021\/04\/Amari-Rethymon-landscape-Crete-ecotourism-w1080-768x336.jpg 768w, https:\/\/patsosescape.com\/wp-content\/uploads\/2021\/04\/Amari-Rethymon-landscape-Crete-ecotourism-w1080-16x7.jpg 16w, https:\/\/patsosescape.com\/wp-content\/uploads\/2021\/04\/Amari-Rethymon-landscape-Crete-ecotourism-w1080-940x412.jpg 940w, https:\/\/patsosescape.com\/wp-content\/uploads\/2021\/04\/Amari-Rethymon-landscape-Crete-ecotourism-w1080-620x272.jpg 620w, https:\/\/patsosescape.com\/wp-content\/uploads\/2021\/04\/Amari-Rethymon-landscape-Crete-ecotourism-w1080-195x85.jpg 195w\" sizes=\"auto, (max-width: 1080px) 100vw, 1080px\" \/><\/p>\n<p>&nbsp;<\/p>\n<p><img loading=\"lazy\" decoding=\"async\" class=\"alignnone wp-image-2499 size-full\" src=\"https:\/\/patsosescape.com\/wp-content\/uploads\/2021\/04\/Potamos-dam-lake-Rethymnon-Crete-w1080.jpg\" alt=\"\" width=\"1080\" height=\"486\" srcset=\"https:\/\/patsosescape.com\/wp-content\/uploads\/2021\/04\/Potamos-dam-lake-Rethymnon-Crete-w1080.jpg 1080w, https:\/\/patsosescape.com\/wp-content\/uploads\/2021\/04\/Potamos-dam-lake-Rethymnon-Crete-w1080-300x135.jpg 300w, https:\/\/patsosescape.com\/wp-content\/uploads\/2021\/04\/Potamos-dam-lake-Rethymnon-Crete-w1080-1024x461.jpg 1024w, https:\/\/patsosescape.com\/wp-content\/uploads\/2021\/04\/Potamos-dam-lake-Rethymnon-Crete-w1080-768x346.jpg 768w, https:\/\/patsosescape.com\/wp-content\/uploads\/2021\/04\/Potamos-dam-lake-Rethymnon-Crete-w1080-16x7.jpg 16w, https:\/\/patsosescape.com\/wp-content\/uploads\/2021\/04\/Potamos-dam-lake-Rethymnon-Crete-w1080-940x423.jpg 940w, https:\/\/patsosescape.com\/wp-content\/uploads\/2021\/04\/Potamos-dam-lake-Rethymnon-Crete-w1080-620x279.jpg 620w, https:\/\/patsosescape.com\/wp-content\/uploads\/2021\/04\/Potamos-dam-lake-Rethymnon-Crete-w1080-195x88.jpg 195w\" sizes=\"auto, (max-width: 1080px) 100vw, 1080px\" \/><\/p>\n<p>&nbsp;<\/p>\n<p><img loading=\"lazy\" decoding=\"async\" class=\"alignnone wp-image-2501 size-full\" src=\"https:\/\/patsosescape.com\/wp-content\/uploads\/2021\/04\/Agios-Antonios-gorge-Rethymno-Crete-2-w1080.jpg\" alt=\"\" width=\"1080\" height=\"486\" srcset=\"https:\/\/patsosescape.com\/wp-content\/uploads\/2021\/04\/Agios-Antonios-gorge-Rethymno-Crete-2-w1080.jpg 1080w, https:\/\/patsosescape.com\/wp-content\/uploads\/2021\/04\/Agios-Antonios-gorge-Rethymno-Crete-2-w1080-300x135.jpg 300w, https:\/\/patsosescape.com\/wp-content\/uploads\/2021\/04\/Agios-Antonios-gorge-Rethymno-Crete-2-w1080-1024x461.jpg 1024w, https:\/\/patsosescape.com\/wp-content\/uploads\/2021\/04\/Agios-Antonios-gorge-Rethymno-Crete-2-w1080-768x346.jpg 768w, https:\/\/patsosescape.com\/wp-content\/uploads\/2021\/04\/Agios-Antonios-gorge-Rethymno-Crete-2-w1080-16x7.jpg 16w, https:\/\/patsosescape.com\/wp-content\/uploads\/2021\/04\/Agios-Antonios-gorge-Rethymno-Crete-2-w1080-940x423.jpg 940w, https:\/\/patsosescape.com\/wp-content\/uploads\/2021\/04\/Agios-Antonios-gorge-Rethymno-Crete-2-w1080-620x279.jpg 620w, https:\/\/patsosescape.com\/wp-content\/uploads\/2021\/04\/Agios-Antonios-gorge-Rethymno-Crete-2-w1080-195x88.jpg 195w\" sizes=\"auto, (max-width: 1080px) 100vw, 1080px\" \/><\/p>\n<p>&nbsp;<\/p>\n<p><a title=\"Excursions et activit\u00e9s de plein air pour la r\u00e9gion de Patsos, R\u00e9thymnon CR\u00c8TE\" href=\"https:\/\/patsosescape.com\/wp-content\/uploads\/2021\/04\/00-tour-guide-patsos-rethymno-crete.pdf\"><strong>CLIQUEZ ici (ou l'image ci-dessous) pour t\u00e9l\u00e9charger nos activit\u00e9s de plein air et circuits d'exp\u00e9rience pour la r\u00e9gion de Patsos, R\u00e9thymno CR\u00c8TE<\/strong><\/a><\/p>\n<p><a title=\"Excursions et activit\u00e9s de plein air pour la r\u00e9gion de Patsos, R\u00e9thymnon CR\u00c8TE\" href=\"https:\/\/patsosescape.com\/wp-content\/uploads\/2021\/04\/00-tour-guide-patsos-rethymno-crete.pdf\" target=\"_blank\" rel=\"noopener\"><img loading=\"lazy\" decoding=\"async\" class=\"wp-image-2651 size-full aligncenter\" src=\"https:\/\/patsosescape.com\/wp-content\/uploads\/2021\/04\/00-tour-guide-patsos-rethymno-crete.jpg\" alt=\"\" width=\"561\" height=\"749\" srcset=\"https:\/\/patsosescape.com\/wp-content\/uploads\/2021\/04\/00-tour-guide-patsos-rethymno-crete.jpg 561w, https:\/\/patsosescape.com\/wp-content\/uploads\/2021\/04\/00-tour-guide-patsos-rethymno-crete-225x300.jpg 225w, https:\/\/patsosescape.com\/wp-content\/uploads\/2021\/04\/00-tour-guide-patsos-rethymno-crete-9x12.jpg 9w, https:\/\/patsosescape.com\/wp-content\/uploads\/2021\/04\/00-tour-guide-patsos-rethymno-crete-146x195.jpg 146w\" sizes=\"auto, (max-width: 561px) 100vw, 561px\" \/><\/a><\/p>","protected":false},"excerpt":{"rendered":"<p>Activit\u00e9s de plein air \u00e0 Patsos - Rethymno Crete. La zone autour de Patsos est consid\u00e9r\u00e9e par beaucoup comme un paradis pour les randonneurs et pour les visiteurs amoureux de la nature et ayant des int\u00e9r\u00eats historiques et arch\u00e9ologiques. Il existe de nombreuses possibilit\u00e9s d&#039;activit\u00e9s de plein air telles que la marche, la randonn\u00e9e, le v\u00e9lo et l&#039;escalade\u2026 Promenez-vous sur les magnifiques sentiers, d\u00e9couvrez la beaut\u00e9 naturelle et le riche patrimoine culturel. Une large gamme de couleurs, de sons et de parfums stimulera tous les sens. De puissants contrastes de vert, de jaune et de rouge composent un tapis magique de couleurs en\u2026 <a class=\"read-more-link\" href=\"https:\/\/patsosescape.com\/fr\/outdoor-activities-in-patsos\/\">Lire la suite<\/a><\/p>","protected":false},"author":2,"featured_media":0,"parent":0,"menu_order":0,"comment_status":"closed","ping_status":"closed","template":"","meta":{"ngg_post_thumbnail":0,"_glsr_average":0,"_glsr_ranking":0,"_glsr_reviews":0,"footnotes":""},"class_list":["post-2791","page","type-page","status-publish","hentry"],"aioseo_notices":[],"_links":{"self":[{"href":"https:\/\/patsosescape.com\/fr\/wp-json\/wp\/v2\/pages\/2791","targetHints":{"allow":["GET"]}}],"collection":[{"href":"https:\/\/patsosescape.com\/fr\/wp-json\/wp\/v2\/pages"}],"about":[{"href":"https:\/\/patsosescape.com\/fr\/wp-json\/wp\/v2\/types\/page"}],"author":[{"embeddable":true,"href":"https:\/\/patsosescape.com\/fr\/wp-json\/wp\/v2\/users\/2"}],"replies":[{"embeddable":true,"href":"https:\/\/patsosescape.com\/fr\/wp-json\/wp\/v2\/comments?post=2791"}],"version-history":[{"count":0,"href":"https:\/\/patsosescape.com\/fr\/wp-json\/wp\/v2\/pages\/2791\/revisions"}],"wp:attachment":[{"href":"https:\/\/patsosescape.com\/fr\/wp-json\/wp\/v2\/media?parent=2791"}],"curies":[{"name":"wp","href":"https:\/\/api.w.org\/{rel}","templated":true}]}}