{"id":744,"date":"2015-02-26T00:55:19","date_gmt":"2015-02-12T22:12:29","guid":{"rendered":"http:\/\/patsosescape.com\/newsite\/?page_id=744"},"modified":"2021-04-27T23:39:52","modified_gmt":"2021-04-27T20:39:52","slug":"about-the-area","status":"publish","type":"page","link":"https:\/\/patsosescape.com\/fr\/about-the-area\/","title":{"rendered":"L&#039;histoire de Patsos"},"content":{"rendered":"<div class=\"themeblvd-video-wrapper\">\n<div class=\"video-inner\"><iframe loading=\"lazy\" title=\"L&#039;histoire de Patsos\" width=\"940\" height=\"705\" src=\"https:\/\/www.youtube.com\/embed\/1_-Xfw4dSaE?feature=oembed&#038;wmode=transparent\" frameborder=\"0\" allow=\"accelerometer; autoplay; clipboard-write; encrypted-media; gyroscope; picture-in-picture\" allowfullscreen><\/iframe><\/div>\n<\/div>\n<h1>&nbsp;<\/h1>\n<h1>A propos de la zone de Patsos - HISTOIRE DE PATSOS (AMARI) RETHYMNON<\/h1>\n<p>&nbsp;<\/p>\n<p>Le c\u00f4t\u00e9 authentique de la Cr\u00e8te continue de prosp\u00e9rer au sommet des montagnes et de leur belle nature sauvage. Dans ces endroits o\u00f9 seuls la simplicit\u00e9 et le luxe de la nature pr\u00e9valent, on peut trouver la Cr\u00e8te authentique et traditionnelle.<\/p>\n<p><strong>Patsos<\/strong> est l&#039;un des endroits o\u00f9 vous pourrez profiter de ce paysage. Patsos offre \u00e0 ses clients des paysages d&#039;une riche beaut\u00e9 naturelle, des attractions historiques et culturelles uniques, un excellent local <strong><a title=\"Taverne\" href=\"https:\/\/patsosescape.com\/fr\/taverna\/\">cuisine cr\u00e9toise traditionnelle<\/a><\/strong> et surtout, la c\u00e9l\u00e8bre hospitalit\u00e9 de ses habitants. Il est situ\u00e9 \u00e0 20 km au sud de <a title=\"R\u00e9thymnon\" href=\"https:\/\/www.rethymno.gr\/\" target=\"_blank\" rel=\"noopener\"><strong>R\u00e9thymnon<\/strong> <\/a>\u00e0 490m d&#039;altitude, au pied de la montagne <strong>Soros<\/strong>.<\/p>\n<p>Patsos est un petit village verdoyant de l&#039;ancienne province de <strong>Amari<\/strong>. C&#039;est maintenant un quartier de la municipalit\u00e9 d&#039;Amari. Autour d&#039;elle sont les villages <strong>Karines<\/strong>, <strong>Pantanassa<\/strong> et <strong>Gerakari<\/strong>. En venant \u00e0 Patsos, l&#039;impression que vous obtenez est que vous entrez dans un monde paisible et diff\u00e9rent. Ici dominent les odeurs de la nature et des fleurs et les sons du chant des oiseaux et des eaux courantes. Le village a une v\u00e9g\u00e9tation riche. Il produit toutes sortes d&#039;aliments de bonne qualit\u00e9 comme l&#039;huile d&#039;olive, les noix, les cerises et de nombreux fruits diff\u00e9rents. Cette v\u00e9g\u00e9tation et ces cultures sont arros\u00e9es par les nombreuses sources qui traversent le village toute l&#039;ann\u00e9e.<\/p>\n<p>Nous ne savons pas quand le village a \u00e9t\u00e9 fond\u00e9. Mais on sait qu&#039;il y avait des colonies dans la r\u00e9gion du d\u00e9but de la p\u00e9riode minoenne ou plus t\u00f4t, comme en t\u00e9moignent les d\u00e9couvertes dans la grotte voisine dans le <strong>Gorges d&#039;Agios Antonios<\/strong>, connu comme le <strong>Grotte de Kranaios<\/strong>.<\/p>\n<p>Le village est mentionn\u00e9 \u00e0 Barozzi pour avoir 110 habitants en 1577. Lors du recensement de 1881, il appartiendrait \u00e0 la municipalit\u00e9 de Merona et comptait 301 habitants (14 Grecs et 287 Turcs). En 1920, Patsos a \u00e9t\u00e9 d\u00e9clar\u00e9 appartenir administrativement \u00e0 la communaut\u00e9 de Pantanassa, et en 1940, il est devenu officiellement sa propre communaut\u00e9 administrative.<\/p>\n<p>Dans la p\u00e9riph\u00e9rie du village se trouve l&#039;\u00e9glise en ruine de la Vierge Marie, qui \u00e9tait autrefois une cath\u00e9drale.<\/p>\n<p>Au nord du village se trouve le <strong>Grotte de Kranaios Ermis<\/strong>, dans le <a title=\"Randonn\u00e9e dans les gorges de Patsos - R\u00e9thymnon Cr\u00e8te\" href=\"https:\/\/patsosescape.com\/fr\/hiking-to-the-gorge-of-patsos\/\"><strong>gorge d&#039;Agios Antonios<\/strong><\/a>. Cette grotte \u00e9tait d\u00e9di\u00e9e au culte de <strong>Herm\u00e8s<\/strong>, comme en t\u00e9moigne l&#039;inscription d\u00e9dicatoire \u00ab\u0395\u03c1\u03bc\u03ae \u039a\u03c1\u03b1\u03bd\u03b1\u03af\u03c9, \u0394\u03ce\u03c1\u03bf\u03c2 \u03a3\u03c4\u03b5\u03c6\u03ac\u03bd\u03c9 \u03b5\u03c5\u03c7\u03ae\u03bd\u00bb (au dieu Herm\u00e8s des sources, je prie en pla\u00e7ant cette couronne en cadeau).<\/p>\n<p>Les premi\u00e8res fouilles dans la grotte ont commenc\u00e9 en <strong>1885-6 par F. Halbherr<\/strong>, \u00e0 l&#039;endroit o\u00f9 se trouve maintenant le<strong> \u00e9glise d&#039;Agios Antonios<\/strong>. La plupart des d\u00e9couvertes \u00e9taient des figurines anthropomorphes et zoomorphes, maintenant situ\u00e9es au <strong>Mus\u00e9e d&#039;H\u00e9raklion<\/strong>. Les fouilles ont montr\u00e9 que le <strong>Minoens<\/strong> a organis\u00e9 des rituels principalement dans des abris sous roche, et a trouv\u00e9 des os d&#039;animaux qui ont \u00e9t\u00e9 mis sur le b\u00fbcher, ainsi que des vases et des figurines.<\/p>\n<p>Dans les m\u00eames fouilles, une statue du dieu mythique Pan a \u00e9galement \u00e9t\u00e9 trouv\u00e9e. Aujourd&#039;hui, la Direction de la protection des for\u00eats a configur\u00e9 cet espace pour qu&#039;il soit plus accessible et plus agr\u00e9able pour les visiteurs et facilite le culte pour les <strong>chapelle d&#039;Agios Antonios<\/strong>, qui est taill\u00e9 dans les rochers de la gorge. Les visiteurs peuvent profiter de l&#039;ombre des vieux platanes et des abris sous roche, ainsi que des eaux calmes de la rivi\u00e8re traversant la gorge pour se retrouver au <strong>Barrage de Potamoi<\/strong>. Ils peuvent \u00e9galement suivre le chemin am\u00e9nag\u00e9 menant de la grotte au barrage.<\/p>\n<p>le <a title=\"Randonn\u00e9e dans les gorges de Patsos - R\u00e9thymnon Cr\u00e8te\" href=\"https:\/\/patsosescape.com\/fr\/hiking-to-the-gorge-of-patsos\/\"><strong>Gorge de Patsos<\/strong><\/a> est situ\u00e9 \u00e0 environ 2 km au sud du village de Patsos. C&#039;est un bon choix pour les amoureux de la nature et au-del\u00e0. C&#039;est comme un petit jardin botanique. La travers\u00e9e de la gorge prend environ deux heures, elle est relativement facile et peut \u00eatre pratiqu\u00e9e presque toute l&#039;ann\u00e9e. Les visiteurs seront impressionn\u00e9s par les nombreuses sources qui aident la riche v\u00e9g\u00e9tation \u00e0 s&#039;\u00e9panouir tout au long de l&#039;ann\u00e9e.<\/p>\n<div id=\"attachment_479\" style=\"width: 1570px\" class=\"wp-caption aligncenter\"><a href=\"https:\/\/patsosescape.com\/newsite\/wp-content\/uploads\/2015\/02\/Patsos2.jpg\"><img loading=\"lazy\" decoding=\"async\" aria-describedby=\"caption-attachment-479\" class=\"wp-image-479 size-full\" src=\"https:\/\/patsosescape.com\/newsite\/wp-content\/uploads\/2015\/02\/Patsos2.jpg\" alt=\"Patsos est un petit village verdoyant de l&#039;ancienne province d&#039;Amari. Maintenant, c&#039;est un district municipal de la municipalit\u00e9 d&#039;Amari. Les villages karines Pandanassa et Gerakari situ\u00e9s autour de lui.\" width=\"1560\" height=\"600\" srcset=\"https:\/\/patsosescape.com\/wp-content\/uploads\/2015\/02\/Patsos2.jpg 1560w, https:\/\/patsosescape.com\/wp-content\/uploads\/2015\/02\/Patsos2-300x115.jpg 300w, https:\/\/patsosescape.com\/wp-content\/uploads\/2015\/02\/Patsos2-1024x394.jpg 1024w, https:\/\/patsosescape.com\/wp-content\/uploads\/2015\/02\/Patsos2-940x362.jpg 940w, https:\/\/patsosescape.com\/wp-content\/uploads\/2015\/02\/Patsos2-620x238.jpg 620w, https:\/\/patsosescape.com\/wp-content\/uploads\/2015\/02\/Patsos2-195x75.jpg 195w\" sizes=\"auto, (max-width: 1560px) 100vw, 1560px\" \/><\/a><p id=\"caption-attachment-479\" class=\"wp-caption-text\">Patsos est un petit village verdoyant de l&#039;ancienne province d&#039;Amari. Maintenant, c&#039;est un district municipal de la municipalit\u00e9 d&#039;Amari. Les villages Karines Pandanassa et Gerakari situ\u00e9s autour.<\/p><\/div>","protected":false},"excerpt":{"rendered":"<p>&nbsp; About the area of Patsos &#8211; HISTORY OF PATSOS (AMARI) RETHYMNON &nbsp; The genuine side of Crete continues to thrive at the tops of mountains and their beautiful wild nature. In those places where only the simplicity and luxury of nature prevails, one can find the authentic and traditional Crete. Patsos is one of the places where you can enjoy this scenery. Patsos offers its guests landscapes of rich natural beauty, unique historical and cultural attractions, an excellent local traditional Cretan cuisine and above all, the famous hospitality of&hellip; <a class=\"read-more-link\" href=\"https:\/\/patsosescape.com\/fr\/about-the-area\/\">Lire la suite<\/a><\/p>","protected":false},"author":3,"featured_media":0,"parent":0,"menu_order":2,"comment_status":"closed","ping_status":"closed","template":"","meta":{"ngg_post_thumbnail":0,"_glsr_average":0,"_glsr_ranking":0,"_glsr_reviews":0,"footnotes":""},"class_list":["post-744","page","type-page","status-publish","hentry"],"aioseo_notices":[],"_links":{"self":[{"href":"https:\/\/patsosescape.com\/fr\/wp-json\/wp\/v2\/pages\/744","targetHints":{"allow":["GET"]}}],"collection":[{"href":"https:\/\/patsosescape.com\/fr\/wp-json\/wp\/v2\/pages"}],"about":[{"href":"https:\/\/patsosescape.com\/fr\/wp-json\/wp\/v2\/types\/page"}],"author":[{"embeddable":true,"href":"https:\/\/patsosescape.com\/fr\/wp-json\/wp\/v2\/users\/3"}],"replies":[{"embeddable":true,"href":"https:\/\/patsosescape.com\/fr\/wp-json\/wp\/v2\/comments?post=744"}],"version-history":[{"count":0,"href":"https:\/\/patsosescape.com\/fr\/wp-json\/wp\/v2\/pages\/744\/revisions"}],"wp:attachment":[{"href":"https:\/\/patsosescape.com\/fr\/wp-json\/wp\/v2\/media?parent=744"}],"curies":[{"name":"wp","href":"https:\/\/api.w.org\/{rel}","templated":true}]}}