{"id":751,"date":"2015-02-26T01:05:28","date_gmt":"2015-02-12T22:14:49","guid":{"rendered":"http:\/\/patsosescape.com\/newsite\/?page_id=751"},"modified":"2018-03-16T15:45:20","modified_gmt":"2018-03-16T13:45:20","slug":"so-many-things-in-a-place","status":"publish","type":"page","link":"https:\/\/patsosescape.com\/fr\/so-many-things-in-a-place\/","title":{"rendered":"Tout ce que vous aimeriez profiter"},"content":{"rendered":"<p>&nbsp;<\/p>\n<p>&nbsp;<\/p>\n<p style=\"text-align: center;\"><img loading=\"lazy\" decoding=\"async\" class=\"aligncenter size-medium wp-image-1627\" src=\"http:\/\/patsosescape.com\/wp-content\/uploads\/2018\/03\/patsosescape-collage_200-300x200.jpg\" alt=\"\" width=\"300\" height=\"200\"><\/p>\n<p><span lang=\"EN\">Un <\/span><span lang=\"EN\">destination id\u00e9ale<\/span><span lang=\"EN\"><span class=\"Apple-converted-space\">&nbsp;<\/span>et<span class=\"Apple-converted-space\">&nbsp;<\/span>combinaison parfaite<span class=\"Apple-converted-space\">&nbsp;<\/span>pour ceux qui<span class=\"Apple-converted-space\">&nbsp;<\/span>veux profiter<span class=\"Apple-converted-space\">&nbsp;<\/span>le pr\u00e9serv\u00e9<span class=\"Apple-converted-space\">&nbsp;<\/span>nature,<span class=\"Apple-converted-space\">&nbsp;<\/span>randonn\u00e9e, suivi<span class=\"Apple-converted-space\">&nbsp;<\/span>l&#039;infini<span class=\"Apple-converted-space\">&nbsp;<\/span>les sentiers<span class=\"Apple-converted-space\">&nbsp;<\/span>sont not\u00e9s<span class=\"Apple-converted-space\">&nbsp;<\/span>dans<span class=\"Apple-converted-space\">&nbsp;<\/span>difficult\u00e9, mais autre<span class=\"Apple-converted-space\">&nbsp;<\/span>chemins<span class=\"Apple-converted-space\">&nbsp;<\/span>qui m\u00e8ne<span class=\"Apple-converted-space\">&nbsp;<\/span>\u00e0 travers<span class=\"Apple-converted-space\">&nbsp;<\/span>le dense<span class=\"Apple-converted-space\">&nbsp;<\/span>v\u00e9g\u00e9tation<span class=\"Apple-converted-space\">&nbsp;<\/span>dans<span class=\"Apple-converted-space\">&nbsp;<\/span>paysages majestueux, tels que la nature<span class=\"Apple-converted-space\">&nbsp;<\/span>sources d&#039;eau,<span class=\"Apple-converted-space\">&nbsp;<\/span>\u00e9glises, grottes, ruisseaux\u2026 aussi<span class=\"Apple-converted-space\">&nbsp;<\/span>id\u00e9al pour ceux qui veulent<span class=\"Apple-converted-space\">&nbsp;<\/span>se familiariser avec<span class=\"Apple-converted-space\">&nbsp;<\/span>les<span class=\"Apple-converted-space\">&nbsp;<\/span>culturel<span class=\"Apple-converted-space\">&nbsp;<\/span>patrimoine<span class=\"Apple-converted-space\">&nbsp;<\/span>et tradition, authentique<span class=\"Apple-converted-space\">&nbsp;<\/span>et<span class=\"Apple-converted-space\">&nbsp;<\/span>authentique<span class=\"Apple-converted-space\">&nbsp;<\/span>dans<span class=\"Apple-converted-space\">&nbsp;<\/span>toutes les activit\u00e9s et<span class=\"Apple-converted-space\">&nbsp;<\/span>pas \u00e0 travers<span class=\"Apple-converted-space\">&nbsp;<\/span>\u00e9v\u00e9nements artificiels<span class=\"Apple-converted-space\">&nbsp;<\/span>et industrialis\u00e9<span class=\"Apple-converted-space\">&nbsp;<\/span>&quot;r\u00e9gime \u00e9quilibr\u00e9&quot;. Enfin, quoi<span class=\"Apple-converted-space\">&nbsp;<\/span>volont\u00e9<span class=\"Apple-converted-space\">&nbsp;<\/span>&nbsp;r\u00e9compense<span class=\"Apple-converted-space\">&nbsp;<\/span>m\u00eame<span class=\"Apple-converted-space\">&nbsp;<\/span>le plus exigeant<span class=\"Apple-converted-space\">&nbsp;<\/span>dans le meilleur<span class=\"Apple-converted-space\">&nbsp;<\/span>chemin,<span class=\"Apple-converted-space\">&nbsp;<\/span>est<span class=\"Apple-converted-space\">&nbsp;<\/span>le c\u00e9l\u00e8bre<span class=\"Apple-converted-space\">&nbsp;<\/span>et unique<span class=\"Apple-converted-space\">&nbsp;<\/span>dans le go\u00fbt<span class=\"Apple-converted-space\">&nbsp;<\/span>plats traditionnels de<span class=\"Apple-converted-space\">&nbsp;<\/span>Mme Maria,<span class=\"Apple-converted-space\">&nbsp;<\/span>par<span class=\"Apple-converted-space\">&nbsp;<\/span>produisant<span class=\"Apple-converted-space\">&nbsp;<\/span>des produits<span class=\"Apple-converted-space\">&nbsp;<\/span>de sa ferme.<\/span><\/p>\n<p><span lang=\"EN\"><span class=\"Apple-converted-space\">Madame.&nbsp;<\/span>Marie<span class=\"Apple-converted-space\">&nbsp;<\/span>est ton<span class=\"Apple-converted-space\">&nbsp;<\/span>personne<span class=\"Apple-converted-space\">&nbsp;<\/span>&nbsp;pour<span class=\"Apple-converted-space\">&nbsp;<\/span>tout.<span class=\"Apple-converted-space\">&nbsp;<\/span>\u00c0 c\u00f4t\u00e9 d&#039;elle<span class=\"Apple-converted-space\">&nbsp;<\/span>fils,<span class=\"Apple-converted-space\">&nbsp;<\/span>Vassilis.<span class=\"Apple-converted-space\">&nbsp;<\/span>Son personnel<span class=\"Apple-converted-space\">&nbsp;<\/span>d&#039;un vif int\u00e9r\u00eat<span class=\"Apple-converted-space\">&nbsp;<\/span>et<span class=\"Apple-converted-space\">&nbsp;<\/span>la connaissance de<span class=\"Apple-converted-space\">&nbsp;<\/span>l&#039;historique et<span class=\"Apple-converted-space\">&nbsp;<\/span>\u00e9v\u00e9nements culturels,<span class=\"Apple-converted-space\">&nbsp;<\/span>son grand amour et son exp\u00e9rience<span class=\"Apple-converted-space\">&nbsp;<\/span>en randonn\u00e9e<span class=\"Apple-converted-space\">&nbsp;<\/span>et la nature<span class=\"Apple-converted-space\">&nbsp;<\/span>en g\u00e9n\u00e9ral,<span class=\"Apple-converted-space\">&nbsp;<\/span>pourrait fournir<span class=\"Apple-converted-space\">&nbsp;<\/span>services pr\u00e9cieux (<\/span><span lang=\"EN-US\">il parle anglais<\/span><span lang=\"EN\">) en ce qui concerne<span class=\"Apple-converted-space\">&nbsp;<\/span>\u00e0 un<span class=\"Apple-converted-space\">&nbsp;<\/span>complet<span class=\"Apple-converted-space\">&nbsp;<\/span>Compte rendu<span class=\"Apple-converted-space\">&nbsp;<\/span>sur la culture,<span class=\"Apple-converted-space\">&nbsp;<\/span>tradition et<span class=\"Apple-converted-space\">&nbsp;<\/span>histoire de la<span class=\"Apple-converted-space\">&nbsp;<\/span>&nbsp;village,<span class=\"Apple-converted-space\">&nbsp;<\/span>aussi bien dans<span class=\"Apple-converted-space\">&nbsp;<\/span>guide s\u00fbr<\/span><\/p>\n<p style=\"text-align: center;\">&nbsp;<\/p>\n<p>&nbsp;<\/p>\n\r\n<div class=\"column grid_6\"><\/div>\r\n<div class=\"column grid_6 last\"><\/div><div class=\"clear\"><\/div>","protected":false},"excerpt":{"rendered":"<p>&nbsp; &nbsp; An ideal destination&nbsp;and&nbsp;perfect combination&nbsp;for those who&nbsp;want to enjoy&nbsp;the unspoilt&nbsp;nature,&nbsp;hiking, following&nbsp;the endless&nbsp;trails&nbsp;are rated&nbsp;in&nbsp;difficulty, but other&nbsp;paths&nbsp;that lead&nbsp;through&nbsp;the dense&nbsp;vegetation&nbsp;in&nbsp;majestic landscapes, such as natural&nbsp;water sources,&nbsp;churches, caves, streams&#8230; also&nbsp;ideal for those who want&nbsp;to become acquainted with&nbsp;the&nbsp;cultural&nbsp;heritage&nbsp;and tradition, genuine&nbsp;and&nbsp;authentic&nbsp;in&nbsp;all activities and&nbsp;not through&nbsp;artificial events&nbsp;andindustrialized&nbsp;&#8220;healthy diet&#8221;. Finally, what&nbsp;will&nbsp;&nbsp;reward&nbsp;even&nbsp;the most demanding&nbsp;in the best&nbsp;way,&nbsp;is&nbsp;the famous&nbsp;and unique&nbsp;in taste&nbsp;traditionaldishes of&nbsp;Mrs. Maria,&nbsp;by&nbsp;producing&nbsp;products&nbsp;from her farm. Mrs.&nbsp;Mary&nbsp;is your&nbsp;person&nbsp;&nbsp;for&nbsp;all.&nbsp;Beside her&nbsp;son,&nbsp;Vassilis.&nbsp;His personal&nbsp;of keen interest&nbsp;and&nbsp;knowledge of&nbsp;the historical and&nbsp;cultural events,&nbsp;his great love and experience&nbsp;in hiking&nbsp;and nature&nbsp;in general,&nbsp;could provide&nbsp;valuable services (he is speaking english) with regard&nbsp;to a&nbsp;thorough&nbsp;briefing&nbsp;on culture,&nbsp;tradition and&nbsp;history of the&nbsp;&nbsp;village,&nbsp;as well in&nbsp;safe guide &nbsp; &nbsp;<\/p>","protected":false},"author":3,"featured_media":0,"parent":0,"menu_order":1,"comment_status":"closed","ping_status":"closed","template":"","meta":{"ngg_post_thumbnail":0,"_glsr_average":0,"_glsr_ranking":0,"_glsr_reviews":0,"footnotes":""},"class_list":["post-751","page","type-page","status-publish","hentry"],"aioseo_notices":[],"_links":{"self":[{"href":"https:\/\/patsosescape.com\/fr\/wp-json\/wp\/v2\/pages\/751","targetHints":{"allow":["GET"]}}],"collection":[{"href":"https:\/\/patsosescape.com\/fr\/wp-json\/wp\/v2\/pages"}],"about":[{"href":"https:\/\/patsosescape.com\/fr\/wp-json\/wp\/v2\/types\/page"}],"author":[{"embeddable":true,"href":"https:\/\/patsosescape.com\/fr\/wp-json\/wp\/v2\/users\/3"}],"replies":[{"embeddable":true,"href":"https:\/\/patsosescape.com\/fr\/wp-json\/wp\/v2\/comments?post=751"}],"version-history":[{"count":0,"href":"https:\/\/patsosescape.com\/fr\/wp-json\/wp\/v2\/pages\/751\/revisions"}],"wp:attachment":[{"href":"https:\/\/patsosescape.com\/fr\/wp-json\/wp\/v2\/media?parent=751"}],"curies":[{"name":"wp","href":"https:\/\/api.w.org\/{rel}","templated":true}]}}