{"id":754,"date":"2015-02-26T01:09:12","date_gmt":"2015-02-25T23:09:12","guid":{"rendered":"http:\/\/patsosescape.com\/newsite\/?page_id=754"},"modified":"2021-04-30T18:44:40","modified_gmt":"2021-04-30T15:44:40","slug":"harakas-the-abduction-of-the-german-general-kreipe","status":"publish","type":"page","link":"https:\/\/patsosescape.com\/fr\/harakas-the-abduction-of-the-german-general-kreipe\/","title":{"rendered":"Harakas - L&#039;enl\u00e8vement du g\u00e9n\u00e9ral allemand Kreipe"},"content":{"rendered":"<h1><strong>L&#039;ENL\u00c8VEMENT DU G\u00c9N\u00c9RAL ALLEMAND KREIPE - Seconde Guerre mondiale en Cr\u00e8te<br \/>\n<\/strong><\/h1>\n<h2><strong><span lang=\"EN\">Grotte HARAKAS \u00e0 PATSOS (AMARI - RETHYMNO)<\/span><\/strong><\/h2>\n<p><span lang=\"EN\">Dans<\/span><span lang=\"EN\"><span class=\"Apple-converted-space\">&nbsp;<\/span>cette grotte<span class=\"Apple-converted-space\">&nbsp;<\/span>conserv\u00e9<span class=\"Apple-converted-space\">&nbsp;<\/span>cach\u00e9<span class=\"Apple-converted-space\">&nbsp;<\/span>kidnapp\u00e9<span class=\"Apple-converted-space\">&nbsp;<\/span><strong><a title=\"G\u00e9n\u00e9ral allemand Kreipe\" href=\"https:\/\/en.wikipedia.org\/wiki\/Heinrich_Kreipe\" target=\"_blank\" rel=\"noopener\">Allemand<span class=\"Apple-converted-space\">&nbsp;<\/span>G\u00e9n\u00e9ral<span class=\"Apple-converted-space\">&nbsp;<\/span>Kraipe<\/a><span class=\"Apple-converted-space\">&nbsp;<\/span><\/strong>pour deux<span class=\"Apple-converted-space\">&nbsp;<\/span>nuits.<span class=\"Apple-converted-space\">&nbsp;<\/span>Un grand<span class=\"Apple-converted-space\">&nbsp;<\/span>\u00e9v\u00e9nement historique<span class=\"Apple-converted-space\">&nbsp;<\/span>dans<span class=\"Apple-converted-space\">&nbsp;<\/span>inspirant<span class=\"Apple-converted-space\">&nbsp;<\/span>et<span class=\"Apple-converted-space\">&nbsp;<\/span>te fait sentir<span class=\"Apple-converted-space\">&nbsp;<\/span>fier.<span class=\"Apple-converted-space\">&nbsp;<\/span>C&#039;est un<span class=\"Apple-converted-space\">&nbsp;<\/span>symbole<span class=\"Apple-converted-space\">&nbsp;<\/span>du patriotisme, de la conscience<span class=\"Apple-converted-space\">&nbsp;<\/span>et<span class=\"Apple-converted-space\">&nbsp;<\/span><\/span><span lang=\"EN-US\">bravoure. UNE<\/span><span lang=\"EN-US\"><span class=\"Apple-converted-space\">&nbsp;<\/span><\/span><span lang=\"EN\">\u00e9tape importante de l&#039;histoire<\/span><span lang=\"EN\"><span class=\"Apple-converted-space\">&nbsp;<\/span>de notre village. Un lieu de<span class=\"Apple-converted-space\">&nbsp;<\/span>\u00e9veil<span class=\"Apple-converted-space\">&nbsp;<\/span>conscience historique<span class=\"Apple-converted-space\">&nbsp;<\/span>et<span class=\"Apple-converted-space\">&nbsp;<\/span>rappel<span class=\"Apple-converted-space\">&nbsp;<\/span>de d<\/span><span lang=\"EN-US\">uty.<\/span><\/p>\n<p><span lang=\"EN-US\">le<\/span><span lang=\"EN-US\"><span class=\"Apple-converted-space\">&nbsp;<\/span><\/span><span lang=\"EN\">Britanique<\/span><span lang=\"EN\"><span class=\"Apple-converted-space\">&nbsp;<\/span>capitaine, <a title=\"Stanley Moss\" href=\"https:\/\/en.wikipedia.org\/wiki\/W._Stanley_Moss\" target=\"_blank\" rel=\"noopener\"><strong>BILL STANLEY MOSS<\/strong><\/a>,<span class=\"Apple-converted-space\">&nbsp;<\/span>dans son livre &quot;<strong><a title=\"Mal rencontr\u00e9 au clair de lune\" href=\"https:\/\/en.wikipedia.org\/wiki\/Ill_Met_by_Moonlight_(film)\" target=\"_blank\" rel=\"noopener\">MALADE<span class=\"Apple-converted-space\">&nbsp;<\/span>RENCONTR\u00c9 \u00c0 MOONLIGHT<\/a>&#8220;<\/strong>,<span class=\"Apple-converted-space\">&nbsp;<\/span>\u00e9crit: &quot;<\/span>Nous nous cachons maintenant dans un endroit charmant qui est \u00e0 environ un mile de <strong>Patsos<\/strong>. Nous dormons dans une cabane aux murs de pierre qui a \u00e9t\u00e9 construite contre la base d&#039;une falaise abrupte, donc avec des arbres sur trois c\u00f4t\u00e9s et la falaise derri\u00e8re nous, nous n&#039;aurions pas pu trouver une position plus abrit\u00e9e.<\/p>\n<p>Le d\u00eener \u00e9tait excellent. Nous sommes pris en charge par une famille charmante qui, bien que tr\u00e8s pauvre, nous donne tout ce qu&#039;elle a. Le p\u00e8re (Efthimios G. Harokopos) est un beau type cr\u00e9tois \u00e0 l&#039;ancienne, et il nous dit que depuis l&#039;occupation allemande, il s&#039;est occup\u00e9 de plus de soixante tra\u00eenards britanniques et coloniaux qui se cachaient de l&#039;ennemi. Sa jeune fille est une jolie fille dont le visage a l&#039;apparence d&#039;un masque de cire d\u00e9licat - un regard de L&#039;inconnue de la Seine - et dans l&#039;ensemble, elle poss\u00e8de une gr\u00e2ce et un charme naturels qui sont trop rares parmi les femmes de l&#039;\u00eele. populaire. Elle va nue - arm\u00e9e, jambes nues, et porte une robe de toile une pi\u00e8ce, et ses cheveux sont dispos\u00e9s en deux longues tresses. Il est tout \u00e0 fait possible, je suppose, qu&#039;elle n&#039;ait que douze ans environ, et il vaudrait peut-\u00eatre mieux ne pas penser \u00e0 elle comme elle le sera dans dix ans. Son fr\u00e8re, Iorgi de nom, est un beau jeune homme aux mani\u00e8res calmes et au visage biblique. Il parle un peu anglais et m&#039;a dit qu&#039;il aimerait nous accompagner au Caire. Nous pouvons l&#039;emmener s&#039;il y a de la place \u00e0 bord.<\/p>\n<p><a href=\"https:\/\/patsosescape.com\/newsite\/wp-content\/uploads\/2015\/02\/00711.jpg\"><img loading=\"lazy\" decoding=\"async\" class=\"aligncenter wp-image-416 size-full\" src=\"https:\/\/patsosescape.com\/newsite\/wp-content\/uploads\/2015\/02\/00711.jpg\" alt=\"Charakas\" width=\"700\" height=\"523\"><\/a><\/p>\n<p>Nous avons \u00e9t\u00e9 si bien soign\u00e9s dans cette cachette que cet apr\u00e8s-midi nous avons d\u00e9cid\u00e9 de faire un cadeau en or \u00e0 la famille (car nous savions que sa richesse ne consistait gu\u00e8re plus que quelques ch\u00e8vres et quelques oliviers); alors Paddy (Patrick Leigh Fermor) a appel\u00e9 le vieux p\u00e8re \u00e0 part. Il lui a rappel\u00e9 que nous allions probablement emmener son fils unique, Iorgi, avec nous en \u00c9gypte, et qu&#039;il n&#039;y aurait donc plus personne pour aider aux travaux \u00e0 la maison. Alors, continua Paddy, accepterait-il le don d\u00e9sesp\u00e9r\u00e9ment insuffisant de quelques souverains en \u00e9change de son fils?<\/p>\n<p>Mais le vieil homme - aussi bien nous aurions pu le deviner - secoua simplement la t\u00eate, nous remercia de notre aimable pens\u00e9e et refusa poliment. Nous ne l&#039;avons pas press\u00e9.<\/p>\n<div class=\"themeblvd-video-wrapper\">\n<div class=\"video-inner\"><iframe loading=\"lazy\" title=\"\u0391\u03a0\u0391\u0393\u03a9\u0393\u0397 \u0393\u0395\u03a1\u039c\u0391\u039d\u039f\u03a5 \u03a3\u03a4\u03a1\u0391\u03a4\u0397\u0393\u039f\u03a5 \u039a\u03a1\u0391\u0399\u03a0\u0395\" width=\"940\" height=\"705\" src=\"https:\/\/www.youtube.com\/embed\/xuz9yuUmiBI?start=2038&#038;feature=oembed&#038;wmode=transparent\" frameborder=\"0\" allow=\"accelerometer; autoplay; clipboard-write; encrypted-media; gyroscope; picture-in-picture\" allowfullscreen><\/iframe><\/div>\n<\/div>\n<p>&nbsp;<\/p>\n<h3><a title=\"R\u00e9servez une activit\u00e9 de plein air \u00e0 PATSOS - Randonn\u00e9e \u00e0 HARAKAS\" href=\"\/fr\/hiking-harakas-amari-rethymnon\/\"><strong>R\u00e9servez une activit\u00e9 de plein air \u00e0 Patsos Rethymno Crete - Randonn\u00e9e \u00e0 HARAKAS<\/strong><\/a><\/h3>\n<p>&nbsp;<\/p>\n<p>&nbsp;<\/p>","protected":false},"excerpt":{"rendered":"<p>THE ABDUCTION OF THE GERMAN GENERAL KREIPE &#8211; WWII on Crete HARAKAS cave in PATSOS (AMARI &#8211; RETHYMNO) In&nbsp;this cave&nbsp;kept&nbsp;hidden&nbsp;kidnapped&nbsp;German&nbsp;General&nbsp;Kraipe&nbsp;for two&nbsp;nights.&nbsp;A great&nbsp;historical event&nbsp;in&nbsp;inspiring&nbsp;and&nbsp;makes you feel&nbsp;proud.&nbsp;It is a&nbsp;symbol&nbsp;of patriotism, conscience&nbsp;and&nbsp;bravery. A&nbsp;milestone in the history&nbsp;of our village. A place of&nbsp;awakening&nbsp;historical consciousness&nbsp;and&nbsp;reminder&nbsp;of duty. The&nbsp;British&nbsp;captain, BILL STANLEY MOSS,&nbsp;in his book &#8220;ILL&nbsp;MET BY MOONLIGHT&#8220;,&nbsp;writes: &#8220;We are now hiding in a delightful spot which is about a mile from Patsos. We sleep in a stone &#8211; walled hut which has been built against the base of a steep cliff, so with trees on three sides and&hellip; <a class=\"read-more-link\" href=\"https:\/\/patsosescape.com\/fr\/harakas-the-abduction-of-the-german-general-kreipe\/\">Lire la suite<\/a><\/p>","protected":false},"author":3,"featured_media":0,"parent":0,"menu_order":3,"comment_status":"closed","ping_status":"closed","template":"","meta":{"ngg_post_thumbnail":0,"_glsr_average":0,"_glsr_ranking":0,"_glsr_reviews":0,"footnotes":""},"class_list":["post-754","page","type-page","status-publish","hentry"],"aioseo_notices":[],"_links":{"self":[{"href":"https:\/\/patsosescape.com\/fr\/wp-json\/wp\/v2\/pages\/754","targetHints":{"allow":["GET"]}}],"collection":[{"href":"https:\/\/patsosescape.com\/fr\/wp-json\/wp\/v2\/pages"}],"about":[{"href":"https:\/\/patsosescape.com\/fr\/wp-json\/wp\/v2\/types\/page"}],"author":[{"embeddable":true,"href":"https:\/\/patsosescape.com\/fr\/wp-json\/wp\/v2\/users\/3"}],"replies":[{"embeddable":true,"href":"https:\/\/patsosescape.com\/fr\/wp-json\/wp\/v2\/comments?post=754"}],"version-history":[{"count":0,"href":"https:\/\/patsosescape.com\/fr\/wp-json\/wp\/v2\/pages\/754\/revisions"}],"wp:attachment":[{"href":"https:\/\/patsosescape.com\/fr\/wp-json\/wp\/v2\/media?parent=754"}],"curies":[{"name":"wp","href":"https:\/\/api.w.org\/{rel}","templated":true}]}}