{"id":757,"date":"2015-02-26T01:11:43","date_gmt":"2015-02-25T23:11:43","guid":{"rendered":"http:\/\/patsosescape.com\/newsite\/?page_id=757"},"modified":"2021-04-28T00:11:13","modified_gmt":"2021-04-27T21:11:13","slug":"contribution-in-liberation-wars-of-the-nation","status":"publish","type":"page","link":"https:\/\/patsosescape.com\/fr\/contribution-in-liberation-wars-of-the-nation\/","title":{"rendered":"Contribution aux guerres de lib\u00e9ration de la Nation"},"content":{"rendered":"<p>Beaucoup de nos anc\u00eatres ont particip\u00e9 aux guerres de lib\u00e9ration de notre nation. Nous nous sentons fiers et reconnaissants pour eux parce qu&#039;ils nous ont donn\u00e9 un moral, du courage et de la d\u00e9termination \u00e9lev\u00e9s. Ils nous identifient, nous motivent et nous unissent. Comme nous le savons, notre r\u00e9sistance est notre m\u00e9moire et une photo est le lien entre la m\u00e9moire et l&#039;oubli. Ainsi, nous pr\u00e9sentons quelques photos comme une indication minimale d&#039;honneur et de gratitude.<\/p>\n<div id='gallery-1' class='gallery galleryid-757 gallery-columns-4 gallery-size-thumbnail'><dl class='gallery-item'>\n\t\t\t<dt class='gallery-icon portrait'>\n\t\t\t\t<a href='https:\/\/patsosescape.com\/wp-content\/uploads\/2015\/02\/19.jpg'><img loading=\"lazy\" decoding=\"async\" width=\"218\" height=\"160\" src=\"https:\/\/patsosescape.com\/wp-content\/uploads\/2015\/02\/19-218x160.jpg\" class=\"attachment-thumbnail size-thumbnail\" alt=\"\" aria-describedby=\"gallery-1-854\" \/><\/a>\n\t\t\t<\/dt>\n\t\t\t\t<dd class='wp-caption-text gallery-caption' id='gallery-1-854'>\n\t\t\t\tEfthimios Charokopos\n\t\t\t\t<\/dd><\/dl><dl class='gallery-item'>\n\t\t\t<dt class='gallery-icon portrait'>\n\t\t\t\t<a href='https:\/\/patsosescape.com\/wp-content\/uploads\/2015\/02\/28.jpg'><img loading=\"lazy\" decoding=\"async\" width=\"218\" height=\"160\" src=\"https:\/\/patsosescape.com\/wp-content\/uploads\/2015\/02\/28-218x160.jpg\" class=\"attachment-thumbnail size-thumbnail\" alt=\"\" aria-describedby=\"gallery-1-855\" \/><\/a>\n\t\t\t<\/dt>\n\t\t\t\t<dd class='wp-caption-text gallery-caption' id='gallery-1-855'>\n\t\t\t\tEleftherios Charokopos\n\t\t\t\t<\/dd><\/dl><dl class='gallery-item'>\n\t\t\t<dt class='gallery-icon landscape'>\n\t\t\t\t<a href='https:\/\/patsosescape.com\/wp-content\/uploads\/2015\/02\/32.png'><img loading=\"lazy\" decoding=\"async\" width=\"218\" height=\"160\" src=\"https:\/\/patsosescape.com\/wp-content\/uploads\/2015\/02\/32-218x160.png\" class=\"attachment-thumbnail size-thumbnail\" alt=\"\" aria-describedby=\"gallery-1-856\" \/><\/a>\n\t\t\t<\/dt>\n\t\t\t\t<dd class='wp-caption-text gallery-caption' id='gallery-1-856'>\n\t\t\t\tEleftherios &amp; Daglis Alexakis (fr\u00e8res)\n\t\t\t\t<\/dd><\/dl><dl class='gallery-item'>\n\t\t\t<dt class='gallery-icon portrait'>\n\t\t\t\t<a href='https:\/\/patsosescape.com\/wp-content\/uploads\/2015\/02\/42.png'><img loading=\"lazy\" decoding=\"async\" width=\"218\" height=\"160\" src=\"https:\/\/patsosescape.com\/wp-content\/uploads\/2015\/02\/42-218x160.png\" class=\"attachment-thumbnail size-thumbnail\" alt=\"\" aria-describedby=\"gallery-1-857\" \/><\/a>\n\t\t\t<\/dt>\n\t\t\t\t<dd class='wp-caption-text gallery-caption' id='gallery-1-857'>\n\t\t\t\tKonstantinos Savvakis\n\t\t\t\t<\/dd><\/dl><br style=\"clear: both\" \/>\n\t\t<\/div>\n\n<p>De brefs CV et des photos d&#039;autres personnes de Patsos seront bient\u00f4t ajout\u00e9s.<\/p>","protected":false},"excerpt":{"rendered":"<p>Many of our ancestors participated in liberation wars of our nation. We feel proud and grateful for them because they gave us high morale, courage and determination. They identify, motivate and unite us. As we know, our resistance is our memory and a photo is the link between memory and oblivion. So, we present some photos as a minimum indication of honor and gratitude. Brief CVs and photos of other people from Patsos, will be added soon.<\/p>","protected":false},"author":3,"featured_media":0,"parent":0,"menu_order":4,"comment_status":"closed","ping_status":"closed","template":"","meta":{"ngg_post_thumbnail":0,"_glsr_average":0,"_glsr_ranking":0,"_glsr_reviews":0,"footnotes":""},"class_list":["post-757","page","type-page","status-publish","hentry"],"aioseo_notices":[],"_links":{"self":[{"href":"https:\/\/patsosescape.com\/fr\/wp-json\/wp\/v2\/pages\/757","targetHints":{"allow":["GET"]}}],"collection":[{"href":"https:\/\/patsosescape.com\/fr\/wp-json\/wp\/v2\/pages"}],"about":[{"href":"https:\/\/patsosescape.com\/fr\/wp-json\/wp\/v2\/types\/page"}],"author":[{"embeddable":true,"href":"https:\/\/patsosescape.com\/fr\/wp-json\/wp\/v2\/users\/3"}],"replies":[{"embeddable":true,"href":"https:\/\/patsosescape.com\/fr\/wp-json\/wp\/v2\/comments?post=757"}],"version-history":[{"count":0,"href":"https:\/\/patsosescape.com\/fr\/wp-json\/wp\/v2\/pages\/757\/revisions"}],"wp:attachment":[{"href":"https:\/\/patsosescape.com\/fr\/wp-json\/wp\/v2\/media?parent=757"}],"curies":[{"name":"wp","href":"https:\/\/api.w.org\/{rel}","templated":true}]}}