{"id":767,"date":"2015-02-26T01:17:38","date_gmt":"2015-02-12T22:41:44","guid":{"rendered":"http:\/\/patsosescape.com\/newsite\/?page_id=767"},"modified":"2017-10-27T23:36:34","modified_gmt":"2017-10-27T20:36:34","slug":"cultural-heritage","status":"publish","type":"page","link":"https:\/\/patsosescape.com\/fr\/cultural-heritage\/","title":{"rendered":"H\u00e9ritage culturel"},"content":{"rendered":"<p><strong>Patrimoine culturel (Collection folklorique)<\/strong><\/p>\n<p>Dans le <a title=\"Caf\u00e9\" href=\"https:\/\/patsosescape.com\/fr\/newsite\/coffeehouse\/\" target=\"_blank\" rel=\"noopener\">caf\u00e9<\/a>, vous avez la chance de voir des outils traditionnels \u00e0 usage domestique et agricole que nos anc\u00eatres nous ont l\u00e9gu\u00e9s. Ils enseignent la volont\u00e9 indomptable de survivre, ainsi qu&#039;une inspiration pour de nouvelles cr\u00e9ations, mais aussi qu&#039;aujourd&#039;hui et hier ne sont pas li\u00e9s aux ascenseurs. Il y a une continuit\u00e9. Ils ont \u00e9galement une valeur \u00e9ducative en tant que connaissances acquises - le fondement de nouvelles exp\u00e9riences et cr\u00e9ations spirituelles. Enfin, ils sont un tr\u00e9sor spirituel inestimable.<\/p>\n<p>&nbsp;<\/p>\n<p style=\"text-align: left;\"><strong>LAMPE \u00c0 HUILE<\/strong><\/p>\n<div id=\"attachment_645\" style=\"width: 359px\" class=\"wp-caption alignnone\"><a href=\"https:\/\/patsosescape.com\/newsite\/wp-content\/uploads\/2015\/02\/15.jpg\"><img loading=\"lazy\" decoding=\"async\" aria-describedby=\"caption-attachment-645\" class=\"wp-image-645 size-full\" src=\"https:\/\/patsosescape.com\/newsite\/wp-content\/uploads\/2015\/02\/15.jpg\" alt=\"LAMPE \u00c0 HUILE\" width=\"349\" height=\"450\" srcset=\"https:\/\/patsosescape.com\/wp-content\/uploads\/2015\/02\/15.jpg 349w, https:\/\/patsosescape.com\/wp-content\/uploads\/2015\/02\/15-233x300.jpg 233w, https:\/\/patsosescape.com\/wp-content\/uploads\/2015\/02\/15-151x195.jpg 151w\" sizes=\"auto, (max-width: 349px) 100vw, 349px\" \/><\/a><p id=\"caption-attachment-645\" class=\"wp-caption-text\">Une lampe fonctionnant \u00e0 l&#039;huile et au coton.<\/p><\/div>\n<p><strong>\u00c9QUILIBRE DE PRINTEMPS<\/strong><\/p>\n<div id=\"attachment_646\" style=\"width: 346px\" class=\"wp-caption alignnone\"><a href=\"https:\/\/patsosescape.com\/newsite\/wp-content\/uploads\/2015\/02\/25.jpg\"><img loading=\"lazy\" decoding=\"async\" aria-describedby=\"caption-attachment-646\" class=\"wp-image-646 size-full\" src=\"https:\/\/patsosescape.com\/newsite\/wp-content\/uploads\/2015\/02\/25.jpg\" alt=\"\u00c9QUILIBRE DE PRINTEMPS\" width=\"336\" height=\"450\" srcset=\"https:\/\/patsosescape.com\/wp-content\/uploads\/2015\/02\/25.jpg 336w, https:\/\/patsosescape.com\/wp-content\/uploads\/2015\/02\/25-224x300.jpg 224w, https:\/\/patsosescape.com\/wp-content\/uploads\/2015\/02\/25-146x195.jpg 146w\" sizes=\"auto, (max-width: 336px) 100vw, 336px\" \/><\/a><p id=\"caption-attachment-646\" class=\"wp-caption-text\">Instrument qui mesure le poids d&#039;un corps.<\/p><\/div>\n<p><strong>VOLOSYROS<\/strong><\/p>\n<div id=\"attachment_647\" style=\"width: 460px\" class=\"wp-caption alignnone\"><a href=\"https:\/\/patsosescape.com\/newsite\/wp-content\/uploads\/2015\/02\/35.jpg\"><img loading=\"lazy\" decoding=\"async\" aria-describedby=\"caption-attachment-647\" class=\"wp-image-647 size-full\" src=\"https:\/\/patsosescape.com\/newsite\/wp-content\/uploads\/2015\/02\/35.jpg\" alt=\"VOLOSYROS\" width=\"450\" height=\"336\" srcset=\"https:\/\/patsosescape.com\/wp-content\/uploads\/2015\/02\/35.jpg 450w, https:\/\/patsosescape.com\/wp-content\/uploads\/2015\/02\/35-300x224.jpg 300w, https:\/\/patsosescape.com\/wp-content\/uploads\/2015\/02\/35-195x146.jpg 195w\" sizes=\"auto, (max-width: 450px) 100vw, 450px\" \/><\/a><p id=\"caption-attachment-647\" class=\"wp-caption-text\">C&#039;\u00e9tait un bois d\u00e9chiquet\u00e9, allong\u00e9, qui avait plac\u00e9 des lames m\u00e9talliques pour casser en morceaux le grain. Le bois d\u00e9chiquet\u00e9 s&#039;est connect\u00e9 avec les zygos et a tir\u00e9 les animaux tout autour de l&#039;aire de battage pour s\u00e9parer la graine de l&#039;ivraie.<\/p><\/div>\n<p><strong>\u03a4\u0397R\u0399\u039d\u0391\u039a\u0399<\/strong><\/p>\n<div id=\"attachment_648\" style=\"width: 1034px\" class=\"wp-caption alignnone\"><a href=\"https:\/\/patsosescape.com\/newsite\/wp-content\/uploads\/2015\/02\/43.jpg\"><img loading=\"lazy\" decoding=\"async\" aria-describedby=\"caption-attachment-648\" class=\"wp-image-648 size-full\" src=\"https:\/\/patsosescape.com\/newsite\/wp-content\/uploads\/2015\/02\/43.jpg\" alt=\"\u03a4\u0397R\u0399\u039d\u0391\u039a\u0399\" width=\"1024\" height=\"765\" srcset=\"https:\/\/patsosescape.com\/wp-content\/uploads\/2015\/02\/43.jpg 1024w, https:\/\/patsosescape.com\/wp-content\/uploads\/2015\/02\/43-300x224.jpg 300w, https:\/\/patsosescape.com\/wp-content\/uploads\/2015\/02\/43-940x702.jpg 940w, https:\/\/patsosescape.com\/wp-content\/uploads\/2015\/02\/43-620x463.jpg 620w, https:\/\/patsosescape.com\/wp-content\/uploads\/2015\/02\/43-195x146.jpg 195w\" sizes=\"auto, (max-width: 1024px) 100vw, 1024px\" \/><\/a><p id=\"caption-attachment-648\" class=\"wp-caption-text\">Pelle sp\u00e9ciale avec des dents en bois, pour ramasser un bouquet d&#039;\u00e9pi qui \u00e9tait \u00e9tal\u00e9 sur l&#039;aire de battage, mais ne d\u00e9truisez pas le fond de l&#039;aire de battage, qui \u00e9tait au niveau de la terre pour recueillir \u00e0 partir de ce grain.<\/p><\/div>\n<p><strong>TSOUKOS<\/strong><\/p>\n<div id=\"attachment_649\" style=\"width: 296px\" class=\"wp-caption alignnone\"><a href=\"https:\/\/patsosescape.com\/newsite\/wp-content\/uploads\/2015\/02\/5.jpg\"><img loading=\"lazy\" decoding=\"async\" aria-describedby=\"caption-attachment-649\" class=\"wp-image-649 size-full\" src=\"https:\/\/patsosescape.com\/newsite\/wp-content\/uploads\/2015\/02\/5.jpg\" alt=\"TSOUKOS\" width=\"286\" height=\"369\" srcset=\"https:\/\/patsosescape.com\/wp-content\/uploads\/2015\/02\/5.jpg 286w, https:\/\/patsosescape.com\/wp-content\/uploads\/2015\/02\/5-233x300.jpg 233w, https:\/\/patsosescape.com\/wp-content\/uploads\/2015\/02\/5-151x195.jpg 151w\" sizes=\"auto, (max-width: 286px) 100vw, 286px\" \/><\/a><p id=\"caption-attachment-649\" class=\"wp-caption-text\">Le Tsoukos \u00e9tait le produit d&#039;une plante, actuellement utilis\u00e9e comme d\u00e9coration. Auparavant, un trou \u00e9tait for\u00e9, les spores nettoy\u00e9es permettaient \u00e0 la plante de se disperser et de se reproduire. Utilis\u00e9 pour le vin ou le raki. Il existe diff\u00e9rentes tailles.<\/p><\/div>\n<p><strong>FAUCILLE<\/strong><\/p>\n<div id=\"attachment_650\" style=\"width: 346px\" class=\"wp-caption alignnone\"><a href=\"https:\/\/patsosescape.com\/newsite\/wp-content\/uploads\/2015\/02\/6.jpg\"><img loading=\"lazy\" decoding=\"async\" aria-describedby=\"caption-attachment-650\" class=\"wp-image-650 size-full\" src=\"https:\/\/patsosescape.com\/newsite\/wp-content\/uploads\/2015\/02\/6.jpg\" alt=\"FAUCILLE\" width=\"336\" height=\"450\" srcset=\"https:\/\/patsosescape.com\/wp-content\/uploads\/2015\/02\/6.jpg 336w, https:\/\/patsosescape.com\/wp-content\/uploads\/2015\/02\/6-224x300.jpg 224w, https:\/\/patsosescape.com\/wp-content\/uploads\/2015\/02\/6-146x195.jpg 146w\" sizes=\"auto, (max-width: 336px) 100vw, 336px\" \/><\/a><p id=\"caption-attachment-650\" class=\"wp-caption-text\">Est un outil agricole pour la r\u00e9colte du grain et de l&#039;herbe, invent\u00e9 depuis l&#039;Antiquit\u00e9.<\/p><\/div>\n<p><strong>FER PLAT<\/strong><\/p>\n<div id=\"attachment_652\" style=\"width: 346px\" class=\"wp-caption alignnone\"><a href=\"https:\/\/patsosescape.com\/newsite\/wp-content\/uploads\/2015\/02\/7.jpg\"><img loading=\"lazy\" decoding=\"async\" aria-describedby=\"caption-attachment-652\" class=\"wp-image-652 size-full\" src=\"https:\/\/patsosescape.com\/newsite\/wp-content\/uploads\/2015\/02\/7.jpg\" alt=\"FER PLAT\" width=\"336\" height=\"450\" srcset=\"https:\/\/patsosescape.com\/wp-content\/uploads\/2015\/02\/7.jpg 336w, https:\/\/patsosescape.com\/wp-content\/uploads\/2015\/02\/7-224x300.jpg 224w, https:\/\/patsosescape.com\/wp-content\/uploads\/2015\/02\/7-146x195.jpg 146w\" sizes=\"auto, (max-width: 336px) 100vw, 336px\" \/><\/a><p id=\"caption-attachment-652\" class=\"wp-caption-text\">Les vieux v\u00eatements de fer \u00e0 repasser \u00e9taient faits de m\u00e9tal \u00e9pais. Le manche \u00e9tait en bois pour ne pas vous br\u00fbler les mains que vous l&#039;avez utilis\u00e9. Il \u00e9tait divis\u00e9 en deux parties. Le fond \u00e9tait concave l\u00e0 o\u00f9 ils entraient \u00e0 travers les charbons et le haut \u00e9tait mince et utilis\u00e9 comme capuchon pour fermer le fer. L&#039;oxyg\u00e8ne a p\u00e9n\u00e9tr\u00e9 \u00e0 travers les trous existant dans le fer.<\/p><\/div>\n<p><strong>MOULIN \u00c0 MAIN<\/strong><\/p>\n<div id=\"attachment_653\" style=\"width: 346px\" class=\"wp-caption alignnone\"><a href=\"https:\/\/patsosescape.com\/newsite\/wp-content\/uploads\/2015\/02\/8.jpg\"><img loading=\"lazy\" decoding=\"async\" aria-describedby=\"caption-attachment-653\" class=\"wp-image-653 size-full\" src=\"https:\/\/patsosescape.com\/newsite\/wp-content\/uploads\/2015\/02\/8.jpg\" alt=\"MOULIN \u00c0 MAIN\" width=\"336\" height=\"450\" srcset=\"https:\/\/patsosescape.com\/wp-content\/uploads\/2015\/02\/8.jpg 336w, https:\/\/patsosescape.com\/wp-content\/uploads\/2015\/02\/8-224x300.jpg 224w, https:\/\/patsosescape.com\/wp-content\/uploads\/2015\/02\/8-146x195.jpg 146w\" sizes=\"auto, (max-width: 336px) 100vw, 336px\" \/><\/a><p id=\"caption-attachment-653\" class=\"wp-caption-text\">Le moulin \u00e0 main rotatif a \u00e9t\u00e9 le premier de tous les moulins \u00e0 farine, mais nous n&#039;avons pas d&#039;informations claires sur sa chronologie. Le processus de meulage impliqu\u00e9 dans un moulin \u00e0 main meulant entre une paire de pierres de flammes rondes. Tout le mouvement a \u00e9t\u00e9 r\u00e9p\u00e9t\u00e9, avec l&#039;op\u00e9rateur pour lancer avec un poignet de bras \u00e0 travers une ouverture \u00e9troite dans la pierre sup\u00e9rieure, en agitant avec l&#039;autre main circulairement une autre au moyen d&#039;une poign\u00e9e verticale en bois qui a \u00e9t\u00e9 construite l\u00e0. Ces deux surfaces permettent au grain de passer encore et encore jusqu&#039;\u00e0 ce qu&#039;il y entre finalement devenu produit.<\/p><\/div>\n<p><strong>RADIO<\/strong><\/p>\n<div id=\"attachment_654\" style=\"width: 346px\" class=\"wp-caption alignnone\"><a href=\"https:\/\/patsosescape.com\/newsite\/wp-content\/uploads\/2015\/02\/9.jpg\"><img loading=\"lazy\" decoding=\"async\" aria-describedby=\"caption-attachment-654\" class=\"wp-image-654 size-full\" src=\"https:\/\/patsosescape.com\/newsite\/wp-content\/uploads\/2015\/02\/9.jpg\" alt=\"RADIO\" width=\"336\" height=\"450\" srcset=\"https:\/\/patsosescape.com\/wp-content\/uploads\/2015\/02\/9.jpg 336w, https:\/\/patsosescape.com\/wp-content\/uploads\/2015\/02\/9-224x300.jpg 224w, https:\/\/patsosescape.com\/wp-content\/uploads\/2015\/02\/9-146x195.jpg 146w\" sizes=\"auto, (max-width: 336px) 100vw, 336px\" \/><\/a><p id=\"caption-attachment-654\" class=\"wp-caption-text\">C&#039;est une radio avec une grande valeur sentimentale et historique. C&#039;\u00e9tait le seul du village. R\u00e9unis ici pour boire du caf\u00e9, jouer aux cartes (prefa) et \u00e9couter les nouvelles.<\/p><\/div>\n<p><strong>MORTIER<\/strong><\/p>\n<div id=\"attachment_655\" style=\"width: 210px\" class=\"wp-caption alignnone\"><a href=\"https:\/\/patsosescape.com\/newsite\/wp-content\/uploads\/2015\/02\/10.jpg\"><img loading=\"lazy\" decoding=\"async\" aria-describedby=\"caption-attachment-655\" class=\"wp-image-655\" src=\"https:\/\/patsosescape.com\/newsite\/wp-content\/uploads\/2015\/02\/10.jpg\" alt=\"MORTIER\" width=\"200\" height=\"373\"><\/a><p id=\"caption-attachment-655\" class=\"wp-caption-text\">Le mortier est un ustensile de cuisine qui sert, en plus du mortier ou autrement Maul, \u00e0 broyer, broyer et mettre en suspension les solides.<\/p><\/div>\n<p><strong>TAMIS<\/strong><\/p>\n<div id=\"attachment_656\" style=\"width: 158px\" class=\"wp-caption alignnone\"><a href=\"https:\/\/patsosescape.com\/newsite\/wp-content\/uploads\/2015\/02\/111.jpg\"><img loading=\"lazy\" decoding=\"async\" aria-describedby=\"caption-attachment-656\" class=\"wp-image-656 size-full\" src=\"https:\/\/patsosescape.com\/newsite\/wp-content\/uploads\/2015\/02\/111.jpg\" alt=\"TAMIS\" width=\"148\" height=\"149\" srcset=\"https:\/\/patsosescape.com\/wp-content\/uploads\/2015\/02\/111.jpg 148w, https:\/\/patsosescape.com\/wp-content\/uploads\/2015\/02\/111-130x130.jpg 130w, https:\/\/patsosescape.com\/wp-content\/uploads\/2015\/02\/111-70x70.jpg 70w, https:\/\/patsosescape.com\/wp-content\/uploads\/2015\/02\/111-45x45.jpg 45w\" sizes=\"auto, (max-width: 148px) 100vw, 148px\" \/><\/a><p id=\"caption-attachment-656\" class=\"wp-caption-text\">Ustensile rond avec un cadre en bois et g\u00e9n\u00e9ralement un fond plat en m\u00e9tal perfor\u00e9, qui contient un mat\u00e9riau dans des corps \u00e9trangers granulaires ou en poudre ou plus gros que le grain normal.<\/p><\/div>\n<p><strong>VOURGIALI<\/strong><\/p>\n<div id=\"attachment_659\" style=\"width: 630px\" class=\"wp-caption alignnone\"><a href=\"https:\/\/patsosescape.com\/newsite\/wp-content\/uploads\/2015\/02\/121.jpg\"><img loading=\"lazy\" decoding=\"async\" aria-describedby=\"caption-attachment-659\" class=\"wp-image-659 size-tb_medium\" src=\"https:\/\/patsosescape.com\/newsite\/wp-content\/uploads\/2015\/02\/121-620x463.jpg\" alt=\"VOURGIALI\" width=\"620\" height=\"463\" srcset=\"https:\/\/patsosescape.com\/wp-content\/uploads\/2015\/02\/121-620x463.jpg 620w, https:\/\/patsosescape.com\/wp-content\/uploads\/2015\/02\/121-300x224.jpg 300w, https:\/\/patsosescape.com\/wp-content\/uploads\/2015\/02\/121-1024x765.jpg 1024w, https:\/\/patsosescape.com\/wp-content\/uploads\/2015\/02\/121-940x702.jpg 940w, https:\/\/patsosescape.com\/wp-content\/uploads\/2015\/02\/121-195x146.jpg 195w, https:\/\/patsosescape.com\/wp-content\/uploads\/2015\/02\/121.jpg 1600w\" sizes=\"auto, (max-width: 620px) 100vw, 620px\" \/><\/a><p id=\"caption-attachment-659\" class=\"wp-caption-text\">\u00abSac\u00bb fait \u00e0 la main, tiss\u00e9, en laine n\u00e9cessaire dans la vie quotidienne des Cr\u00e9tois, pour de nombreuses utilisations diff\u00e9rentes. Autrefois, les guerriers avaient l&#039;habitude de mettre leurs balles et leurs fusils, tandis que ces derni\u00e8res ann\u00e9es, les fermiers les utilisaient pour mettre leur nourriture et leurs flacons avec du vin ou de l&#039;eau. M\u00eame le grand penseur et \u00e9crivain cr\u00e9tois Nikos Kazantzakis l&#039;a utilis\u00e9 pour conserver ses manuscrits. Le meilleur vourgiali, avec un foulard en soie, \u00e9tait le premier cadeau au mari\u00e9 quand il \u00e9tait fianc\u00e9. De plus, les vourgiali utilis\u00e9s lors des mariages pour mettre dans les \u00abcadeaux\u00bb qui font des invit\u00e9s au couple, et comme souvenir pour les visiteurs de notre \u00eele. La d\u00e9coration couvre tout le vourgiali. Vous le trouverez dans diff\u00e9rentes tailles et couleurs. Il est \u00e9galement utilis\u00e9 comme un tr\u00e8s joli d\u00e9cor.<\/p><\/div>","protected":false},"excerpt":{"rendered":"<p>Patrimoine culturel (Collection folklorique) Dans le caf\u00e9, vous avez la chance de voir des outils traditionnels \u00e0 usage domestique et agricole que nos anc\u00eatres nous ont l\u00e9gu\u00e9s. Ils enseignent la volont\u00e9 indomptable de survivre, ainsi qu&#039;une inspiration pour de nouvelles cr\u00e9ations, mais aussi qu&#039;aujourd&#039;hui et hier ne sont pas li\u00e9s aux ascenseurs. Il y a une continuit\u00e9. Ils ont \u00e9galement une valeur \u00e9ducative en tant que connaissances acquises - le fondement de nouvelles exp\u00e9riences et cr\u00e9ations spirituelles. Enfin, ils sont un tr\u00e9sor spirituel inestimable. LAMPE A HUILE BALANCE DE PRINTEMPS VOLOSYROS \u03a4\u0397R\u0399\u039d\u0391\u039a\u0399 TSOUKOS Faucille PLAT\u2026 <a class=\"read-more-link\" href=\"https:\/\/patsosescape.com\/fr\/cultural-heritage\/\">Lire la suite<\/a><\/p>","protected":false},"author":3,"featured_media":0,"parent":0,"menu_order":6,"comment_status":"closed","ping_status":"closed","template":"","meta":{"ngg_post_thumbnail":0,"_glsr_average":0,"_glsr_ranking":0,"_glsr_reviews":0,"footnotes":""},"class_list":["post-767","page","type-page","status-publish","hentry"],"aioseo_notices":[],"_links":{"self":[{"href":"https:\/\/patsosescape.com\/fr\/wp-json\/wp\/v2\/pages\/767","targetHints":{"allow":["GET"]}}],"collection":[{"href":"https:\/\/patsosescape.com\/fr\/wp-json\/wp\/v2\/pages"}],"about":[{"href":"https:\/\/patsosescape.com\/fr\/wp-json\/wp\/v2\/types\/page"}],"author":[{"embeddable":true,"href":"https:\/\/patsosescape.com\/fr\/wp-json\/wp\/v2\/users\/3"}],"replies":[{"embeddable":true,"href":"https:\/\/patsosescape.com\/fr\/wp-json\/wp\/v2\/comments?post=767"}],"version-history":[{"count":0,"href":"https:\/\/patsosescape.com\/fr\/wp-json\/wp\/v2\/pages\/767\/revisions"}],"wp:attachment":[{"href":"https:\/\/patsosescape.com\/fr\/wp-json\/wp\/v2\/media?parent=767"}],"curies":[{"name":"wp","href":"https:\/\/api.w.org\/{rel}","templated":true}]}}