{"id":773,"date":"2015-02-26T01:19:20","date_gmt":"2015-02-12T22:45:34","guid":{"rendered":"http:\/\/patsosescape.com\/newsite\/?page_id=773"},"modified":"2021-04-28T00:17:13","modified_gmt":"2021-04-27T21:17:13","slug":"herbs","status":"publish","type":"page","link":"https:\/\/patsosescape.com\/fr\/herbs\/","title":{"rendered":"Herbes de Cr\u00e8te"},"content":{"rendered":"<p>La nature de Patsos, sauf le&nbsp;<span class=\"Apple-converted-space\">&nbsp;<\/span>beaut\u00e9 sauvage, sources naturelles et patrimoine culturel&nbsp;<span class=\"Apple-converted-space\">&nbsp;<\/span>est aussi une grande pharmacie. Sa flore cache les secrets de<span class=\"Apple-converted-space\">&nbsp;<\/span>&nbsp;beaut\u00e9 et sant\u00e9.<\/p>\n<p><span lang=\"EN-US\">Le secret de la sant\u00e9 et de la beaut\u00e9 est bien cach\u00e9 dans les herbes, les plantes indig\u00e8nes en particulier celles qui poussent dans les montagnes et utilis\u00e9es comme m\u00e9dicaments pour diverses maladies. Dans la nature de Patsos prosp\u00e8rent la foule d&#039;herbes, telles que le dictamus, la sauge, le thym, la camomille et bien plus encore, utilis\u00e9es pour la pr\u00e9paration de plats savoureux et traditionnels et pour leurs propri\u00e9t\u00e9s curatives. Nous en pr\u00e9sentons quelques-uns<\/span>:<\/p>\n<h2><strong>DIKTAMOS<\/strong><\/h2>\n<p>Le diktamo (les erontas = amour) est une plante indig\u00e8ne que l&#039;on trouve en Cr\u00e8te et qui est utilis\u00e9e comme boisson. C&#039;\u00e9tait l&#039;une des plantes m\u00e9dicinales les plus importantes. Hippocrate utilis\u00e9 contre les maladies de l&#039;estomac et du syst\u00e8me digestif, les rhumatismes, l&#039;arthrite, la cicatrisation, les stimulants et les antispasmodiques. Il ne pousse que sur des pentes abruptes et des falaises, donc la collecte est dangereuse. Il fleurit et cueillit pendant les mois d&#039;\u00e9t\u00e9.<\/p>\n<p><a href=\"http:\/\/patsosescape.com\/newsite\/wp-content\/uploads\/2015\/02\/16.jpg\"><img loading=\"lazy\" decoding=\"async\" class=\"alignnone size-full wp-image-672\" src=\"http:\/\/patsosescape.com\/newsite\/wp-content\/uploads\/2015\/02\/16.jpg\" alt=\"\u0394\u0399\u039a\u03a4\u0391\u039c\u039f\u03a3\" width=\"273\" height=\"184\" srcset=\"https:\/\/patsosescape.com\/wp-content\/uploads\/2015\/02\/16.jpg 273w, https:\/\/patsosescape.com\/wp-content\/uploads\/2015\/02\/16-195x131.jpg 195w\" sizes=\"auto, (max-width: 273px) 100vw, 273px\" \/><\/a><\/p>\n<h2><strong>ORIGAN<\/strong><\/h2>\n<p><span lang=\"EN\">le<\/span><span lang=\"EN\">&nbsp;<span class=\"Apple-converted-space\">&nbsp;<\/span>Origan<span class=\"Apple-converted-space\">&nbsp;<\/span>fleurit<span class=\"Apple-converted-space\">&nbsp;<\/span>et collect\u00e9<span class=\"Apple-converted-space\">&nbsp;<\/span>en juin<span class=\"Apple-converted-space\">&nbsp;<\/span>et juillet.<span class=\"Apple-converted-space\">&nbsp;<\/span>Les fleurs<span class=\"Apple-converted-space\">&nbsp;<\/span>sont<span class=\"Apple-converted-space\">&nbsp;<\/span>couleur blanche<span class=\"Apple-converted-space\">&nbsp;<\/span>avec un bonbon<span class=\"Apple-converted-space\">&nbsp;<\/span>poivr\u00e9<span class=\"Apple-converted-space\">&nbsp;<\/span>flairer.<br \/>\nEst trouv\u00e9<span class=\"Apple-converted-space\">&nbsp;<\/span>dans rocheux<span class=\"Apple-converted-space\">&nbsp;<\/span>et<span class=\"Apple-converted-space\">&nbsp;<\/span>endroits ensoleill\u00e9s.<span class=\"Apple-converted-space\">&nbsp;<\/span>C&#039;est un<span class=\"Apple-converted-space\">&nbsp;<\/span>aromatique<span class=\"Apple-converted-space\">&nbsp;<\/span>Cuisine m\u00e9diterran\u00e9enne<span class=\"Apple-converted-space\">&nbsp;<\/span>incarn\u00e9<span class=\"Apple-converted-space\">&nbsp;<\/span>poissons et<span class=\"Apple-converted-space\">&nbsp;<\/span>viandes. Pr\u00e9c\u00e9demment<span class=\"Apple-converted-space\">&nbsp;<\/span>les<span class=\"Apple-converted-space\">&nbsp;<\/span>collection<span class=\"Apple-converted-space\">&nbsp;<\/span>\u00e9tait un important<span class=\"Apple-converted-space\">&nbsp;<\/span>le revenu<span class=\"Apple-converted-space\">&nbsp;<\/span>pour les gens de patsos. <\/span><span lang=\"EN-US\">Il est<\/span><span lang=\"EN-US\"><span class=\"Apple-converted-space\">&nbsp;<\/span><\/span><span lang=\"EN\">utilis\u00e9<\/span><span lang=\"EN\"><span class=\"Apple-converted-space\">&nbsp;<\/span>comme<span class=\"Apple-converted-space\">&nbsp;<\/span>antiseptique, apaisant<span class=\"Apple-converted-space\">&nbsp;<\/span>\u00e0<span class=\"Apple-converted-space\">&nbsp;<\/span>maux de dents<span class=\"Apple-converted-space\">&nbsp;<\/span>et<span class=\"Apple-converted-space\">&nbsp;<\/span>maux d&#039;estomac.<\/span><\/p>\n<p><a href=\"http:\/\/patsosescape.com\/newsite\/wp-content\/uploads\/2015\/02\/26.jpg\"><img loading=\"lazy\" decoding=\"async\" class=\"alignnone wp-image-673 size-medium\" src=\"http:\/\/patsosescape.com\/newsite\/wp-content\/uploads\/2015\/02\/26-210x300.jpg\" alt=\"P\u0399\u0393\u0391\u039d\u0397\" width=\"210\" height=\"300\" srcset=\"https:\/\/patsosescape.com\/wp-content\/uploads\/2015\/02\/26-210x300.jpg 210w, https:\/\/patsosescape.com\/wp-content\/uploads\/2015\/02\/26-137x195.jpg 137w, https:\/\/patsosescape.com\/wp-content\/uploads\/2015\/02\/26.jpg 420w\" sizes=\"auto, (max-width: 210px) 100vw, 210px\" \/><\/a><\/p>\n<h2><strong>THYM<\/strong><\/h2>\n<p><span lang=\"EN\">Il fleurit<\/span><span lang=\"EN\"><span class=\"Apple-converted-space\">&nbsp;<\/span>en juin<span class=\"Apple-converted-space\">&nbsp;<\/span>et juillet<span class=\"Apple-converted-space\">&nbsp;<\/span>et<span class=\"Apple-converted-space\">&nbsp;<\/span>poss\u00e8de<span class=\"Apple-converted-space\">&nbsp;<\/span>bleu<span class=\"Apple-converted-space\">&nbsp;<\/span>fleurs.<span class=\"Apple-converted-space\">&nbsp;<\/span>le<span class=\"Apple-converted-space\">&nbsp;<\/span>mon ch\u00e9ri<span class=\"Apple-converted-space\">&nbsp;<\/span>thym<span class=\"Apple-converted-space\">&nbsp;<\/span>est consid\u00e9r\u00e9 comme le<span class=\"Apple-converted-space\">&nbsp;<\/span>le meilleur. Thym<span class=\"Apple-converted-space\">&nbsp;<\/span>a un antiseptique,<span class=\"Apple-converted-space\">&nbsp;<\/span>diur\u00e9tique, antiparasitaire<span class=\"Apple-converted-space\">&nbsp;<\/span>et<span class=\"Apple-converted-space\">&nbsp;<\/span>propri\u00e9t\u00e9s antipyr\u00e9tiques.<\/span><\/p>\n<p><a href=\"http:\/\/patsosescape.com\/newsite\/wp-content\/uploads\/2015\/02\/36.jpg\"><img loading=\"lazy\" decoding=\"async\" class=\"alignnone size-full wp-image-674\" src=\"http:\/\/patsosescape.com\/newsite\/wp-content\/uploads\/2015\/02\/36.jpg\" alt=\"\u0398\u03a5\u039cA\u03a1\u0399\" width=\"375\" height=\"210\" srcset=\"https:\/\/patsosescape.com\/wp-content\/uploads\/2015\/02\/36.jpg 375w, https:\/\/patsosescape.com\/wp-content\/uploads\/2015\/02\/36-300x168.jpg 300w, https:\/\/patsosescape.com\/wp-content\/uploads\/2015\/02\/36-195x109.jpg 195w\" sizes=\"auto, (max-width: 375px) 100vw, 375px\" \/><\/a><\/p>\n<h2><strong>CAMOMILLE<\/strong><\/h2>\n<p><span lang=\"EN\">Recueilli<\/span><span lang=\"EN\"><span class=\"Apple-converted-space\">&nbsp;<\/span>entre avril<span class=\"Apple-converted-space\">&nbsp;<\/span>et juin. Il est \u00e9galement s\u00e9ch\u00e9&nbsp;<span class=\"Apple-converted-space\">&nbsp;<\/span>utilis\u00e9<span class=\"Apple-converted-space\">&nbsp;<\/span>tout au long de l&#039;ann\u00e9e. \u00c0 Patsos<span class=\"Apple-converted-space\">&nbsp;<\/span>il y a<span class=\"Apple-converted-space\">&nbsp;<\/span>partout<span class=\"Apple-converted-space\">&nbsp;<\/span>en particulier dans<span class=\"Apple-converted-space\">&nbsp;<\/span><\/span><span lang=\"EN-US\">champs non cultiv\u00e9s<\/span><span lang=\"EN-US\"><span class=\"Apple-converted-space\">&nbsp;<\/span><\/span><span lang=\"EN\">des sites. <\/span><span lang=\"EN\">Il est<\/span><span lang=\"EN\"><span class=\"Apple-converted-space\">&nbsp;<\/span><\/span><span lang=\"EN\">caract\u00e9ris\u00e9 comme<\/span><span lang=\"EN\"><span class=\"Apple-converted-space\">&nbsp;<\/span>inflammatoire,<span class=\"Apple-converted-space\">&nbsp;<\/span>antiallergique, apaisant<span class=\"Apple-converted-space\">&nbsp;<\/span>et<span class=\"Apple-converted-space\">&nbsp;<\/span>antiseptique de qualit\u00e9 sup\u00e9rieure<span class=\"Apple-converted-space\">&nbsp;<\/span>utiliser.<span class=\"Apple-converted-space\">&nbsp;<\/span>D&#039;habitude<span class=\"Apple-converted-space\">&nbsp;<\/span>nous le buvons comme boisson combin\u00e9e<span class=\"Apple-converted-space\">&nbsp;<\/span>avec<span class=\"Apple-converted-space\">&nbsp;<\/span>autres herbes cr\u00e9toises, combinant<span class=\"Apple-converted-space\">&nbsp;<\/span>les<span class=\"Apple-converted-space\">&nbsp;<\/span>parfait<span class=\"Apple-converted-space\">&nbsp;<\/span>relaxation<span class=\"Apple-converted-space\">&nbsp;<\/span>et combattre<span class=\"Apple-converted-space\">&nbsp;<\/span>insomnie.<\/span><\/p>\n<p><a href=\"http:\/\/patsosescape.com\/newsite\/wp-content\/uploads\/2015\/02\/44.jpg\"><img loading=\"lazy\" decoding=\"async\" class=\"alignnone size-full wp-image-675\" src=\"http:\/\/patsosescape.com\/newsite\/wp-content\/uploads\/2015\/02\/44.jpg\" alt=\"XAMOM\u0397\u039b\u0399\" width=\"259\" height=\"194\" srcset=\"https:\/\/patsosescape.com\/wp-content\/uploads\/2015\/02\/44.jpg 259w, https:\/\/patsosescape.com\/wp-content\/uploads\/2015\/02\/44-195x146.jpg 195w\" sizes=\"auto, (max-width: 259px) 100vw, 259px\" \/><\/a><\/p>\n<h2><strong>SAUGE<\/strong><\/h2>\n<p><span lang=\"EN\">Un des plus<\/span><span lang=\"EN\"><span class=\"Apple-converted-space\">&nbsp;<\/span>herbes populaires<span class=\"Apple-converted-space\">&nbsp;<\/span>de Cr\u00e8te avec<span class=\"Apple-converted-space\">&nbsp;<\/span>excellente saveur.<span class=\"Apple-converted-space\">&nbsp;<\/span>Il fleurit<span class=\"Apple-converted-space\">&nbsp;<\/span>en mai et juin<span class=\"Apple-converted-space\">&nbsp;<\/span>d\u00e9but de champ<span class=\"Apple-converted-space\">&nbsp;<\/span>bleu violet<span class=\"Apple-converted-space\">&nbsp;<\/span>fleurs. C&#039;est connu<span class=\"Apple-converted-space\">&nbsp;<\/span>depuis l&#039;Antiquit\u00e9 pour<span class=\"Apple-converted-space\">&nbsp;<\/span>son tonique<span class=\"Apple-converted-space\">&nbsp;<\/span>Propri\u00e9t\u00e9s.<span class=\"Apple-converted-space\">&nbsp;<\/span>Utilis\u00e9<span class=\"Apple-converted-space\">&nbsp;<\/span>en cuisine<span class=\"Apple-converted-space\">&nbsp;<\/span>pour parfumer divers plats.<\/span><\/p>\n<p><a href=\"http:\/\/patsosescape.com\/newsite\/wp-content\/uploads\/2015\/02\/51.jpg\"><img loading=\"lazy\" decoding=\"async\" class=\"alignnone size-full wp-image-676\" src=\"http:\/\/patsosescape.com\/newsite\/wp-content\/uploads\/2015\/02\/51.jpg\" alt=\"\u03a6\u0391\u03a3\u039a\u039f\u039c\u0397\u039b\u039f\" width=\"259\" height=\"194\" srcset=\"https:\/\/patsosescape.com\/wp-content\/uploads\/2015\/02\/51.jpg 259w, https:\/\/patsosescape.com\/wp-content\/uploads\/2015\/02\/51-195x146.jpg 195w\" sizes=\"auto, (max-width: 259px) 100vw, 259px\" \/><\/a><\/p>\n<h2><strong>MARJOLAINE<\/strong><\/h2>\n<p><span lang=\"EN\">Il fleurit<\/span><span lang=\"EN\"><span class=\"Apple-converted-space\">&nbsp;<\/span>en juillet et<span class=\"Apple-converted-space\">&nbsp;<\/span>Ao\u00fbt et<span class=\"Apple-converted-space\">&nbsp;<\/span>Est collect\u00e9<span class=\"Apple-converted-space\">&nbsp;<\/span>dans la m\u00eame p\u00e9riode.<span class=\"Apple-converted-space\">&nbsp;<\/span>Utilis\u00e9 en pharmacie, cuisine,<span class=\"Apple-converted-space\">&nbsp;<\/span>et<span class=\"Apple-converted-space\">&nbsp;<\/span>parfumerie.<\/span> <span lang=\"EN\">Il a<span class=\"Apple-converted-space\">&nbsp;<\/span>propri\u00e9t\u00e9s similaires<span class=\"Apple-converted-space\">&nbsp;<\/span>avec<span class=\"Apple-converted-space\">&nbsp;<\/span>thym<span class=\"Apple-converted-space\">&nbsp;<\/span>et<span class=\"Apple-converted-space\">&nbsp;<\/span>des temps anciens<span class=\"Apple-converted-space\">&nbsp;<\/span>\u00e7a a \u00e9t\u00e9 utilis\u00e9<span class=\"Apple-converted-space\">&nbsp;<\/span>dans de nombreux<span class=\"Apple-converted-space\">&nbsp;<\/span>cas<span class=\"Apple-converted-space\">&nbsp;<\/span>de nerf<span class=\"Apple-converted-space\">&nbsp;<\/span>troubles,<span class=\"Apple-converted-space\">&nbsp;<\/span>id\u00e9al pour le traitement<span class=\"Apple-converted-space\">&nbsp;<\/span>des rhumes.<\/span><\/p>\n<p><a href=\"http:\/\/patsosescape.com\/newsite\/wp-content\/uploads\/2015\/02\/61.jpg\"><img loading=\"lazy\" decoding=\"async\" class=\"alignnone size-full wp-image-677\" src=\"http:\/\/patsosescape.com\/newsite\/wp-content\/uploads\/2015\/02\/61.jpg\" alt=\"\u039c\u0391\u03a4\u0396\u039f\u03a5\u03a1\u0391\u039d\u0391\" width=\"194\" height=\"259\" srcset=\"https:\/\/patsosescape.com\/wp-content\/uploads\/2015\/02\/61.jpg 194w, https:\/\/patsosescape.com\/wp-content\/uploads\/2015\/02\/61-146x195.jpg 146w\" sizes=\"auto, (max-width: 194px) 100vw, 194px\" \/><\/a><\/p>\n<p><span lang=\"EN\">Outre ce qui pr\u00e9c\u00e8de<\/span><span lang=\"EN\">, il y a<span class=\"Apple-converted-space\">&nbsp;<\/span>beaucoup d&#039;herbes<span class=\"Apple-converted-space\">&nbsp;<\/span>qui prosp\u00e8rent<span class=\"Apple-converted-space\">&nbsp;<\/span><\/span><span lang=\"EN-US\">\u00e0 Patsos<\/span>.<\/p>","protected":false},"excerpt":{"rendered":"<p>The nature of Patsos, except the&nbsp;&nbsp;wild beauty, the natural springs and cultural heritage&nbsp;&nbsp;is also a big pharmacy. Its flora hides the secrets of&nbsp;&nbsp;beauty and health. The secret of health and beauty is well hidden in herbs, native plants&nbsp;particularly those that grow in mountains and used as medicines for various diseases. In Patsos nature thrive herbs crowd, such dictamus, sage, thyme, camomile, and much more, used for the preparation of tasty and traditional dishes and for their healing properties. We present some of them: DIKTAMOS The&nbsp;diktamo&nbsp;(the&nbsp;erontas =love)&nbsp;&nbsp;is&nbsp;a&nbsp;native plant&nbsp;that is found&nbsp;in Crete&nbsp;and&hellip; <a class=\"read-more-link\" href=\"https:\/\/patsosescape.com\/fr\/herbs\/\">Lire la suite<\/a><\/p>","protected":false},"author":3,"featured_media":0,"parent":0,"menu_order":8,"comment_status":"closed","ping_status":"closed","template":"","meta":{"ngg_post_thumbnail":0,"_glsr_average":0,"_glsr_ranking":0,"_glsr_reviews":0,"footnotes":""},"class_list":["post-773","page","type-page","status-publish","hentry"],"aioseo_notices":[],"_links":{"self":[{"href":"https:\/\/patsosescape.com\/fr\/wp-json\/wp\/v2\/pages\/773","targetHints":{"allow":["GET"]}}],"collection":[{"href":"https:\/\/patsosescape.com\/fr\/wp-json\/wp\/v2\/pages"}],"about":[{"href":"https:\/\/patsosescape.com\/fr\/wp-json\/wp\/v2\/types\/page"}],"author":[{"embeddable":true,"href":"https:\/\/patsosescape.com\/fr\/wp-json\/wp\/v2\/users\/3"}],"replies":[{"embeddable":true,"href":"https:\/\/patsosescape.com\/fr\/wp-json\/wp\/v2\/comments?post=773"}],"version-history":[{"count":0,"href":"https:\/\/patsosescape.com\/fr\/wp-json\/wp\/v2\/pages\/773\/revisions"}],"wp:attachment":[{"href":"https:\/\/patsosescape.com\/fr\/wp-json\/wp\/v2\/media?parent=773"}],"curies":[{"name":"wp","href":"https:\/\/api.w.org\/{rel}","templated":true}]}}