{"id":789,"date":"2015-02-26T01:27:19","date_gmt":"2015-02-25T23:27:19","guid":{"rendered":"http:\/\/patsosescape.com\/newsite\/?page_id=789"},"modified":"2018-03-29T12:00:45","modified_gmt":"2018-03-29T09:00:45","slug":"coffeehouse","status":"publish","type":"page","link":"https:\/\/patsosescape.com\/fr\/coffeehouse\/","title":{"rendered":"Petite taverne traditionnelle"},"content":{"rendered":"<blockquote>\n<p style=\"text-align: center;\"><strong>&nbsp;<\/strong><\/p>\n<p style=\"text-align: center;\">&nbsp;<\/p>\n<\/blockquote>\n<p>le<span class=\"Apple-converted-space\">&nbsp;<\/span>la taverne traditionnelle \u00abPATSOS\u00bb est situ\u00e9e<span class=\"Apple-converted-space\">&nbsp;<\/span>au centre du village<span class=\"Apple-converted-space\">&nbsp;<\/span>et il fonctionne depuis<span class=\"Apple-converted-space\">&nbsp;<\/span>1933. Son histoire<span class=\"Apple-converted-space\">&nbsp;<\/span><span class=\"Apple-converted-space\"> est directement li\u00e9 \u00e0<\/span> les<span class=\"Apple-converted-space\">&nbsp;<\/span>histoire du village.Synonyme de tradition, de culture, de qualit\u00e9 et d&#039;authenticit\u00e9, car il n&#039;a pas succomb\u00e9 au tourisme de masse et aux produits manufactur\u00e9s.Il a jou\u00e9 un r\u00f4le important dans la vie sociale de notre village. Il ne serait pas exag\u00e9r\u00e9 de dire que c&#039;\u00e9tait le \u00abforum\u00bb au sens ancien du mot.<span class=\"Apple-converted-space\">&nbsp;<\/span>C&#039;est l&#039;endroit<span class=\"Apple-converted-space\">&nbsp;<\/span>cette<span class=\"Apple-converted-space\">&nbsp;<\/span>vous appr\u00e9cierez le<span class=\"Apple-converted-space\">&nbsp;<\/span>splendide traditionnel<span class=\"Apple-converted-space\">&nbsp;<\/span>cuit<span class=\"Apple-converted-space\">&nbsp;<\/span>repas,<span class=\"Apple-converted-space\">&nbsp;<\/span>ton caf\u00e9, ton<span class=\"Apple-converted-space\">&nbsp;<\/span>fait maison<span class=\"Apple-converted-space\">&nbsp;<\/span>petit-d\u00e9jeuner,<span class=\"Apple-converted-space\">&nbsp;<\/span>raki<span class=\"Apple-converted-space\">&nbsp;<\/span>ou du vin.<span class=\"Apple-converted-space\">&nbsp;<\/span>le<span class=\"Apple-converted-space\">&nbsp;<\/span>rustique<span class=\"Apple-converted-space\">&nbsp;<\/span>recettes<span class=\"Apple-converted-space\">&nbsp;<\/span>avec<span class=\"Apple-converted-space\">&nbsp;<\/span>ingr\u00e9dients locaux<span class=\"Apple-converted-space\">&nbsp;<\/span>et viandes<span class=\"Apple-converted-space\">&nbsp;<\/span>dans tous les aliments<span class=\"Apple-converted-space\">&nbsp;<\/span>volont\u00e9<span class=\"Apple-converted-space\">&nbsp;<\/span>\u00eatre inoubliable.<span class=\"Apple-converted-space\">&nbsp;<\/span>Et tout \u00e7a<span class=\"Apple-converted-space\">&nbsp;<\/span>dans un environnement idyllique qui<span class=\"Apple-converted-space\">&nbsp;<\/span>sons et<span class=\"Apple-converted-space\">&nbsp;<\/span>beaut\u00e9<span class=\"Apple-converted-space\">&nbsp;<\/span>de nature.<span class=\"Apple-converted-space\">&nbsp;<\/span>Situ\u00e9<span class=\"Apple-converted-space\">&nbsp;<\/span>sur la place principale<span class=\"Apple-converted-space\">&nbsp;<\/span>du village,<span class=\"Apple-converted-space\">&nbsp;<\/span>\u00e0 c\u00f4t\u00e9 de la<span class=\"Apple-converted-space\">&nbsp;<\/span>frais,<span class=\"Apple-converted-space\">&nbsp;<\/span>eaux claires<span class=\"Apple-converted-space\">&nbsp;<\/span>du naturel<span class=\"Apple-converted-space\">&nbsp;<\/span>source et<span class=\"Apple-converted-space\">&nbsp;<\/span>l&#039;ombre des vieux platanes, qui est le<span class=\"Apple-converted-space\">&nbsp;<\/span>r\u00e9f\u00e9rence<span class=\"Apple-converted-space\">&nbsp;<\/span>point<span class=\"Apple-converted-space\">&nbsp;<\/span>et<span class=\"Apple-converted-space\">&nbsp;<\/span>la marque<span class=\"Apple-converted-space\">&nbsp;<\/span>du village. Madame.<span class=\"Apple-converted-space\">&nbsp;<\/span>Maria<span class=\"Apple-converted-space\">&nbsp;<\/span>continue \u00e0<span class=\"Apple-converted-space\">&nbsp;<\/span>op\u00e9rer et<span class=\"Apple-converted-space\">&nbsp;<\/span>garder<span class=\"Apple-converted-space\">&nbsp;<\/span>la tradition,<span class=\"Apple-converted-space\">&nbsp;<\/span>elle a appris<span class=\"Apple-converted-space\">&nbsp;<\/span>comme un enfant. Elle est<span class=\"Apple-converted-space\">&nbsp;<\/span>votre personne,<span class=\"Apple-converted-space\">&nbsp;<\/span>pas seulement<span class=\"Apple-converted-space\">&nbsp;<\/span>pour<span class=\"Apple-converted-space\">&nbsp;<\/span>Il fait chaud<span class=\"Apple-converted-space\">&nbsp;<\/span>hospitalit\u00e9<span class=\"Apple-converted-space\">&nbsp;<\/span>et traditionnel<span class=\"Apple-converted-space\">&nbsp;<\/span>plats, mais aussi pour information<span class=\"Apple-converted-space\">&nbsp;<\/span>qui te donnera<span class=\"Apple-converted-space\">&nbsp;<\/span>La taverne dispose d&#039;une connexion Wi-Fi gratuite et d&#039;un guide exp\u00e9riment\u00e9 qui parle tr\u00e8s bien l&#039;anglais, ce qui, combin\u00e9 \u00e0 son vif int\u00e9r\u00eat et \u00e0 sa connaissance des \u00e9v\u00e9nements historiques et culturels, \u00e0 son grand amour et \u00e0 son exp\u00e9rience de la randonn\u00e9e et de la nature en g\u00e9n\u00e9ral, pourrait \u00eatre pr\u00e9cieux services, en ce qui concerne un briefing approfondi sur la culture, la tradition et l&#039;histoire du village, ainsi que dans un guide s\u00e9curis\u00e9<\/p>\n<p>Dans ce<span class=\"Apple-converted-space\">&nbsp;<\/span>coffehouse sont partis<span class=\"Apple-converted-space\">&nbsp;<\/span>leur marque<span class=\"Apple-converted-space\">&nbsp;<\/span>personnalit\u00e9s<span class=\"Apple-converted-space\">&nbsp;<\/span>d&#039;esprit,<span class=\"Apple-converted-space\">&nbsp;<\/span>action et<span class=\"Apple-converted-space\">&nbsp;<\/span>cr\u00e9ation,<span class=\"Apple-converted-space\">&nbsp;<\/span>lequel<span class=\"Apple-converted-space\">&nbsp;<\/span>est le principal<span class=\"Apple-converted-space\">&nbsp;<\/span>raison de la<span class=\"Apple-converted-space\">&nbsp;<\/span>la diversit\u00e9<span class=\"Apple-converted-space\">&nbsp;<\/span>de son caract\u00e8re unique<span class=\"Apple-converted-space\">&nbsp;<\/span>\u00e0 ce jour. Appr\u00e9ciant la pr\u00e9cieuse contribution<span class=\"Apple-converted-space\">&nbsp;<\/span>et<span class=\"Apple-converted-space\">&nbsp;<\/span>h\u00e9ritage, en signe d&#039;honneur<span class=\"Apple-converted-space\">&nbsp;<\/span>et gratitude,<span class=\"Apple-converted-space\">&nbsp;<\/span>nous pr\u00e9sentons<span class=\"Apple-converted-space\">&nbsp;<\/span>Photos<span class=\"Apple-converted-space\">&nbsp;<\/span>de simple<span class=\"Apple-converted-space\">&nbsp;<\/span>vie courante<span class=\"Apple-converted-space\">&nbsp;<\/span>dedans,<span class=\"Apple-converted-space\">&nbsp;<\/span>inspir\u00e9 par<span class=\"Apple-converted-space\">&nbsp;<\/span>eux<\/p>\n<div id='gallery-1' class='gallery galleryid-789 gallery-columns-5 gallery-size-thumbnail'><dl class='gallery-item'>\n\t\t\t<dt class='gallery-icon landscape'>\n\t\t\t\t<a href='https:\/\/patsosescape.com\/wp-content\/uploads\/2015\/02\/12.png'><img loading=\"lazy\" decoding=\"async\" width=\"218\" height=\"160\" src=\"https:\/\/patsosescape.com\/wp-content\/uploads\/2015\/02\/12-218x160.png\" class=\"attachment-thumbnail size-thumbnail\" alt=\"\" aria-describedby=\"gallery-1-898\" \/><\/a>\n\t\t\t<\/dt>\n\t\t\t\t<dd class='wp-caption-text gallery-caption' id='gallery-1-898'>\n\t\t\t\tAncienne f\u00eate traditionnelle \u00e0 l&#039;ext\u00e9rieur du caf\u00e9. Le premier \u00e0 droite est le fondateur du caf\u00e9 Vasilis Michalakis (Chantrovasilis). In laouto Titus Alexakis.\n\t\t\t\t<\/dd><\/dl><dl class='gallery-item'>\n\t\t\t<dt class='gallery-icon landscape'>\n\t\t\t\t<a href='https:\/\/patsosescape.com\/wp-content\/uploads\/2015\/02\/212.jpg'><img loading=\"lazy\" decoding=\"async\" width=\"218\" height=\"160\" src=\"https:\/\/patsosescape.com\/wp-content\/uploads\/2015\/02\/212-218x160.jpg\" class=\"attachment-thumbnail size-thumbnail\" alt=\"\" aria-describedby=\"gallery-1-895\" \/><\/a>\n\t\t\t<\/dt>\n\t\t\t\t<dd class='wp-caption-text gallery-caption' id='gallery-1-895'>\n\t\t\t\tDe gauche \u00e0 droite: Maria Psycharaki, Stratis Psycharakis (le mari de Marie), Napol\u00e9on Koumendakis.\n\t\t\t\t<\/dd><\/dl><dl class='gallery-item'>\n\t\t\t<dt class='gallery-icon landscape'>\n\t\t\t\t<a href='https:\/\/patsosescape.com\/wp-content\/uploads\/2015\/02\/39.jpg'><img loading=\"lazy\" decoding=\"async\" width=\"218\" height=\"160\" src=\"https:\/\/patsosescape.com\/wp-content\/uploads\/2015\/02\/39-218x160.jpg\" class=\"attachment-thumbnail size-thumbnail\" alt=\"\" aria-describedby=\"gallery-1-896\" \/><\/a>\n\t\t\t<\/dt>\n\t\t\t\t<dd class='wp-caption-text gallery-caption' id='gallery-1-896'>\n\t\t\t\tDe droite \u00e0 gauche: George Tzourmpakis, Pantinakis George Matthew, Vassilis Michalakis, Dimitrios Pattakos, Psycharokostas.\n\t\t\t\t<\/dd><\/dl><dl class='gallery-item'>\n\t\t\t<dt class='gallery-icon landscape'>\n\t\t\t\t<a href='https:\/\/patsosescape.com\/wp-content\/uploads\/2015\/02\/44.png'><img loading=\"lazy\" decoding=\"async\" width=\"218\" height=\"160\" src=\"https:\/\/patsosescape.com\/wp-content\/uploads\/2015\/02\/44-218x160.png\" class=\"attachment-thumbnail size-thumbnail\" alt=\"\" aria-describedby=\"gallery-1-899\" srcset=\"https:\/\/patsosescape.com\/wp-content\/uploads\/2015\/02\/44-218x160.png 218w, https:\/\/patsosescape.com\/wp-content\/uploads\/2015\/02\/44-300x219.png 300w, https:\/\/patsosescape.com\/wp-content\/uploads\/2015\/02\/44-195x142.png 195w, https:\/\/patsosescape.com\/wp-content\/uploads\/2015\/02\/44.png 607w\" sizes=\"auto, (max-width: 218px) 100vw, 218px\" \/><\/a>\n\t\t\t<\/dt>\n\t\t\t\t<dd class='wp-caption-text gallery-caption' id='gallery-1-899'>\n\t\t\t\tCaf\u00e9 Psycharaki Stratis. De gauche \u00e0 droite: Maria Psycharaki, Michael Vasilis (Chantrovasilis), Joseph Vavourakis, Stratis Akoumianakis, Socrates Psycharakis, Alekos Alexakis, Emmanuel Tsiledakis.\n\t\t\t\t<\/dd><\/dl><dl class='gallery-item'>\n\t\t\t<dt class='gallery-icon landscape'>\n\t\t\t\t<a href='https:\/\/patsosescape.com\/wp-content\/uploads\/2015\/02\/53.jpg'><img loading=\"lazy\" decoding=\"async\" width=\"218\" height=\"160\" src=\"https:\/\/patsosescape.com\/wp-content\/uploads\/2015\/02\/53-218x160.jpg\" class=\"attachment-thumbnail size-thumbnail\" alt=\"\" aria-describedby=\"gallery-1-897\" \/><\/a>\n\t\t\t<\/dt>\n\t\t\t\t<dd class='wp-caption-text gallery-caption' id='gallery-1-897'>\n\t\t\t\tDe gauche \u00e0 droite: Stratis Psycharakis, George Pantinakis, Socrates Psycharakis, Savvakis Constantinos.\n\t\t\t\t<\/dd><\/dl><br style=\"clear: both\" \/>\n\t\t<\/div>\n\n<div class=\"themeblvd-video-wrapper\">\n<div class=\"video-inner\"><iframe loading=\"lazy\" width=\"940\" height=\"705\" src=\"http:\/\/www.youtube.com\/embed\/EIsbb7XGPzo?feature=oembed&#038;wmode=transparent\" frameborder=\"0\" allowfullscreen><\/iframe><\/div>\n<\/div>","protected":false},"excerpt":{"rendered":"<p>&nbsp; &nbsp; La taverne traditionnelle \u00abPATSOS\u00bb est situ\u00e9e au centre du village et elle fonctionne depuis 1933. Son histoire est directement li\u00e9e \u00e0 l&#039;histoire du village.Synonyme de tradition, culture, qualit\u00e9 et authenticit\u00e9, car elle n&#039;a pas succomb\u00e9 au tourisme de masse et produits manufactur\u00e9s, il a jou\u00e9 un r\u00f4le important dans la vie sociale de notre village. Il ne serait pas exag\u00e9r\u00e9 de dire que c&#039;\u00e9tait le \u00abforum\u00bb au sens ancien du mot. C&#039;est l&#039;endroit o\u00f9 vous d\u00e9gusterez les splendides plats cuisin\u00e9s traditionnels, votre caf\u00e9, votre petit-d\u00e9jeuner maison, raki ou vin. Les recettes rustiques avec des ingr\u00e9dients locaux et des viandes dans tous les aliments seront inoubliables. Et tout cela en\u2026 <a class=\"read-more-link\" href=\"https:\/\/patsosescape.com\/fr\/coffeehouse\/\">Lire la suite<\/a><\/p>","protected":false},"author":3,"featured_media":0,"parent":0,"menu_order":11,"comment_status":"closed","ping_status":"closed","template":"","meta":{"ngg_post_thumbnail":0,"_glsr_average":0,"_glsr_ranking":0,"_glsr_reviews":0,"footnotes":""},"class_list":["post-789","page","type-page","status-publish","hentry"],"aioseo_notices":[],"_links":{"self":[{"href":"https:\/\/patsosescape.com\/fr\/wp-json\/wp\/v2\/pages\/789","targetHints":{"allow":["GET"]}}],"collection":[{"href":"https:\/\/patsosescape.com\/fr\/wp-json\/wp\/v2\/pages"}],"about":[{"href":"https:\/\/patsosescape.com\/fr\/wp-json\/wp\/v2\/types\/page"}],"author":[{"embeddable":true,"href":"https:\/\/patsosescape.com\/fr\/wp-json\/wp\/v2\/users\/3"}],"replies":[{"embeddable":true,"href":"https:\/\/patsosescape.com\/fr\/wp-json\/wp\/v2\/comments?post=789"}],"version-history":[{"count":0,"href":"https:\/\/patsosescape.com\/fr\/wp-json\/wp\/v2\/pages\/789\/revisions"}],"wp:attachment":[{"href":"https:\/\/patsosescape.com\/fr\/wp-json\/wp\/v2\/media?parent=789"}],"curies":[{"name":"wp","href":"https:\/\/api.w.org\/{rel}","templated":true}]}}