{"id":1663,"date":"2018-03-19T22:37:37","date_gmt":"2018-03-19T20:37:37","guid":{"rendered":"http:\/\/patsosescape.com\/?page_id=1663"},"modified":"2021-04-30T17:55:56","modified_gmt":"2021-04-30T14:55:56","slug":"about-us","status":"publish","type":"page","link":"https:\/\/patsosescape.com\/it\/about-us\/","title":{"rendered":"Informazioni su Patsos Escape"},"content":{"rendered":"<h2 style=\"text-align: center;\"><img loading=\"lazy\" decoding=\"async\" class=\"aligncenter wp-image-2551 size-full\" title=\"Attivit\u00e0 all&#039;aperto a Rethymno island of Crete - Patsos Escape\" src=\"https:\/\/patsosescape.com\/wp-content\/uploads\/2021\/04\/About-Patsos-Outdoor-activities-Rethymno-Crete.jpg\" alt=\"Attivit\u00e0 all&#039;aperto a Rethymno island of Crete - Patsos Escape\" width=\"908\" height=\"488\" srcset=\"https:\/\/patsosescape.com\/wp-content\/uploads\/2021\/04\/About-Patsos-Outdoor-activities-Rethymno-Crete.jpg 908w, https:\/\/patsosescape.com\/wp-content\/uploads\/2021\/04\/About-Patsos-Outdoor-activities-Rethymno-Crete-300x161.jpg 300w, https:\/\/patsosescape.com\/wp-content\/uploads\/2021\/04\/About-Patsos-Outdoor-activities-Rethymno-Crete-768x413.jpg 768w, https:\/\/patsosescape.com\/wp-content\/uploads\/2021\/04\/About-Patsos-Outdoor-activities-Rethymno-Crete-16x9.jpg 16w, https:\/\/patsosescape.com\/wp-content\/uploads\/2021\/04\/About-Patsos-Outdoor-activities-Rethymno-Crete-620x333.jpg 620w, https:\/\/patsosescape.com\/wp-content\/uploads\/2021\/04\/About-Patsos-Outdoor-activities-Rethymno-Crete-195x105.jpg 195w, https:\/\/patsosescape.com\/wp-content\/uploads\/2021\/04\/About-Patsos-Outdoor-activities-Rethymno-Crete-542x292.jpg 542w\" sizes=\"auto, (max-width: 908px) 100vw, 908px\" \/><\/h2>\n<h1>Tutto quello che vorresti goderti in vacanza a Creta!<\/h1>\n<h2>(Cibo tradizionale, attivit\u00e0 all&#039;aperto e alloggio ecoturistico).<\/h2>\n<p>Viviamo in <strong>Patsos<\/strong>, un pittoresco e storico villaggio in <strong>Rethymnon, isola di Creta<\/strong>. Siamo la terza generazione che gestisce il piccolo <strong>taverna tradizionale &quot;Patsos&quot;<\/strong> (da <strong>1933<\/strong>). La storia e la sua tradizione, le nostre molteplici esperienze nonch\u00e9 la genuina e vivace ospitalit\u00e0 cretese che \u00e8 stata generosamente offerta ai nostri cari ospiti negli anni, ci impegnano a rendere le vostre vacanze pi\u00f9 interessanti e piacevoli, offrendovi quanto segue:<\/p>\n<ol>\n<li><a title=\"Sistemazione ecoturistica\" href=\"https:\/\/patsosescape.com\/it\/accom\/\"><strong>Sistemazione ecoturistica<\/strong><\/a> - vedi di pi\u00f9 su: <a href=\"https:\/\/patsosescape.com\/it\/accom\/\">https:\/\/patsosescape.com\/accom\/<\/a><\/li>\n<li><a title=\"Cibo tradizionale cretese\" href=\"https:\/\/patsosescape.com\/it\/traditional-cuisine\/\"><strong>Cibo tradizionale cretese<\/strong><\/a> - vedi di pi\u00f9 su: <a href=\"https:\/\/patsosescape.com\/it\/traditional-cuisine\/\">https:\/\/patsosescape.com\/traditional-cuisine\/<\/a><\/li>\n<li><a title=\"Attivit\u00e0 ed esperienze all&#039;aperto\" href=\"https:\/\/patsosescape.com\/it\/outdoor-activities\/\"><strong>Attivit\u00e0 ed esperienze all&#039;aperto<\/strong><\/a> - vedi di pi\u00f9 su: <a href=\"https:\/\/patsosescape.com\/it\/outdoor-activities\/\">https:\/\/patsosescape.com\/outdoor-activities\/<\/a><\/li>\n<\/ol>\n<p>Oltre alle attivit\u00e0 di cui sopra, la posizione vantaggiosa offre pi\u00f9 scelte sia per nuotare che per visitare siti archeologici e storici situati nel raggio di 25 km, il pi\u00f9 lungo. Questo \u00e8 molto importante perch\u00e9 risparmi tempo e denaro.<\/p>\n<p>&nbsp;<\/p>\n<p>&nbsp;<\/p>\n\n<div class=\"column grid_6\"><\/div>\n<div class=\"column grid_6 last\"><\/div><div class=\"clear\"><\/div>\n<p>&nbsp;<\/p>","protected":false},"excerpt":{"rendered":"<p>Everything you would like to enjoy on vacation on Crete! (Traditional Food, Outdoor Activities and Ecotourism Accommodation). We live in Patsos, a picturesque and historic village in Rethymnon, island of Crete. We are the third generation running the small traditional tavern &#8220;Patsos&#8221; (since 1933). The history and its tradition, our multiple experiences as well as the genuine and lively Cretan hospitality that has been generously given to our dear guests by the years, commit us to make your holidays more interesting and enjoyable, offering you the following : Ecotourism Accommodation&hellip; <a class=\"read-more-link\" href=\"https:\/\/patsosescape.com\/it\/about-us\/\">Leggi di pi\u00f9<\/a><\/p>","protected":false},"author":2,"featured_media":0,"parent":0,"menu_order":0,"comment_status":"closed","ping_status":"closed","template":"","meta":{"ngg_post_thumbnail":0,"_glsr_average":0,"_glsr_ranking":0,"_glsr_reviews":0,"footnotes":""},"class_list":["post-1663","page","type-page","status-publish","hentry"],"aioseo_notices":[],"_links":{"self":[{"href":"https:\/\/patsosescape.com\/it\/wp-json\/wp\/v2\/pages\/1663","targetHints":{"allow":["GET"]}}],"collection":[{"href":"https:\/\/patsosescape.com\/it\/wp-json\/wp\/v2\/pages"}],"about":[{"href":"https:\/\/patsosescape.com\/it\/wp-json\/wp\/v2\/types\/page"}],"author":[{"embeddable":true,"href":"https:\/\/patsosescape.com\/it\/wp-json\/wp\/v2\/users\/2"}],"replies":[{"embeddable":true,"href":"https:\/\/patsosescape.com\/it\/wp-json\/wp\/v2\/comments?post=1663"}],"version-history":[{"count":0,"href":"https:\/\/patsosescape.com\/it\/wp-json\/wp\/v2\/pages\/1663\/revisions"}],"wp:attachment":[{"href":"https:\/\/patsosescape.com\/it\/wp-json\/wp\/v2\/media?parent=1663"}],"curies":[{"name":"wp","href":"https:\/\/api.w.org\/{rel}","templated":true}]}}