{"id":1721,"date":"2018-03-22T20:19:16","date_gmt":"2018-03-22T18:19:16","guid":{"rendered":"http:\/\/patsosescape.com\/?page_id=1721"},"modified":"2021-06-01T00:09:54","modified_gmt":"2021-05-31T21:09:54","slug":"hiking-routes","status":"publish","type":"page","link":"https:\/\/patsosescape.com\/it\/hiking-routes\/","title":{"rendered":"Itinerari escursionistici nella provincia di Rethymno, CRETA"},"content":{"rendered":"<h1><strong><u>ESCURSIONISMO<\/u><\/strong> <strong><u>ISTRUZIONI (area di Patsos, Amari, Rethymno)<br \/><\/u><\/strong><\/h1>\n<p>Vi diamo il benvenuto al villaggio storico e pittoresco di <strong>Patsos<\/strong> e vi auguro un piacevole soggiorno. Ti promettiamo che godrai di un ambiente familiare che ti far\u00e0 sentire come a casa. Mentre sei a Patsos non perdere l&#039;opportunit\u00e0 di esplorare il <strong>bellezza naturale incontaminata e senza pari<\/strong> godendone alcuni <strong>attivit\u00e0 all&#039;aperto<\/strong>.<\/p>\n<p>Di seguito presentiamo alcune indicazioni e informazioni utili in merito <strong>tre (3) percorsi escursionistici<\/strong>. Per tutti e tre (3) i percorsi puoi vedere:<\/p>\n<p>- Una breve descrizione del percorso.<\/p>\n<p>- Una mappa con informazioni dettagliate su come andare<\/p>\n<p>- Qualche foto<\/p>\n<p>Se vuoi fare escursioni e goderti il sogno per tutti e tre i percorsi hai due opzioni:<\/p>\n<ul>\n<li>Puoi <strong>fare un&#039;escursione in modo indipendente<\/strong>. In questo caso, <strong>una copia della mappa (percorso escursionistico) e un&#039;app<\/strong> (per smartphone) dove viene caricato il percorso, sono disponibili (gratuitamente).<\/li>\n<li>Si possono fare escursioni guidate da un pozzo <strong>guida esperta<\/strong>, non solo per guidarvi in sicurezza ma anche per darvi maggiori informazioni di interesse storico, archeologico e culturale.<\/li>\n<\/ul>\n<p>&nbsp;<\/p>\n<p><img loading=\"lazy\" decoding=\"async\" class=\"alignnone wp-image-2981 size-full\" src=\"https:\/\/patsosescape.com\/wp-content\/uploads\/2021\/04\/hiking-trail-soros-2-w330.jpg\" alt=\"\" width=\"330\" height=\"733\" srcset=\"https:\/\/patsosescape.com\/wp-content\/uploads\/2021\/04\/hiking-trail-soros-2-w330.jpg 330w, https:\/\/patsosescape.com\/wp-content\/uploads\/2021\/04\/hiking-trail-soros-2-w330-135x300.jpg 135w, https:\/\/patsosescape.com\/wp-content\/uploads\/2021\/04\/hiking-trail-soros-2-w330-5x12.jpg 5w, https:\/\/patsosescape.com\/wp-content\/uploads\/2021\/04\/hiking-trail-soros-2-w330-88x195.jpg 88w\" sizes=\"auto, (max-width: 330px) 100vw, 330px\" \/> &nbsp;&nbsp; <img loading=\"lazy\" decoding=\"async\" class=\"alignnone wp-image-2975 size-full\" src=\"https:\/\/patsosescape.com\/wp-content\/uploads\/2021\/04\/hiking-trail-agios-antonios-gorge-5-w330.jpg\" alt=\"\" width=\"330\" height=\"733\" srcset=\"https:\/\/patsosescape.com\/wp-content\/uploads\/2021\/04\/hiking-trail-agios-antonios-gorge-5-w330.jpg 330w, https:\/\/patsosescape.com\/wp-content\/uploads\/2021\/04\/hiking-trail-agios-antonios-gorge-5-w330-135x300.jpg 135w, https:\/\/patsosescape.com\/wp-content\/uploads\/2021\/04\/hiking-trail-agios-antonios-gorge-5-w330-5x12.jpg 5w, https:\/\/patsosescape.com\/wp-content\/uploads\/2021\/04\/hiking-trail-agios-antonios-gorge-5-w330-88x195.jpg 88w\" sizes=\"auto, (max-width: 330px) 100vw, 330px\" \/><\/p>\n<p><strong><u>Inoltre:<\/u><\/strong><\/p>\n<ul>\n<li>Tutti e tre i percorsi partono dallo stesso punto. Sono le acque fresche della fontana del paese e l&#039;ombra fitta del platano perenne situato accanto a piccoli tradizionali <strong>taverna &quot;PATSOS&quot;<\/strong>.<\/li>\n<li>Alla fine di ogni percorso \u00e8 possibile rientrare in macchina purch\u00e9 preventivamente concordato.<\/li>\n<li>I percorsi sono adatti ad escursionisti medi. Avrete bisogno di calzature solide, poich\u00e9 i sentieri a volte sono pietrosi.<\/li>\n<li>Ogni stagione ha il suo fascino, ma il periodo migliore per passeggiare \u00e8 la primavera. Le colline sono di un verde brillante e ricoperte di fiori di ogni colore. Nei periodi estivi \u00e8 consigliabile partire presto, in modo da camminare prima della parte pi\u00f9 calda della giornata.<\/li>\n<li>Porta con te molta acqua. Indossare pantaloni lunghi e comodi e scarponcini da trekking.<\/li>\n<\/ul>\n<p><strong><u>PS<\/u><\/strong><strong><u>:<\/u><\/strong> A parte i tre percorsi, ci sono <strong>molti altri percorsi belli<\/strong> intorno al villaggio che vestito <strong>tutti i livelli di fitness ed esperienze di escursionismo \/ arrampicata<\/strong> e possono essere organizzati in loco.<\/p>\n<p>&nbsp;<\/p>\n<figure class=\"wp-block-gallery columns-0 is-cropped wp-block-gallery-1 is-layout-flex wp-block-gallery-is-layout-flex\">\n<ul class=\"blocks-gallery-grid\"><\/ul>\n<\/figure>\n<\/p>\n<h3 class=\"wp-block-heading\"><strong><a href=\"\/it\/outdoor-activities\/\">Le migliori attivit\u00e0 e tour all&#039;aperto a Rethymno, Creta<\/a><\/strong><\/h3>\n<ul class=\"wp-block-list\">\n<li><a>Escursioni \/ Trekking a Rethymno CRETA (Patsos Gorge \/ AMARI)&nbsp;<\/a>\n<ul>\n<li><a href=\"\/it\/hiking-routes\/\">Istruzioni escursionistiche per il trekking nell&#039;area di Patsos (Rethymno Creta)<\/a><\/li>\n<li><a href=\"\/it\/hiking-to-the-gorge-of-patsos\/\">Escursione alla gola di Patsos (PERCORSO N\u03bf 1)<\/a><\/li>\n<li><a href=\"\/it\/hiking-soros-mountain-rethymnon-crete\/\">Escursione al monte Soros Patsos (PERCORSO N\u03bf 2)<\/a><\/li>\n<li><a href=\"\/it\/hiking-harakas-amari-rethymnon\/\">Escursione a Harakas a Patsos (PERCORSO N\u03bf 3)<\/a><\/li>\n<\/ul>\n<\/li>\n<\/ul>\n<ul class=\"wp-block-list\">\n<li><a href=\"\/it\/biking\/\">Escursioni in bicicletta \/ in bicicletta a Rethymno CRETA - area di Patsos (AMARI)<\/a><\/li>\n<li><a href=\"\/it\/climbing-routes-patsos-gorge\/\">Arrampicata su roccia nella gola di Patsos in Amari Rethymno CRETA<\/a><\/li>\n<\/ul>","protected":false},"excerpt":{"rendered":"<p>HIKING INSTRUCTIONS (Patsos area, Amari, Rethymno) We welcome you to historic and picturesque village of Patsos and wish you a pleasant stay. We promise that you will enjoy a family setting that makes you feel like home. While you are in Patsos don&#8217;t miss the opportunity to explore the unspoiled and unparalleled natural beauty by enjoying some outdoor activities. Here we present some directions and useful information about three (3) hiking routes. For all three (3) routes you can see: &#8211; A short description of the route. &#8211; A map&hellip; <a class=\"read-more-link\" href=\"https:\/\/patsosescape.com\/it\/hiking-routes\/\">Leggi di pi\u00f9<\/a><\/p>","protected":false},"author":2,"featured_media":0,"parent":0,"menu_order":0,"comment_status":"closed","ping_status":"closed","template":"","meta":{"ngg_post_thumbnail":0,"_glsr_average":0,"_glsr_ranking":0,"_glsr_reviews":0,"footnotes":""},"class_list":["post-1721","page","type-page","status-publish","hentry"],"aioseo_notices":[],"_links":{"self":[{"href":"https:\/\/patsosescape.com\/it\/wp-json\/wp\/v2\/pages\/1721","targetHints":{"allow":["GET"]}}],"collection":[{"href":"https:\/\/patsosescape.com\/it\/wp-json\/wp\/v2\/pages"}],"about":[{"href":"https:\/\/patsosescape.com\/it\/wp-json\/wp\/v2\/types\/page"}],"author":[{"embeddable":true,"href":"https:\/\/patsosescape.com\/it\/wp-json\/wp\/v2\/users\/2"}],"replies":[{"embeddable":true,"href":"https:\/\/patsosescape.com\/it\/wp-json\/wp\/v2\/comments?post=1721"}],"version-history":[{"count":0,"href":"https:\/\/patsosescape.com\/it\/wp-json\/wp\/v2\/pages\/1721\/revisions"}],"wp:attachment":[{"href":"https:\/\/patsosescape.com\/it\/wp-json\/wp\/v2\/media?parent=1721"}],"curies":[{"name":"wp","href":"https:\/\/api.w.org\/{rel}","templated":true}]}}