{"id":1799,"date":"2018-03-28T22:04:58","date_gmt":"2018-03-28T19:04:58","guid":{"rendered":"http:\/\/patsosescape.com\/?page_id=1799"},"modified":"2021-04-30T17:01:56","modified_gmt":"2021-04-30T14:01:56","slug":"services","status":"publish","type":"page","link":"https:\/\/patsosescape.com\/it\/services\/","title":{"rendered":"Servizi"},"content":{"rendered":"<h1><strong>Visite guidate - PATSOS, AMARI, RETHYMNO (Creta)<br \/>\n<\/strong><\/h1>\n<p>Possiamo organizzare <strong>Visita guidata<\/strong> o altro <strong>Attivit\u00e0 guidate<\/strong> per gruppi o singoli. Vedi i nostri tour di esempio di seguito.<br \/>\n<strong>Tour ed esperienze su misura e personalizzati<\/strong> nella straordinaria area di <strong>PATSOS, AMARI, RETHYMNO (Creta)<\/strong> pu\u00f2 essere organizzato, contattaci e facci sapere le tue preferenze e possiamo discutere e preparare un&#039;attivit\u00e0 su misura, l&#039;attivit\u00e0 all&#039;aperto ideale a Rethymno Creta per te!<\/p>\n<p>&nbsp;<a href=\"https:\/\/patsosescape.com\/wp-content\/uploads\/2019\/01\/patsos-tour-01l.jpg\" rel=\"noopener\"><img loading=\"lazy\" decoding=\"async\" class=\"aligncenter size-full wp-image-1977\" src=\"https:\/\/patsosescape.com\/wp-content\/uploads\/2019\/01\/patsos-tour-01s.jpg\" alt=\"\" width=\"240\" height=\"339\" srcset=\"https:\/\/patsosescape.com\/wp-content\/uploads\/2019\/01\/patsos-tour-01s.jpg 240w, https:\/\/patsosescape.com\/wp-content\/uploads\/2019\/01\/patsos-tour-01s-212x300.jpg 212w, https:\/\/patsosescape.com\/wp-content\/uploads\/2019\/01\/patsos-tour-01s-138x195.jpg 138w\" sizes=\"auto, (max-width: 240px) 100vw, 240px\" \/><\/a><\/p>\n<p><a title=\"Attivit\u00e0 all&#039;aperto e tour di esperienze per l&#039;area di Patsos, Rethymno CRETA\" href=\"https:\/\/patsosescape.com\/wp-content\/uploads\/2021\/04\/00-tour-guide-patsos-rethymno-crete.pdf\"><strong>CLICCA qui (o l&#039;immagine sotto) per scaricare le nostre attivit\u00e0 all&#039;aperto e tour di esperienze per l&#039;area di Patsos, Rethymno CRETA<\/strong><\/a><\/p>\n<p><a title=\"Attivit\u00e0 all&#039;aperto e tour di esperienze per l&#039;area di Patsos, Rethymno CRETA\" href=\"https:\/\/patsosescape.com\/wp-content\/uploads\/2021\/04\/00-tour-guide-patsos-rethymno-crete.pdf\" target=\"_blank\" rel=\"noopener\"><img loading=\"lazy\" decoding=\"async\" class=\"wp-image-2651 size-full aligncenter\" src=\"https:\/\/patsosescape.com\/wp-content\/uploads\/2021\/04\/00-tour-guide-patsos-rethymno-crete.jpg\" alt=\"\" width=\"561\" height=\"749\" srcset=\"https:\/\/patsosescape.com\/wp-content\/uploads\/2021\/04\/00-tour-guide-patsos-rethymno-crete.jpg 561w, https:\/\/patsosescape.com\/wp-content\/uploads\/2021\/04\/00-tour-guide-patsos-rethymno-crete-225x300.jpg 225w, https:\/\/patsosescape.com\/wp-content\/uploads\/2021\/04\/00-tour-guide-patsos-rethymno-crete-9x12.jpg 9w, https:\/\/patsosescape.com\/wp-content\/uploads\/2021\/04\/00-tour-guide-patsos-rethymno-crete-146x195.jpg 146w\" sizes=\"auto, (max-width: 561px) 100vw, 561px\" \/><\/a><\/p>\n<h3><strong>Le migliori attivit\u00e0 e tour all&#039;aperto a Rethymno, Creta<\/strong><\/h3>\n<ul>\n<li id=\"menu-item-2815\" class=\"menu-item menu-item-type-custom menu-item-object-custom menu-item-has-children menu-item-2815 sfHover\"><a class=\"sf-with-ul\">Escursioni \/ Trekking a Rethymno CRETA (Patsos Gorge \/ AMARI)&nbsp; <\/a>\n<ul class=\"sub-menu\">\n<li id=\"menu-item-2793\" class=\"menu-item menu-item-type-post_type menu-item-object-page menu-item-2793\"><a href=\"https:\/\/patsosescape.com\/it\/hiking-routes\/\">Istruzioni escursionistiche per il trekking nell&#039;area di Patsos (Rethymno Creta)<\/a><\/li>\n<li><a title=\"Escursione alla gola di Patsos (PERCORSO N\u03bf 1)\" href=\"\/it\/hiking-to-the-gorge-of-patsos\/\">Escursione alla gola di Patsos (PERCORSO N\u03bf 1)<\/a><\/li>\n<li id=\"menu-item-2762\" class=\"menu-item menu-item-type-post_type menu-item-object-page menu-item-2762\"><a href=\"https:\/\/patsosescape.com\/it\/hiking-soros-mountain-rethymnon-crete\/\">Escursione al monte Soros Patsos (PERCORSO N\u03bf 2)<\/a><\/li>\n<li id=\"menu-item-2761\" class=\"menu-item menu-item-type-post_type menu-item-object-page menu-item-2761\"><a href=\"https:\/\/patsosescape.com\/it\/hiking-harakas-amari-rethymnon\/\">Escursione a Harakas a Patsos (PERCORSO N\u03bf 3)<\/a><\/li>\n<\/ul>\n<\/li>\n<\/ul>\n<ul class=\"sub-menu\">\n<li id=\"menu-item-1564\" class=\"menu-item menu-item-type-post_type menu-item-object-page menu-item-1564\"><a href=\"https:\/\/patsosescape.com\/it\/biking\/\">Escursioni in bicicletta \/ in bicicletta a Rethymno CRETA - area di Patsos (AMARI)<\/a><\/li>\n<li id=\"menu-item-1330\" class=\"menu-item menu-item-type-post_type menu-item-object-page menu-item-1330\"><a href=\"https:\/\/patsosescape.com\/it\/climbing-routes-patsos-gorge\/\">Arrampicata su roccia nella gola di Patsos in Amari Rethymno CRETA<\/a><\/li>\n<\/ul>\n<p>&nbsp;<\/p>\n<h2>Menu di gruppo prestabiliti<\/h2>\n<p>Possiamo organizzare un menu di cibo per gruppi con pi\u00f9 opzioni a un prezzo fisso. Contattaci per i dettagli.<\/p>\n<p>Vedere un <a href=\"https:\/\/patsosescape.com\/wp-content\/uploads\/2019\/01\/MENUS-01.pdf\" target=\"_blank\" rel=\"noopener\">menu di esempio qui<\/a>.<\/p>\n<p>&nbsp;<\/p>\n<p>&nbsp;<\/p>\n<h2>Servizi di taxi \/ furgoni<\/h2>\n<p>Possiamo organizzare un taxi o un furgone per venirti a prendere all&#039;aeroporto o in qualsiasi altro luogo e portarti a Patsos Escape!<\/p>\n<p>&nbsp;<\/p>\n<p>&nbsp;<\/p>","protected":false},"excerpt":{"rendered":"<p>Guided Tours &#8211; PATSOS, AMARI, RETHYMNO (Crete) We can arrange for Guided Tours or other Guided Activities for groups or individuals. See our sample tours below. Tailor Made, custom tours and experiences in the amazing area of PATSOS, AMARI, RETHYMNO (Crete) can be organised, just contact us and let us know your preferences and we can discuss and prepare a tailor made, the ideal&nbsp; outdoor activity on Rethymno Crete for you! &nbsp; CLICK here (or the image below) to download our Outdoor Activities and Experience Tours for Patsos area, Rethymno&hellip; <a class=\"read-more-link\" href=\"https:\/\/patsosescape.com\/it\/services\/\">Leggi di pi\u00f9<\/a><\/p>","protected":false},"author":2,"featured_media":0,"parent":0,"menu_order":0,"comment_status":"closed","ping_status":"closed","template":"","meta":{"ngg_post_thumbnail":0,"_glsr_average":0,"_glsr_ranking":0,"_glsr_reviews":0,"footnotes":""},"class_list":["post-1799","page","type-page","status-publish","hentry"],"aioseo_notices":[],"_links":{"self":[{"href":"https:\/\/patsosescape.com\/it\/wp-json\/wp\/v2\/pages\/1799","targetHints":{"allow":["GET"]}}],"collection":[{"href":"https:\/\/patsosescape.com\/it\/wp-json\/wp\/v2\/pages"}],"about":[{"href":"https:\/\/patsosescape.com\/it\/wp-json\/wp\/v2\/types\/page"}],"author":[{"embeddable":true,"href":"https:\/\/patsosescape.com\/it\/wp-json\/wp\/v2\/users\/2"}],"replies":[{"embeddable":true,"href":"https:\/\/patsosescape.com\/it\/wp-json\/wp\/v2\/comments?post=1799"}],"version-history":[{"count":0,"href":"https:\/\/patsosescape.com\/it\/wp-json\/wp\/v2\/pages\/1799\/revisions"}],"wp:attachment":[{"href":"https:\/\/patsosescape.com\/it\/wp-json\/wp\/v2\/media?parent=1799"}],"curies":[{"name":"wp","href":"https:\/\/api.w.org\/{rel}","templated":true}]}}