{"id":2739,"date":"2021-04-27T01:56:59","date_gmt":"2021-04-26T22:56:59","guid":{"rendered":"https:\/\/patsosescape.com\/?page_id=2739"},"modified":"2021-05-10T01:22:43","modified_gmt":"2021-05-09T22:22:43","slug":"hiking-soros-mountain-rethymnon-crete","status":"publish","type":"page","link":"https:\/\/patsosescape.com\/it\/hiking-soros-mountain-rethymnon-crete\/","title":{"rendered":"Escursione al monte Soros da Patsos (Rethymnon, Creta)"},"content":{"rendered":"<hr class=\"wp-block-separator\"\/>\n<p><strong><u>PERCORSO \u00abSOROS\u00bb - N \u00b0 2<\/p>\n<p>GUARDA IL MONDO DALL&#039;ALTO - VIVI LA MASSIMA LIBERT\u00c0 E FIDUCIA IN SE STESSI<\/u><\/strong><\/p>\n<p><strong><u>LUNGHEZZA TOTALE PERCORSO 7,5km<\/u><\/strong><\/p>\n<p><strong><u>COME ARRIVARE L\u00c0<\/u><\/strong><\/p>\n<\/p>\n<p>Soros \u00e8 una montagna che domina la zona. Il percorso Soros \u00e8 un percorso perfetto, in grado di stimolare mente, cuore e corpo per l&#039;incomparabile bellezza della natura selvaggia e la continua sfida all&#039;escursionista che vuole conquistarla.<\/p>\n<p>Iniziamo seguendo lo stesso percorso \u00ab\u0397ARAKAS\u00bb fino al punto 5 di questo. Da l\u00ec si prosegue dritti fino al punto 1 - una grande cisterna d&#039;acqua del percorso -. Continuando la strada sterrata in salita la pendenza del terreno si fa ancora pi\u00f9 ripida fino al punto 2 e la bellezza della natura selvaggia ti incanta.<\/p>\n<p>&nbsp;Per pochi metri la strada \u00e8 dritta fino a raggiungere il punto 3, una vecchia casa in pietra sulla nostra sinistra. Si chiama \u00abMitato\u00bb in dialetto cretese, che significa un tempo casa di pastore che faceva il formaggio.<\/p>\n<p>Proseguiamo dritti in salita fino a raggiungere un bivio 4. Da l\u00ec svoltiamo a destra seguendo la strada sterrata in discesa fino al punto 5 dove giriamo ancora a destra per un sentiero in salita fino al punto 6 dove vediamo un serbatoio sotterraneo di acqua piovana chiamato \u00abSarnitsi\u00bb in dialetto cretese. A questo punto siamo in grado di vedere chiaramente la cima del mt. Soros. Seguendo un sentiero roccioso in direzione ovest in circa un&#039;ora raggiungiamo la vetta (1.180 m) punto 7. Tutto il percorso \u00e8 in salita tranne dal 4 al punto 5<\/p>\n<p>Un percorso pi\u00f9 impegnativo. Man mano che l&#039;altitudine \u00e8 pi\u00f9 alta, sperimentate la massima libert\u00e0 e tutti i sensi sono riempiti dalla pienezza della natura.<\/p>\n<figure class=\"wp-block-embed is-type-rich is-provider-embed-handler wp-block-embed-embed-handler wp-embed-aspect-16-9 wp-has-aspect-ratio\">\n<div class=\"wp-block-embed__wrapper\">\n<div class=\"themeblvd-video-wrapper\">\n<div class=\"video-inner\"><iframe loading=\"lazy\" title=\"SOROS Mountain - Escursionismo, Tekking, Climbing\" width=\"940\" height=\"529\" src=\"https:\/\/www.youtube.com\/embed\/4Dhit5LHMv4?feature=oembed&#038;wmode=transparent\" frameborder=\"0\" allow=\"accelerometer; autoplay; clipboard-write; encrypted-media; gyroscope; picture-in-picture\" allowfullscreen><\/iframe><\/div>\n<\/div>\n<\/div>\n<\/figure>\n<\/p>\n<\/p>\n<hr class=\"wp-block-separator\"\/>\n<figure class=\"wp-block-gallery columns-2 is-cropped wp-block-gallery-1 is-layout-flex wp-block-gallery-is-layout-flex\">\n<ul class=\"blocks-gallery-grid\">\n<li class=\"blocks-gallery-item\">\n<figure><img loading=\"lazy\" decoding=\"async\" width=\"704\" height=\"960\" src=\"https:\/\/patsosescape.com\/wp-content\/uploads\/2021\/04\/peak-soros-mountain-Rethymnon-crete.jpg\" alt=\"\" data-id=\"2811\" data-full-url=\"https:\/\/patsosescape.com\/wp-content\/uploads\/2021\/04\/peak-soros-mountain-Rethymnon-crete.jpg\" data-link=\"https:\/\/patsosescape.com\/peak-soros-mountain-rethymnon-crete\/\" class=\"wp-image-2811\" srcset=\"https:\/\/patsosescape.com\/wp-content\/uploads\/2021\/04\/peak-soros-mountain-Rethymnon-crete.jpg 704w, https:\/\/patsosescape.com\/wp-content\/uploads\/2021\/04\/peak-soros-mountain-Rethymnon-crete-220x300.jpg 220w, https:\/\/patsosescape.com\/wp-content\/uploads\/2021\/04\/peak-soros-mountain-Rethymnon-crete-9x12.jpg 9w, https:\/\/patsosescape.com\/wp-content\/uploads\/2021\/04\/peak-soros-mountain-Rethymnon-crete-620x845.jpg 620w, https:\/\/patsosescape.com\/wp-content\/uploads\/2021\/04\/peak-soros-mountain-Rethymnon-crete-143x195.jpg 143w\" sizes=\"auto, (max-width: 704px) 100vw, 704px\" \/><\/figure>\n<\/li>\n<li class=\"blocks-gallery-item\">\n<figure><img loading=\"lazy\" decoding=\"async\" width=\"500\" height=\"429\" src=\"https:\/\/patsosescape.com\/wp-content\/uploads\/2021\/04\/outdoor-activities-soros-mountain-Rethymnon-Crete-w500.jpg\" alt=\"attivit\u00e0 all&#039;aria aperta sul monte Soros a Amari Rethymnon Creta\" data-id=\"2891\" data-full-url=\"https:\/\/patsosescape.com\/wp-content\/uploads\/2021\/04\/outdoor-activities-soros-mountain-Rethymnon-Crete-w500.jpg\" data-link=\"https:\/\/patsosescape.com\/hiking-soros-mountain-rethymnon-crete\/outdoor-activities-soros-mountain-rethymnon-crete-w500\/\" class=\"wp-image-2891\" srcset=\"https:\/\/patsosescape.com\/wp-content\/uploads\/2021\/04\/outdoor-activities-soros-mountain-Rethymnon-Crete-w500.jpg 500w, https:\/\/patsosescape.com\/wp-content\/uploads\/2021\/04\/outdoor-activities-soros-mountain-Rethymnon-Crete-w500-300x257.jpg 300w, https:\/\/patsosescape.com\/wp-content\/uploads\/2021\/04\/outdoor-activities-soros-mountain-Rethymnon-Crete-w500-14x12.jpg 14w, https:\/\/patsosescape.com\/wp-content\/uploads\/2021\/04\/outdoor-activities-soros-mountain-Rethymnon-Crete-w500-195x167.jpg 195w\" sizes=\"auto, (max-width: 500px) 100vw, 500px\" \/><\/figure>\n<\/li>\n<li class=\"blocks-gallery-item\">\n<figure><img loading=\"lazy\" decoding=\"async\" width=\"720\" height=\"540\" src=\"https:\/\/patsosescape.com\/wp-content\/uploads\/2021\/04\/guided-trekking-tours-soros-Rethymnon-Crete.jpg\" alt=\"\" data-id=\"2809\" data-full-url=\"https:\/\/patsosescape.com\/wp-content\/uploads\/2021\/04\/guided-trekking-tours-soros-Rethymnon-Crete.jpg\" data-link=\"https:\/\/patsosescape.com\/guided-trekking-tours-soros-rethymnon-crete\/\" class=\"wp-image-2809\" srcset=\"https:\/\/patsosescape.com\/wp-content\/uploads\/2021\/04\/guided-trekking-tours-soros-Rethymnon-Crete.jpg 720w, https:\/\/patsosescape.com\/wp-content\/uploads\/2021\/04\/guided-trekking-tours-soros-Rethymnon-Crete-300x225.jpg 300w, https:\/\/patsosescape.com\/wp-content\/uploads\/2021\/04\/guided-trekking-tours-soros-Rethymnon-Crete-16x12.jpg 16w, https:\/\/patsosescape.com\/wp-content\/uploads\/2021\/04\/guided-trekking-tours-soros-Rethymnon-Crete-620x465.jpg 620w, https:\/\/patsosescape.com\/wp-content\/uploads\/2021\/04\/guided-trekking-tours-soros-Rethymnon-Crete-195x146.jpg 195w\" sizes=\"auto, (max-width: 720px) 100vw, 720px\" \/><\/figure>\n<\/li>\n<li class=\"blocks-gallery-item\">\n<figure><img loading=\"lazy\" decoding=\"async\" width=\"604\" height=\"453\" src=\"https:\/\/patsosescape.com\/wp-content\/uploads\/2021\/04\/climbing-Soros-mt-Rethymnon-Crete-trekking.jpg\" alt=\"\" data-id=\"2807\" data-full-url=\"https:\/\/patsosescape.com\/wp-content\/uploads\/2021\/04\/climbing-Soros-mt-Rethymnon-Crete-trekking.jpg\" data-link=\"https:\/\/patsosescape.com\/climbing-soros-mt-rethymnon-crete-trekking\/\" class=\"wp-image-2807\" srcset=\"https:\/\/patsosescape.com\/wp-content\/uploads\/2021\/04\/climbing-Soros-mt-Rethymnon-Crete-trekking.jpg 604w, https:\/\/patsosescape.com\/wp-content\/uploads\/2021\/04\/climbing-Soros-mt-Rethymnon-Crete-trekking-300x225.jpg 300w, https:\/\/patsosescape.com\/wp-content\/uploads\/2021\/04\/climbing-Soros-mt-Rethymnon-Crete-trekking-16x12.jpg 16w, https:\/\/patsosescape.com\/wp-content\/uploads\/2021\/04\/climbing-Soros-mt-Rethymnon-Crete-trekking-195x146.jpg 195w\" sizes=\"auto, (max-width: 604px) 100vw, 604px\" \/><\/figure>\n<\/li>\n<li class=\"blocks-gallery-item\">\n<figure><img loading=\"lazy\" decoding=\"async\" width=\"940\" height=\"400\" src=\"https:\/\/patsosescape.com\/wp-content\/uploads\/2021\/04\/hiking-on-crete-patsos-rethymno-w940.jpg\" alt=\"\" data-id=\"2197\" data-full-url=\"https:\/\/patsosescape.com\/wp-content\/uploads\/2021\/04\/hiking-on-crete-patsos-rethymno-w940.jpg\" data-link=\"https:\/\/patsosescape.com\/hiking-on-crete-patsos-rethymno-w940\/\" class=\"wp-image-2197\" srcset=\"https:\/\/patsosescape.com\/wp-content\/uploads\/2021\/04\/hiking-on-crete-patsos-rethymno-w940.jpg 940w, https:\/\/patsosescape.com\/wp-content\/uploads\/2021\/04\/hiking-on-crete-patsos-rethymno-w940-300x128.jpg 300w, https:\/\/patsosescape.com\/wp-content\/uploads\/2021\/04\/hiking-on-crete-patsos-rethymno-w940-768x327.jpg 768w, https:\/\/patsosescape.com\/wp-content\/uploads\/2021\/04\/hiking-on-crete-patsos-rethymno-w940-620x264.jpg 620w, https:\/\/patsosescape.com\/wp-content\/uploads\/2021\/04\/hiking-on-crete-patsos-rethymno-w940-195x83.jpg 195w\" sizes=\"auto, (max-width: 940px) 100vw, 940px\" \/><\/figure>\n<\/li>\n<\/ul>\n<\/figure>\n<h3 class=\"wp-block-heading\"><strong>Le migliori attivit\u00e0 e tour all&#039;aperto a Creta<\/strong><\/h3>\n<ul class=\"wp-block-list\">\n<li><a>Escursioni \/ Trekking a Rethymno CRETA (Patsos Gorge \/ AMARI)&nbsp;<\/a>\n<ul>\n<li><a href=\"https:\/\/patsosescape.com\/it\/hiking-routes\/\">Istruzioni escursionistiche per il trekking nell&#039;area di Patsos (Rethymno Creta)<\/a><\/li>\n<li><a href=\"\/it\/hiking-to-the-gorge-of-patsos\/\">Escursione alla gola di Patsos (PERCORSO N\u03bf 1)<\/a><\/li>\n<li><a href=\"https:\/\/patsosescape.com\/it\/hiking-soros-mountain-rethymnon-crete\/\">Escursione al monte Soros Patsos (PERCORSO N\u03bf 2)<\/a><\/li>\n<li><a href=\"https:\/\/patsosescape.com\/it\/hiking-harakas-amari-rethymnon\/\">Escursione a Harakas a Patsos (PERCORSO N\u03bf 3)<\/a><\/li>\n<\/ul>\n<\/li>\n<\/ul>\n<ul class=\"wp-block-list\">\n<li><a href=\"https:\/\/patsosescape.com\/it\/biking\/\">Escursioni in bicicletta \/ in bicicletta a Rethymno CRETA - area di Patsos (AMARI)<\/a><\/li>\n<li><a href=\"https:\/\/patsosescape.com\/it\/climbing-routes-patsos-gorge\/\">Arrampicata su roccia nella gola di Patsos in Amari Rethymno CRETA<\/a><\/li>\n<\/ul>","protected":false},"excerpt":{"rendered":"<p>PERCORSO \u00abSOROS\u00bb - N. 2 GUARDA IL MONDO DALL&#039;ALTO - VIVI LA MASSIMA LIBERT\u00c0 E FIDUCIA IN SE STESSI LUNGHEZZA TOTALE DEL PERCORSO 7,5km COME ARRIVARE Soros \u00e8 una montagna che domina l&#039;area. Il percorso Soros \u00e8 un percorso perfetto, in grado di stimolare mente, cuore e corpo per l&#039;incomparabile bellezza della natura selvaggia e la continua sfida all&#039;escursionista che vuole conquistarla. Iniziamo seguendo lo stesso percorso \u00ab\u0397ARAKAS\u00bb fino al punto 5 di questo. Da l\u00ec proseguiamo dritto fino al punto 1- ... <a class=\"read-more-link\" href=\"https:\/\/patsosescape.com\/it\/hiking-soros-mountain-rethymnon-crete\/\">Leggi di pi\u00f9<\/a><\/p>","protected":false},"author":5,"featured_media":0,"parent":0,"menu_order":0,"comment_status":"closed","ping_status":"closed","template":"","meta":{"ngg_post_thumbnail":0,"_glsr_average":0,"_glsr_ranking":0,"_glsr_reviews":0,"footnotes":""},"class_list":["post-2739","page","type-page","status-publish","hentry"],"aioseo_notices":[],"_links":{"self":[{"href":"https:\/\/patsosescape.com\/it\/wp-json\/wp\/v2\/pages\/2739","targetHints":{"allow":["GET"]}}],"collection":[{"href":"https:\/\/patsosescape.com\/it\/wp-json\/wp\/v2\/pages"}],"about":[{"href":"https:\/\/patsosescape.com\/it\/wp-json\/wp\/v2\/types\/page"}],"author":[{"embeddable":true,"href":"https:\/\/patsosescape.com\/it\/wp-json\/wp\/v2\/users\/5"}],"replies":[{"embeddable":true,"href":"https:\/\/patsosescape.com\/it\/wp-json\/wp\/v2\/comments?post=2739"}],"version-history":[{"count":0,"href":"https:\/\/patsosescape.com\/it\/wp-json\/wp\/v2\/pages\/2739\/revisions"}],"wp:attachment":[{"href":"https:\/\/patsosescape.com\/it\/wp-json\/wp\/v2\/media?parent=2739"}],"curies":[{"name":"wp","href":"https:\/\/api.w.org\/{rel}","templated":true}]}}