{"id":2768,"date":"2021-04-27T13:18:27","date_gmt":"2021-04-27T10:18:27","guid":{"rendered":"https:\/\/patsosescape.com\/?page_id=2768"},"modified":"2021-05-15T19:09:23","modified_gmt":"2021-05-15T16:09:23","slug":"who-we-are","status":"publish","type":"page","link":"https:\/\/patsosescape.com\/it\/who-we-are\/","title":{"rendered":"Chi siamo"},"content":{"rendered":"<h2 style=\"text-align: center;\"><img loading=\"lazy\" decoding=\"async\" class=\"aligncenter wp-image-2551 size-full\" title=\"Attivit\u00e0 all&#039;aperto a Rethymno island of Crete - Patsos Escape\" src=\"https:\/\/patsosescape.com\/wp-content\/uploads\/2021\/04\/About-Patsos-Outdoor-activities-Rethymno-Crete.jpg\" alt=\"Attivit\u00e0 all&#039;aperto a Rethymno island of Crete - Patsos Escape\" width=\"908\" height=\"488\" srcset=\"https:\/\/patsosescape.com\/wp-content\/uploads\/2021\/04\/About-Patsos-Outdoor-activities-Rethymno-Crete.jpg 908w, https:\/\/patsosescape.com\/wp-content\/uploads\/2021\/04\/About-Patsos-Outdoor-activities-Rethymno-Crete-300x161.jpg 300w, https:\/\/patsosescape.com\/wp-content\/uploads\/2021\/04\/About-Patsos-Outdoor-activities-Rethymno-Crete-768x413.jpg 768w, https:\/\/patsosescape.com\/wp-content\/uploads\/2021\/04\/About-Patsos-Outdoor-activities-Rethymno-Crete-16x9.jpg 16w, https:\/\/patsosescape.com\/wp-content\/uploads\/2021\/04\/About-Patsos-Outdoor-activities-Rethymno-Crete-620x333.jpg 620w, https:\/\/patsosescape.com\/wp-content\/uploads\/2021\/04\/About-Patsos-Outdoor-activities-Rethymno-Crete-195x105.jpg 195w, https:\/\/patsosescape.com\/wp-content\/uploads\/2021\/04\/About-Patsos-Outdoor-activities-Rethymno-Crete-542x292.jpg 542w\" sizes=\"auto, (max-width: 908px) 100vw, 908px\" \/><\/h2>\n<h1>Tutto quello che vorresti goderti in vacanza a Creta!<\/h1>\n<h2>(Cibo tradizionale, attivit\u00e0 all&#039;aperto e alloggio).<\/h2>\n<p>Viviamo in <strong>Patsos<\/strong>, un pittoresco e storico villaggio in <strong>Rethymnon, isola di Creta<\/strong>. Siamo la terza generazione che gestisce il piccolo <strong>taverna tradizionale &quot;Patsos&quot;<\/strong> (da <strong>1933<\/strong>). La storia e la sua tradizione, le nostre molteplici esperienze nonch\u00e9 la genuina e vivace ospitalit\u00e0 cretese che \u00e8 stata generosamente offerta ai nostri cari ospiti negli anni, ci impegnano a rendere le vostre vacanze pi\u00f9 interessanti e piacevoli, offrendovi quanto segue:<\/p>\n<ol>\n<li><strong>Sistemazione ecoturistica<\/strong> - vedi di pi\u00f9 su: <a href=\"https:\/\/patsosescape.com\/it\/accom\/\">https:\/\/patsosescape.com\/accom\/<\/a><\/li>\n<li><strong>Cibo tradizionale cretese<\/strong> - vedi di pi\u00f9 su: <a href=\"https:\/\/patsosescape.com\/it\/traditional-cuisine\/\">https:\/\/patsosescape.com\/traditional-cuisine\/<\/a><\/li>\n<li><strong>Attivit\u00e0 ed esperienze all&#039;aperto<\/strong> - vedi di pi\u00f9 su: <a href=\"https:\/\/patsosescape.com\/it\/outdoor-activities\/\">https:\/\/patsosescape.com\/outdoor-activities\/<\/a><\/li>\n<\/ol>\n<p>Oltre alle attivit\u00e0 di cui sopra, la posizione vantaggiosa offre pi\u00f9 scelte sia per nuotare che per visitare siti archeologici e storici situati nel raggio di 25 km, il pi\u00f9 lungo. Questo \u00e8 molto importante perch\u00e9 risparmi tempo e denaro.<\/p>\n<p>&nbsp;<\/p>\n<p><strong>Coordinate GPS (PATSOS - RETHYMNO - CRETE):<\/strong> 35.246829461919155, 24.57300906207306<\/p>\n<p>&nbsp;<\/p>\n<p><a title=\"Google Maps: &quot;Patsos Escape&quot; - Ecoturismo e attivit\u00e0 all&#039;aperto RETHYMNO CRETA: Taverna, alloggio, attivit\u00e0\" href=\"https:\/\/www.google.com\/maps\/place\/Patsos+Escape+-+Ecotourism+%26+Outdoor+Activities+RETHYMNO+CRETE:+Tavern,+Accommodation,+Activities\/@35.2520472,24.5274207,11z\/data=!4m5!3m4!1s0x0:0x409f36e27578c5a8!8m2!3d35.2466611!4d24.5727687?hl=en\" target=\"_blank\" rel=\"noopener\"><strong>GOOGLE MAPS - controlla: &quot;Patsos Escape&quot; - Ecoturismo e attivit\u00e0 all&#039;aperto RETHYMNO CRETA: Taverna, alloggio, attivit\u00e0<\/strong><\/a> <\/p>\n<figure class=\"wp-block-image size-large\"><a href=\"https:\/\/www.google.com\/maps\/place\/Patsos+Escape+-+Ecotourism+%26+Outdoor+Activities+RETHYMNO+CRETE:+Tavern,+Accommodation,+Activities\/@35.2520472,24.5274207,11z\/data=!4m5!3m4!1s0x0:0x409f36e27578c5a8!8m2!3d35.2466611!4d24.5727687?hl=en\" target=\"_blank\" rel=\"noopener\"><img loading=\"lazy\" decoding=\"async\" width=\"1024\" height=\"495\" src=\"https:\/\/patsosescape.com\/wp-content\/uploads\/2021\/05\/Patsos-Escape-Ecotourism-Outdoor-Activities-Rethymno-1024x495.jpg\" alt=\"\" class=\"wp-image-3281\" srcset=\"https:\/\/patsosescape.com\/wp-content\/uploads\/2021\/05\/Patsos-Escape-Ecotourism-Outdoor-Activities-Rethymno-1024x495.jpg 1024w, https:\/\/patsosescape.com\/wp-content\/uploads\/2021\/05\/Patsos-Escape-Ecotourism-Outdoor-Activities-Rethymno-300x145.jpg 300w, https:\/\/patsosescape.com\/wp-content\/uploads\/2021\/05\/Patsos-Escape-Ecotourism-Outdoor-Activities-Rethymno-768x371.jpg 768w, https:\/\/patsosescape.com\/wp-content\/uploads\/2021\/05\/Patsos-Escape-Ecotourism-Outdoor-Activities-Rethymno-1536x742.jpg 1536w, https:\/\/patsosescape.com\/wp-content\/uploads\/2021\/05\/Patsos-Escape-Ecotourism-Outdoor-Activities-Rethymno-16x8.jpg 16w, https:\/\/patsosescape.com\/wp-content\/uploads\/2021\/05\/Patsos-Escape-Ecotourism-Outdoor-Activities-Rethymno-940x454.jpg 940w, https:\/\/patsosescape.com\/wp-content\/uploads\/2021\/05\/Patsos-Escape-Ecotourism-Outdoor-Activities-Rethymno-620x300.jpg 620w, https:\/\/patsosescape.com\/wp-content\/uploads\/2021\/05\/Patsos-Escape-Ecotourism-Outdoor-Activities-Rethymno-195x94.jpg 195w, https:\/\/patsosescape.com\/wp-content\/uploads\/2021\/05\/Patsos-Escape-Ecotourism-Outdoor-Activities-Rethymno-scaled.jpg 1080w\" sizes=\"auto, (max-width: 1024px) 100vw, 1024px\" \/><\/a><\/figure><\/p>","protected":false},"excerpt":{"rendered":"<p>Tutto quello che vorresti goderti in vacanza a Creta! (Cibo tradizionale, attivit\u00e0 all&#039;aperto e alloggio). Viviamo a Patsos, un pittoresco e storico villaggio di Rethymnon, isola di Creta. Siamo la terza generazione che gestisce la piccola taverna tradizionale &quot;Patsos&quot; (dal 1933). La storia e la sua tradizione, le nostre molteplici esperienze e la genuina e vivace ospitalit\u00e0 cretese che \u00e8 stata generosamente offerta ai nostri cari ospiti negli anni, ci impegnano a rendere le vostre vacanze pi\u00f9 interessanti e piacevoli, offrendovi quanto segue: Alloggio ecoturistico - ... <a class=\"read-more-link\" href=\"https:\/\/patsosescape.com\/it\/who-we-are\/\">Leggi di pi\u00f9<\/a><\/p>","protected":false},"author":2,"featured_media":0,"parent":0,"menu_order":0,"comment_status":"closed","ping_status":"closed","template":"","meta":{"ngg_post_thumbnail":0,"_glsr_average":0,"_glsr_ranking":0,"_glsr_reviews":0,"footnotes":""},"class_list":["post-2768","page","type-page","status-publish","hentry"],"aioseo_notices":[],"_links":{"self":[{"href":"https:\/\/patsosescape.com\/it\/wp-json\/wp\/v2\/pages\/2768","targetHints":{"allow":["GET"]}}],"collection":[{"href":"https:\/\/patsosescape.com\/it\/wp-json\/wp\/v2\/pages"}],"about":[{"href":"https:\/\/patsosescape.com\/it\/wp-json\/wp\/v2\/types\/page"}],"author":[{"embeddable":true,"href":"https:\/\/patsosescape.com\/it\/wp-json\/wp\/v2\/users\/2"}],"replies":[{"embeddable":true,"href":"https:\/\/patsosescape.com\/it\/wp-json\/wp\/v2\/comments?post=2768"}],"version-history":[{"count":0,"href":"https:\/\/patsosescape.com\/it\/wp-json\/wp\/v2\/pages\/2768\/revisions"}],"wp:attachment":[{"href":"https:\/\/patsosescape.com\/it\/wp-json\/wp\/v2\/media?parent=2768"}],"curies":[{"name":"wp","href":"https:\/\/api.w.org\/{rel}","templated":true}]}}