{"id":3328,"date":"2021-06-01T00:11:29","date_gmt":"2021-05-31T21:11:29","guid":{"rendered":"https:\/\/patsosescape.com\/?page_id=3328"},"modified":"2021-07-28T00:06:08","modified_gmt":"2021-07-27T21:06:08","slug":"discover-patsos-gorge-hiking-experience","status":"publish","type":"page","link":"https:\/\/patsosescape.com\/it\/discover-patsos-gorge-hiking-experience\/","title":{"rendered":"Discover Patsos Gorge &#8211; Hiking Experience"},"content":{"rendered":"<blockquote>\n<h2 style=\"text-align: center;\">Scopri la gola di Patsos con una guida!<\/h2>\n<\/blockquote>\n<figure class=\"wp-block-image size-large\"><img loading=\"lazy\" decoding=\"async\" width=\"1024\" height=\"384\" class=\"wp-image-3362\" src=\"https:\/\/patsosescape.com\/wp-content\/uploads\/2021\/06\/hiking-experience-tour-photos-1024x384.jpg\" alt=\"\" srcset=\"https:\/\/patsosescape.com\/wp-content\/uploads\/2021\/06\/hiking-experience-tour-photos-1024x384.jpg 1024w, https:\/\/patsosescape.com\/wp-content\/uploads\/2021\/06\/hiking-experience-tour-photos-300x113.jpg 300w, https:\/\/patsosescape.com\/wp-content\/uploads\/2021\/06\/hiking-experience-tour-photos-768x288.jpg 768w, https:\/\/patsosescape.com\/wp-content\/uploads\/2021\/06\/hiking-experience-tour-photos-16x6.jpg 16w, https:\/\/patsosescape.com\/wp-content\/uploads\/2021\/06\/hiking-experience-tour-photos-940x353.jpg 940w, https:\/\/patsosescape.com\/wp-content\/uploads\/2021\/06\/hiking-experience-tour-photos-620x233.jpg 620w, https:\/\/patsosescape.com\/wp-content\/uploads\/2021\/06\/hiking-experience-tour-photos-195x73.jpg 195w, https:\/\/patsosescape.com\/wp-content\/uploads\/2021\/06\/hiking-experience-tour-photos-scaled.jpg 1080w\" sizes=\"auto, (max-width: 1024px) 100vw, 1024px\" \/><\/figure>\n<p>\n<div class=\"themeblvd-video-wrapper\">\n<div class=\"video-inner\"><iframe loading=\"lazy\" title=\"Patsos Escape - vedi tutti i servizi (Walking Tours &amp; Cretan Food) in Patsos Rethymno Crete\" width=\"940\" height=\"529\" src=\"https:\/\/www.youtube.com\/embed\/46cP96SSK4Y?feature=oembed&#038;wmode=transparent\" frameborder=\"0\" allow=\"accelerometer; autoplay; clipboard-write; encrypted-media; gyroscope; picture-in-picture\" allowfullscreen><\/iframe><\/div>\n<\/div>\n<p>&nbsp;<\/p>\n<div>\n<div class=\"_svr7sj\">\n<h3 class=\"_14i3z6h\" tabindex=\"-1\">Esperienza escursionistica nella natura di Rethymno CRETA - ospitato da Vassilis<\/p>\n<p>Escursione a piedi: 4 ore<span aria-hidden=\"true\">&nbsp; <br \/><\/span><br \/>Ospitato in inglese e greco<\/p>\n<\/h3>\n<\/div>\n<\/div>\n<p style=\"text-align: center;\">&nbsp;<\/p>\n<p><strong>Cosa farai durante: ESCURSIONE ALLA GOLA DI PATSOS - UN&#039;INCREDIBILE ESPERIENZA DI ESCURSIONI A RETHYMNO CRETA!<br \/><\/strong><\/p>\n<div data-plugin-in-point-id=\"DESCRIPTION_DEFAULT\" data-section-id=\"DESCRIPTION_DEFAULT\">\n<div class=\"_1d784e5\">Quando arrivi alla piazza del villaggio storico e pittoresco di Patsos, gusterai una delizia tradizionale della signora Maria, la proprietaria della tradizionale Taverna Patsos (operativa dal 1933). Accanto alla Taverna si trova la fontana del paese con acqua sorgiva. Cinque minuti lungo la strada, arriviamo alla chiesa bizantina del 13 \u00b0 secolo dC Continuiamo a goderci il mosaico formato dai colori contrastanti. Dopo 1,5 km ci fermiamo alla cappella rupestre di Sant&#039;Antonios. Qui, Hermes fu venerato migliaia di anni aC La bellezza \u00e8 veramente selvaggia con una ricca flora e fauna. Durante l&#039;escursione, attraverseremo 2 ponti di legno e scale per aiutarci. Dopo circa 2 ore arriviamo davanti ad un altro paesaggio magico. \u00c8 un enorme lago circondato da alberi alti e ombreggiati. Dopo aver goduto delle fantastiche terre d&#039;acqua, tutti i tuoi sensi saranno stimolati. Ci sono pi\u00f9 escursioni facoltative o possiamo tornare indietro in auto. Alla fine del tour torniamo alla Taverna di Maria, per rivivere ancora una volta il sogno di deliziosi piatti tradizionali biologici di verdure fresche, carne e olio d&#039;oliva vergine tutti prodotti nei campi di famiglia. NOTA: il livello dell&#039;acqua in questo momento \u00e8 ancora alto, rendendo impossibile raggiungere il lago a piedi, ma possiamo completare la maggior parte della gola e goderci le spettacolari scogliere, gli uccelli svettanti e gli splendidi fiori selvatici.<\/p>\n<p><strong>Altre cose da notare<\/strong><\/p>\n<p>Una &quot;fuga a Patsos&quot; \u00e8 sempre un ambiente familiare e caloroso, che sembra di essere a casa a chilometri di distanza ed \u00e8 un piacere trovare per i miei amici ogni volta cose nuove per questa esperienza!<\/p>\n<\/div>\n<\/div>\n<p><strong>&nbsp;<\/strong><\/p>\n<figure class=\"wp-block-image size-large\"><img loading=\"lazy\" decoding=\"async\" width=\"436\" height=\"166\" src=\"https:\/\/patsosescape.com\/wp-content\/uploads\/2021\/06\/hiking-tour-details-1.jpg\" alt=\"\" class=\"wp-image-3380\" srcset=\"https:\/\/patsosescape.com\/wp-content\/uploads\/2021\/06\/hiking-tour-details-1.jpg 436w, https:\/\/patsosescape.com\/wp-content\/uploads\/2021\/06\/hiking-tour-details-1-300x114.jpg 300w, https:\/\/patsosescape.com\/wp-content\/uploads\/2021\/06\/hiking-tour-details-1-16x6.jpg 16w, https:\/\/patsosescape.com\/wp-content\/uploads\/2021\/06\/hiking-tour-details-1-195x74.jpg 195w\" sizes=\"auto, (max-width: 436px) 100vw, 436px\" \/><\/figure>\n<p>&nbsp;&nbsp;<\/p>\n<div>\n<h2>&nbsp;<\/h2>\n<h1 class=\"_14i3z6h\" tabindex=\"-1\">Cosa \u00e8 incluso<\/h1>\n<div class=\"_3madm\">\n<div>\n<div class=\"_155vdx5\"><\/div>\n<\/div>\n<\/div>\n<\/div>\n<figure class=\"wp-block-image size-large\"><img loading=\"lazy\" decoding=\"async\" width=\"440\" height=\"123\" src=\"https:\/\/patsosescape.com\/wp-content\/uploads\/2021\/06\/food-drinks.jpg\" alt=\"\" class=\"wp-image-3372\" srcset=\"https:\/\/patsosescape.com\/wp-content\/uploads\/2021\/06\/food-drinks.jpg 440w, https:\/\/patsosescape.com\/wp-content\/uploads\/2021\/06\/food-drinks-300x84.jpg 300w, https:\/\/patsosescape.com\/wp-content\/uploads\/2021\/06\/food-drinks-16x4.jpg 16w, https:\/\/patsosescape.com\/wp-content\/uploads\/2021\/06\/food-drinks-195x55.jpg 195w\" sizes=\"auto, (max-width: 440px) 100vw, 440px\" \/><\/figure>\n<h2 tabindex=\"-1\">&nbsp;<\/h2>\n<h2 class=\"_14i3z6h\" tabindex=\"-1\">Cibo:<\/h2>\n<p class=\"_14i3z6h\" tabindex=\"-1\"><strong>Deliziosi piatti della tradizione tra cui verdure fresche, carne, olio extravergine di oliva, tutto biologico prodotto nei campi di famiglia.<\/strong><\/p>\n<h2 class=\"_14i3z6h\" tabindex=\"-1\">Bevande:<\/h2>\n<p class=\"_14i3z6h\" tabindex=\"-1\"><span tabindex=\"-1\"><strong>vi accoglieremo con un trattamento tradizionale della nostra cucina cretese locale<\/strong>.<\/span><\/p>\n<h1 tabindex=\"-1\">&nbsp;<\/h1>\n<h1 class=\"_14i3z6h\" tabindex=\"-1\">Incontra il tuo ospite, Vasilis<\/h1>\n<div>\n<h2><img loading=\"lazy\" decoding=\"async\" class=\"alignnone wp-image-2623 size-full\" src=\"https:\/\/patsosescape.com\/wp-content\/uploads\/2021\/04\/Ecotourism-Patsos-Escape-outdoor-activities-2-w940.jpg\" alt=\"attivit\u00e0 all&#039;aperto a Rethymno Creta\" width=\"1080\" height=\"528\" srcset=\"https:\/\/patsosescape.com\/wp-content\/uploads\/2021\/04\/Ecotourism-Patsos-Escape-outdoor-activities-2-w940.jpg 1080w, https:\/\/patsosescape.com\/wp-content\/uploads\/2021\/04\/Ecotourism-Patsos-Escape-outdoor-activities-2-w940-300x147.jpg 300w, https:\/\/patsosescape.com\/wp-content\/uploads\/2021\/04\/Ecotourism-Patsos-Escape-outdoor-activities-2-w940-1024x501.jpg 1024w, https:\/\/patsosescape.com\/wp-content\/uploads\/2021\/04\/Ecotourism-Patsos-Escape-outdoor-activities-2-w940-768x375.jpg 768w, https:\/\/patsosescape.com\/wp-content\/uploads\/2021\/04\/Ecotourism-Patsos-Escape-outdoor-activities-2-w940-16x8.jpg 16w, https:\/\/patsosescape.com\/wp-content\/uploads\/2021\/04\/Ecotourism-Patsos-Escape-outdoor-activities-2-w940-940x460.jpg 940w, https:\/\/patsosescape.com\/wp-content\/uploads\/2021\/04\/Ecotourism-Patsos-Escape-outdoor-activities-2-w940-620x303.jpg 620w, https:\/\/patsosescape.com\/wp-content\/uploads\/2021\/04\/Ecotourism-Patsos-Escape-outdoor-activities-2-w940-195x95.jpg 195w\" sizes=\"auto, (max-width: 1080px) 100vw, 1080px\" \/><\/h2>\n<p><strong><span tabindex=\"-1\">Sono nato e vivo a Patsos, un pittoresco e storico villaggio di Rethymnon, Creta. Ho prestato servizio nelle forze speciali elleniche per 23 anni (tenente colonnello in pensione), diplomato e certificato in tutte le scuole, come il paracadutismo, l&#039;arrampicata e le immersioni. Ho anche un vivo interesse e molta conoscenza di eventi storici e culturali. Tutto ci\u00f2, in combinazione con la genuina e vivace ospitalit\u00e0 cretese, il vero cibo cretese vi riporter\u00e0 al gusto delle nostre nonne. Se vuoi vedere, sentire, assaggiare e toccare la VERA Creta ... devi visitare Patsos e la gola di Patsos.<\/span><\/strong><\/p>\n<\/p>\n<\/div>\n<div style=\"height:70px\" aria-hidden=\"true\" class=\"wp-block-spacer\"><\/div>\n<\/p>\n<div>\n<h2><\/h2>\n<\/div>\n<\/h2>\n<h1>\n<p>Dove sarai<\/p>\n<p><strong>Partiamo dalla fontana del paese con acque limpide e fresche. Passeggiando attraverso il paesaggio magico potremo vedere la chiesa bizantina (XIV secolo d.C.), l&#039;antica cappella rupestre di Sant&#039;Antonio che \u00e8 inchiodata sotto alte e imponenti scogliere. Quindi, attraversiamo l&#039;incomparabile bellezza naturale della gola di Patsos, seguendo un sentiero perfetto. Alla fine ci godiamo lo spettacolo unico di un enorme lago provando un&#039;incredibile euforia e fiducia in noi stessi<\/strong>.<\/p>\n<\/p>\n<div class=\"wp-block-spacer\" aria-hidden=\"true\">&nbsp;<\/div>\n<p><p><a href=\"https:\/\/patsosescape.com\/it\/taverna\/\"><img loading=\"lazy\" decoding=\"async\" class=\"alignnone wp-image-2113 size-full\" src=\"https:\/\/patsosescape.com\/wp-content\/uploads\/2021\/04\/MARIA-traditional-Cretan-food-diet-Rethymno-w940.jpg\" alt=\"\" width=\"940\" height=\"396\" srcset=\"https:\/\/patsosescape.com\/wp-content\/uploads\/2021\/04\/MARIA-traditional-Cretan-food-diet-Rethymno-w940.jpg 940w, https:\/\/patsosescape.com\/wp-content\/uploads\/2021\/04\/MARIA-traditional-Cretan-food-diet-Rethymno-w940-300x126.jpg 300w, https:\/\/patsosescape.com\/wp-content\/uploads\/2021\/04\/MARIA-traditional-Cretan-food-diet-Rethymno-w940-768x324.jpg 768w, https:\/\/patsosescape.com\/wp-content\/uploads\/2021\/04\/MARIA-traditional-Cretan-food-diet-Rethymno-w940-620x261.jpg 620w, https:\/\/patsosescape.com\/wp-content\/uploads\/2021\/04\/MARIA-traditional-Cretan-food-diet-Rethymno-w940-195x82.jpg 195w\" sizes=\"auto, (max-width: 940px) 100vw, 940px\" \/><\/a><\/p>\n<h2 style=\"text-align: center;\">&nbsp;<\/h2>\n<div>\n<h2>&nbsp;<\/h2>\n<\/div>\n<p style=\"text-align: left;\">&nbsp;<\/p>\n<p><img loading=\"lazy\" decoding=\"async\" class=\"alignnone wp-image-2068 size-full\" src=\"https:\/\/patsosescape.com\/wp-content\/uploads\/2021\/04\/Patsos-village-landscape-3-w960.jpg\" alt=\"\" width=\"960\" height=\"369\" srcset=\"https:\/\/patsosescape.com\/wp-content\/uploads\/2021\/04\/Patsos-village-landscape-3-w960.jpg 960w, https:\/\/patsosescape.com\/wp-content\/uploads\/2021\/04\/Patsos-village-landscape-3-w960-300x115.jpg 300w, https:\/\/patsosescape.com\/wp-content\/uploads\/2021\/04\/Patsos-village-landscape-3-w960-768x295.jpg 768w, https:\/\/patsosescape.com\/wp-content\/uploads\/2021\/04\/Patsos-village-landscape-3-w960-940x361.jpg 940w, https:\/\/patsosescape.com\/wp-content\/uploads\/2021\/04\/Patsos-village-landscape-3-w960-620x238.jpg 620w, https:\/\/patsosescape.com\/wp-content\/uploads\/2021\/04\/Patsos-village-landscape-3-w960-195x75.jpg 195w\" sizes=\"auto, (max-width: 960px) 100vw, 960px\" \/><\/p>\n<h2 style=\"text-align: center;\"><img loading=\"lazy\" decoding=\"async\" class=\"alignnone wp-image-2070 size-full\" src=\"https:\/\/patsosescape.com\/wp-content\/uploads\/2021\/04\/Potamon-dam-Rethymno-Crete-Greece-w960.jpg\" alt=\"\" width=\"960\" height=\"362\" srcset=\"https:\/\/patsosescape.com\/wp-content\/uploads\/2021\/04\/Potamon-dam-Rethymno-Crete-Greece-w960.jpg 960w, https:\/\/patsosescape.com\/wp-content\/uploads\/2021\/04\/Potamon-dam-Rethymno-Crete-Greece-w960-300x113.jpg 300w, https:\/\/patsosescape.com\/wp-content\/uploads\/2021\/04\/Potamon-dam-Rethymno-Crete-Greece-w960-768x290.jpg 768w, https:\/\/patsosescape.com\/wp-content\/uploads\/2021\/04\/Potamon-dam-Rethymno-Crete-Greece-w960-940x354.jpg 940w, https:\/\/patsosescape.com\/wp-content\/uploads\/2021\/04\/Potamon-dam-Rethymno-Crete-Greece-w960-620x234.jpg 620w, https:\/\/patsosescape.com\/wp-content\/uploads\/2021\/04\/Potamon-dam-Rethymno-Crete-Greece-w960-195x74.jpg 195w\" sizes=\"auto, (max-width: 960px) 100vw, 960px\" \/><\/h2>\n<h4 tabindex=\"-1\">&nbsp;<\/h4>\n<h4 tabindex=\"-1\">Sar\u00e0 nostro piacere avervi nostri ospiti ...<\/h4>\n<p>Maria e suo figlio, Vassilis<\/p>\n<p tabindex=\"-1\"><img loading=\"lazy\" decoding=\"async\" class=\"alignnone wp-image-2059 size-full\" src=\"https:\/\/patsosescape.com\/wp-content\/uploads\/2021\/04\/Maria-and-Vassilis-Psycharakis-traditional-tavern-1-w960.jpg\" alt=\"\" width=\"960\" height=\"540\" srcset=\"https:\/\/patsosescape.com\/wp-content\/uploads\/2021\/04\/Maria-and-Vassilis-Psycharakis-traditional-tavern-1-w960.jpg 960w, https:\/\/patsosescape.com\/wp-content\/uploads\/2021\/04\/Maria-and-Vassilis-Psycharakis-traditional-tavern-1-w960-300x169.jpg 300w, https:\/\/patsosescape.com\/wp-content\/uploads\/2021\/04\/Maria-and-Vassilis-Psycharakis-traditional-tavern-1-w960-768x432.jpg 768w, https:\/\/patsosescape.com\/wp-content\/uploads\/2021\/04\/Maria-and-Vassilis-Psycharakis-traditional-tavern-1-w960-940x529.jpg 940w, https:\/\/patsosescape.com\/wp-content\/uploads\/2021\/04\/Maria-and-Vassilis-Psycharakis-traditional-tavern-1-w960-620x349.jpg 620w, https:\/\/patsosescape.com\/wp-content\/uploads\/2021\/04\/Maria-and-Vassilis-Psycharakis-traditional-tavern-1-w960-195x110.jpg 195w\" sizes=\"auto, (max-width: 960px) 100vw, 960px\" \/><\/p>\n<div>&nbsp;<\/div>\n<p>&nbsp;<\/p>\n<p>&nbsp;<\/p>\n<h2 tabindex=\"-1\"><a href=\"https:\/\/www.google.com\/maps\/dir\/\/35.2468187,24.5730296\/@35.2468889,24.2693082,9z\" target=\"_blank\" rel=\"noopener\"><strong>MAPPA DI CRETA - dove si trova Patsos a Rethymno, Creta - come arrivare a Patsos<\/strong><\/a><\/h2>\n<h4 tabindex=\"-1\"><a href=\"https:\/\/www.google.com\/maps\/dir\/\/Patsos+Escape,+Patsos+740+61\/@35.2466269,24.4330122,11z\/data=!4m8!4m7!1m0!1m5!1m1!1s0x149b0daa68fee8bf:0xa02eac20b70c0101!2m2!1d24.5730914!2d35.2466183\" target=\"_blank\" rel=\"noopener\"><strong>COME GUIDARE A PATSOS (Rethymno CRETA)<\/strong><\/a><\/h4>\n<p><strong>Coordinate GPS (PATSOS - RETHYMNO - CRETE):<\/strong> 35.246829461919155, 24.57300906207306<\/p>\n<p><a title=\"Google Maps: &quot;Patsos Escape&quot; - Ecoturismo e attivit\u00e0 all&#039;aperto RETHYMNO CRETA: Taverna, alloggio, attivit\u00e0\" href=\"https:\/\/www.google.com\/maps\/place\/Patsos+Escape+-+Ecotourism+%26+Outdoor+Activities+RETHYMNO+CRETE:+Tavern,+Accommodation,+Activities\/@35.2520472,24.5274207,11z\/data=!4m5!3m4!1s0x0:0x409f36e27578c5a8!8m2!3d35.2466611!4d24.5727687?hl=en\" target=\"_blank\" rel=\"noopener\"><strong>GOOGLE MAPS - controlla: &quot;Patsos Escape&quot; - Ecoturismo e attivit\u00e0 all&#039;aperto RETHYMNO CRETA: Taverna, alloggio, attivit\u00e0<\/strong><\/a><\/p>\n<figure class=\"wp-block-image size-large is-resized\"><a href=\"https:\/\/www.google.gr\/search?hl=el&amp;q=Patsos+Escape+-+Ecotourism+%26+Outdoor+Activities+RETHYMNO+CRETE:+Tavern,+Accommodation,+Activities&amp;ludocid=4656500885985740200&amp;lsig=AB86z5UDBmtWfY5MFxD8bJW3B5iI\" target=\"_blank\" rel=\"noopener\"><img loading=\"lazy\" decoding=\"async\" src=\"https:\/\/patsosescape.com\/wp-content\/uploads\/2021\/05\/Patsos-Escape-Ecotourism-Outdoor-Activities-Rethymno-1024x495.jpg\" alt=\"\" class=\"wp-image-3281\" width=\"840\" height=\"406\" srcset=\"https:\/\/patsosescape.com\/wp-content\/uploads\/2021\/05\/Patsos-Escape-Ecotourism-Outdoor-Activities-Rethymno-1024x495.jpg 1024w, https:\/\/patsosescape.com\/wp-content\/uploads\/2021\/05\/Patsos-Escape-Ecotourism-Outdoor-Activities-Rethymno-300x145.jpg 300w, https:\/\/patsosescape.com\/wp-content\/uploads\/2021\/05\/Patsos-Escape-Ecotourism-Outdoor-Activities-Rethymno-768x371.jpg 768w, https:\/\/patsosescape.com\/wp-content\/uploads\/2021\/05\/Patsos-Escape-Ecotourism-Outdoor-Activities-Rethymno-1536x742.jpg 1536w, https:\/\/patsosescape.com\/wp-content\/uploads\/2021\/05\/Patsos-Escape-Ecotourism-Outdoor-Activities-Rethymno-16x8.jpg 16w, https:\/\/patsosescape.com\/wp-content\/uploads\/2021\/05\/Patsos-Escape-Ecotourism-Outdoor-Activities-Rethymno-940x454.jpg 940w, https:\/\/patsosescape.com\/wp-content\/uploads\/2021\/05\/Patsos-Escape-Ecotourism-Outdoor-Activities-Rethymno-620x300.jpg 620w, https:\/\/patsosescape.com\/wp-content\/uploads\/2021\/05\/Patsos-Escape-Ecotourism-Outdoor-Activities-Rethymno-195x94.jpg 195w, https:\/\/patsosescape.com\/wp-content\/uploads\/2021\/05\/Patsos-Escape-Ecotourism-Outdoor-Activities-Rethymno-scaled.jpg 1080w\" sizes=\"auto, (max-width: 840px) 100vw, 840px\" \/><\/a><\/figure>\n<div style=\"height:70px\" aria-hidden=\"true\" class=\"wp-block-spacer\"><\/div>\n<\/p>\n<h2 class=\"wp-block-heading\">Cose da sapere <\/h2>\n<div style=\"height:18px\" aria-hidden=\"true\" class=\"wp-block-spacer\"><\/div>\n<h2 class=\"wp-block-heading\">Politica di cancellazione<\/h2>\n<p>Qualsiasi esperienza pu\u00f2 essere annullata e completamente rimborsata entro 24 ore dall&#039;acquisto o almeno 7 giorni prima dell&#039;inizio dell&#039;esperienza.<\/p>\n<p>I tuoi piani sono cambiati? La nostra politica di cancellazione standard \u00e8 che puoi ottenere un rimborso completo per qualsiasi esperienza se annulli almeno 7 giorni prima dell&#039;inizio programmato dell&#039;esperienza o entro 24 ore dall&#039;acquisto dell&#039;esperienza. Abbastanza facile!<\/p>\n<p>Se desideri riprogrammare la data e l&#039;ora della tua esperienza (o modificare il numero di ospiti), puoi farlo entro 24 ore dalla prenotazione e fino a 72 ore prima dell&#039;inizio dell&#039;esperienza.<\/p>\n<div style=\"height:18px\" aria-hidden=\"true\" class=\"wp-block-spacer\"><\/div>\n<h2 class=\"wp-block-heading\">Cosa portare<\/h2>\n<p>Avrai bisogno di scarpe solide, acqua, cappello Occhiali da sole Protezione solare e indossare pantaloni lunghi comodi.<\/p>\n<div style=\"height:18px\" aria-hidden=\"true\" class=\"wp-block-spacer\"><\/div>\n<h2 class=\"wp-block-heading\">Requisiti degli ospiti<\/h2>\n<p>Possono partecipare fino a 10 ospiti dai 18 anni in su. Tutti i partecipanti (e l&#039;ospite) devono indossare una copertura protettiva per il viso.<br \/>Mantieni una distanza fisica di sicurezza tra te e le altre persone. Quando incontri i tuoi ospitanti e altri ospiti, non stringere la mano o abbracciarti, prova invece un saluto senza contatto.<\/p>\n<\/p>\n<\/p>\n<p><span class=\"has-inline-color has-vivid-cyan-blue-color\"><strong>Prezzo del tour:<\/strong> \u20ac50 \/ person<\/span><\/p>\n<\/p>\n<div>\n<div class=\"divider divider-solid\"><\/div>\n<p>\n<br><div class=\"column grid_4\"><\/p>\n<p><img loading=\"lazy\" decoding=\"async\" class=\"wp-image-2148 size-full alignnone\" src=\"https:\/\/patsosescape.com\/wp-content\/uploads\/2021\/04\/4-w300.jpg\" alt=\"\" width=\"300\" height=\"139\" srcset=\"https:\/\/patsosescape.com\/wp-content\/uploads\/2021\/04\/4-w300.jpg 300w, https:\/\/patsosescape.com\/wp-content\/uploads\/2021\/04\/4-w300-195x90.jpg 195w\" sizes=\"auto, (max-width: 300px) 100vw, 300px\" \/><\/p>\n<p style=\"text-align: left;\"><strong>L&#039;area circostante la piccola taverna tradizionale PATSOS<br \/><\/strong><\/p>\n<p>Acqua fresca di sorgente - Pino (300 anni)<\/p>\n<p style=\"text-align: center;\"><a href=\"https:\/\/patsosescape.com\/it\/coffeehouse\/\" title=\"Leggi di pi\u00f9...\" class=\"btn btn-primary btn-sm btn-shortcode\" target=\"_self\">Leggi di pi\u00f9... <i class=\"fa fa-arrow-circle-right\"><\/i><\/a><\/p>\n<p>\n<\/div><br><div class=\"column grid_4\"><\/p>\n<p><img loading=\"lazy\" decoding=\"async\" class=\"wp-image-2174 size-full alignnone\" src=\"https:\/\/patsosescape.com\/wp-content\/uploads\/2021\/04\/traditiona-Cretan-village-fireplace.jpg\" alt=\"\" width=\"300\" height=\"200\" srcset=\"https:\/\/patsosescape.com\/wp-content\/uploads\/2021\/04\/traditiona-Cretan-village-fireplace.jpg 300w, https:\/\/patsosescape.com\/wp-content\/uploads\/2021\/04\/traditiona-Cretan-village-fireplace-195x130.jpg 195w\" sizes=\"auto, (max-width: 300px) 100vw, 300px\" \/><\/p>\n<p><strong>bar \/ taverna tradizionale cretese Patsos (Rethymno, Creta)<br \/><\/strong><\/p>\n<p>Sinonimo di tradizione, cultura della qualit\u00e0 e genuinit\u00e0, perch\u00e9 non ha ceduto al turismo di massa e ai manufatti.<\/p>\n<p style=\"text-align: center;\"><a href=\"https:\/\/patsosescape.com\/it\/coffeehouse\/\" title=\"Leggi di pi\u00f9...\" class=\"btn btn-primary btn-sm btn-shortcode\" target=\"_self\">Leggi di pi\u00f9... <i class=\"fa fa-arrow-circle-right\"><\/i><\/a><\/p>\n<p>\n<\/div><br><div class=\"column grid_4 last\"><\/p>\n<p><img loading=\"lazy\" decoding=\"async\" class=\"alignnone wp-image-2217 size-full\" src=\"https:\/\/patsosescape.com\/wp-content\/uploads\/2021\/04\/Maria-traditional-tavern-Rethymno-Crete-w300.jpg\" alt=\"\" width=\"300\" height=\"238\" srcset=\"https:\/\/patsosescape.com\/wp-content\/uploads\/2021\/04\/Maria-traditional-tavern-Rethymno-Crete-w300.jpg 300w, https:\/\/patsosescape.com\/wp-content\/uploads\/2021\/04\/Maria-traditional-tavern-Rethymno-Crete-w300-195x155.jpg 195w\" sizes=\"auto, (max-width: 300px) 100vw, 300px\" \/><\/p>\n<p><strong>Autentici sapori fatti in casa di Creta (Rethymno)<br \/><\/strong><\/p>\n<p>I suoi piatti tradizionali e gustosi, sono famosi non solo perch\u00e9 cucinati da lei stessa, ma anche preparati e prodotti dalle mani della Sig.ra Maria ...<\/p>\n<p style=\"text-align: center;\"><a href=\"https:\/\/patsosescape.com\/it\/traditional-cuisine\/\" title=\"Leggi di pi\u00f9...\" class=\"btn btn-primary btn-sm btn-shortcode\" target=\"_self\">Leggi di pi\u00f9... <i class=\"fa fa-arrow-circle-right\"><\/i><\/a><\/p>\n<p>\n<\/div><div class=\"clear\"><\/div><br><div class=\"clear\"><\/div><br><\/p>\n<\/div><\/h1>","protected":false},"excerpt":{"rendered":"<p>Discover Patsos Gorge with a guide! &nbsp; Hiking Experience at the nature of Rethymno CRETE &#8211; hosted by Vassilis Hiking tour: 4 hours&nbsp; Hosted in English and Greek &nbsp; What you&#8217;ll do during the: HIKING TOUR TO PATSOS GORGE &#8211; AN AMAZING HIKING EXPERIENCE IN RETHYMNO CRETE ! When you arrive at the square of the historical and picturesque village of Patsos , you will enjoy a traditional treat of Mrs. Maria, the owner of the traditional Patsos Taverna (operating since 1933). Next to the Taverna is the village fountain&hellip; <a class=\"read-more-link\" href=\"https:\/\/patsosescape.com\/it\/discover-patsos-gorge-hiking-experience\/\">Leggi di pi\u00f9<\/a><\/p>","protected":false},"author":2,"featured_media":0,"parent":0,"menu_order":1,"comment_status":"closed","ping_status":"closed","template":"","meta":{"ngg_post_thumbnail":0,"_glsr_average":0,"_glsr_ranking":0,"_glsr_reviews":0,"footnotes":""},"class_list":["post-3328","page","type-page","status-publish","hentry"],"aioseo_notices":[],"_links":{"self":[{"href":"https:\/\/patsosescape.com\/it\/wp-json\/wp\/v2\/pages\/3328","targetHints":{"allow":["GET"]}}],"collection":[{"href":"https:\/\/patsosescape.com\/it\/wp-json\/wp\/v2\/pages"}],"about":[{"href":"https:\/\/patsosescape.com\/it\/wp-json\/wp\/v2\/types\/page"}],"author":[{"embeddable":true,"href":"https:\/\/patsosescape.com\/it\/wp-json\/wp\/v2\/users\/2"}],"replies":[{"embeddable":true,"href":"https:\/\/patsosescape.com\/it\/wp-json\/wp\/v2\/comments?post=3328"}],"version-history":[{"count":0,"href":"https:\/\/patsosescape.com\/it\/wp-json\/wp\/v2\/pages\/3328\/revisions"}],"wp:attachment":[{"href":"https:\/\/patsosescape.com\/it\/wp-json\/wp\/v2\/media?parent=3328"}],"curies":[{"name":"wp","href":"https:\/\/api.w.org\/{rel}","templated":true}]}}