{"id":754,"date":"2015-02-26T01:09:12","date_gmt":"2015-02-25T23:09:12","guid":{"rendered":"http:\/\/patsosescape.com\/newsite\/?page_id=754"},"modified":"2021-04-30T18:44:40","modified_gmt":"2021-04-30T15:44:40","slug":"harakas-the-abduction-of-the-german-general-kreipe","status":"publish","type":"page","link":"https:\/\/patsosescape.com\/it\/harakas-the-abduction-of-the-german-general-kreipe\/","title":{"rendered":"Harakas - Il rapimento del generale tedesco Kreipe"},"content":{"rendered":"<h1><strong>L&#039;ABDUZIONE DEL GENERALE TEDESCO KREIPE - SECONDA GUERRA MONDIALE a Creta<br \/>\n<\/strong><\/h1>\n<h2><strong><span lang=\"EN\">Grotta di HARAKAS a PATSOS (AMARI - RETHYMNO)<\/span><\/strong><\/h2>\n<p><span lang=\"EN\">Nel<\/span><span lang=\"EN\"><span class=\"Apple-converted-space\">&nbsp;<\/span>questa grotta<span class=\"Apple-converted-space\">&nbsp;<\/span>tenuto<span class=\"Apple-converted-space\">&nbsp;<\/span>nascosto<span class=\"Apple-converted-space\">&nbsp;<\/span>rapito<span class=\"Apple-converted-space\">&nbsp;<\/span><strong><a title=\"Generale tedesco Kreipe\" href=\"https:\/\/en.wikipedia.org\/wiki\/Heinrich_Kreipe\" target=\"_blank\" rel=\"noopener\">Tedesco<span class=\"Apple-converted-space\">&nbsp;<\/span>Generale<span class=\"Apple-converted-space\">&nbsp;<\/span>Kraipe<\/a><span class=\"Apple-converted-space\">&nbsp;<\/span><\/strong>per due<span class=\"Apple-converted-space\">&nbsp;<\/span>notti.<span class=\"Apple-converted-space\">&nbsp;<\/span>Un grande<span class=\"Apple-converted-space\">&nbsp;<\/span>evento storico<span class=\"Apple-converted-space\">&nbsp;<\/span>nel<span class=\"Apple-converted-space\">&nbsp;<\/span>stimolante<span class=\"Apple-converted-space\">&nbsp;<\/span>e<span class=\"Apple-converted-space\">&nbsp;<\/span>ti fa sentire<span class=\"Apple-converted-space\">&nbsp;<\/span>orgoglioso.<span class=\"Apple-converted-space\">&nbsp;<\/span>\u00c8 un<span class=\"Apple-converted-space\">&nbsp;<\/span>simbolo<span class=\"Apple-converted-space\">&nbsp;<\/span>di patriottismo, coscienza<span class=\"Apple-converted-space\">&nbsp;<\/span>e<span class=\"Apple-converted-space\">&nbsp;<\/span><\/span><span lang=\"EN-US\">coraggio. UN<\/span><span lang=\"EN-US\"><span class=\"Apple-converted-space\">&nbsp;<\/span><\/span><span lang=\"EN\">pietra miliare nella storia<\/span><span lang=\"EN\"><span class=\"Apple-converted-space\">&nbsp;<\/span>del nostro villaggio. Un luogo di<span class=\"Apple-converted-space\">&nbsp;<\/span>risveglio<span class=\"Apple-converted-space\">&nbsp;<\/span>coscienza storica<span class=\"Apple-converted-space\">&nbsp;<\/span>e<span class=\"Apple-converted-space\">&nbsp;<\/span>promemoria<span class=\"Apple-converted-space\">&nbsp;<\/span>di d<\/span><span lang=\"EN-US\">uty.<\/span><\/p>\n<p><span lang=\"EN-US\">Il<\/span><span lang=\"EN-US\"><span class=\"Apple-converted-space\">&nbsp;<\/span><\/span><span lang=\"EN\">Britannico<\/span><span lang=\"EN\"><span class=\"Apple-converted-space\">&nbsp;<\/span>Capitano, <a title=\"Stanley Moss\" href=\"https:\/\/en.wikipedia.org\/wiki\/W._Stanley_Moss\" target=\"_blank\" rel=\"noopener\"><strong>BILL STANLEY MOSS<\/strong><\/a>,<span class=\"Apple-converted-space\">&nbsp;<\/span>nel suo libro &quot;<strong><a title=\"Ill incontrato al chiaro di luna\" href=\"https:\/\/en.wikipedia.org\/wiki\/Ill_Met_by_Moonlight_(film)\" target=\"_blank\" rel=\"noopener\">MALATO<span class=\"Apple-converted-space\">&nbsp;<\/span>INCONTRATO AL CHIARO DELLA LUNA<\/a>&#8220;<\/strong>,<span class=\"Apple-converted-space\">&nbsp;<\/span>scrive: &quot;<\/span>Ora ci stiamo nascondendo in un posto delizioso da cui dista circa un miglio <strong>Patsos<\/strong>. Dormiamo in una capanna con muri di pietra che \u00e8 stata costruita contro la base di una ripida scogliera, quindi con gli alberi su tre lati e la scogliera alle nostre spalle non avremmo potuto trovare una posizione pi\u00f9 riparata.<\/p>\n<p>La cena \u00e8 stata eccellente. Siamo assistiti da una famiglia affascinante che, sebbene molto povera, ci d\u00e0 tutto ci\u00f2 che ha. Il padre (Efthimios G. Harokopos) \u00e8 un bel tipo cretese all&#039;antica, e ci dice che dall&#039;occupazione tedesca si \u00e8 preso cura di pi\u00f9 di sessanta ritardatari britannici e coloniali che si nascondevano dal nemico. La sua giovane figlia \u00e8 una ragazza dall&#039;aspetto dolce il cui viso ha l&#039;aspetto di una delicata maschera di cera - uno sguardo di L&#039;inconnue de la Seine - e nel complesso possiede una grazia e un fascino naturali che sono fin troppo rari tra le donne dell&#039;isola. folk. Va nuda, armata, a gambe nude e indossa un abito di tela di un pezzo, ei suoi capelli sono disposti in due lunghe trecce. \u00c8 del tutto possibile, suppongo, che abbia solo dodici anni circa, e forse sarebbe meglio non pensare a lei come sar\u00e0 tra dieci anni. Suo fratello, Iorgi di nome, \u00e8 un bel giovane dai modi pacati e dal volto biblico. Parla un po &#039;di inglese e mi ha detto che vorrebbe venire con noi al Cairo. Possiamo portarlo con noi se c&#039;\u00e8 spazio a bordo.<\/p>\n<p><a href=\"https:\/\/patsosescape.com\/newsite\/wp-content\/uploads\/2015\/02\/00711.jpg\"><img loading=\"lazy\" decoding=\"async\" class=\"aligncenter wp-image-416 size-full\" src=\"https:\/\/patsosescape.com\/newsite\/wp-content\/uploads\/2015\/02\/00711.jpg\" alt=\"Charakas\" width=\"700\" height=\"523\"><\/a><\/p>\n<p>Siamo stati cos\u00ec ben accuditi in questo nascondiglio che questo pomeriggio abbiamo deciso di fare un regalo d&#039;oro alla famiglia (perch\u00e9 sapevamo che la sua ricchezza consisteva in poco pi\u00f9 di alcune capre e qualche ulivo); cos\u00ec Paddy (Patrick Leigh Fermor) chiam\u00f2 da parte il vecchio padre. Gli ricord\u00f2 che con tutta probabilit\u00e0 avremmo portato con noi in Egitto il suo unico figlio, Iorgi, e quindi non ci sarebbe stato nessuno ad aiutare con il lavoro a casa. Quindi, continu\u00f2 Paddy, avrebbe accettato il dono irrimediabilmente inadeguato di alcuni sovrani in cambio di suo figlio?<\/p>\n<p>Ma il vecchio, come avremmo potuto immaginare, si limit\u00f2 a scuotere la testa, ringraziarci per il nostro gentile pensiero e cortesemente rifiut\u00f2. Non l&#039;abbiamo pressato. &quot;<\/p>\n<div class=\"themeblvd-video-wrapper\">\n<div class=\"video-inner\"><iframe loading=\"lazy\" title=\"\u0391\u03a0\u0391\u0393\u03a9\u0393\u0397 \u0393\u0395\u03a1\u039c\u0391\u039d\u039f\u03a5 \u03a3\u03a4\u03a1\u0391\u03a4\u0397\u0393\u039f\u03a5 \u039a\u03a1\u0391\u0399\u03a0\u0395\" width=\"940\" height=\"705\" src=\"https:\/\/www.youtube.com\/embed\/xuz9yuUmiBI?start=2038&#038;feature=oembed&#038;wmode=transparent\" frameborder=\"0\" allow=\"accelerometer; autoplay; clipboard-write; encrypted-media; gyroscope; picture-in-picture\" allowfullscreen><\/iframe><\/div>\n<\/div>\n<p>&nbsp;<\/p>\n<h3><a title=\"Prenota un&#039;attivit\u00e0 all&#039;aperto a PATSOS - Escursione a HARAKAS\" href=\"\/it\/hiking-harakas-amari-rethymnon\/\"><strong>Prenota un&#039;attivit\u00e0 all&#039;aperto a Patsos Rethymno Creta - Escursione a HARAKAS<\/strong><\/a><\/h3>\n<p>&nbsp;<\/p>\n<p>&nbsp;<\/p>","protected":false},"excerpt":{"rendered":"<p>THE ABDUCTION OF THE GERMAN GENERAL KREIPE &#8211; WWII on Crete HARAKAS cave in PATSOS (AMARI &#8211; RETHYMNO) In&nbsp;this cave&nbsp;kept&nbsp;hidden&nbsp;kidnapped&nbsp;German&nbsp;General&nbsp;Kraipe&nbsp;for two&nbsp;nights.&nbsp;A great&nbsp;historical event&nbsp;in&nbsp;inspiring&nbsp;and&nbsp;makes you feel&nbsp;proud.&nbsp;It is a&nbsp;symbol&nbsp;of patriotism, conscience&nbsp;and&nbsp;bravery. A&nbsp;milestone in the history&nbsp;of our village. A place of&nbsp;awakening&nbsp;historical consciousness&nbsp;and&nbsp;reminder&nbsp;of duty. The&nbsp;British&nbsp;captain, BILL STANLEY MOSS,&nbsp;in his book &#8220;ILL&nbsp;MET BY MOONLIGHT&#8220;,&nbsp;writes: &#8220;We are now hiding in a delightful spot which is about a mile from Patsos. We sleep in a stone &#8211; walled hut which has been built against the base of a steep cliff, so with trees on three sides and&hellip; <a class=\"read-more-link\" href=\"https:\/\/patsosescape.com\/it\/harakas-the-abduction-of-the-german-general-kreipe\/\">Leggi di pi\u00f9<\/a><\/p>","protected":false},"author":3,"featured_media":0,"parent":0,"menu_order":3,"comment_status":"closed","ping_status":"closed","template":"","meta":{"ngg_post_thumbnail":0,"_glsr_average":0,"_glsr_ranking":0,"_glsr_reviews":0,"footnotes":""},"class_list":["post-754","page","type-page","status-publish","hentry"],"aioseo_notices":[],"_links":{"self":[{"href":"https:\/\/patsosescape.com\/it\/wp-json\/wp\/v2\/pages\/754","targetHints":{"allow":["GET"]}}],"collection":[{"href":"https:\/\/patsosescape.com\/it\/wp-json\/wp\/v2\/pages"}],"about":[{"href":"https:\/\/patsosescape.com\/it\/wp-json\/wp\/v2\/types\/page"}],"author":[{"embeddable":true,"href":"https:\/\/patsosescape.com\/it\/wp-json\/wp\/v2\/users\/3"}],"replies":[{"embeddable":true,"href":"https:\/\/patsosescape.com\/it\/wp-json\/wp\/v2\/comments?post=754"}],"version-history":[{"count":0,"href":"https:\/\/patsosescape.com\/it\/wp-json\/wp\/v2\/pages\/754\/revisions"}],"wp:attachment":[{"href":"https:\/\/patsosescape.com\/it\/wp-json\/wp\/v2\/media?parent=754"}],"curies":[{"name":"wp","href":"https:\/\/api.w.org\/{rel}","templated":true}]}}