{"id":789,"date":"2015-02-26T01:27:19","date_gmt":"2015-02-25T23:27:19","guid":{"rendered":"http:\/\/patsosescape.com\/newsite\/?page_id=789"},"modified":"2018-03-29T12:00:45","modified_gmt":"2018-03-29T09:00:45","slug":"coffeehouse","status":"publish","type":"page","link":"https:\/\/patsosescape.com\/it\/coffeehouse\/","title":{"rendered":"Piccola taverna tradizionale"},"content":{"rendered":"<blockquote>\n<p style=\"text-align: center;\"><strong>&nbsp;<\/strong><\/p>\n<p style=\"text-align: center;\">&nbsp;<\/p>\n<\/blockquote>\n<p>Il<span class=\"Apple-converted-space\">&nbsp;<\/span>si trova la taverna tradizionale &quot;PATSOS&quot;<span class=\"Apple-converted-space\">&nbsp;<\/span>nel centro del paese<span class=\"Apple-converted-space\">&nbsp;<\/span>e da allora \u00e8 operativo<span class=\"Apple-converted-space\">&nbsp;<\/span>1933. La sua storia<span class=\"Apple-converted-space\">&nbsp;<\/span><span class=\"Apple-converted-space\"> \u00e8 direttamente collegato con<\/span> il<span class=\"Apple-converted-space\">&nbsp;<\/span>storia del paese, sinonimo di tradizione, cultura, qualit\u00e0 e autenticit\u00e0, perch\u00e9 non ha ceduto al turismo di massa e ai prodotti manifatturieri, ha svolto un ruolo importante nella vita sociale del nostro villaggio. Non sarebbe esagerato affermare che si trattava del \u201cforum\u201d nell&#039;antico significato della parola.<span class=\"Apple-converted-space\">&nbsp;<\/span>\u00c8 il posto<span class=\"Apple-converted-space\">&nbsp;<\/span>quella<span class=\"Apple-converted-space\">&nbsp;<\/span>ti piacer\u00e0 il<span class=\"Apple-converted-space\">&nbsp;<\/span>splendido tradizionale<span class=\"Apple-converted-space\">&nbsp;<\/span>cucinato<span class=\"Apple-converted-space\">&nbsp;<\/span>pasti,<span class=\"Apple-converted-space\">&nbsp;<\/span>il tuo caff\u00e8, il tuo<span class=\"Apple-converted-space\">&nbsp;<\/span>fatti in casa<span class=\"Apple-converted-space\">&nbsp;<\/span>prima colazione,<span class=\"Apple-converted-space\">&nbsp;<\/span>raki<span class=\"Apple-converted-space\">&nbsp;<\/span>o vino.<span class=\"Apple-converted-space\">&nbsp;<\/span>Il<span class=\"Apple-converted-space\">&nbsp;<\/span>rustico<span class=\"Apple-converted-space\">&nbsp;<\/span>ricette<span class=\"Apple-converted-space\">&nbsp;<\/span>con<span class=\"Apple-converted-space\">&nbsp;<\/span>ingredienti locali<span class=\"Apple-converted-space\">&nbsp;<\/span>e carni<span class=\"Apple-converted-space\">&nbsp;<\/span>in tutti gli alimenti<span class=\"Apple-converted-space\">&nbsp;<\/span>volere<span class=\"Apple-converted-space\">&nbsp;<\/span>essere indimenticabile.<span class=\"Apple-converted-space\">&nbsp;<\/span>E tutto questo<span class=\"Apple-converted-space\">&nbsp;<\/span>in un ambiente idilliaco che<span class=\"Apple-converted-space\">&nbsp;<\/span>suoni e<span class=\"Apple-converted-space\">&nbsp;<\/span>bellezza<span class=\"Apple-converted-space\">&nbsp;<\/span>di natura.<span class=\"Apple-converted-space\">&nbsp;<\/span>Situato<span class=\"Apple-converted-space\">&nbsp;<\/span>nella piazza principale<span class=\"Apple-converted-space\">&nbsp;<\/span>del villaggio,<span class=\"Apple-converted-space\">&nbsp;<\/span>accanto al<span class=\"Apple-converted-space\">&nbsp;<\/span>freddo,<span class=\"Apple-converted-space\">&nbsp;<\/span>acque limpide<span class=\"Apple-converted-space\">&nbsp;<\/span>del naturale<span class=\"Apple-converted-space\">&nbsp;<\/span>fonte e<span class=\"Apple-converted-space\">&nbsp;<\/span>l&#039;ombra di vecchi platani, che \u00e8 il<span class=\"Apple-converted-space\">&nbsp;<\/span>riferimento<span class=\"Apple-converted-space\">&nbsp;<\/span>punto<span class=\"Apple-converted-space\">&nbsp;<\/span>e<span class=\"Apple-converted-space\">&nbsp;<\/span>il segno distintivo<span class=\"Apple-converted-space\">&nbsp;<\/span>del villaggio. Sig.ra.<span class=\"Apple-converted-space\">&nbsp;<\/span>Maria<span class=\"Apple-converted-space\">&nbsp;<\/span>continua a<span class=\"Apple-converted-space\">&nbsp;<\/span>operare e<span class=\"Apple-converted-space\">&nbsp;<\/span>mantenere<span class=\"Apple-converted-space\">&nbsp;<\/span>la tradizione,<span class=\"Apple-converted-space\">&nbsp;<\/span>lei ha imparato<span class=\"Apple-converted-space\">&nbsp;<\/span>come un bambino. Lei \u00e8<span class=\"Apple-converted-space\">&nbsp;<\/span>la tua persona,<span class=\"Apple-converted-space\">&nbsp;<\/span>non solo<span class=\"Apple-converted-space\">&nbsp;<\/span>per<span class=\"Apple-converted-space\">&nbsp;<\/span>\u00c8 caldo<span class=\"Apple-converted-space\">&nbsp;<\/span>ospitalit\u00e0<span class=\"Apple-converted-space\">&nbsp;<\/span>e tradizionale<span class=\"Apple-converted-space\">&nbsp;<\/span>piatti, ma anche per informazione<span class=\"Apple-converted-space\">&nbsp;<\/span>che ti dar\u00e0<span class=\"Apple-converted-space\">&nbsp;<\/span>per il villaggio. la taverna ha WI FI gratuito e guida esperta che parla molto bene l&#039;inglese.Questo, insieme al suo vivo interesse e conoscenza degli eventi storici e culturali, il suo grande amore ed esperienza per l&#039;escursionismo e la natura in generale, potrebbero fornire preziose servizi, per quanto riguarda un approfondito briefing su cultura, tradizione e storia del borgo, oltre che in guida sicura<\/p>\n<p>In questo<span class=\"Apple-converted-space\">&nbsp;<\/span>coffehouse hanno lasciato<span class=\"Apple-converted-space\">&nbsp;<\/span>il loro segno<span class=\"Apple-converted-space\">&nbsp;<\/span>personalit\u00e0<span class=\"Apple-converted-space\">&nbsp;<\/span>di spirito,<span class=\"Apple-converted-space\">&nbsp;<\/span>azione e<span class=\"Apple-converted-space\">&nbsp;<\/span>creazione,<span class=\"Apple-converted-space\">&nbsp;<\/span>quale<span class=\"Apple-converted-space\">&nbsp;<\/span>\u00e8 il principale<span class=\"Apple-converted-space\">&nbsp;<\/span>motivo per il<span class=\"Apple-converted-space\">&nbsp;<\/span>diversit\u00e0<span class=\"Apple-converted-space\">&nbsp;<\/span>della sua unicit\u00e0<span class=\"Apple-converted-space\">&nbsp;<\/span>fino ad oggi. Apprezzando il prezioso contributo<span class=\"Apple-converted-space\">&nbsp;<\/span>e<span class=\"Apple-converted-space\">&nbsp;<\/span>eredit\u00e0, come segno d&#039;onore<span class=\"Apple-converted-space\">&nbsp;<\/span>e gratitudine,<span class=\"Apple-converted-space\">&nbsp;<\/span>noi presentiamo<span class=\"Apple-converted-space\">&nbsp;<\/span>fotografie<span class=\"Apple-converted-space\">&nbsp;<\/span>di semplice<span class=\"Apple-converted-space\">&nbsp;<\/span>vita di ogni giorno<span class=\"Apple-converted-space\">&nbsp;<\/span>dentro,<span class=\"Apple-converted-space\">&nbsp;<\/span>ispirato da<span class=\"Apple-converted-space\">&nbsp;<\/span>loro<\/p>\n<div id='gallery-1' class='gallery galleryid-789 gallery-columns-5 gallery-size-thumbnail'><dl class='gallery-item'>\n\t\t\t<dt class='gallery-icon landscape'>\n\t\t\t\t<a href='https:\/\/patsosescape.com\/wp-content\/uploads\/2015\/02\/12.png'><img loading=\"lazy\" decoding=\"async\" width=\"218\" height=\"160\" src=\"https:\/\/patsosescape.com\/wp-content\/uploads\/2015\/02\/12-218x160.png\" class=\"attachment-thumbnail size-thumbnail\" alt=\"\" aria-describedby=\"gallery-1-898\" \/><\/a>\n\t\t\t<\/dt>\n\t\t\t\t<dd class='wp-caption-text gallery-caption' id='gallery-1-898'>\n\t\t\t\tVecchia festa tradizionale all&#039;aperto nella caffetteria. Il primo da destra \u00e8 il fondatore del caff\u00e8 Vasilis Michalakis (Chantrovasilis). In laouto Titus Alexakis.\n\t\t\t\t<\/dd><\/dl><dl class='gallery-item'>\n\t\t\t<dt class='gallery-icon landscape'>\n\t\t\t\t<a href='https:\/\/patsosescape.com\/wp-content\/uploads\/2015\/02\/212.jpg'><img loading=\"lazy\" decoding=\"async\" width=\"218\" height=\"160\" src=\"https:\/\/patsosescape.com\/wp-content\/uploads\/2015\/02\/212-218x160.jpg\" class=\"attachment-thumbnail size-thumbnail\" alt=\"\" aria-describedby=\"gallery-1-895\" \/><\/a>\n\t\t\t<\/dt>\n\t\t\t\t<dd class='wp-caption-text gallery-caption' id='gallery-1-895'>\n\t\t\t\tDa sinistra: Maria Psycharaki, Stratis Psycharakis (marito di Maria), Napoleon Koumendakis.\n\t\t\t\t<\/dd><\/dl><dl class='gallery-item'>\n\t\t\t<dt class='gallery-icon landscape'>\n\t\t\t\t<a href='https:\/\/patsosescape.com\/wp-content\/uploads\/2015\/02\/39.jpg'><img loading=\"lazy\" decoding=\"async\" width=\"218\" height=\"160\" src=\"https:\/\/patsosescape.com\/wp-content\/uploads\/2015\/02\/39-218x160.jpg\" class=\"attachment-thumbnail size-thumbnail\" alt=\"\" aria-describedby=\"gallery-1-896\" \/><\/a>\n\t\t\t<\/dt>\n\t\t\t\t<dd class='wp-caption-text gallery-caption' id='gallery-1-896'>\n\t\t\t\tDa destra a sinistra: George Tzourmpakis, Pantinakis George Matthew, Vassilis Michalakis, Dimitrios Pattakos, Psycharokostas.\n\t\t\t\t<\/dd><\/dl><dl class='gallery-item'>\n\t\t\t<dt class='gallery-icon landscape'>\n\t\t\t\t<a href='https:\/\/patsosescape.com\/wp-content\/uploads\/2015\/02\/44.png'><img loading=\"lazy\" decoding=\"async\" width=\"218\" height=\"160\" src=\"https:\/\/patsosescape.com\/wp-content\/uploads\/2015\/02\/44-218x160.png\" class=\"attachment-thumbnail size-thumbnail\" alt=\"\" aria-describedby=\"gallery-1-899\" srcset=\"https:\/\/patsosescape.com\/wp-content\/uploads\/2015\/02\/44-218x160.png 218w, https:\/\/patsosescape.com\/wp-content\/uploads\/2015\/02\/44-300x219.png 300w, https:\/\/patsosescape.com\/wp-content\/uploads\/2015\/02\/44-195x142.png 195w, https:\/\/patsosescape.com\/wp-content\/uploads\/2015\/02\/44.png 607w\" sizes=\"auto, (max-width: 218px) 100vw, 218px\" \/><\/a>\n\t\t\t<\/dt>\n\t\t\t\t<dd class='wp-caption-text gallery-caption' id='gallery-1-899'>\n\t\t\t\tCafe Psycharaki Stratis. Da sinistra: Maria Psycharaki, Michael Vasilis (Chantrovasilis), Joseph Vavourakis, Stratis Akoumianakis, Socrates Psycharakis, Alekos Alexakis, Emmanuel Tsiledakis.\n\t\t\t\t<\/dd><\/dl><dl class='gallery-item'>\n\t\t\t<dt class='gallery-icon landscape'>\n\t\t\t\t<a href='https:\/\/patsosescape.com\/wp-content\/uploads\/2015\/02\/53.jpg'><img loading=\"lazy\" decoding=\"async\" width=\"218\" height=\"160\" src=\"https:\/\/patsosescape.com\/wp-content\/uploads\/2015\/02\/53-218x160.jpg\" class=\"attachment-thumbnail size-thumbnail\" alt=\"\" aria-describedby=\"gallery-1-897\" \/><\/a>\n\t\t\t<\/dt>\n\t\t\t\t<dd class='wp-caption-text gallery-caption' id='gallery-1-897'>\n\t\t\t\tDa sinistra: Stratis Psycharakis, George Pantinakis, Socrates Psycharakis, Savvakis Constantinos.\n\t\t\t\t<\/dd><\/dl><br style=\"clear: both\" \/>\n\t\t<\/div>\n\n<div class=\"themeblvd-video-wrapper\">\n<div class=\"video-inner\"><iframe loading=\"lazy\" width=\"940\" height=\"705\" src=\"http:\/\/www.youtube.com\/embed\/EIsbb7XGPzo?feature=oembed&#038;wmode=transparent\" frameborder=\"0\" allowfullscreen><\/iframe><\/div>\n<\/div>","protected":false},"excerpt":{"rendered":"<p>&nbsp; &nbsp; La tradizionale taverna \u201cPATSOS\u201d si trova nel centro del paese ed \u00e8 operativa dal 1933. La sua storia \u00e8 direttamente legata alla storia del paese. Sinonimo di tradizione, cultura, qualit\u00e0 e genuinit\u00e0, perch\u00e9 non ha ceduto al turismo di massa e prodotti fabbricati Ha svolto un ruolo importante nella vita sociale del nostro villaggio. Non sarebbe esagerato affermare che si trattava del \u201cforum\u201d nell&#039;antico significato della parola. \u00c8 il luogo in cui potrai gustare gli splendidi piatti tradizionali cucinati, il tuo caff\u00e8, la tua colazione fatta in casa, il raki o il vino. Le ricette rustiche con ingredienti locali e carni in tutti i cibi saranno indimenticabili. E tutto questo in ... <a class=\"read-more-link\" href=\"https:\/\/patsosescape.com\/it\/coffeehouse\/\">Leggi di pi\u00f9<\/a><\/p>","protected":false},"author":3,"featured_media":0,"parent":0,"menu_order":11,"comment_status":"closed","ping_status":"closed","template":"","meta":{"ngg_post_thumbnail":0,"_glsr_average":0,"_glsr_ranking":0,"_glsr_reviews":0,"footnotes":""},"class_list":["post-789","page","type-page","status-publish","hentry"],"aioseo_notices":[],"_links":{"self":[{"href":"https:\/\/patsosescape.com\/it\/wp-json\/wp\/v2\/pages\/789","targetHints":{"allow":["GET"]}}],"collection":[{"href":"https:\/\/patsosescape.com\/it\/wp-json\/wp\/v2\/pages"}],"about":[{"href":"https:\/\/patsosescape.com\/it\/wp-json\/wp\/v2\/types\/page"}],"author":[{"embeddable":true,"href":"https:\/\/patsosescape.com\/it\/wp-json\/wp\/v2\/users\/3"}],"replies":[{"embeddable":true,"href":"https:\/\/patsosescape.com\/it\/wp-json\/wp\/v2\/comments?post=789"}],"version-history":[{"count":0,"href":"https:\/\/patsosescape.com\/it\/wp-json\/wp\/v2\/pages\/789\/revisions"}],"wp:attachment":[{"href":"https:\/\/patsosescape.com\/it\/wp-json\/wp\/v2\/media?parent=789"}],"curies":[{"name":"wp","href":"https:\/\/api.w.org\/{rel}","templated":true}]}}