{"id":950,"date":"2015-02-26T21:34:51","date_gmt":"2015-02-26T19:34:51","guid":{"rendered":"http:\/\/patsosescape.com\/newsite\/?page_id=950"},"modified":"2021-04-30T18:02:07","modified_gmt":"2021-04-30T15:02:07","slug":"testimonials","status":"publish","type":"page","link":"https:\/\/patsosescape.com\/it\/testimonials\/","title":{"rendered":"Testimonianze"},"content":{"rendered":"<h1 style=\"text-align: center;\">Testimonianze e recensioni<br \/>\nsu PATSOS ESCAPE - Rethymno CRETA:<\/h1>\n<h2>fuggi da una vita frenetica al villaggio cretese rurale, tradizionale e genuino di Patsos per un&#039;esperienza rilassante nella natura di Amari sull&#039;isola di CRETA!<\/h2>\n<ol>\n<li><a href=\"https:\/\/patsosescape.com\/it\/accom\/\"><strong>Alloggio ecoturistico - Patsos (AMARI, Rethymno, CRETA)<\/strong><\/a><\/li>\n<li><a href=\"https:\/\/patsosescape.com\/it\/traditional-cuisine\/\"><strong>Cibo tradizionale cretese<\/strong><\/a><\/li>\n<li><a href=\"https:\/\/patsosescape.com\/it\/outdoor-activities\/\"><strong>Attivit\u00e0 all&#039;aperto ed esperienze nell&#039;area di PATSOS (AMARI - Rethymno, CRETA)<\/strong><\/a><\/li>\n<\/ol>\n<p><strong>LEGGI LE RECENSIONI E LE TESTIMONIANZE DEI NOSTRI VISITATORI<\/strong><\/p>\n<p><code><div class=\"strong-rating-wrapper average\"><span class=\"strong-rating-title\">Average Rating:<\/span> \t\t<span class=\"strong-rating\">\n\t\t\t<span class=\"star0 star\"><\/span>\n\t\t\t<span class=\"star\" style=\"display: inline-block\"><svg class=\"star_solid\" aria-hidden=\"true\" role=\"img\" xmlns=\"http:\/\/www.w3.org\/2000\/svg\" viewbox=\"-8 -8 584 520\"><path d=\"M259.3 17.8L194 150.2 47.9 171.5c-26.2 3.8-36.7 36.1-17.7 54.6l105.7 103-25 145.5c-4.5 26.3 23.2 46 46.4 33.7L288 439.6l130.7 68.7c23.2 12.2 50.9-7.4 46.4-33.7l-25-145.5 105.7-103c19-18.5 8.5-50.8-17.7-54.6L382 150.2 316.7 17.8c-11.7-23.6-45.6-23.9-57.4 0z\"><\/path><\/svg><\/span><span class=\"star\" style=\"display: inline-block\"><svg class=\"star_solid\" aria-hidden=\"true\" role=\"img\" xmlns=\"http:\/\/www.w3.org\/2000\/svg\" viewbox=\"-8 -8 584 520\"><path d=\"M259.3 17.8L194 150.2 47.9 171.5c-26.2 3.8-36.7 36.1-17.7 54.6l105.7 103-25 145.5c-4.5 26.3 23.2 46 46.4 33.7L288 439.6l130.7 68.7c23.2 12.2 50.9-7.4 46.4-33.7l-25-145.5 105.7-103c19-18.5 8.5-50.8-17.7-54.6L382 150.2 316.7 17.8c-11.7-23.6-45.6-23.9-57.4 0z\"><\/path><\/svg><\/span><span class=\"star\" style=\"display: inline-block\"><svg class=\"star_solid\" aria-hidden=\"true\" role=\"img\" xmlns=\"http:\/\/www.w3.org\/2000\/svg\" viewbox=\"-8 -8 584 520\"><path d=\"M259.3 17.8L194 150.2 47.9 171.5c-26.2 3.8-36.7 36.1-17.7 54.6l105.7 103-25 145.5c-4.5 26.3 23.2 46 46.4 33.7L288 439.6l130.7 68.7c23.2 12.2 50.9-7.4 46.4-33.7l-25-145.5 105.7-103c19-18.5 8.5-50.8-17.7-54.6L382 150.2 316.7 17.8c-11.7-23.6-45.6-23.9-57.4 0z\"><\/path><\/svg><\/span><span class=\"star\" style=\"display: inline-block\"><svg class=\"star_solid\" aria-hidden=\"true\" role=\"img\" xmlns=\"http:\/\/www.w3.org\/2000\/svg\" viewbox=\"-8 -8 584 520\"><path d=\"M259.3 17.8L194 150.2 47.9 171.5c-26.2 3.8-36.7 36.1-17.7 54.6l105.7 103-25 145.5c-4.5 26.3 23.2 46 46.4 33.7L288 439.6l130.7 68.7c23.2 12.2 50.9-7.4 46.4-33.7l-25-145.5 105.7-103c19-18.5 8.5-50.8-17.7-54.6L382 150.2 316.7 17.8c-11.7-23.6-45.6-23.9-57.4 0z\"><\/path><\/svg><\/span><span class=\"star\" style=\"display: inline-block\"><svg class=\"star_solid\" aria-hidden=\"true\" role=\"img\" xmlns=\"http:\/\/www.w3.org\/2000\/svg\" viewbox=\"-8 -8 584 520\"><path d=\"M259.3 17.8L194 150.2 47.9 171.5c-26.2 3.8-36.7 36.1-17.7 54.6l105.7 103-25 145.5c-4.5 26.3 23.2 46 46.4 33.7L288 439.6l130.7 68.7c23.2 12.2 50.9-7.4 46.4-33.7l-25-145.5 105.7-103c19-18.5 8.5-50.8-17.7-54.6L382 150.2 316.7 17.8c-11.7-23.6-45.6-23.9-57.4 0z\"><\/path><\/svg><\/span>\t\t<\/span>\n\t\t <span class=\"strong-rating-summary\">5.0 stars (based on 8 ratings)<\/span><\/div><\/code><\/p>\n<div class=\"strong-view strong-view-id-1 default wpmtst-default slider-container slider-mode-horizontal slider-adaptive controls-style-buttons nav-position-outside\" data-count=\"8\" data-slider-var=\"strong_slider_id_1\" data-state=\"idle\"><div class=\"strong-content wpmslider-content\"><div class=\"wpmtst-testimonial testimonial t-slide post-2664\"><div class=\"wpmtst-testimonial-inner testimonial-inner\"><div data-infinite-loop=\"true\"   class=\"wpmtst-testimonial-content testimonial-content\"><div class=\"maybe-clear\"><\/div><p><span style=\"color: #ffffff;\">bobbydip<\/span><\/p><p><span style=\"color: #ffffff;\">Eastbourne - 11 giugno 2019<\/span><\/p><p><span style=\"color: #ffffff;\">Questa \u00e8 la mia seconda recensione di Vasilis e Maria&#039;s Patsos Traditional Taverna. Ci siamo imbattuti in questa deliziosa taverna familiare 12 mesi fa e siamo rimasti cos\u00ec colpiti dall&#039;accoglienza sincera di Vasilis che siamo tornati lo scorso settembre soggiornando per una notte per passeggiare nella gola di Patsos (recensione precedente). Questo giugno (2019) abbiamo invitato Vasilis dopo aver visitato la vicina diga di Potami. Avevamo preparato una borsa per la notte nel caso avessimo deciso di restare una notte. Vasilis e Maria sono stati contenti di vederci e ci hanno trovato alloggio nelle vicinanze. Questo era un nuovo lussuoso appartamento al primo piano completamente attrezzato con vista sulla tranquilla e bellissima valle (45 euro). Seguendo una delle mappe disegnate a mano di Vasilis, (devi sapere che aspetto ha un fico!) Abbiamo visitato il nascondiglio &#039;Harakas&#039; (significa roccia enorme e imponente) dove la resistenza di Creta teneva il generale tedesco Kreipe catturato prima che fosse contrabbandato fuori da Creta e trasportato al Cairo nel 1944.<\/span><\/p><p><span style=\"color: #ffffff;\">La sera Maria ci ha cucinato una delle sue specialit\u00e0. Questa era la carne di uno dei suoi maialini (peccato ma gustosa!) Con le verdure, che aveva cucinato lentamente tutto il giorno ... assolutamente deliziosa. Questo era accompagnato da insalata greca e domathes (foglie di vite ripiene fatte in casa da Maria) e vino locale.<\/span><\/p><p><span style=\"color: #ffffff;\">Hai bisogno di un&#039;auto per visitare questo &quot;piccolo gioiello&quot;, ma ne vale la pena. Speriamo che io e mia moglie pagheremo un&#039;altra visita a Vasilis e Maria a settembre 2019 per sperimentare un&#039;altra avventura in montagna e, naturalmente, Vasilis e Maria sono eccellenti. ospitalit\u00e0.<\/span><\/p><\/div><div class=\"wpmtst-testimonial-field testimonial-field testimonial-name\">bobbydip<\/div><div class=\"wpmtst-testimonial-field testimonial-field testimonial-company\"><a href=\"https:\/\/www.tripadvisor.com.gr\/Restaurant_Review-g8391638-d7155689-Reviews-Patsos_Traditional_Taverna-Patsos_Rethymnon_Prefecture_Crete.html\" target=\"_blank\" rel=\"nofollow  \">www.tripadvisor.com.gr\/Restaurant_Review-g8391638-d7155689-Reviews-Patsos_Traditional_Taverna-Patsos_Rethymnon_Prefecture_Crete.html<\/a><\/div><div class=\"clear\"><\/div><\/div><\/div><div class=\"wpmtst-testimonial testimonial t-slide post-2666\"><div class=\"wpmtst-testimonial-inner testimonial-inner\"><div data-infinite-loop=\"true\"   class=\"wpmtst-testimonial-content testimonial-content\"><div class=\"maybe-clear\"><\/div><p><span style=\"color: #ffffff;\">22 maggio 2019 - perh682 - La nostra sosta alla taverna Patsos era impulsiva durante il nostro viaggio. \u00c8 finito come il pranzo memorabile durante il nostro soggiorno a Creta. Cibo delizioso cucinato da Maria e molto disponibile e amichevole presentato dal suo sole Vassilis.<\/span><br \/><span style=\"color: #ffffff;\">Merita assolutamente una sosta lungo la strada. Vassilis ha anche una bella brochure sulla zona e la cappella di Sant&#039;Antonio nella vicina gola \u00e8 un must ...<\/span><\/p><\/div><div class=\"wpmtst-testimonial-field testimonial-field testimonial-name\">perh682<\/div><div class=\"wpmtst-testimonial-field testimonial-field testimonial-company\"><a href=\"https:\/\/www.tripadvisor.com.gr\/Restaurant_Review-g8391638-d7155689-Reviews-Patsos_Traditional_Taverna-Patsos_Rethymnon_Prefecture_Crete.html\" target=\"_blank\" rel=\"nofollow  \">www.tripadvisor.com.gr\/Restaurant_Review-g8391638-d7155689-Reviews-Patsos_Traditional_Taverna-Patsos_Rethymnon_Prefecture_Crete.html<\/a><\/div><div class=\"clear\"><\/div><\/div><\/div><div class=\"wpmtst-testimonial testimonial t-slide post-2671\"><div class=\"wpmtst-testimonial-inner testimonial-inner\"><div data-infinite-loop=\"true\"   class=\"wpmtst-testimonial-content testimonial-content\"><div class=\"maybe-clear\"><\/div><p><span style=\"color: #ffffff;\">16 ottobre 2018 - Ci siamo fermati in questa taverna mentre guidavamo nella zona nella primavera 2018. Vassilis, il proprietario, si \u00e8 presentato e ci ha parlato della zona e della gola di Patsos. Quando siamo tornati a Creta in autunno, ho contattato Vassili e ho deciso di rimanere nella sua eccellente sistemazione per una notte. cos\u00ec abbiamo potuto passeggiare per la gola di Patsos e trascorrere una serata nella sua taverna gustando la cucina di sua madre (Maria) di 80 anni. Al nostro arrivo la mattina ci \u00e8 stata presentata la colazione prima di camminare nella gola. Vassilis ha spiegato il percorso e ci ha fornito mappe e indicazioni. Ha insistito per venirci a prendere alla fine della gola. La gola era fantastica e niente a che fare con gli altri che abbiamo camminato a Creta. Era un corso d&#039;assalto; aggrappati alle corde mentre ci arrampicavamo sulle rocce e lungo gli stretti sentieri lungo il lato della gola. Vassilis ha mantenuto la sua promessa e ci \u00e8 venuto a prendere. Quella sera, Maria ha cucinato solo per noi. Abbiamo apprezzato le sue costolette di agnello locali con tutte le guarnizioni, il vino locale e abbiamo condiviso la parte migliore di una bottiglia di raki! Vassilis \u00e8 un cretese molto orgoglioso e ci ha raccontato la storia dell&#039;area locale. Ci torneremo sicuramente ed esploreremo altre escursioni nella zona. Grazie Vassilis e Maria.<\/span><\/p><\/div><div class=\"wpmtst-testimonial-field testimonial-field testimonial-name\">Bod - Eastbourne - Regno Unito<\/div><div class=\"wpmtst-testimonial-field testimonial-field testimonial-company\"><a href=\"https:\/\/www.tripadvisor.com.gr\/Restaurant_Review-g8391638-d7155689-Reviews-Patsos_Traditional_Taverna-Patsos_Rethymnon_Prefecture_Crete.html\" target=\"_blank\" rel=\"nofollow  \">www.tripadvisor.com.gr\/Restaurant_Review-g8391638-d7155689-Reviews-Patsos_Traditional_Taverna-Patsos_Rethymnon_Prefecture_Crete.html<\/a><\/div><div class=\"clear\"><\/div><\/div><\/div><div class=\"wpmtst-testimonial testimonial t-slide post-2663\"><div class=\"wpmtst-testimonial-inner testimonial-inner\"><div data-infinite-loop=\"true\"   class=\"wpmtst-testimonial-content testimonial-content\"><div class=\"maybe-clear\"><\/div><p><span style=\"color: #ffffff;\">25 gennaio 2020 - dainl102 -<\/span><\/p><p><span style=\"color: #ffffff;\">Una delle esperienze MIGLIORI e pi\u00f9 autentiche che abbiamo mai avuto. La taverna \u00e8 gestita da Vassilis, che porta l&#039;ospitalit\u00e0 cretese a un livello completamente nuovo. \u00c8 cos\u00ec generoso con il suo tempo, competenza e conoscenza: la sua passione per Patsos e il popolo cretese \u00e8 contagiosa. Sua madre fa tutta la cucina, quindi non solo sperimenterai l&#039;autentica cultura locale, ma ti godrai i piatti tradizionali cretesi cucinati in casa ... questi erano di gran lunga i migliori pasti che abbiamo avuto a Creta (dopo cinque settimane a Creta). Te ne andrai sentendoti come se fossi una famiglia. Patsos \u00e8 un gioiello di una zona, con la natura a portata di mano cos\u00ec puoi sentirti completamente immerso nelle montagne cretesi. \u00c8 anche situato in posizione centrale e relativamente vicino a Rethymno, consentendo un facile accesso e gite di un giorno a molte altre parti dell&#039;isola. Inoltre, se sei un appassionato di storia, questa \u00e8 stata una delle tappe durante la seconda guerra mondiale in cui il generale tedesco Kriepe catturato \u00e8 stato nascosto per due notti (il libro Natural Born Heroes di Christopher McDougall). Non ti pentirai di essere uscito dai sentieri battuti per venire qui - sar\u00e0 difficile dire addio quando il tuo viaggio sar\u00e0 finito!<\/span><\/p><\/div><div class=\"wpmtst-testimonial-field testimonial-field testimonial-name\">Dain L<\/div><div class=\"wpmtst-testimonial-field testimonial-field testimonial-company\"><a href=\"https:\/\/www.tripadvisor.com.gr\/Restaurant_Review-g8391638-d7155689-Reviews-Patsos_Traditional_Taverna-Patsos_Rethymnon_Prefecture_Crete.html\" target=\"_blank\" rel=\"nofollow  \">www.tripadvisor.com.gr\/Restaurant_Review-g8391638-d7155689-Reviews-Patsos_Traditional_Taverna-Patsos_Rethymnon_Prefecture_Crete.html<\/a><\/div><div class=\"clear\"><\/div><\/div><\/div><div class=\"wpmtst-testimonial testimonial t-slide post-2668\"><div class=\"wpmtst-testimonial-inner testimonial-inner\"><div data-infinite-loop=\"true\"   class=\"wpmtst-testimonial-content testimonial-content\"><div class=\"maybe-clear\"><\/div><p><span style=\"color: #ffffff;\">Matt s - Clacton-on-Sea, Regno Unito -<\/span><\/p><p><span style=\"color: #ffffff;\">Aprile 2020<\/span><\/p><p><span style=\"color: #ffffff;\">Cibo caldo e sincero, tradizionale circondato dall&#039;autentica Creta. Le passeggiate panoramiche locali aiutano a creare l&#039;appetito per i pranzi che non si vuole finire.<\/span><\/p><\/div><div class=\"wpmtst-testimonial-field testimonial-field testimonial-name\">Matt s, Clacton-on-Sea, Regno Unito<\/div><div class=\"wpmtst-testimonial-field testimonial-field testimonial-company\"><a href=\"https:\/\/www.tripadvisor.com.gr\/Restaurant_Review-g8391638-d7155689-Reviews-Patsos_Traditional_Taverna-Patsos_Rethymnon_Prefecture_Crete.html\" target=\"_blank\" rel=\"nofollow  \">www.tripadvisor.com.gr\/Restaurant_Review-g8391638-d7155689-Reviews-Patsos_Traditional_Taverna-Patsos_Rethymnon_Prefecture_Crete.html<\/a><\/div><div class=\"clear\"><\/div><\/div><\/div><div class=\"wpmtst-testimonial testimonial t-slide post-2670\"><div class=\"wpmtst-testimonial-inner testimonial-inner\"><div data-infinite-loop=\"true\"   class=\"wpmtst-testimonial-content testimonial-content\"><div class=\"maybe-clear\"><\/div><p><span style=\"color: #ffffff;\">Brigitte e Hans (Johannes)<\/span><\/p><p><span style=\"color: #ffffff;\">Buongiorno Vasilis, ieri sera siamo arrivati al nostro Hotel dopo aver camminato per Agios Antonios. Non abbiamo potuto mangiare altro questa sera. La cena, cucinata da tua madre \u00e8 stata tanto buona e tanto buona! Grazie mille per tutto quello che ci hai dato. La conversazione \u00e8 stata molto interessante. Abbiamo trascorso una giornata meravigliosa \u2026\u2026 ..<\/span><\/p><\/div><div class=\"wpmtst-testimonial-field testimonial-field testimonial-name\">Brigitte e Hans (Johannes)<\/div><div class=\"wpmtst-testimonial-field testimonial-field testimonial-company\"><a href=\"https:\/\/www.tripadvisor.com.gr\/Restaurant_Review-g8391638-d7155689-Reviews-Patsos_Traditional_Taverna-Patsos_Rethymnon_Prefecture_Crete.html\" target=\"_blank\" rel=\"nofollow  \">www.tripadvisor.com.gr\/Restaurant_Review-g8391638-d7155689-Reviews-Patsos_Traditional_Taverna-Patsos_Rethymnon_Prefecture_Crete.html<\/a><\/div><div class=\"clear\"><\/div><\/div><\/div><div class=\"wpmtst-testimonial testimonial t-slide post-2665\"><div class=\"wpmtst-testimonial-inner testimonial-inner\"><div data-infinite-loop=\"true\"   class=\"wpmtst-testimonial-content testimonial-content\"><div class=\"maybe-clear\"><\/div><p><span style=\"color: #ffffff;\">26 maggio 2019 - AnsgarAbroad - Eppstein, Germania<\/span><\/p><p><span style=\"color: #ffffff;\">Vasili sembra averlo &quot;e basta&quot; e sua madre cucina il meraviglioso cibo cretese. Andateci per un pasto delizioso, incontrate persone troppo casualmente (l&#039;atmosfera \u00e8 incentrata sull&#039;interazione e lo scambio) e per ottenere consigli su sentieri, cose da fare, ecc. Andate con il piatto del giorno, una bottiglia di vino locale e portatene un po &#039; di tempo\u2026<\/span><\/p><\/div><div class=\"wpmtst-testimonial-field testimonial-field testimonial-name\">Ansgar Abroad, Eppstein, Germania<\/div><div class=\"wpmtst-testimonial-field testimonial-field testimonial-company\"><a href=\"https:\/\/www.tripadvisor.com.gr\/Restaurant_Review-g8391638-d7155689-Reviews-Patsos_Traditional_Taverna-Patsos_Rethymnon_Prefecture_Crete.html\" target=\"_blank\" rel=\"nofollow  \">www.tripadvisor.com.gr\/Restaurant_Review-g8391638-d7155689-Reviews-Patsos_Traditional_Taverna-Patsos_Rethymnon_Prefecture_Crete.html<\/a><\/div><div class=\"clear\"><\/div><\/div><\/div><div class=\"wpmtst-testimonial testimonial t-slide post-2669\"><div class=\"wpmtst-testimonial-inner testimonial-inner\"><div data-infinite-loop=\"true\"   class=\"wpmtst-testimonial-content testimonial-content\"><div class=\"maybe-clear\"><\/div><p><span style=\"color: #ffffff;\">APRILE 2019 - Lola L - FRANCIA,<\/span><\/p><p><span style=\"color: #ffffff;\">Il pasto \u00e8 stato preparato da Maria davanti a noi, carne fresca e verdure!<\/span><br \/><span style=\"color: #ffffff;\">Abbiamo comprato olio d&#039;oliva (da tutto il villaggio)<\/span><\/p><p><span style=\"color: #ffffff;\">Il figlio del figlio di Maria fornisce informazioni sulla visita e sulla strada (per vedere la cappella nella caverna)<\/span><\/p><p><span style=\"color: #ffffff;\">\u00c8 stato il momento migliore con i cittadini della Cr\u00e8te !!!!!<\/span><\/p><\/div><div class=\"wpmtst-testimonial-field testimonial-field testimonial-name\">Lola L<\/div><div class=\"wpmtst-testimonial-field testimonial-field testimonial-company\"><a href=\"https:\/\/www.tripadvisor.com.gr\/Restaurant_Review-g8391638-d7155689-Reviews-Patsos_Traditional_Taverna-Patsos_Rethymnon_Prefecture_Crete.html\" target=\"_blank\" rel=\"nofollow  \">www.tripadvisor.com.gr\/Restaurant_Review-g8391638-d7155689-Reviews-Patsos_Traditional_Taverna-Patsos_Rethymnon_Prefecture_Crete.html<\/a><\/div><div class=\"clear\"><\/div><\/div><\/div><\/div><\/div>\n<p>&nbsp;<\/p>\n<p>&nbsp;<\/p>\n<p><span class=\"hqzQac\" data-ved=\"2ahUKEwj14YXuvJzwAhV2wAIHHVCfC80QiCswEXoECCYQBQ\"><span id=\"ow50\"><a title=\"Recensioni di Google su Patsos Escape\" role=\"button\" href=\"https:\/\/www.google.com\/search?q=patsos+escape#\" target=\"_blank\" rel=\"noopener\" data-fid=\"0x149b0daa68fee8bf:0xa02eac20b70c0101\" data-is_owner=\"false\" data-nohref=\"1\" data-sort_by=\"qualityScore\" data-async-trigger=\"reviewDialog\" data-ved=\"2ahUKEwj14YXuvJzwAhV2wAIHHVCfC80Q8mswEXoECCYQBg\"><strong>Recensioni GOOGLE su Patsos Escape<\/strong><\/a><\/span><\/span><\/p>\n<p><a title=\"Recensioni FACEBOOK su Patsos Escpae\" href=\"https:\/\/www.facebook.com\/patsosescape\/reviews\/?ref=page_internal\" target=\"_blank\" rel=\"noopener\"><strong>Recensioni FACEBOOK su Patsos Escape<\/strong><\/a><\/p>\n<p><strong><span class=\"hqzQac\" data-ved=\"2ahUKEwj14YXuvJzwAhV2wAIHHVCfC80QiCswEXoECCYQBQ\"><span id=\"ow50\"><a title=\"Recensioni di TripAdvisor su Patsos Escape\" role=\"button\" href=\"https:\/\/www.tripadvisor.com\/Restaurant_Review-g8391638-d7155689-Reviews-Patsos_Traditional_Taverna-Patsos_Rethymnon_Prefecture_Crete.html\" target=\"_blank\" rel=\"noopener\" data-fid=\"0x149b0daa68fee8bf:0xa02eac20b70c0101\" data-is_owner=\"false\" data-nohref=\"1\" data-sort_by=\"qualityScore\" data-async-trigger=\"reviewDialog\" data-ved=\"2ahUKEwj14YXuvJzwAhV2wAIHHVCfC80Q8mswEXoECCYQBg\">Recensioni TRIPADVISOR su Patsos Escape<\/a><\/span><\/span><\/strong><\/p>\n<p>&nbsp;<\/p>\n<p>&nbsp;<\/p>","protected":false},"excerpt":{"rendered":"<p>Testimonials&nbsp; and Reviews on PATSOS ESCAPE &#8211; Rethymno CRETE: escape from a busy life to Patsos rural, traditional, genuine Cretan village for a relaxed experience in the nature of Amari on the island of CRETE! Ecotourism Accommodation &#8211; Patsos (AMARI, Rethymno, CRETE) Traditional Cretan Food Outdoor Activities &amp; Experiences in PATSOS area (AMARI &#8211; Rethymno, CRETE) READ OUR VISITORS REVIEWS &amp; TESTIMONIALS &nbsp; &nbsp; GOOGLE reviews on Patsos Escape FACEBOOK reviews on Patsos Escape TRIPADVISOR reviews on Patsos Escape &nbsp; &nbsp;<\/p>","protected":false},"author":3,"featured_media":0,"parent":0,"menu_order":0,"comment_status":"closed","ping_status":"closed","template":"","meta":{"ngg_post_thumbnail":0,"_glsr_average":0,"_glsr_ranking":0,"_glsr_reviews":0,"footnotes":""},"class_list":["post-950","page","type-page","status-publish","hentry"],"aioseo_notices":[],"_links":{"self":[{"href":"https:\/\/patsosescape.com\/it\/wp-json\/wp\/v2\/pages\/950","targetHints":{"allow":["GET"]}}],"collection":[{"href":"https:\/\/patsosescape.com\/it\/wp-json\/wp\/v2\/pages"}],"about":[{"href":"https:\/\/patsosescape.com\/it\/wp-json\/wp\/v2\/types\/page"}],"author":[{"embeddable":true,"href":"https:\/\/patsosescape.com\/it\/wp-json\/wp\/v2\/users\/3"}],"replies":[{"embeddable":true,"href":"https:\/\/patsosescape.com\/it\/wp-json\/wp\/v2\/comments?post=950"}],"version-history":[{"count":0,"href":"https:\/\/patsosescape.com\/it\/wp-json\/wp\/v2\/pages\/950\/revisions"}],"wp:attachment":[{"href":"https:\/\/patsosescape.com\/it\/wp-json\/wp\/v2\/media?parent=950"}],"curies":[{"name":"wp","href":"https:\/\/api.w.org\/{rel}","templated":true}]}}